{"id":2345,"date":"2023-11-23T15:40:18","date_gmt":"2023-11-23T15:40:18","guid":{"rendered":"https:\/\/blackseauniversity.com\/wirtschaftswissenschaft\/"},"modified":"2025-08-02T14:56:04","modified_gmt":"2025-08-02T14:56:04","slug":"wirtschaftswissenschaft","status":"publish","type":"page","link":"https:\/\/blackseauniversity.com\/de\/wirtschaftswissenschaft\/","title":{"rendered":"Wirtschaftswissenschaft"},"content":{"rendered":"\t\t<div data-elementor-type=\"wp-page\" data-elementor-id=\"2345\" class=\"elementor elementor-2345 elementor-376\">\n\t\t\t\t\t\t<section class=\"elementor-section elementor-top-section elementor-element elementor-element-55146dac elementor-section-content-middle elementor-section-boxed elementor-section-height-default elementor-section-height-default\" data-id=\"55146dac\" data-element_type=\"section\" data-e-type=\"section\" data-settings=\"{&quot;background_background&quot;:&quot;classic&quot;}\">\n\t\t\t\t\t\t\t<div class=\"elementor-background-overlay\"><\/div>\n\t\t\t\t\t\t\t<div class=\"elementor-container elementor-column-gap-default\">\n\t\t\t\t\t<div class=\"elementor-column elementor-col-50 elementor-top-column elementor-element elementor-element-12d905a2\" data-id=\"12d905a2\" data-element_type=\"column\" data-e-type=\"column\" data-settings=\"{&quot;background_background&quot;:&quot;classic&quot;}\">\n\t\t\t<div class=\"elementor-widget-wrap elementor-element-populated\">\n\t\t\t\t\t\t<div class=\"elementor-element elementor-element-283a5a56 elementor-widget elementor-widget-heading\" data-id=\"283a5a56\" data-element_type=\"widget\" data-e-type=\"widget\" data-widget_type=\"heading.default\">\n\t\t\t\t<div class=\"elementor-widget-container\">\n\t\t\t\t\t<h2 class=\"elementor-heading-title elementor-size-default\">Programm<\/h2>\t\t\t\t<\/div>\n\t\t\t\t<\/div>\n\t\t\t\t<div class=\"elementor-element elementor-element-2a3225e elementor-widget elementor-widget-heading\" data-id=\"2a3225e\" data-element_type=\"widget\" data-e-type=\"widget\" data-widget_type=\"heading.default\">\n\t\t\t\t<div class=\"elementor-widget-container\">\n\t\t\t\t\t<h2 class=\"elementor-heading-title elementor-size-default\">Wirtschaftswissenschaft<\/h2>\t\t\t\t<\/div>\n\t\t\t\t<\/div>\n\t\t\t\t\t<\/div>\n\t\t<\/div>\n\t\t\t\t<div class=\"elementor-column elementor-col-50 elementor-top-column elementor-element elementor-element-2d8f7fdb elementor-hidden-tablet elementor-hidden-phone\" data-id=\"2d8f7fdb\" data-element_type=\"column\" data-e-type=\"column\">\n\t\t\t<div class=\"elementor-widget-wrap\">\n\t\t\t\t\t\t\t<\/div>\n\t\t<\/div>\n\t\t\t\t\t<\/div>\n\t\t<\/section>\n\t\t\t\t<section class=\"elementor-section elementor-top-section elementor-element elementor-element-495a6cb7 elementor-section-content-middle elementor-section-boxed elementor-section-height-default elementor-section-height-default\" data-id=\"495a6cb7\" data-element_type=\"section\" data-e-type=\"section\" data-settings=\"{&quot;background_background&quot;:&quot;classic&quot;}\">\n\t\t\t\t\t\t<div class=\"elementor-container elementor-column-gap-default\">\n\t\t\t\t\t<div class=\"elementor-column elementor-col-50 elementor-top-column elementor-element elementor-element-27490f8d\" data-id=\"27490f8d\" data-element_type=\"column\" data-e-type=\"column\">\n\t\t\t<div class=\"elementor-widget-wrap elementor-element-populated\">\n\t\t\t\t\t\t<div class=\"elementor-element elementor-element-5c9abf7b elementor-widget elementor-widget-heading\" data-id=\"5c9abf7b\" data-element_type=\"widget\" data-e-type=\"widget\" data-widget_type=\"heading.default\">\n\t\t\t\t<div class=\"elementor-widget-container\">\n\t\t\t\t\t<h2 class=\"elementor-heading-title elementor-size-default\">Studieren<\/h2>\t\t\t\t<\/div>\n\t\t\t\t<\/div>\n\t\t\t\t<div class=\"elementor-element elementor-element-5bd809da elementor-widget elementor-widget-heading\" data-id=\"5bd809da\" data-element_type=\"widget\" data-e-type=\"widget\" data-widget_type=\"heading.default\">\n\t\t\t\t<div class=\"elementor-widget-container\">\n\t\t\t\t\t<h2 class=\"elementor-heading-title elementor-size-default\">Wirtschaftswissenschaft<\/h2>\t\t\t\t<\/div>\n\t\t\t\t<\/div>\n\t\t\t\t<div class=\"elementor-element elementor-element-244ce510 elementor-widget elementor-widget-text-editor\" data-id=\"244ce510\" data-element_type=\"widget\" data-e-type=\"widget\" data-widget_type=\"text-editor.default\">\n\t\t\t\t<div class=\"elementor-widget-container\">\n\t\t\t\t\t\t\t\t\t<p>Es ist kein Geheimnis, dass sich viele Studieninteressierte f\u00fcr einen Studiengang im Bereich der Wirtschaftswissenschaften entscheiden. Die Wirtschaftsuniversit\u00e4t Varna bietet eine gro\u00dfe Auswahl an Fachrichtungen in diesem Bereich, die auf Englisch und Russisch unterrichtet werden. Wenn Sie einen Bachelor-, Master- oder PhD-Abschluss an der renommierten Wirtschaftsuniversit\u00e4t in Varna erwerben m\u00f6chten, k\u00f6nnen Sie zwischen mehreren englischsprachigen oder russischsprachigen Studieng\u00e4ngen w\u00e4hlen, wie z. B.<\/p><ul><li>Internationales Gesch\u00e4ft<\/li><li>Internationaler Tourismus<\/li><li>Internationales Business und Management<\/li><li>Internationale Betriebs- und Volkswirtschaftslehre<\/li><li>Informatik<\/li><li>Sozialmanagement<\/li><li>Volkswirtschaft<\/li><li>Statistik und Demografie<\/li><li>Landwirtschaftlicher Betrieb<\/li><li>Marketing<\/li><li>Weltwirtschaft und internationale Wirtschaftsbeziehungen<\/li><\/ul><p> <\/p><p>Die Studiengeb\u00fchren variieren zwischen 500 BGN und 3500 BGN pro Jahr, je nachdem, welchen Abschluss Sie erworben haben und ob Ihr Heimatland in der Europ\u00e4ischen Union liegt oder nicht. Kontaktieren Sie uns f\u00fcr weitere Informationen.<\/p>\t\t\t\t\t\t\t\t<\/div>\n\t\t\t\t<\/div>\n\t\t\t\t<div class=\"elementor-element elementor-element-696485e elementor-widget elementor-widget-jkit_button\" data-id=\"696485e\" data-element_type=\"widget\" data-e-type=\"widget\" data-widget_type=\"jkit_button.default\">\n\t\t\t\t<div class=\"elementor-widget-container\">\n\t\t\t\t\t<div  class=\"jeg-elementor-kit jkit-button  icon-position-before jeg_module___69f28e845471f\" ><a href=\"https:\/\/blackseauniversity.com\/contact\/\" class=\"jkit-button-wrapper\">Enroll Now<\/a><\/div>\t\t\t\t<\/div>\n\t\t\t\t<\/div>\n\t\t\t\t\t<\/div>\n\t\t<\/div>\n\t\t\t\t<div class=\"elementor-column elementor-col-50 elementor-top-column elementor-element elementor-element-61902d19\" data-id=\"61902d19\" data-element_type=\"column\" data-e-type=\"column\">\n\t\t\t<div class=\"elementor-widget-wrap elementor-element-populated\">\n\t\t\t\t\t\t<div class=\"elementor-element elementor-element-0b28650 elementor-widget elementor-widget-image\" data-id=\"0b28650\" data-element_type=\"widget\" data-e-type=\"widget\" data-widget_type=\"image.default\">\n\t\t\t\t<div class=\"elementor-widget-container\">\n\t\t\t\t\t\t\t\t\t\t\t\t\t\t\t<img fetchpriority=\"high\" decoding=\"async\" width=\"800\" height=\"534\" src=\"https:\/\/blackseauniversity.com\/wp-content\/uploads\/2024\/03\/University-of-Economics-2-1024x683.jpeg\" class=\"attachment-large size-large wp-image-4754\" alt=\"\u041e\u0431\u0443\u0447\u0435\u043d\u0438\u0435 \u0437\u0430 \u0440\u0443\u0431\u0435\u0436\u043e\u043c\" srcset=\"https:\/\/blackseauniversity.com\/wp-content\/uploads\/2024\/03\/University-of-Economics-2-1024x683.jpeg 1024w, https:\/\/blackseauniversity.com\/wp-content\/uploads\/2024\/03\/University-of-Economics-2-300x200.jpeg 300w, https:\/\/blackseauniversity.com\/wp-content\/uploads\/2024\/03\/University-of-Economics-2-768x512.jpeg 768w, https:\/\/blackseauniversity.com\/wp-content\/uploads\/2024\/03\/University-of-Economics-2.jpeg 1152w\" sizes=\"(max-width: 800px) 100vw, 800px\" \/>\t\t\t\t\t\t\t\t\t\t\t\t\t\t\t<\/div>\n\t\t\t\t<\/div>\n\t\t\t\t\t<\/div>\n\t\t<\/div>\n\t\t\t\t\t<\/div>\n\t\t<\/section>\n\t\t\t\t<\/div>\n\t\t","protected":false},"excerpt":{"rendered":"<p>Programm Wirtschaftswissenschaft Studieren Wirtschaftswissenschaft Es ist kein Geheimnis, dass sich viele Studieninteressierte f\u00fcr einen Studiengang im Bereich der Wirtschaftswissenschaften entscheiden. Die Wirtschaftsuniversit\u00e4t Varna bietet eine gro\u00dfe Auswahl an Fachrichtungen in diesem Bereich, die auf Englisch und Russisch unterrichtet werden. Wenn Sie einen Bachelor-, Master- oder PhD-Abschluss an der renommierten Wirtschaftsuniversit\u00e4t in Varna erwerben m\u00f6chten, k\u00f6nnen [&hellip;]<\/p>\n","protected":false},"author":8,"featured_media":0,"parent":0,"menu_order":0,"comment_status":"closed","ping_status":"closed","template":"elementor_theme","meta":{"footnotes":""},"class_list":["post-2345","page","type-page","status-publish","hentry"],"yoast_head":"<!-- This site is optimized with the Yoast SEO Premium plugin v27.5 (Yoast SEO v27.5) - https:\/\/yoast.com\/product\/yoast-seo-premium-wordpress\/ -->\n<title>Studieren in Europa | Black Sea University | Bulgarien<\/title>\n<meta name=\"description\" content=\"Es ist kein Geheimnis, dass sich viele Studieninteressierte f\u00fcr einen Studiengang im Bereich der Wirtschaftswissenschaften entscheiden. Die Wirtschaftsuniversit\u00e4t Varna bietet ein riesiges Angebot\" \/>\n<meta name=\"robots\" content=\"index, follow, max-snippet:-1, max-image-preview:large, max-video-preview:-1\" \/>\n<link rel=\"canonical\" href=\"https:\/\/blackseauniversity.com\/de\/wirtschaftswissenschaft\/\" \/>\n<meta property=\"og:locale\" content=\"de_DE\" \/>\n<meta property=\"og:type\" content=\"article\" \/>\n<meta property=\"og:title\" content=\"Studieren in Europa | Black Sea University | Bulgarien\" \/>\n<meta property=\"og:description\" content=\"Es ist kein Geheimnis, dass sich viele Studieninteressierte f\u00fcr einen Studiengang im Bereich der Wirtschaftswissenschaften entscheiden. Die Wirtschaftsuniversit\u00e4t Varna bietet ein riesiges Angebot\" \/>\n<meta property=\"og:url\" content=\"https:\/\/blackseauniversity.com\/de\/wirtschaftswissenschaft\/\" \/>\n<meta property=\"og:site_name\" content=\"Studieren in Bulgarien| Bulgarisches B\u00fcro f\u00fcr Internationale Bildung\" \/>\n<meta property=\"article:publisher\" content=\"https:\/\/www.facebook.com\/VarnaDenizcilikUniversitesi\" \/>\n<meta property=\"article:modified_time\" content=\"2025-08-02T14:56:04+00:00\" \/>\n<meta property=\"og:image\" content=\"https:\/\/blackseauniversity.com\/wp-content\/uploads\/2024\/03\/University-of-Economics-2-1024x683.jpeg\" \/>\n<meta name=\"twitter:card\" content=\"summary_large_image\" \/>\n<meta name=\"twitter:label1\" content=\"Gesch\u00e4tzte Lesezeit\" \/>\n\t<meta name=\"twitter:data1\" content=\"1\u00a0Minute\" \/>\n<script type=\"application\/ld+json\" class=\"yoast-schema-graph\">{\"@context\":\"https:\\\/\\\/schema.org\",\"@graph\":[{\"@type\":\"WebPage\",\"@id\":\"https:\\\/\\\/blackseauniversity.com\\\/de\\\/wirtschaftswissenschaft\\\/\",\"url\":\"https:\\\/\\\/blackseauniversity.com\\\/de\\\/wirtschaftswissenschaft\\\/\",\"name\":\"Studieren in Europa | Black Sea University | Bulgarien\",\"isPartOf\":{\"@id\":\"https:\\\/\\\/blackseauniversity.com\\\/de\\\/#website\"},\"primaryImageOfPage\":{\"@id\":\"https:\\\/\\\/blackseauniversity.com\\\/de\\\/wirtschaftswissenschaft\\\/#primaryimage\"},\"image\":{\"@id\":\"https:\\\/\\\/blackseauniversity.com\\\/de\\\/wirtschaftswissenschaft\\\/#primaryimage\"},\"thumbnailUrl\":\"https:\\\/\\\/blackseauniversity.com\\\/wp-content\\\/uploads\\\/2024\\\/03\\\/University-of-Economics-2-1024x683.jpeg\",\"datePublished\":\"2023-11-23T15:40:18+00:00\",\"dateModified\":\"2025-08-02T14:56:04+00:00\",\"description\":\"Es ist kein Geheimnis, dass sich viele Studieninteressierte f\u00fcr einen Studiengang im Bereich der Wirtschaftswissenschaften entscheiden. Die Wirtschaftsuniversit\u00e4t Varna bietet ein riesiges Angebot\",\"inLanguage\":\"de\",\"potentialAction\":[{\"@type\":\"ReadAction\",\"target\":[\"https:\\\/\\\/blackseauniversity.com\\\/de\\\/wirtschaftswissenschaft\\\/\"]}]},{\"@type\":\"ImageObject\",\"inLanguage\":\"de\",\"@id\":\"https:\\\/\\\/blackseauniversity.com\\\/de\\\/wirtschaftswissenschaft\\\/#primaryimage\",\"url\":\"https:\\\/\\\/blackseauniversity.com\\\/wp-content\\\/uploads\\\/2024\\\/03\\\/University-of-Economics-2-1024x683.jpeg\",\"contentUrl\":\"https:\\\/\\\/blackseauniversity.com\\\/wp-content\\\/uploads\\\/2024\\\/03\\\/University-of-Economics-2-1024x683.jpeg\"},{\"@type\":\"WebSite\",\"@id\":\"https:\\\/\\\/blackseauniversity.com\\\/de\\\/#website\",\"url\":\"https:\\\/\\\/blackseauniversity.com\\\/de\\\/\",\"name\":\"Study in Bulgaria | Black Sea University | Bulgaria\",\"description\":\"Black Sea University | Bulgaria\",\"publisher\":{\"@id\":\"https:\\\/\\\/blackseauniversity.com\\\/de\\\/#organization\"},\"alternateName\":\"Study In Europe | Black Sea University | Bulgaria\",\"potentialAction\":[{\"@type\":\"SearchAction\",\"target\":{\"@type\":\"EntryPoint\",\"urlTemplate\":\"https:\\\/\\\/blackseauniversity.com\\\/de\\\/?s={search_term_string}\"},\"query-input\":{\"@type\":\"PropertyValueSpecification\",\"valueRequired\":true,\"valueName\":\"search_term_string\"}}],\"inLanguage\":\"de\"},{\"@type\":\"Organization\",\"@id\":\"https:\\\/\\\/blackseauniversity.com\\\/de\\\/#organization\",\"name\":\"Study in Bulgaria | Black Sea University | Bulgaria\",\"alternateName\":\"Study In Europe\",\"url\":\"https:\\\/\\\/blackseauniversity.com\\\/de\\\/\",\"logo\":{\"@type\":\"ImageObject\",\"inLanguage\":\"de\",\"@id\":\"https:\\\/\\\/blackseauniversity.com\\\/de\\\/#\\\/schema\\\/logo\\\/image\\\/\",\"url\":\"https:\\\/\\\/blackseauniversity.com\\\/wp-content\\\/uploads\\\/2024\\\/01\\\/logo-1.png\",\"contentUrl\":\"https:\\\/\\\/blackseauniversity.com\\\/wp-content\\\/uploads\\\/2024\\\/01\\\/logo-1.png\",\"width\":160,\"height\":60,\"caption\":\"Study in Bulgaria | Black Sea University | Bulgaria\"},\"image\":{\"@id\":\"https:\\\/\\\/blackseauniversity.com\\\/de\\\/#\\\/schema\\\/logo\\\/image\\\/\"},\"sameAs\":[\"https:\\\/\\\/www.facebook.com\\\/VarnaDenizcilikUniversitesi\",\"https:\\\/\\\/www.instagram.com\\\/black_sea_university\\\/\",\"https:\\\/\\\/t.me\\\/StudyBulgaria\"],\"description\":\"Schwarzmeer-Universit\u00e4t\",\"publishingPrinciples\":\"https:\\\/\\\/blackseauniversity.com\\\/\",\"ownershipFundingInfo\":\"https:\\\/\\\/blackseauniversity.com\\\/study-in-bulgaria\\\/\",\"actionableFeedbackPolicy\":\"https:\\\/\\\/blackseauniversity.com\\\/\",\"correctionsPolicy\":\"https:\\\/\\\/blackseauniversity.com\\\/\"}]}<\/script>\n<!-- \/ Yoast SEO Premium plugin. -->","yoast_head_json":{"title":"Studieren in Europa | Black Sea University | Bulgarien","description":"Es ist kein Geheimnis, dass sich viele Studieninteressierte f\u00fcr einen Studiengang im Bereich der Wirtschaftswissenschaften entscheiden. Die Wirtschaftsuniversit\u00e4t Varna bietet ein riesiges Angebot","robots":{"index":"index","follow":"follow","max-snippet":"max-snippet:-1","max-image-preview":"max-image-preview:large","max-video-preview":"max-video-preview:-1"},"canonical":"https:\/\/blackseauniversity.com\/de\/wirtschaftswissenschaft\/","og_locale":"de_DE","og_type":"article","og_title":"Studieren in Europa | Black Sea University | Bulgarien","og_description":"Es ist kein Geheimnis, dass sich viele Studieninteressierte f\u00fcr einen Studiengang im Bereich der Wirtschaftswissenschaften entscheiden. Die Wirtschaftsuniversit\u00e4t Varna bietet ein riesiges Angebot","og_url":"https:\/\/blackseauniversity.com\/de\/wirtschaftswissenschaft\/","og_site_name":"Studieren in Bulgarien| Bulgarisches B\u00fcro f\u00fcr Internationale Bildung","article_publisher":"https:\/\/www.facebook.com\/VarnaDenizcilikUniversitesi","article_modified_time":"2025-08-02T14:56:04+00:00","og_image":[{"url":"https:\/\/blackseauniversity.com\/wp-content\/uploads\/2024\/03\/University-of-Economics-2-1024x683.jpeg","type":"","width":"","height":""}],"twitter_card":"summary_large_image","twitter_misc":{"Gesch\u00e4tzte Lesezeit":"1\u00a0Minute"},"schema":{"@context":"https:\/\/schema.org","@graph":[{"@type":"WebPage","@id":"https:\/\/blackseauniversity.com\/de\/wirtschaftswissenschaft\/","url":"https:\/\/blackseauniversity.com\/de\/wirtschaftswissenschaft\/","name":"Studieren in Europa | Black Sea University | Bulgarien","isPartOf":{"@id":"https:\/\/blackseauniversity.com\/de\/#website"},"primaryImageOfPage":{"@id":"https:\/\/blackseauniversity.com\/de\/wirtschaftswissenschaft\/#primaryimage"},"image":{"@id":"https:\/\/blackseauniversity.com\/de\/wirtschaftswissenschaft\/#primaryimage"},"thumbnailUrl":"https:\/\/blackseauniversity.com\/wp-content\/uploads\/2024\/03\/University-of-Economics-2-1024x683.jpeg","datePublished":"2023-11-23T15:40:18+00:00","dateModified":"2025-08-02T14:56:04+00:00","description":"Es ist kein Geheimnis, dass sich viele Studieninteressierte f\u00fcr einen Studiengang im Bereich der Wirtschaftswissenschaften entscheiden. Die Wirtschaftsuniversit\u00e4t Varna bietet ein riesiges Angebot","inLanguage":"de","potentialAction":[{"@type":"ReadAction","target":["https:\/\/blackseauniversity.com\/de\/wirtschaftswissenschaft\/"]}]},{"@type":"ImageObject","inLanguage":"de","@id":"https:\/\/blackseauniversity.com\/de\/wirtschaftswissenschaft\/#primaryimage","url":"https:\/\/blackseauniversity.com\/wp-content\/uploads\/2024\/03\/University-of-Economics-2-1024x683.jpeg","contentUrl":"https:\/\/blackseauniversity.com\/wp-content\/uploads\/2024\/03\/University-of-Economics-2-1024x683.jpeg"},{"@type":"WebSite","@id":"https:\/\/blackseauniversity.com\/de\/#website","url":"https:\/\/blackseauniversity.com\/de\/","name":"Study in Bulgaria | Black Sea University | Bulgaria","description":"Black Sea University | Bulgaria","publisher":{"@id":"https:\/\/blackseauniversity.com\/de\/#organization"},"alternateName":"Study In Europe | Black Sea University | Bulgaria","potentialAction":[{"@type":"SearchAction","target":{"@type":"EntryPoint","urlTemplate":"https:\/\/blackseauniversity.com\/de\/?s={search_term_string}"},"query-input":{"@type":"PropertyValueSpecification","valueRequired":true,"valueName":"search_term_string"}}],"inLanguage":"de"},{"@type":"Organization","@id":"https:\/\/blackseauniversity.com\/de\/#organization","name":"Study in Bulgaria | Black Sea University | Bulgaria","alternateName":"Study In Europe","url":"https:\/\/blackseauniversity.com\/de\/","logo":{"@type":"ImageObject","inLanguage":"de","@id":"https:\/\/blackseauniversity.com\/de\/#\/schema\/logo\/image\/","url":"https:\/\/blackseauniversity.com\/wp-content\/uploads\/2024\/01\/logo-1.png","contentUrl":"https:\/\/blackseauniversity.com\/wp-content\/uploads\/2024\/01\/logo-1.png","width":160,"height":60,"caption":"Study in Bulgaria | Black Sea University | Bulgaria"},"image":{"@id":"https:\/\/blackseauniversity.com\/de\/#\/schema\/logo\/image\/"},"sameAs":["https:\/\/www.facebook.com\/VarnaDenizcilikUniversitesi","https:\/\/www.instagram.com\/black_sea_university\/","https:\/\/t.me\/StudyBulgaria"],"description":"Schwarzmeer-Universit\u00e4t","publishingPrinciples":"https:\/\/blackseauniversity.com\/","ownershipFundingInfo":"https:\/\/blackseauniversity.com\/study-in-bulgaria\/","actionableFeedbackPolicy":"https:\/\/blackseauniversity.com\/","correctionsPolicy":"https:\/\/blackseauniversity.com\/"}]}},"_links":{"self":[{"href":"https:\/\/blackseauniversity.com\/de\/wp-json\/wp\/v2\/pages\/2345","targetHints":{"allow":["GET"]}}],"collection":[{"href":"https:\/\/blackseauniversity.com\/de\/wp-json\/wp\/v2\/pages"}],"about":[{"href":"https:\/\/blackseauniversity.com\/de\/wp-json\/wp\/v2\/types\/page"}],"author":[{"embeddable":true,"href":"https:\/\/blackseauniversity.com\/de\/wp-json\/wp\/v2\/users\/8"}],"replies":[{"embeddable":true,"href":"https:\/\/blackseauniversity.com\/de\/wp-json\/wp\/v2\/comments?post=2345"}],"version-history":[{"count":11,"href":"https:\/\/blackseauniversity.com\/de\/wp-json\/wp\/v2\/pages\/2345\/revisions"}],"predecessor-version":[{"id":7170,"href":"https:\/\/blackseauniversity.com\/de\/wp-json\/wp\/v2\/pages\/2345\/revisions\/7170"}],"wp:attachment":[{"href":"https:\/\/blackseauniversity.com\/de\/wp-json\/wp\/v2\/media?parent=2345"}],"curies":[{"name":"wp","href":"https:\/\/api.w.org\/{rel}","templated":true}]}}