{"id":2395,"date":"2023-11-23T16:30:08","date_gmt":"2023-11-23T16:30:08","guid":{"rendered":"https:\/\/blackseauniversity.com\/marine-kurse\/"},"modified":"2026-04-24T00:03:19","modified_gmt":"2026-04-24T00:03:19","slug":"marine-kurse","status":"publish","type":"page","link":"https:\/\/blackseauniversity.com\/de\/marine-kurse\/","title":{"rendered":"Maritime Universit\u00e4t Varna"},"content":{"rendered":"\t\t<div data-elementor-type=\"wp-page\" data-elementor-id=\"2395\" class=\"elementor elementor-2395 elementor-388\">\n\t\t\t\t\t\t<section class=\"elementor-section elementor-top-section elementor-element elementor-element-55146dac elementor-section-content-middle elementor-section-boxed elementor-section-height-default elementor-section-height-default\" data-id=\"55146dac\" data-element_type=\"section\" data-e-type=\"section\" data-settings=\"{&quot;background_background&quot;:&quot;classic&quot;}\">\n\t\t\t\t\t\t\t<div class=\"elementor-background-overlay\"><\/div>\n\t\t\t\t\t\t\t<div class=\"elementor-container elementor-column-gap-default\">\n\t\t\t\t\t<div class=\"elementor-column elementor-col-50 elementor-top-column elementor-element elementor-element-12d905a2\" data-id=\"12d905a2\" data-element_type=\"column\" data-e-type=\"column\" data-settings=\"{&quot;background_background&quot;:&quot;classic&quot;}\">\n\t\t\t<div class=\"elementor-widget-wrap elementor-element-populated\">\n\t\t\t\t\t\t<div class=\"elementor-element elementor-element-283a5a56 elementor-widget elementor-widget-heading\" data-id=\"283a5a56\" data-element_type=\"widget\" data-e-type=\"widget\" data-widget_type=\"heading.default\">\n\t\t\t\t<div class=\"elementor-widget-container\">\n\t\t\t\t\t<h2 class=\"elementor-heading-title elementor-size-default\">Programm<\/h2>\t\t\t\t<\/div>\n\t\t\t\t<\/div>\n\t\t\t\t<div class=\"elementor-element elementor-element-2a3225e elementor-widget elementor-widget-heading\" data-id=\"2a3225e\" data-element_type=\"widget\" data-e-type=\"widget\" data-widget_type=\"heading.default\">\n\t\t\t\t<div class=\"elementor-widget-container\">\n\t\t\t\t\t<h2 class=\"elementor-heading-title elementor-size-default\">Maritime Universit\u00e4t Varna<\/h2>\t\t\t\t<\/div>\n\t\t\t\t<\/div>\n\t\t\t\t\t<\/div>\n\t\t<\/div>\n\t\t\t\t<div class=\"elementor-column elementor-col-50 elementor-top-column elementor-element elementor-element-2d8f7fdb elementor-hidden-tablet elementor-hidden-phone\" data-id=\"2d8f7fdb\" data-element_type=\"column\" data-e-type=\"column\">\n\t\t\t<div class=\"elementor-widget-wrap\">\n\t\t\t\t\t\t\t<\/div>\n\t\t<\/div>\n\t\t\t\t\t<\/div>\n\t\t<\/section>\n\t\t<div class=\"elementor-element elementor-element-c26e3c4 e-flex e-con-boxed e-con e-parent\" data-id=\"c26e3c4\" data-element_type=\"container\" data-e-type=\"container\">\n\t\t\t\t\t<div class=\"e-con-inner\">\n\t\t\t\t<div class=\"elementor-element elementor-element-8d5c170 elementor-widget elementor-widget-text-editor\" data-id=\"8d5c170\" data-element_type=\"widget\" data-e-type=\"widget\" data-widget_type=\"text-editor.default\">\n\t\t\t\t<div class=\"elementor-widget-container\">\n\t\t\t\t\t\t\t\t\t<p>Studieren in Bulgarien<\/p>\t\t\t\t\t\t\t\t<\/div>\n\t\t\t\t<\/div>\n\t\t\t\t\t<\/div>\n\t\t\t\t<\/div>\n\t\t<div class=\"elementor-element elementor-element-a20de13 e-flex e-con-boxed e-con e-parent\" data-id=\"a20de13\" data-element_type=\"container\" data-e-type=\"container\">\n\t\t\t\t\t<div class=\"e-con-inner\">\n\t\t\t\t<div class=\"elementor-element elementor-element-b0f2943 elementor-widget elementor-widget-heading\" data-id=\"b0f2943\" data-element_type=\"widget\" data-e-type=\"widget\" data-widget_type=\"heading.default\">\n\t\t\t\t<div class=\"elementor-widget-container\">\n\t\t\t\t\t<h2 class=\"elementor-heading-title elementor-size-default\">Maritime Universit\u00e4t Varna<\/h2>\t\t\t\t<\/div>\n\t\t\t\t<\/div>\n\t\t\t\t\t<\/div>\n\t\t\t\t<\/div>\n\t\t<div class=\"elementor-element elementor-element-7c1b087 e-grid e-con-boxed e-con e-parent\" data-id=\"7c1b087\" data-element_type=\"container\" data-e-type=\"container\">\n\t\t\t\t\t<div class=\"e-con-inner\">\n\t\t\t\t<div class=\"elementor-element elementor-element-26d59d2 elementor-widget elementor-widget-image\" data-id=\"26d59d2\" data-element_type=\"widget\" data-e-type=\"widget\" data-widget_type=\"image.default\">\n\t\t\t\t<div class=\"elementor-widget-container\">\n\t\t\t\t\t\t\t\t\t\t\t\t\t\t\t<img fetchpriority=\"high\" decoding=\"async\" width=\"708\" height=\"708\" src=\"https:\/\/blackseauniversity.com\/wp-content\/uploads\/2025\/08\/470198936_1079317800355793_2682664104099099970_n-2.jpg\" class=\"attachment-large size-large wp-image-7860\" alt=\"Varna Denizcilik Akademisi\" srcset=\"https:\/\/blackseauniversity.com\/wp-content\/uploads\/2025\/08\/470198936_1079317800355793_2682664104099099970_n-2.jpg 708w, https:\/\/blackseauniversity.com\/wp-content\/uploads\/2025\/08\/470198936_1079317800355793_2682664104099099970_n-2-300x300.jpg 300w, https:\/\/blackseauniversity.com\/wp-content\/uploads\/2025\/08\/470198936_1079317800355793_2682664104099099970_n-2-150x150.jpg 150w\" sizes=\"(max-width: 708px) 100vw, 708px\" \/>\t\t\t\t\t\t\t\t\t\t\t\t\t\t\t<\/div>\n\t\t\t\t<\/div>\n\t\t\t\t<div class=\"elementor-element elementor-element-9b0eadc elementor-widget elementor-widget-text-editor\" data-id=\"9b0eadc\" data-element_type=\"widget\" data-e-type=\"widget\" data-widget_type=\"text-editor.default\">\n\t\t\t\t<div class=\"elementor-widget-container\">\n\t\t\t\t\t\t\t\t\t<p>Maritime Universit\u00e4t Warna \u2013 die bulgarische Maritime Universit\u00e4t. Seit ihrer Gr\u00fcndung im Jahr 1881 war es ihr Hauptziel, hochqualifizierte F\u00fchrungskr\u00e4fte f\u00fcr die bulgarische Marine und die maritime Industrie auszubilden und sie auf die Herausforderungen der sich wandelnden Marine und des sich schnell ver\u00e4ndernden Sektors der globalen maritimen Wirtschaft vorzubereiten. Im Jahr 1904 wurde sie zu einer technischen Sekundarschule aufgewertet, die technisches Personal f\u00fcr die Seestreitkr\u00e4fte und die zivile Schifffahrt sowie f\u00fcr Industrie, Eisenbahnen, Kohlebergwerke, Kraftwerke usw. ausbildete. Der erste Versuch, Marineoffiziere f\u00fcr die Seestreitkr\u00e4fte und die zivile Schifffahrt auszubilden, erfolgte 1914, und 1942 wurde die Schule in eine Marineakademie umgewandelt, die Deckoffiziere und Elektromechaniker ausbildete. 1949 wurde sie nach dem ber\u00fchmten bulgarischen Dichter und Revolution\u00e4r, einem Absolventen der H\u00f6heren Marineakademie Warna, in \u201eNikola Vaptsarov H\u00f6here Marineakademie\u201c umbenannt. 1960, als Bulgarien Mitglied der Internationalen Seeschifffahrts-Organisation (IMO) wurde, entwickelte sich die Marineakademie in Warna zu einer weltweit anerkannten Hochschule (<a href=\"https:\/\/web.archive.org\/web\/20180416002624\/https:\/\/www.igi-global.com\/\" target=\"_blank\" rel=\"noopener\">HEI<\/a>), und 1953 begann sie, ausl\u00e4ndische Studenten auszubilden; bis 1993 wurden Studenten aus 12 verschiedenen L\u00e4ndern sowohl f\u00fcr die Armee als auch f\u00fcr die Handelsmarine ausgebildet. 1974 modernisierte die Akademie ihre alte Ausr\u00fcstung. 1986 wurde das Planetarium (das gr\u00f6\u00dfte auf dem Balkan) in Betrieb genommen, das Studenten in der Navigation nach den Sternen unterrichtete.      <\/p>\t\t\t\t\t\t\t\t<\/div>\n\t\t\t\t<\/div>\n\t\t\t\t\t<\/div>\n\t\t\t\t<\/div>\n\t\t\t\t<section class=\"elementor-section elementor-top-section elementor-element elementor-element-495a6cb7 elementor-section-content-middle elementor-section-boxed elementor-section-height-default elementor-section-height-default\" data-id=\"495a6cb7\" data-element_type=\"section\" data-e-type=\"section\" data-settings=\"{&quot;background_background&quot;:&quot;classic&quot;}\">\n\t\t\t\t\t\t<div class=\"elementor-container elementor-column-gap-default\">\n\t\t\t\t\t<div class=\"elementor-column elementor-col-50 elementor-top-column elementor-element elementor-element-27490f8d\" data-id=\"27490f8d\" data-element_type=\"column\" data-e-type=\"column\">\n\t\t\t<div class=\"elementor-widget-wrap elementor-element-populated\">\n\t\t\t\t\t\t<div class=\"elementor-element elementor-element-5c9abf7b elementor-widget elementor-widget-heading\" data-id=\"5c9abf7b\" data-element_type=\"widget\" data-e-type=\"widget\" data-widget_type=\"heading.default\">\n\t\t\t\t<div class=\"elementor-widget-container\">\n\t\t\t\t\t<h2 class=\"elementor-heading-title elementor-size-default\">Studieren<\/h2>\t\t\t\t<\/div>\n\t\t\t\t<\/div>\n\t\t\t\t<div class=\"elementor-element elementor-element-5bd809da elementor-widget elementor-widget-heading\" data-id=\"5bd809da\" data-element_type=\"widget\" data-e-type=\"widget\" data-widget_type=\"heading.default\">\n\t\t\t\t<div class=\"elementor-widget-container\">\n\t\t\t\t\t<h2 class=\"elementor-heading-title elementor-size-default\">Studieng\u00e4nge\n<\/h2>\t\t\t\t<\/div>\n\t\t\t\t<\/div>\n\t\t\t\t<div class=\"elementor-element elementor-element-78eadde elementor-icon-list--layout-traditional elementor-list-item-link-full_width elementor-widget elementor-widget-icon-list\" data-id=\"78eadde\" data-element_type=\"widget\" data-e-type=\"widget\" data-widget_type=\"icon-list.default\">\n\t\t\t\t<div class=\"elementor-widget-container\">\n\t\t\t\t\t\t\t<ul class=\"elementor-icon-list-items\">\n\t\t\t\t\t\t\t<li class=\"elementor-icon-list-item\">\n\t\t\t\t\t\t\t\t\t\t\t<span class=\"elementor-icon-list-icon\">\n\t\t\t\t\t\t\t<i aria-hidden=\"true\" class=\"icon icon-check\"><\/i>\t\t\t\t\t\t<\/span>\n\t\t\t\t\t\t\t\t\t\t<span class=\"elementor-icon-list-text\">\u2013 Fakult\u00e4t f\u00fcr \u201eNavigation\u201c<\/span>\n\t\t\t\t\t\t\t\t\t<\/li>\n\t\t\t\t\t\t\t\t<li class=\"elementor-icon-list-item\">\n\t\t\t\t\t\t\t\t\t\t\t<span class=\"elementor-icon-list-icon\">\n\t\t\t\t\t\t\t<i aria-hidden=\"true\" class=\"icon icon-check\"><\/i>\t\t\t\t\t\t<\/span>\n\t\t\t\t\t\t\t\t\t\t<span class=\"elementor-icon-list-text\">Kapit\u00e4n<\/span>\n\t\t\t\t\t\t\t\t\t<\/li>\n\t\t\t\t\t\t\t\t<li class=\"elementor-icon-list-item\">\n\t\t\t\t\t\t\t\t\t\t\t<span class=\"elementor-icon-list-icon\">\n\t\t\t\t\t\t\t<i aria-hidden=\"true\" class=\"icon icon-check\"><\/i>\t\t\t\t\t\t<\/span>\n\t\t\t\t\t\t\t\t\t\t<span class=\"elementor-icon-list-text\">\u2013 Fakult\u00e4t f\u00fcr Ingenieurwesen<\/span>\n\t\t\t\t\t\t\t\t\t<\/li>\n\t\t\t\t\t\t\t\t<li class=\"elementor-icon-list-item\">\n\t\t\t\t\t\t\t\t\t\t\t<span class=\"elementor-icon-list-icon\">\n\t\t\t\t\t\t\t<i aria-hidden=\"true\" class=\"icon icon-check\"><\/i>\t\t\t\t\t\t<\/span>\n\t\t\t\t\t\t\t\t\t\t<span class=\"elementor-icon-list-text\">-Schiffstechnik<\/span>\n\t\t\t\t\t\t\t\t\t<\/li>\n\t\t\t\t\t\t\t\t<li class=\"elementor-icon-list-item\">\n\t\t\t\t\t\t\t\t\t\t\t<span class=\"elementor-icon-list-icon\">\n\t\t\t\t\t\t\t<i aria-hidden=\"true\" class=\"icon icon-check\"><\/i>\t\t\t\t\t\t<\/span>\n\t\t\t\t\t\t\t\t\t\t<span class=\"elementor-icon-list-text\">-Schiffbau und Schiffstechnik<\/span>\n\t\t\t\t\t\t\t\t\t<\/li>\n\t\t\t\t\t\t<\/ul>\n\t\t\t\t\t\t<\/div>\n\t\t\t\t<\/div>\n\t\t\t\t<div class=\"elementor-element elementor-element-6b5c24e elementor-widget elementor-widget-jkit_button\" data-id=\"6b5c24e\" data-element_type=\"widget\" data-e-type=\"widget\" data-widget_type=\"jkit_button.default\">\n\t\t\t\t<div class=\"elementor-widget-container\">\n\t\t\t\t\t<div  class=\"jeg-elementor-kit jkit-button  icon-position-before jeg_module___69f28a335a5a5\" ><a href=\"https:\/\/blackseauniversity.com\/de\/kontakt\/\" class=\"jkit-button-wrapper\">Jetzt anmelden<\/a><\/div>\t\t\t\t<\/div>\n\t\t\t\t<\/div>\n\t\t\t\t\t<\/div>\n\t\t<\/div>\n\t\t\t\t<div class=\"elementor-column elementor-col-50 elementor-top-column elementor-element elementor-element-61902d19\" data-id=\"61902d19\" data-element_type=\"column\" data-e-type=\"column\">\n\t\t\t<div class=\"elementor-widget-wrap elementor-element-populated\">\n\t\t\t\t\t\t<div class=\"elementor-element elementor-element-0b28650 elementor-widget elementor-widget-image\" data-id=\"0b28650\" data-element_type=\"widget\" data-e-type=\"widget\" data-widget_type=\"image.default\">\n\t\t\t\t<div class=\"elementor-widget-container\">\n\t\t\t\t\t\t\t\t\t\t\t\t\t\t\t<img decoding=\"async\" width=\"768\" height=\"768\" src=\"https:\/\/blackseauniversity.com\/wp-content\/uploads\/2024\/03\/naval-2.jpeg\" class=\"attachment-large size-large wp-image-4759\" alt=\"Varna Denizcilik \u00dcniversitesi\" srcset=\"https:\/\/blackseauniversity.com\/wp-content\/uploads\/2024\/03\/naval-2.jpeg 768w, https:\/\/blackseauniversity.com\/wp-content\/uploads\/2024\/03\/naval-2-300x300.jpeg 300w, https:\/\/blackseauniversity.com\/wp-content\/uploads\/2024\/03\/naval-2-150x150.jpeg 150w\" sizes=\"(max-width: 768px) 100vw, 768px\" \/>\t\t\t\t\t\t\t\t\t\t\t\t\t\t\t<\/div>\n\t\t\t\t<\/div>\n\t\t\t\t\t<\/div>\n\t\t<\/div>\n\t\t\t\t\t<\/div>\n\t\t<\/section>\n\t\t<div class=\"elementor-element elementor-element-29d3fbc e-flex e-con-boxed e-con e-parent\" data-id=\"29d3fbc\" data-element_type=\"container\" data-e-type=\"container\">\n\t\t\t\t\t<div class=\"e-con-inner\">\n\t\t\t\t<div class=\"elementor-element elementor-element-3bf7211 elementor-widget elementor-widget-text-editor\" data-id=\"3bf7211\" data-element_type=\"widget\" data-e-type=\"widget\" data-widget_type=\"text-editor.default\">\n\t\t\t\t<div class=\"elementor-widget-container\">\n\t\t\t\t\t\t\t\t\t<h4>Bewerbungsunterlagen und Studiengeb\u00fchren<\/h4><p>Die Zulassung k\u00fcnftiger Studierender erfolgt auf der Grundlage von Unterlagen ohne zus\u00e4tzliche Pr\u00fcfungen.<\/p><p>Der Bewerber muss mindestens 62 % der Gesamth\u00f6chstnote erreicht haben.<\/p><p>Ausl\u00e4ndische Studierende aus einem <strong>Nicht-EU-Mitgliedstaat<\/strong>, die einen <strong>Bachelor- oder Master-Abschluss in Englisch<\/strong> erwerben m\u00f6chten, m\u00fcssen die folgenden j\u00e4hrlichen Studiengeb\u00fchren entrichten:<\/p><ul><li>Jahresgeb\u00fchr \u2013 3.900 \u20ac (Die Geb\u00fchr ist in zwei gleichen Raten von jeweils 1.850 \u20ac zu Beginn jedes Semesters zu zahlen)<\/li><\/ul><p>F\u00fcr <strong>EU-B\u00fcrger<\/strong> betragen die jeweiligen Studiengeb\u00fchren <strong>2.750 <\/strong><strong> EUR<\/strong> pro Jahr f\u00fcr Vollzeitstudierende und <strong>1.375 <\/strong><strong> EUR<\/strong> pro Jahr f\u00fcr Fernstudierende. Die Geb\u00fchr ist in <strong>zwei gleichen Raten<\/strong> vor Beginn jedes Semesters zu zahlen. Der Student unterzeichnet einen <strong>Vertrag<\/strong>, der garantiert, dass er vom Beginn bis zum Ende seines Studiums die gleichen Geb\u00fchren zahlt.  <\/p><p>Studierende mit doppelter Staatsb\u00fcrgerschaft, von denen eine die bulgarische ist, zahlen die H\u00e4lfte der Studiengeb\u00fchr.<\/p><p>Wenn Sie Hilfe ben\u00f6tigen, kontaktieren Sie uns bitte auf elektronischem Wege (blackseauniversity@hotmail.com). Es wird uns ein Vergn\u00fcgen sein, Ihnen behilflich zu sein.<strong><a class=\"yoast-link-suggestion__value\" href=\"https:\/\/web.archive.org\/web\/20230609171142\/https:\/\/blackseauniversity.com\/social-life-in-varna-naval-academy\/\" target=\"_blank\" rel=\"noopener noreferrer\">Soziales Leben an der Marineakademie Varna<\/a> Hier klicken<\/strong> <\/p>\t\t\t\t\t\t\t\t<\/div>\n\t\t\t\t<\/div>\n\t\t\t\t\t<\/div>\n\t\t\t\t<\/div>\n\t\t\t\t<\/div>\n\t\t","protected":false},"excerpt":{"rendered":"<p>Programm Maritime Universit\u00e4t Varna Studieren in Bulgarien Maritime Universit\u00e4t Varna Maritime Universit\u00e4t Warna \u2013 die bulgarische Maritime Universit\u00e4t. Seit ihrer Gr\u00fcndung im Jahr 1881 war es ihr Hauptziel, hochqualifizierte F\u00fchrungskr\u00e4fte f\u00fcr die bulgarische Marine und die maritime Industrie auszubilden und sie auf die Herausforderungen der sich wandelnden Marine und des sich schnell ver\u00e4ndernden Sektors der [&hellip;]<\/p>\n","protected":false},"author":8,"featured_media":0,"parent":0,"menu_order":0,"comment_status":"closed","ping_status":"closed","template":"elementor_theme","meta":{"footnotes":""},"class_list":["post-2395","page","type-page","status-publish","hentry"],"yoast_head":"<!-- This site is optimized with the Yoast SEO Premium plugin v27.5 (Yoast SEO v27.5) - https:\/\/yoast.com\/product\/yoast-seo-premium-wordpress\/ -->\n<title>Studieren in Europa | Black Sea University | Bulgarien<\/title>\n<meta name=\"description\" content=\"Marinekurse \u2013 Black Sea University \u2014 BULGARIEN\" \/>\n<meta name=\"robots\" content=\"index, follow, max-snippet:-1, max-image-preview:large, max-video-preview:-1\" \/>\n<link rel=\"canonical\" href=\"https:\/\/blackseauniversity.com\/de\/marine-kurse\/\" \/>\n<meta property=\"og:locale\" content=\"de_DE\" \/>\n<meta property=\"og:type\" content=\"article\" \/>\n<meta property=\"og:title\" content=\"Studieren in Europa | Black Sea University | Bulgarien\" \/>\n<meta property=\"og:description\" content=\"Marinekurse \u2013 Black Sea University \u2014 BULGARIEN\" \/>\n<meta property=\"og:url\" content=\"https:\/\/blackseauniversity.com\/de\/marine-kurse\/\" \/>\n<meta property=\"og:site_name\" content=\"Studieren in Bulgarien| Bulgarisches B\u00fcro f\u00fcr Internationale Bildung\" \/>\n<meta property=\"article:publisher\" content=\"https:\/\/www.facebook.com\/VarnaDenizcilikUniversitesi\" \/>\n<meta property=\"article:modified_time\" content=\"2026-04-24T00:03:19+00:00\" \/>\n<meta property=\"og:image\" content=\"https:\/\/blackseauniversity.com\/wp-content\/uploads\/2025\/08\/470198936_1079317800355793_2682664104099099970_n-2.jpg\" \/>\n\t<meta property=\"og:image:width\" content=\"708\" \/>\n\t<meta property=\"og:image:height\" content=\"708\" \/>\n\t<meta property=\"og:image:type\" content=\"image\/jpeg\" \/>\n<meta name=\"twitter:card\" content=\"summary_large_image\" \/>\n<meta name=\"twitter:label1\" content=\"Gesch\u00e4tzte Lesezeit\" \/>\n\t<meta name=\"twitter:data1\" content=\"1\u00a0Minute\" \/>\n<script type=\"application\/ld+json\" class=\"yoast-schema-graph\">{\"@context\":\"https:\\\/\\\/schema.org\",\"@graph\":[{\"@type\":\"WebPage\",\"@id\":\"https:\\\/\\\/blackseauniversity.com\\\/de\\\/marine-kurse\\\/\",\"url\":\"https:\\\/\\\/blackseauniversity.com\\\/de\\\/marine-kurse\\\/\",\"name\":\"Studieren in Europa | Black Sea University | Bulgarien\",\"isPartOf\":{\"@id\":\"https:\\\/\\\/blackseauniversity.com\\\/de\\\/#website\"},\"primaryImageOfPage\":{\"@id\":\"https:\\\/\\\/blackseauniversity.com\\\/de\\\/marine-kurse\\\/#primaryimage\"},\"image\":{\"@id\":\"https:\\\/\\\/blackseauniversity.com\\\/de\\\/marine-kurse\\\/#primaryimage\"},\"thumbnailUrl\":\"https:\\\/\\\/blackseauniversity.com\\\/wp-content\\\/uploads\\\/2025\\\/08\\\/470198936_1079317800355793_2682664104099099970_n-2.jpg\",\"datePublished\":\"2023-11-23T16:30:08+00:00\",\"dateModified\":\"2026-04-24T00:03:19+00:00\",\"description\":\"Marinekurse \u2013 Black Sea University \u2014 BULGARIEN\",\"inLanguage\":\"de\",\"potentialAction\":[{\"@type\":\"ReadAction\",\"target\":[\"https:\\\/\\\/blackseauniversity.com\\\/de\\\/marine-kurse\\\/\"]}]},{\"@type\":\"ImageObject\",\"inLanguage\":\"de\",\"@id\":\"https:\\\/\\\/blackseauniversity.com\\\/de\\\/marine-kurse\\\/#primaryimage\",\"url\":\"https:\\\/\\\/blackseauniversity.com\\\/wp-content\\\/uploads\\\/2025\\\/08\\\/470198936_1079317800355793_2682664104099099970_n-2.jpg\",\"contentUrl\":\"https:\\\/\\\/blackseauniversity.com\\\/wp-content\\\/uploads\\\/2025\\\/08\\\/470198936_1079317800355793_2682664104099099970_n-2.jpg\"},{\"@type\":\"WebSite\",\"@id\":\"https:\\\/\\\/blackseauniversity.com\\\/de\\\/#website\",\"url\":\"https:\\\/\\\/blackseauniversity.com\\\/de\\\/\",\"name\":\"Study in Bulgaria | Black Sea University | Bulgaria\",\"description\":\"Black Sea University | Bulgaria\",\"publisher\":{\"@id\":\"https:\\\/\\\/blackseauniversity.com\\\/de\\\/#organization\"},\"alternateName\":\"Study In Europe | Black Sea University | Bulgaria\",\"potentialAction\":[{\"@type\":\"SearchAction\",\"target\":{\"@type\":\"EntryPoint\",\"urlTemplate\":\"https:\\\/\\\/blackseauniversity.com\\\/de\\\/?s={search_term_string}\"},\"query-input\":{\"@type\":\"PropertyValueSpecification\",\"valueRequired\":true,\"valueName\":\"search_term_string\"}}],\"inLanguage\":\"de\"},{\"@type\":\"Organization\",\"@id\":\"https:\\\/\\\/blackseauniversity.com\\\/de\\\/#organization\",\"name\":\"Study in Bulgaria | Black Sea University | Bulgaria\",\"alternateName\":\"Study In Europe\",\"url\":\"https:\\\/\\\/blackseauniversity.com\\\/de\\\/\",\"logo\":{\"@type\":\"ImageObject\",\"inLanguage\":\"de\",\"@id\":\"https:\\\/\\\/blackseauniversity.com\\\/de\\\/#\\\/schema\\\/logo\\\/image\\\/\",\"url\":\"https:\\\/\\\/blackseauniversity.com\\\/wp-content\\\/uploads\\\/2024\\\/01\\\/logo-1.png\",\"contentUrl\":\"https:\\\/\\\/blackseauniversity.com\\\/wp-content\\\/uploads\\\/2024\\\/01\\\/logo-1.png\",\"width\":160,\"height\":60,\"caption\":\"Study in Bulgaria | Black Sea University | Bulgaria\"},\"image\":{\"@id\":\"https:\\\/\\\/blackseauniversity.com\\\/de\\\/#\\\/schema\\\/logo\\\/image\\\/\"},\"sameAs\":[\"https:\\\/\\\/www.facebook.com\\\/VarnaDenizcilikUniversitesi\",\"https:\\\/\\\/www.instagram.com\\\/black_sea_university\\\/\",\"https:\\\/\\\/t.me\\\/StudyBulgaria\"],\"description\":\"Schwarzmeer-Universit\u00e4t\",\"publishingPrinciples\":\"https:\\\/\\\/blackseauniversity.com\\\/\",\"ownershipFundingInfo\":\"https:\\\/\\\/blackseauniversity.com\\\/study-in-bulgaria\\\/\",\"actionableFeedbackPolicy\":\"https:\\\/\\\/blackseauniversity.com\\\/\",\"correctionsPolicy\":\"https:\\\/\\\/blackseauniversity.com\\\/\"}]}<\/script>\n<!-- \/ Yoast SEO Premium plugin. -->","yoast_head_json":{"title":"Studieren in Europa | Black Sea University | Bulgarien","description":"Marinekurse \u2013 Black Sea University \u2014 BULGARIEN","robots":{"index":"index","follow":"follow","max-snippet":"max-snippet:-1","max-image-preview":"max-image-preview:large","max-video-preview":"max-video-preview:-1"},"canonical":"https:\/\/blackseauniversity.com\/de\/marine-kurse\/","og_locale":"de_DE","og_type":"article","og_title":"Studieren in Europa | Black Sea University | Bulgarien","og_description":"Marinekurse \u2013 Black Sea University \u2014 BULGARIEN","og_url":"https:\/\/blackseauniversity.com\/de\/marine-kurse\/","og_site_name":"Studieren in Bulgarien| Bulgarisches B\u00fcro f\u00fcr Internationale Bildung","article_publisher":"https:\/\/www.facebook.com\/VarnaDenizcilikUniversitesi","article_modified_time":"2026-04-24T00:03:19+00:00","og_image":[{"width":708,"height":708,"url":"https:\/\/blackseauniversity.com\/wp-content\/uploads\/2025\/08\/470198936_1079317800355793_2682664104099099970_n-2.jpg","type":"image\/jpeg"}],"twitter_card":"summary_large_image","twitter_misc":{"Gesch\u00e4tzte Lesezeit":"1\u00a0Minute"},"schema":{"@context":"https:\/\/schema.org","@graph":[{"@type":"WebPage","@id":"https:\/\/blackseauniversity.com\/de\/marine-kurse\/","url":"https:\/\/blackseauniversity.com\/de\/marine-kurse\/","name":"Studieren in Europa | Black Sea University | Bulgarien","isPartOf":{"@id":"https:\/\/blackseauniversity.com\/de\/#website"},"primaryImageOfPage":{"@id":"https:\/\/blackseauniversity.com\/de\/marine-kurse\/#primaryimage"},"image":{"@id":"https:\/\/blackseauniversity.com\/de\/marine-kurse\/#primaryimage"},"thumbnailUrl":"https:\/\/blackseauniversity.com\/wp-content\/uploads\/2025\/08\/470198936_1079317800355793_2682664104099099970_n-2.jpg","datePublished":"2023-11-23T16:30:08+00:00","dateModified":"2026-04-24T00:03:19+00:00","description":"Marinekurse \u2013 Black Sea University \u2014 BULGARIEN","inLanguage":"de","potentialAction":[{"@type":"ReadAction","target":["https:\/\/blackseauniversity.com\/de\/marine-kurse\/"]}]},{"@type":"ImageObject","inLanguage":"de","@id":"https:\/\/blackseauniversity.com\/de\/marine-kurse\/#primaryimage","url":"https:\/\/blackseauniversity.com\/wp-content\/uploads\/2025\/08\/470198936_1079317800355793_2682664104099099970_n-2.jpg","contentUrl":"https:\/\/blackseauniversity.com\/wp-content\/uploads\/2025\/08\/470198936_1079317800355793_2682664104099099970_n-2.jpg"},{"@type":"WebSite","@id":"https:\/\/blackseauniversity.com\/de\/#website","url":"https:\/\/blackseauniversity.com\/de\/","name":"Study in Bulgaria | Black Sea University | Bulgaria","description":"Black Sea University | Bulgaria","publisher":{"@id":"https:\/\/blackseauniversity.com\/de\/#organization"},"alternateName":"Study In Europe | Black Sea University | Bulgaria","potentialAction":[{"@type":"SearchAction","target":{"@type":"EntryPoint","urlTemplate":"https:\/\/blackseauniversity.com\/de\/?s={search_term_string}"},"query-input":{"@type":"PropertyValueSpecification","valueRequired":true,"valueName":"search_term_string"}}],"inLanguage":"de"},{"@type":"Organization","@id":"https:\/\/blackseauniversity.com\/de\/#organization","name":"Study in Bulgaria | Black Sea University | Bulgaria","alternateName":"Study In Europe","url":"https:\/\/blackseauniversity.com\/de\/","logo":{"@type":"ImageObject","inLanguage":"de","@id":"https:\/\/blackseauniversity.com\/de\/#\/schema\/logo\/image\/","url":"https:\/\/blackseauniversity.com\/wp-content\/uploads\/2024\/01\/logo-1.png","contentUrl":"https:\/\/blackseauniversity.com\/wp-content\/uploads\/2024\/01\/logo-1.png","width":160,"height":60,"caption":"Study in Bulgaria | Black Sea University | Bulgaria"},"image":{"@id":"https:\/\/blackseauniversity.com\/de\/#\/schema\/logo\/image\/"},"sameAs":["https:\/\/www.facebook.com\/VarnaDenizcilikUniversitesi","https:\/\/www.instagram.com\/black_sea_university\/","https:\/\/t.me\/StudyBulgaria"],"description":"Schwarzmeer-Universit\u00e4t","publishingPrinciples":"https:\/\/blackseauniversity.com\/","ownershipFundingInfo":"https:\/\/blackseauniversity.com\/study-in-bulgaria\/","actionableFeedbackPolicy":"https:\/\/blackseauniversity.com\/","correctionsPolicy":"https:\/\/blackseauniversity.com\/"}]}},"_links":{"self":[{"href":"https:\/\/blackseauniversity.com\/de\/wp-json\/wp\/v2\/pages\/2395","targetHints":{"allow":["GET"]}}],"collection":[{"href":"https:\/\/blackseauniversity.com\/de\/wp-json\/wp\/v2\/pages"}],"about":[{"href":"https:\/\/blackseauniversity.com\/de\/wp-json\/wp\/v2\/types\/page"}],"author":[{"embeddable":true,"href":"https:\/\/blackseauniversity.com\/de\/wp-json\/wp\/v2\/users\/8"}],"replies":[{"embeddable":true,"href":"https:\/\/blackseauniversity.com\/de\/wp-json\/wp\/v2\/comments?post=2395"}],"version-history":[{"count":32,"href":"https:\/\/blackseauniversity.com\/de\/wp-json\/wp\/v2\/pages\/2395\/revisions"}],"predecessor-version":[{"id":9788,"href":"https:\/\/blackseauniversity.com\/de\/wp-json\/wp\/v2\/pages\/2395\/revisions\/9788"}],"wp:attachment":[{"href":"https:\/\/blackseauniversity.com\/de\/wp-json\/wp\/v2\/media?parent=2395"}],"curies":[{"name":"wp","href":"https:\/\/api.w.org\/{rel}","templated":true}]}}