{"id":2840,"date":"2023-11-28T17:22:46","date_gmt":"2023-11-28T17:22:46","guid":{"rendered":"https:\/\/blackseauniversity.com\/doktorandinnen-und-doktoranden\/"},"modified":"2025-08-02T15:02:44","modified_gmt":"2025-08-02T15:02:44","slug":"doktorandinnen-und-doktoranden","status":"publish","type":"page","link":"https:\/\/blackseauniversity.com\/de\/doktorandinnen-und-doktoranden\/","title":{"rendered":"Doktorandinnen und Doktoranden"},"content":{"rendered":"\t\t<div data-elementor-type=\"wp-page\" data-elementor-id=\"2840\" class=\"elementor elementor-2840 elementor-556\">\n\t\t\t\t\t\t<section class=\"elementor-section elementor-top-section elementor-element elementor-element-55146dac elementor-section-content-middle elementor-section-boxed elementor-section-height-default elementor-section-height-default\" data-id=\"55146dac\" data-element_type=\"section\" data-e-type=\"section\" data-settings=\"{&quot;background_background&quot;:&quot;classic&quot;}\">\n\t\t\t\t\t\t\t<div class=\"elementor-background-overlay\"><\/div>\n\t\t\t\t\t\t\t<div class=\"elementor-container elementor-column-gap-default\">\n\t\t\t\t\t<div class=\"elementor-column elementor-col-50 elementor-top-column elementor-element elementor-element-12d905a2\" data-id=\"12d905a2\" data-element_type=\"column\" data-e-type=\"column\" data-settings=\"{&quot;background_background&quot;:&quot;classic&quot;}\">\n\t\t\t<div class=\"elementor-widget-wrap elementor-element-populated\">\n\t\t\t\t\t\t<div class=\"elementor-element elementor-element-283a5a56 elementor-widget elementor-widget-heading\" data-id=\"283a5a56\" data-element_type=\"widget\" data-e-type=\"widget\" data-widget_type=\"heading.default\">\n\t\t\t\t<div class=\"elementor-widget-container\">\n\t\t\t\t\t<h2 class=\"elementor-heading-title elementor-size-default\">M\u00f6chten Sie promovieren?<\/h2>\t\t\t\t<\/div>\n\t\t\t\t<\/div>\n\t\t\t\t<div class=\"elementor-element elementor-element-2a3225e elementor-widget elementor-widget-heading\" data-id=\"2a3225e\" data-element_type=\"widget\" data-e-type=\"widget\" data-widget_type=\"heading.default\">\n\t\t\t\t<div class=\"elementor-widget-container\">\n\t\t\t\t\t<h2 class=\"elementor-heading-title elementor-size-default\">Doktoranden<\/h2>\t\t\t\t<\/div>\n\t\t\t\t<\/div>\n\t\t\t\t\t<\/div>\n\t\t<\/div>\n\t\t\t\t<div class=\"elementor-column elementor-col-50 elementor-top-column elementor-element elementor-element-2d8f7fdb elementor-hidden-tablet elementor-hidden-phone\" data-id=\"2d8f7fdb\" data-element_type=\"column\" data-e-type=\"column\">\n\t\t\t<div class=\"elementor-widget-wrap\">\n\t\t\t\t\t\t\t<\/div>\n\t\t<\/div>\n\t\t\t\t\t<\/div>\n\t\t<\/section>\n\t\t\t\t<section class=\"elementor-section elementor-top-section elementor-element elementor-element-495a6cb7 elementor-section-content-middle elementor-section-boxed elementor-section-height-default elementor-section-height-default\" data-id=\"495a6cb7\" data-element_type=\"section\" data-e-type=\"section\" data-settings=\"{&quot;background_background&quot;:&quot;classic&quot;}\">\n\t\t\t\t\t\t<div class=\"elementor-container elementor-column-gap-default\">\n\t\t\t\t\t<div class=\"elementor-column elementor-col-50 elementor-top-column elementor-element elementor-element-27490f8d\" data-id=\"27490f8d\" data-element_type=\"column\" data-e-type=\"column\">\n\t\t\t<div class=\"elementor-widget-wrap elementor-element-populated\">\n\t\t\t\t\t\t<div class=\"elementor-element elementor-element-5c9abf7b elementor-widget elementor-widget-heading\" data-id=\"5c9abf7b\" data-element_type=\"widget\" data-e-type=\"widget\" data-widget_type=\"heading.default\">\n\t\t\t\t<div class=\"elementor-widget-container\">\n\t\t\t\t\t<h2 class=\"elementor-heading-title elementor-size-default\">M\u00f6chten Sie promovieren?<\/h2>\t\t\t\t<\/div>\n\t\t\t\t<\/div>\n\t\t\t\t<div class=\"elementor-element elementor-element-5bd809da elementor-widget elementor-widget-heading\" data-id=\"5bd809da\" data-element_type=\"widget\" data-e-type=\"widget\" data-widget_type=\"heading.default\">\n\t\t\t\t<div class=\"elementor-widget-container\">\n\t\t\t\t\t<h2 class=\"elementor-heading-title elementor-size-default\">Doktoranden<\/h2>\t\t\t\t<\/div>\n\t\t\t\t<\/div>\n\t\t\t\t<div class=\"elementor-element elementor-element-244ce510 elementor-widget elementor-widget-text-editor\" data-id=\"244ce510\" data-element_type=\"widget\" data-e-type=\"widget\" data-widget_type=\"text-editor.default\">\n\t\t\t\t<div class=\"elementor-widget-container\">\n\t\t\t\t\t\t\t\t\t<p>In Bulgarien ist ein <strong>Doktorat oder PhD<\/strong> die h\u00f6chste formale Bildungs- oder Forschungsstufe, die in einem bestimmten Bereich verf\u00fcgbar ist. Eine <strong>Promotion<\/strong> passt zu Ihnen, wenn Sie ein ausreichendes Interesse an einer bestimmten Disziplin haben; Und wenn Sie eine neugierige und engagierte Natur haben. Was Sie beachten m\u00fcssen, wenn Sie erw\u00e4gen, f\u00fcr Ihre <strong>Promotion<\/strong> zu studieren, ist, dass <strong>Sie einen Master-Abschluss haben sollten.<\/strong> Die <strong>Promotion<\/strong> ist der letzte Schritt auf dem Weg in die akademische Laufbahn.<\/p><p><strong>Organisation und Koordination der Ausbildung zur Erlangung des p\u00e4dagogischen und wissenschaftlichen Grades &#8222;PhD&#8220;, <\/strong>der der \u00f6ffentlichen Nachfrage unter den Bedingungen eines verst\u00e4rkten Wettbewerbs und einer wissensbasierten Wirtschaft entspricht, einschlie\u00dflich:<\/p><ul><li>Ausbildung und Ausbildung spezifischer Forschungskenntnisse und -kompetenzen (Theorie und Praxis der wissenschaftlichen Forschung, wissenschaftliche Forschungsmethoden, Entwicklung einer Dissertation, Publikationst\u00e4tigkeit etc.)<\/li><li>Training und Bildung von Wissen und Kompetenzen f\u00fcr die Karriereentwicklung der Doktorandinnen und Doktoranden<\/li><li>Aus- und Weiterbildung von akademischen Kenntnissen und Fertigkeiten<\/li><li>Ausbildung in Fremdsprachen und EDV-Kenntnissen<\/li><\/ul>\t\t\t\t\t\t\t\t<\/div>\n\t\t\t\t<\/div>\n\t\t\t\t\t<\/div>\n\t\t<\/div>\n\t\t\t\t<div class=\"elementor-column elementor-col-50 elementor-top-column elementor-element elementor-element-61902d19\" data-id=\"61902d19\" data-element_type=\"column\" data-e-type=\"column\">\n\t\t\t<div class=\"elementor-widget-wrap elementor-element-populated\">\n\t\t\t\t\t\t<div class=\"elementor-element elementor-element-0b28650 elementor-widget elementor-widget-image\" data-id=\"0b28650\" data-element_type=\"widget\" data-e-type=\"widget\" data-widget_type=\"image.default\">\n\t\t\t\t<div class=\"elementor-widget-container\">\n\t\t\t\t\t\t\t\t\t\t\t\t\t\t\t<img fetchpriority=\"high\" decoding=\"async\" width=\"800\" height=\"533\" src=\"https:\/\/blackseauniversity.com\/wp-content\/uploads\/2024\/03\/Varna-Free-University-9-1024x682.jpeg\" class=\"attachment-large size-large wp-image-4796\" alt=\"Bulgaristanda E\u011fitim \u00dcniversite\" srcset=\"https:\/\/blackseauniversity.com\/wp-content\/uploads\/2024\/03\/Varna-Free-University-9-1024x682.jpeg 1024w, https:\/\/blackseauniversity.com\/wp-content\/uploads\/2024\/03\/Varna-Free-University-9-300x200.jpeg 300w, https:\/\/blackseauniversity.com\/wp-content\/uploads\/2024\/03\/Varna-Free-University-9-768x512.jpeg 768w, https:\/\/blackseauniversity.com\/wp-content\/uploads\/2024\/03\/Varna-Free-University-9-1536x1023.jpeg 1536w, https:\/\/blackseauniversity.com\/wp-content\/uploads\/2024\/03\/Varna-Free-University-9.jpeg 1600w\" sizes=\"(max-width: 800px) 100vw, 800px\" \/>\t\t\t\t\t\t\t\t\t\t\t\t\t\t\t<\/div>\n\t\t\t\t<\/div>\n\t\t\t\t\t<\/div>\n\t\t<\/div>\n\t\t\t\t\t<\/div>\n\t\t<\/section>\n\t\t\t\t<section class=\"elementor-section elementor-top-section elementor-element elementor-element-b8f4acf elementor-section-boxed elementor-section-height-default elementor-section-height-default\" data-id=\"b8f4acf\" data-element_type=\"section\" data-e-type=\"section\" data-settings=\"{&quot;background_background&quot;:&quot;classic&quot;}\">\n\t\t\t\t\t\t\t<div class=\"elementor-background-overlay\"><\/div>\n\t\t\t\t\t\t\t<div class=\"elementor-container elementor-column-gap-default\">\n\t\t\t\t\t<div class=\"elementor-column elementor-col-100 elementor-top-column elementor-element elementor-element-21a7164\" data-id=\"21a7164\" data-element_type=\"column\" data-e-type=\"column\">\n\t\t\t<div class=\"elementor-widget-wrap elementor-element-populated\">\n\t\t\t\t\t\t<div class=\"elementor-element elementor-element-fbe85ec elementor-widget elementor-widget-heading\" data-id=\"fbe85ec\" data-element_type=\"widget\" data-e-type=\"widget\" data-widget_type=\"heading.default\">\n\t\t\t\t<div class=\"elementor-widget-container\">\n\t\t\t\t\t<h2 class=\"elementor-heading-title elementor-size-default\">Sind Sie daran interessiert, sich uns anzuschlie\u00dfen?<\/h2>\t\t\t\t<\/div>\n\t\t\t\t<\/div>\n\t\t\t\t<div class=\"elementor-element elementor-element-c12be83 elementor-widget elementor-widget-heading\" data-id=\"c12be83\" data-element_type=\"widget\" data-e-type=\"widget\" data-widget_type=\"heading.default\">\n\t\t\t\t<div class=\"elementor-widget-container\">\n\t\t\t\t\t<h2 class=\"elementor-heading-title elementor-size-default\">Melden Sie sich an, um Informationen \u00fcber die Zulassung neuer Studenten zu erhalten<\/h2>\t\t\t\t<\/div>\n\t\t\t\t<\/div>\n\t\t\t\t<div class=\"elementor-element elementor-element-9579db5 elementor-widget elementor-widget-jkit_button\" data-id=\"9579db5\" data-element_type=\"widget\" data-e-type=\"widget\" data-widget_type=\"jkit_button.default\">\n\t\t\t\t<div class=\"elementor-widget-container\">\n\t\t\t\t\t<div  class=\"jeg-elementor-kit jkit-button  icon-position-before jeg_module___69fb7115043d4\" ><a href=\"https:\/\/blackseauniversity.com\/admission\/\" class=\"jkit-button-wrapper\">Admissions<\/a><\/div>\t\t\t\t<\/div>\n\t\t\t\t<\/div>\n\t\t\t\t\t<\/div>\n\t\t<\/div>\n\t\t\t\t\t<\/div>\n\t\t<\/section>\n\t\t\t\t<\/div>\n\t\t","protected":false},"excerpt":{"rendered":"<p>M\u00f6chten Sie promovieren? Doktoranden M\u00f6chten Sie promovieren? Doktoranden In Bulgarien ist ein Doktorat oder PhD die h\u00f6chste formale Bildungs- oder Forschungsstufe, die in einem bestimmten Bereich verf\u00fcgbar ist. Eine Promotion passt zu Ihnen, wenn Sie ein ausreichendes Interesse an einer bestimmten Disziplin haben; Und wenn Sie eine neugierige und engagierte Natur haben. Was Sie beachten [&hellip;]<\/p>\n","protected":false},"author":8,"featured_media":0,"parent":0,"menu_order":0,"comment_status":"closed","ping_status":"closed","template":"elementor_theme","meta":{"footnotes":""},"class_list":["post-2840","page","type-page","status-publish","hentry"],"yoast_head":"<!-- This site is optimized with the Yoast SEO Premium plugin v27.5 (Yoast SEO v27.5) - https:\/\/yoast.com\/product\/yoast-seo-premium-wordpress\/ -->\n<title>Studieren in Europa | Black Sea University | Bulgarien<\/title>\n<meta name=\"description\" content=\"DoktorandenIn Bulgarien ist ein Doktorat oder PhD die h\u00f6chste formale Bildungs- oder Forschungsstufe, die in einem bestimmten Bereich verf\u00fcgbar ist.\" \/>\n<meta name=\"robots\" content=\"index, follow, max-snippet:-1, max-image-preview:large, max-video-preview:-1\" \/>\n<link rel=\"canonical\" href=\"https:\/\/blackseauniversity.com\/de\/doktorandinnen-und-doktoranden\/\" \/>\n<meta property=\"og:locale\" content=\"de_DE\" \/>\n<meta property=\"og:type\" content=\"article\" \/>\n<meta property=\"og:title\" content=\"Studieren in Europa | Black Sea University | Bulgarien\" \/>\n<meta property=\"og:description\" content=\"DoktorandenIn Bulgarien ist ein Doktorat oder PhD die h\u00f6chste formale Bildungs- oder Forschungsstufe, die in einem bestimmten Bereich verf\u00fcgbar ist.\" \/>\n<meta property=\"og:url\" content=\"https:\/\/blackseauniversity.com\/de\/doktorandinnen-und-doktoranden\/\" \/>\n<meta property=\"og:site_name\" content=\"Studieren in Bulgarien| Bulgarisches B\u00fcro f\u00fcr Internationale Bildung\" \/>\n<meta property=\"article:publisher\" content=\"https:\/\/www.facebook.com\/VarnaDenizcilikUniversitesi\" \/>\n<meta property=\"article:modified_time\" content=\"2025-08-02T15:02:44+00:00\" \/>\n<meta property=\"og:image\" content=\"https:\/\/blackseauniversity.com\/wp-content\/uploads\/2024\/03\/Varna-Free-University-9.jpeg\" \/>\n\t<meta property=\"og:image:width\" content=\"1600\" \/>\n\t<meta property=\"og:image:height\" content=\"1066\" \/>\n\t<meta property=\"og:image:type\" content=\"image\/jpeg\" \/>\n<meta name=\"twitter:card\" content=\"summary_large_image\" \/>\n<meta name=\"twitter:label1\" content=\"Gesch\u00e4tzte Lesezeit\" \/>\n\t<meta name=\"twitter:data1\" content=\"2\u00a0Minuten\" \/>\n<script type=\"application\/ld+json\" class=\"yoast-schema-graph\">{\"@context\":\"https:\\\/\\\/schema.org\",\"@graph\":[{\"@type\":\"WebPage\",\"@id\":\"https:\\\/\\\/blackseauniversity.com\\\/de\\\/doktorandinnen-und-doktoranden\\\/\",\"url\":\"https:\\\/\\\/blackseauniversity.com\\\/de\\\/doktorandinnen-und-doktoranden\\\/\",\"name\":\"Studieren in Europa | Black Sea University | Bulgarien\",\"isPartOf\":{\"@id\":\"https:\\\/\\\/blackseauniversity.com\\\/de\\\/#website\"},\"primaryImageOfPage\":{\"@id\":\"https:\\\/\\\/blackseauniversity.com\\\/de\\\/doktorandinnen-und-doktoranden\\\/#primaryimage\"},\"image\":{\"@id\":\"https:\\\/\\\/blackseauniversity.com\\\/de\\\/doktorandinnen-und-doktoranden\\\/#primaryimage\"},\"thumbnailUrl\":\"https:\\\/\\\/blackseauniversity.com\\\/wp-content\\\/uploads\\\/2024\\\/03\\\/Varna-Free-University-9-1024x682.jpeg\",\"datePublished\":\"2023-11-28T17:22:46+00:00\",\"dateModified\":\"2025-08-02T15:02:44+00:00\",\"description\":\"DoktorandenIn Bulgarien ist ein Doktorat oder PhD die h\u00f6chste formale Bildungs- oder Forschungsstufe, die in einem bestimmten Bereich verf\u00fcgbar ist.\",\"inLanguage\":\"de\",\"potentialAction\":[{\"@type\":\"ReadAction\",\"target\":[\"https:\\\/\\\/blackseauniversity.com\\\/de\\\/doktorandinnen-und-doktoranden\\\/\"]}]},{\"@type\":\"ImageObject\",\"inLanguage\":\"de\",\"@id\":\"https:\\\/\\\/blackseauniversity.com\\\/de\\\/doktorandinnen-und-doktoranden\\\/#primaryimage\",\"url\":\"https:\\\/\\\/blackseauniversity.com\\\/wp-content\\\/uploads\\\/2024\\\/03\\\/Varna-Free-University-9-1024x682.jpeg\",\"contentUrl\":\"https:\\\/\\\/blackseauniversity.com\\\/wp-content\\\/uploads\\\/2024\\\/03\\\/Varna-Free-University-9-1024x682.jpeg\"},{\"@type\":\"WebSite\",\"@id\":\"https:\\\/\\\/blackseauniversity.com\\\/de\\\/#website\",\"url\":\"https:\\\/\\\/blackseauniversity.com\\\/de\\\/\",\"name\":\"Study in Bulgaria | Black Sea University | Bulgaria\",\"description\":\"Black Sea University | Bulgaria\",\"publisher\":{\"@id\":\"https:\\\/\\\/blackseauniversity.com\\\/de\\\/#organization\"},\"alternateName\":\"Study In Europe | Black Sea University | Bulgaria\",\"potentialAction\":[{\"@type\":\"SearchAction\",\"target\":{\"@type\":\"EntryPoint\",\"urlTemplate\":\"https:\\\/\\\/blackseauniversity.com\\\/de\\\/?s={search_term_string}\"},\"query-input\":{\"@type\":\"PropertyValueSpecification\",\"valueRequired\":true,\"valueName\":\"search_term_string\"}}],\"inLanguage\":\"de\"},{\"@type\":\"Organization\",\"@id\":\"https:\\\/\\\/blackseauniversity.com\\\/de\\\/#organization\",\"name\":\"Study in Bulgaria | Black Sea University | Bulgaria\",\"alternateName\":\"Study In Europe\",\"url\":\"https:\\\/\\\/blackseauniversity.com\\\/de\\\/\",\"logo\":{\"@type\":\"ImageObject\",\"inLanguage\":\"de\",\"@id\":\"https:\\\/\\\/blackseauniversity.com\\\/de\\\/#\\\/schema\\\/logo\\\/image\\\/\",\"url\":\"https:\\\/\\\/blackseauniversity.com\\\/wp-content\\\/uploads\\\/2024\\\/01\\\/logo-1.png\",\"contentUrl\":\"https:\\\/\\\/blackseauniversity.com\\\/wp-content\\\/uploads\\\/2024\\\/01\\\/logo-1.png\",\"width\":160,\"height\":60,\"caption\":\"Study in Bulgaria | Black Sea University | Bulgaria\"},\"image\":{\"@id\":\"https:\\\/\\\/blackseauniversity.com\\\/de\\\/#\\\/schema\\\/logo\\\/image\\\/\"},\"sameAs\":[\"https:\\\/\\\/www.facebook.com\\\/VarnaDenizcilikUniversitesi\",\"https:\\\/\\\/www.instagram.com\\\/black_sea_university\\\/\",\"https:\\\/\\\/t.me\\\/StudyBulgaria\"],\"description\":\"Schwarzmeer-Universit\u00e4t\",\"publishingPrinciples\":\"https:\\\/\\\/blackseauniversity.com\\\/\",\"ownershipFundingInfo\":\"https:\\\/\\\/blackseauniversity.com\\\/study-in-bulgaria\\\/\",\"actionableFeedbackPolicy\":\"https:\\\/\\\/blackseauniversity.com\\\/\",\"correctionsPolicy\":\"https:\\\/\\\/blackseauniversity.com\\\/\"}]}<\/script>\n<!-- \/ Yoast SEO Premium plugin. -->","yoast_head_json":{"title":"Studieren in Europa | Black Sea University | Bulgarien","description":"DoktorandenIn Bulgarien ist ein Doktorat oder PhD die h\u00f6chste formale Bildungs- oder Forschungsstufe, die in einem bestimmten Bereich verf\u00fcgbar ist.","robots":{"index":"index","follow":"follow","max-snippet":"max-snippet:-1","max-image-preview":"max-image-preview:large","max-video-preview":"max-video-preview:-1"},"canonical":"https:\/\/blackseauniversity.com\/de\/doktorandinnen-und-doktoranden\/","og_locale":"de_DE","og_type":"article","og_title":"Studieren in Europa | Black Sea University | Bulgarien","og_description":"DoktorandenIn Bulgarien ist ein Doktorat oder PhD die h\u00f6chste formale Bildungs- oder Forschungsstufe, die in einem bestimmten Bereich verf\u00fcgbar ist.","og_url":"https:\/\/blackseauniversity.com\/de\/doktorandinnen-und-doktoranden\/","og_site_name":"Studieren in Bulgarien| Bulgarisches B\u00fcro f\u00fcr Internationale Bildung","article_publisher":"https:\/\/www.facebook.com\/VarnaDenizcilikUniversitesi","article_modified_time":"2025-08-02T15:02:44+00:00","og_image":[{"width":1600,"height":1066,"url":"https:\/\/blackseauniversity.com\/wp-content\/uploads\/2024\/03\/Varna-Free-University-9.jpeg","type":"image\/jpeg"}],"twitter_card":"summary_large_image","twitter_misc":{"Gesch\u00e4tzte Lesezeit":"2\u00a0Minuten"},"schema":{"@context":"https:\/\/schema.org","@graph":[{"@type":"WebPage","@id":"https:\/\/blackseauniversity.com\/de\/doktorandinnen-und-doktoranden\/","url":"https:\/\/blackseauniversity.com\/de\/doktorandinnen-und-doktoranden\/","name":"Studieren in Europa | Black Sea University | Bulgarien","isPartOf":{"@id":"https:\/\/blackseauniversity.com\/de\/#website"},"primaryImageOfPage":{"@id":"https:\/\/blackseauniversity.com\/de\/doktorandinnen-und-doktoranden\/#primaryimage"},"image":{"@id":"https:\/\/blackseauniversity.com\/de\/doktorandinnen-und-doktoranden\/#primaryimage"},"thumbnailUrl":"https:\/\/blackseauniversity.com\/wp-content\/uploads\/2024\/03\/Varna-Free-University-9-1024x682.jpeg","datePublished":"2023-11-28T17:22:46+00:00","dateModified":"2025-08-02T15:02:44+00:00","description":"DoktorandenIn Bulgarien ist ein Doktorat oder PhD die h\u00f6chste formale Bildungs- oder Forschungsstufe, die in einem bestimmten Bereich verf\u00fcgbar ist.","inLanguage":"de","potentialAction":[{"@type":"ReadAction","target":["https:\/\/blackseauniversity.com\/de\/doktorandinnen-und-doktoranden\/"]}]},{"@type":"ImageObject","inLanguage":"de","@id":"https:\/\/blackseauniversity.com\/de\/doktorandinnen-und-doktoranden\/#primaryimage","url":"https:\/\/blackseauniversity.com\/wp-content\/uploads\/2024\/03\/Varna-Free-University-9-1024x682.jpeg","contentUrl":"https:\/\/blackseauniversity.com\/wp-content\/uploads\/2024\/03\/Varna-Free-University-9-1024x682.jpeg"},{"@type":"WebSite","@id":"https:\/\/blackseauniversity.com\/de\/#website","url":"https:\/\/blackseauniversity.com\/de\/","name":"Study in Bulgaria | Black Sea University | Bulgaria","description":"Black Sea University | Bulgaria","publisher":{"@id":"https:\/\/blackseauniversity.com\/de\/#organization"},"alternateName":"Study In Europe | Black Sea University | Bulgaria","potentialAction":[{"@type":"SearchAction","target":{"@type":"EntryPoint","urlTemplate":"https:\/\/blackseauniversity.com\/de\/?s={search_term_string}"},"query-input":{"@type":"PropertyValueSpecification","valueRequired":true,"valueName":"search_term_string"}}],"inLanguage":"de"},{"@type":"Organization","@id":"https:\/\/blackseauniversity.com\/de\/#organization","name":"Study in Bulgaria | Black Sea University | Bulgaria","alternateName":"Study In Europe","url":"https:\/\/blackseauniversity.com\/de\/","logo":{"@type":"ImageObject","inLanguage":"de","@id":"https:\/\/blackseauniversity.com\/de\/#\/schema\/logo\/image\/","url":"https:\/\/blackseauniversity.com\/wp-content\/uploads\/2024\/01\/logo-1.png","contentUrl":"https:\/\/blackseauniversity.com\/wp-content\/uploads\/2024\/01\/logo-1.png","width":160,"height":60,"caption":"Study in Bulgaria | Black Sea University | Bulgaria"},"image":{"@id":"https:\/\/blackseauniversity.com\/de\/#\/schema\/logo\/image\/"},"sameAs":["https:\/\/www.facebook.com\/VarnaDenizcilikUniversitesi","https:\/\/www.instagram.com\/black_sea_university\/","https:\/\/t.me\/StudyBulgaria"],"description":"Schwarzmeer-Universit\u00e4t","publishingPrinciples":"https:\/\/blackseauniversity.com\/","ownershipFundingInfo":"https:\/\/blackseauniversity.com\/study-in-bulgaria\/","actionableFeedbackPolicy":"https:\/\/blackseauniversity.com\/","correctionsPolicy":"https:\/\/blackseauniversity.com\/"}]}},"_links":{"self":[{"href":"https:\/\/blackseauniversity.com\/de\/wp-json\/wp\/v2\/pages\/2840","targetHints":{"allow":["GET"]}}],"collection":[{"href":"https:\/\/blackseauniversity.com\/de\/wp-json\/wp\/v2\/pages"}],"about":[{"href":"https:\/\/blackseauniversity.com\/de\/wp-json\/wp\/v2\/types\/page"}],"author":[{"embeddable":true,"href":"https:\/\/blackseauniversity.com\/de\/wp-json\/wp\/v2\/users\/8"}],"replies":[{"embeddable":true,"href":"https:\/\/blackseauniversity.com\/de\/wp-json\/wp\/v2\/comments?post=2840"}],"version-history":[{"count":13,"href":"https:\/\/blackseauniversity.com\/de\/wp-json\/wp\/v2\/pages\/2840\/revisions"}],"predecessor-version":[{"id":7200,"href":"https:\/\/blackseauniversity.com\/de\/wp-json\/wp\/v2\/pages\/2840\/revisions\/7200"}],"wp:attachment":[{"href":"https:\/\/blackseauniversity.com\/de\/wp-json\/wp\/v2\/media?parent=2840"}],"curies":[{"name":"wp","href":"https:\/\/api.w.org\/{rel}","templated":true}]}}