{"id":2921,"date":"2023-11-27T17:12:21","date_gmt":"2023-11-27T17:12:21","guid":{"rendered":"https:\/\/blackseauniversity.com\/studiengebuehr\/"},"modified":"2025-07-31T12:15:21","modified_gmt":"2025-07-31T12:15:21","slug":"studiengebuehr","status":"publish","type":"page","link":"https:\/\/blackseauniversity.com\/de\/studiengebuehr\/","title":{"rendered":"Studiengeb\u00fchr"},"content":{"rendered":"\t\t<div data-elementor-type=\"wp-page\" data-elementor-id=\"2921\" class=\"elementor elementor-2921 elementor-516\">\n\t\t\t\t\t\t<section class=\"elementor-section elementor-top-section elementor-element elementor-element-55146dac elementor-section-content-middle elementor-section-boxed elementor-section-height-default elementor-section-height-default\" data-id=\"55146dac\" data-element_type=\"section\" data-e-type=\"section\" data-settings=\"{&quot;background_background&quot;:&quot;classic&quot;}\">\n\t\t\t\t\t\t\t<div class=\"elementor-background-overlay\"><\/div>\n\t\t\t\t\t\t\t<div class=\"elementor-container elementor-column-gap-default\">\n\t\t\t\t\t<div class=\"elementor-column elementor-col-50 elementor-top-column elementor-element elementor-element-12d905a2\" data-id=\"12d905a2\" data-element_type=\"column\" data-e-type=\"column\" data-settings=\"{&quot;background_background&quot;:&quot;classic&quot;}\">\n\t\t\t<div class=\"elementor-widget-wrap elementor-element-populated\">\n\t\t\t\t\t\t<div class=\"elementor-element elementor-element-283a5a56 elementor-widget elementor-widget-heading\" data-id=\"283a5a56\" data-element_type=\"widget\" data-e-type=\"widget\" data-widget_type=\"heading.default\">\n\t\t\t\t<div class=\"elementor-widget-container\">\n\t\t\t\t\t<h2 class=\"elementor-heading-title elementor-size-default\">Geb\u00fchrenstruktur<\/h2>\t\t\t\t<\/div>\n\t\t\t\t<\/div>\n\t\t\t\t<div class=\"elementor-element elementor-element-2a3225e elementor-widget elementor-widget-heading\" data-id=\"2a3225e\" data-element_type=\"widget\" data-e-type=\"widget\" data-widget_type=\"heading.default\">\n\t\t\t\t<div class=\"elementor-widget-container\">\n\t\t\t\t\t<h2 class=\"elementor-heading-title elementor-size-default\">Studiengeb\u00fchr<\/h2>\t\t\t\t<\/div>\n\t\t\t\t<\/div>\n\t\t\t\t\t<\/div>\n\t\t<\/div>\n\t\t\t\t<div class=\"elementor-column elementor-col-50 elementor-top-column elementor-element elementor-element-2d8f7fdb elementor-hidden-tablet elementor-hidden-phone\" data-id=\"2d8f7fdb\" data-element_type=\"column\" data-e-type=\"column\">\n\t\t\t<div class=\"elementor-widget-wrap\">\n\t\t\t\t\t\t\t<\/div>\n\t\t<\/div>\n\t\t\t\t\t<\/div>\n\t\t<\/section>\n\t\t\t\t<section class=\"elementor-section elementor-top-section elementor-element elementor-element-495a6cb7 elementor-section-content-middle elementor-section-boxed elementor-section-height-default elementor-section-height-default\" data-id=\"495a6cb7\" data-element_type=\"section\" data-e-type=\"section\" data-settings=\"{&quot;background_background&quot;:&quot;classic&quot;}\">\n\t\t\t\t\t\t<div class=\"elementor-container elementor-column-gap-default\">\n\t\t\t\t\t<div class=\"elementor-column elementor-col-50 elementor-top-column elementor-element elementor-element-61902d19\" data-id=\"61902d19\" data-element_type=\"column\" data-e-type=\"column\">\n\t\t\t<div class=\"elementor-widget-wrap elementor-element-populated\">\n\t\t\t\t\t\t<div class=\"elementor-element elementor-element-1938789 elementor-widget elementor-widget-text-editor\" data-id=\"1938789\" data-element_type=\"widget\" data-e-type=\"widget\" data-widget_type=\"text-editor.default\">\n\t\t\t\t<div class=\"elementor-widget-container\">\n\t\t\t\t\t\t\t\t\t<p>Die Studiengeb\u00fchren an den Universit\u00e4ten in Varna sind in der folgenden Tabelle aufgef\u00fchrt:<\/p>\t\t\t\t\t\t\t\t<\/div>\n\t\t\t\t<\/div>\n\t\t\t\t<div class=\"elementor-element elementor-element-e16f450 elementor-widget elementor-widget-shortcode\" data-id=\"e16f450\" data-element_type=\"widget\" data-e-type=\"widget\" data-widget_type=\"shortcode.default\">\n\t\t\t\t<div class=\"elementor-widget-container\">\n\t\t\t\t\t\t\t<div class=\"elementor-shortcode\"><div id=\"footable_parent_2785\"\n         class=\" footable_parent ninja_table_wrapper loading_ninja_table wp_table_data_press_parent semantic_ui \">\n                <table data-ninja_table_instance=\"ninja_table_instance_0\" data-footable_id=\"2785\" data-filter-delay=\"1000\" aria-label=\"Tuition Fees - English\"            id=\"footable_2785\"\n           data-unique_identifier=\"ninja_table_unique_id_2895006607_2785\"\n           class=\" foo-table ninja_footable foo_table_2785 ninja_table_unique_id_2895006607_2785 ui table  ninja_search_right nt_type_ajax_table selectable hide_horizonal_borders striped vertical_centered  footable-paging-right ninja_table_search_disabled\">\n                <colgroup>\n                            <col class=\"ninja_column_0 \">\n                            <col class=\"ninja_column_1 \">\n                            <col class=\"ninja_column_2 \">\n                            <col class=\"ninja_column_3 \">\n                    <\/colgroup>\n            <\/table>\n    \n    \n    \n<\/div>\n<\/div>\n\t\t\t\t\t\t<\/div>\n\t\t\t\t<\/div>\n\t\t\t\t\t<\/div>\n\t\t<\/div>\n\t\t\t\t<div class=\"elementor-column elementor-col-50 elementor-top-column elementor-element elementor-element-27490f8d\" data-id=\"27490f8d\" data-element_type=\"column\" data-e-type=\"column\">\n\t\t\t<div class=\"elementor-widget-wrap elementor-element-populated\">\n\t\t\t\t\t\t<div class=\"elementor-element elementor-element-5c9abf7b elementor-widget elementor-widget-heading\" data-id=\"5c9abf7b\" data-element_type=\"widget\" data-e-type=\"widget\" data-widget_type=\"heading.default\">\n\t\t\t\t<div class=\"elementor-widget-container\">\n\t\t\t\t\t<h2 class=\"elementor-heading-title elementor-size-default\">Geb\u00fchrenstruktur<\/h2>\t\t\t\t<\/div>\n\t\t\t\t<\/div>\n\t\t\t\t<div class=\"elementor-element elementor-element-5bd809da elementor-widget elementor-widget-heading\" data-id=\"5bd809da\" data-element_type=\"widget\" data-e-type=\"widget\" data-widget_type=\"heading.default\">\n\t\t\t\t<div class=\"elementor-widget-container\">\n\t\t\t\t\t<h2 class=\"elementor-heading-title elementor-size-default\">Studiengeb\u00fchr<\/h2>\t\t\t\t<\/div>\n\t\t\t\t<\/div>\n\t\t\t\t<div class=\"elementor-element elementor-element-244ce510 elementor-widget elementor-widget-text-editor\" data-id=\"244ce510\" data-element_type=\"widget\" data-e-type=\"widget\" data-widget_type=\"text-editor.default\">\n\t\t\t\t<div class=\"elementor-widget-container\">\n\t\t\t\t\t\t\t\t\t<p>Die Studiengeb\u00fchren f\u00fcr ein Universit\u00e4tsstudium in Bulgarien geh\u00f6ren zu den g\u00fcnstigsten in der Europ\u00e4ischen Union. Studierende, deren Heimatland innerhalb der Europ\u00e4ischen Union liegt, k\u00f6nnen zu erm\u00e4\u00dfigten Studiengeb\u00fchren studieren oder ein bulgarisches Stipendium in Anspruch nehmen.<\/p><p>Die Studiengeb\u00fchren an bulgarischen Universit\u00e4ten variieren je nach Universit\u00e4t, Studiengang, Abschluss, Vollzeit- oder Teilzeitausbildung usw.<\/p><p>Die Studiengeb\u00fchren k\u00f6nnen entweder in voller H\u00f6he oder in bis zu zwei Raten bezahlt werden.<\/p><p>Obwohl diese Studiengeb\u00fchren im Vergleich zu anderen EU-Universit\u00e4ten mindestens doppelt so g\u00fcnstig sind, kann es sein, dass Sie w\u00e4hrend Ihres Studiums eine finanzielle Unterst\u00fctzung ben\u00f6tigen. Dann gibt es mehrere M\u00f6glichkeiten f\u00fcr Sie: Studienkredit, Stipendium oder Teilzeitarbeit.<\/p><p>Welche Schwierigkeiten oder Fragen Sie auch immer haben, kontaktieren Sie uns, um Unterst\u00fctzung und Hilfe zu erhalten.<\/p>\t\t\t\t\t\t\t\t<\/div>\n\t\t\t\t<\/div>\n\t\t\t\t<div class=\"elementor-element elementor-element-835e770 elementor-widget elementor-widget-button\" data-id=\"835e770\" data-element_type=\"widget\" data-e-type=\"widget\" data-widget_type=\"button.default\">\n\t\t\t\t<div class=\"elementor-widget-container\">\n\t\t\t\t\t\t\t\t\t<div class=\"elementor-button-wrapper\">\n\t\t\t\t\t<a class=\"elementor-button elementor-button-link elementor-size-sm\" href=\"https:\/\/blackseauniversity.com\/de\/eintritt\/\">\n\t\t\t\t\t\t<span class=\"elementor-button-content-wrapper\">\n\t\t\t\t\t\t\t\t\t<span class=\"elementor-button-text\">Kinobesuche<\/span>\n\t\t\t\t\t<\/span>\n\t\t\t\t\t<\/a>\n\t\t\t\t<\/div>\n\t\t\t\t\t\t\t\t<\/div>\n\t\t\t\t<\/div>\n\t\t\t\t\t<\/div>\n\t\t<\/div>\n\t\t\t\t\t<\/div>\n\t\t<\/section>\n\t\t\t\t<\/div>\n\t\t","protected":false},"excerpt":{"rendered":"<p>Geb\u00fchrenstruktur Studiengeb\u00fchr Die Studiengeb\u00fchren an den Universit\u00e4ten in Varna sind in der folgenden Tabelle aufgef\u00fchrt: Geb\u00fchrenstruktur Studiengeb\u00fchr Die Studiengeb\u00fchren f\u00fcr ein Universit\u00e4tsstudium in Bulgarien geh\u00f6ren zu den g\u00fcnstigsten in der Europ\u00e4ischen Union. Studierende, deren Heimatland innerhalb der Europ\u00e4ischen Union liegt, k\u00f6nnen zu erm\u00e4\u00dfigten Studiengeb\u00fchren studieren oder ein bulgarisches Stipendium in Anspruch nehmen. Die Studiengeb\u00fchren an [&hellip;]<\/p>\n","protected":false},"author":8,"featured_media":0,"parent":0,"menu_order":0,"comment_status":"closed","ping_status":"closed","template":"elementor_theme","meta":{"footnotes":""},"class_list":["post-2921","page","type-page","status-publish","hentry"],"yoast_head":"<!-- This site is optimized with the Yoast SEO Premium plugin v27.5 (Yoast SEO v27.5) - https:\/\/yoast.com\/product\/yoast-seo-premium-wordpress\/ -->\n<title>Studiengeb\u00fchr | Studieren in Bulgarien| Bulgarisches B\u00fcro f\u00fcr Internationale Bildung<\/title>\n<meta name=\"description\" content=\"Die Studiengeb\u00fchren f\u00fcr ein Universit\u00e4tsstudium in Bulgarien geh\u00f6ren zu den g\u00fcnstigsten in der Europ\u00e4ischen Union. Studierende, deren Heimatland innerhalb der Europ\u00e4ischen Union liegt,\" \/>\n<meta name=\"robots\" content=\"index, follow, max-snippet:-1, max-image-preview:large, max-video-preview:-1\" \/>\n<link rel=\"canonical\" href=\"https:\/\/blackseauniversity.com\/de\/studiengebuehr\/\" \/>\n<meta property=\"og:locale\" content=\"de_DE\" \/>\n<meta property=\"og:type\" content=\"article\" \/>\n<meta property=\"og:title\" content=\"Studiengeb\u00fchr | Studieren in Bulgarien| Bulgarisches B\u00fcro f\u00fcr Internationale Bildung\" \/>\n<meta property=\"og:description\" content=\"Die Studiengeb\u00fchren f\u00fcr ein Universit\u00e4tsstudium in Bulgarien geh\u00f6ren zu den g\u00fcnstigsten in der Europ\u00e4ischen Union. Studierende, deren Heimatland innerhalb der Europ\u00e4ischen Union liegt,\" \/>\n<meta property=\"og:url\" content=\"https:\/\/blackseauniversity.com\/de\/studiengebuehr\/\" \/>\n<meta property=\"og:site_name\" content=\"Studieren in Bulgarien| Bulgarisches B\u00fcro f\u00fcr Internationale Bildung\" \/>\n<meta property=\"article:publisher\" content=\"https:\/\/www.facebook.com\/VarnaDenizcilikUniversitesi\" \/>\n<meta property=\"article:modified_time\" content=\"2025-07-31T12:15:21+00:00\" \/>\n<meta property=\"og:image\" content=\"https:\/\/blackseauniversity.com\/wp-content\/uploads\/2024\/03\/Varna-Free-University-4.jpeg\" \/>\n\t<meta property=\"og:image:width\" content=\"1600\" \/>\n\t<meta property=\"og:image:height\" content=\"1066\" \/>\n\t<meta property=\"og:image:type\" content=\"image\/jpeg\" \/>\n<meta name=\"twitter:card\" content=\"summary_large_image\" \/>\n<meta name=\"twitter:label1\" content=\"Gesch\u00e4tzte Lesezeit\" \/>\n\t<meta name=\"twitter:data1\" content=\"1\u00a0Minute\" \/>\n<script type=\"application\/ld+json\" class=\"yoast-schema-graph\">{\"@context\":\"https:\\\/\\\/schema.org\",\"@graph\":[{\"@type\":\"WebPage\",\"@id\":\"https:\\\/\\\/blackseauniversity.com\\\/de\\\/studiengebuehr\\\/\",\"url\":\"https:\\\/\\\/blackseauniversity.com\\\/de\\\/studiengebuehr\\\/\",\"name\":\"Studiengeb\u00fchr | Studieren in Bulgarien| Bulgarisches B\u00fcro f\u00fcr Internationale Bildung\",\"isPartOf\":{\"@id\":\"https:\\\/\\\/blackseauniversity.com\\\/de\\\/#website\"},\"datePublished\":\"2023-11-27T17:12:21+00:00\",\"dateModified\":\"2025-07-31T12:15:21+00:00\",\"description\":\"Die Studiengeb\u00fchren f\u00fcr ein Universit\u00e4tsstudium in Bulgarien geh\u00f6ren zu den g\u00fcnstigsten in der Europ\u00e4ischen Union. Studierende, deren Heimatland innerhalb der Europ\u00e4ischen Union liegt,\",\"inLanguage\":\"de\",\"potentialAction\":[{\"@type\":\"ReadAction\",\"target\":[\"https:\\\/\\\/blackseauniversity.com\\\/de\\\/studiengebuehr\\\/\"]}]},{\"@type\":\"WebSite\",\"@id\":\"https:\\\/\\\/blackseauniversity.com\\\/de\\\/#website\",\"url\":\"https:\\\/\\\/blackseauniversity.com\\\/de\\\/\",\"name\":\"Study in Bulgaria | Black Sea University | Bulgaria\",\"description\":\"Black Sea University | Bulgaria\",\"publisher\":{\"@id\":\"https:\\\/\\\/blackseauniversity.com\\\/de\\\/#organization\"},\"alternateName\":\"Study In Europe | Black Sea University | Bulgaria\",\"potentialAction\":[{\"@type\":\"SearchAction\",\"target\":{\"@type\":\"EntryPoint\",\"urlTemplate\":\"https:\\\/\\\/blackseauniversity.com\\\/de\\\/?s={search_term_string}\"},\"query-input\":{\"@type\":\"PropertyValueSpecification\",\"valueRequired\":true,\"valueName\":\"search_term_string\"}}],\"inLanguage\":\"de\"},{\"@type\":\"Organization\",\"@id\":\"https:\\\/\\\/blackseauniversity.com\\\/de\\\/#organization\",\"name\":\"Study in Bulgaria | Black Sea University | Bulgaria\",\"alternateName\":\"Study In Europe\",\"url\":\"https:\\\/\\\/blackseauniversity.com\\\/de\\\/\",\"logo\":{\"@type\":\"ImageObject\",\"inLanguage\":\"de\",\"@id\":\"https:\\\/\\\/blackseauniversity.com\\\/de\\\/#\\\/schema\\\/logo\\\/image\\\/\",\"url\":\"https:\\\/\\\/blackseauniversity.com\\\/wp-content\\\/uploads\\\/2024\\\/01\\\/logo-1.png\",\"contentUrl\":\"https:\\\/\\\/blackseauniversity.com\\\/wp-content\\\/uploads\\\/2024\\\/01\\\/logo-1.png\",\"width\":160,\"height\":60,\"caption\":\"Study in Bulgaria | Black Sea University | Bulgaria\"},\"image\":{\"@id\":\"https:\\\/\\\/blackseauniversity.com\\\/de\\\/#\\\/schema\\\/logo\\\/image\\\/\"},\"sameAs\":[\"https:\\\/\\\/www.facebook.com\\\/VarnaDenizcilikUniversitesi\",\"https:\\\/\\\/www.instagram.com\\\/black_sea_university\\\/\",\"https:\\\/\\\/t.me\\\/StudyBulgaria\"],\"description\":\"Schwarzmeer-Universit\u00e4t\",\"publishingPrinciples\":\"https:\\\/\\\/blackseauniversity.com\\\/\",\"ownershipFundingInfo\":\"https:\\\/\\\/blackseauniversity.com\\\/study-in-bulgaria\\\/\",\"actionableFeedbackPolicy\":\"https:\\\/\\\/blackseauniversity.com\\\/\",\"correctionsPolicy\":\"https:\\\/\\\/blackseauniversity.com\\\/\"}]}<\/script>\n<!-- \/ Yoast SEO Premium plugin. -->","yoast_head_json":{"title":"Studiengeb\u00fchr | Studieren in Bulgarien| Bulgarisches B\u00fcro f\u00fcr Internationale Bildung","description":"Die Studiengeb\u00fchren f\u00fcr ein Universit\u00e4tsstudium in Bulgarien geh\u00f6ren zu den g\u00fcnstigsten in der Europ\u00e4ischen Union. Studierende, deren Heimatland innerhalb der Europ\u00e4ischen Union liegt,","robots":{"index":"index","follow":"follow","max-snippet":"max-snippet:-1","max-image-preview":"max-image-preview:large","max-video-preview":"max-video-preview:-1"},"canonical":"https:\/\/blackseauniversity.com\/de\/studiengebuehr\/","og_locale":"de_DE","og_type":"article","og_title":"Studiengeb\u00fchr | Studieren in Bulgarien| Bulgarisches B\u00fcro f\u00fcr Internationale Bildung","og_description":"Die Studiengeb\u00fchren f\u00fcr ein Universit\u00e4tsstudium in Bulgarien geh\u00f6ren zu den g\u00fcnstigsten in der Europ\u00e4ischen Union. Studierende, deren Heimatland innerhalb der Europ\u00e4ischen Union liegt,","og_url":"https:\/\/blackseauniversity.com\/de\/studiengebuehr\/","og_site_name":"Studieren in Bulgarien| Bulgarisches B\u00fcro f\u00fcr Internationale Bildung","article_publisher":"https:\/\/www.facebook.com\/VarnaDenizcilikUniversitesi","article_modified_time":"2025-07-31T12:15:21+00:00","og_image":[{"width":1600,"height":1066,"url":"https:\/\/blackseauniversity.com\/wp-content\/uploads\/2024\/03\/Varna-Free-University-4.jpeg","type":"image\/jpeg"}],"twitter_card":"summary_large_image","twitter_misc":{"Gesch\u00e4tzte Lesezeit":"1\u00a0Minute"},"schema":{"@context":"https:\/\/schema.org","@graph":[{"@type":"WebPage","@id":"https:\/\/blackseauniversity.com\/de\/studiengebuehr\/","url":"https:\/\/blackseauniversity.com\/de\/studiengebuehr\/","name":"Studiengeb\u00fchr | Studieren in Bulgarien| Bulgarisches B\u00fcro f\u00fcr Internationale Bildung","isPartOf":{"@id":"https:\/\/blackseauniversity.com\/de\/#website"},"datePublished":"2023-11-27T17:12:21+00:00","dateModified":"2025-07-31T12:15:21+00:00","description":"Die Studiengeb\u00fchren f\u00fcr ein Universit\u00e4tsstudium in Bulgarien geh\u00f6ren zu den g\u00fcnstigsten in der Europ\u00e4ischen Union. Studierende, deren Heimatland innerhalb der Europ\u00e4ischen Union liegt,","inLanguage":"de","potentialAction":[{"@type":"ReadAction","target":["https:\/\/blackseauniversity.com\/de\/studiengebuehr\/"]}]},{"@type":"WebSite","@id":"https:\/\/blackseauniversity.com\/de\/#website","url":"https:\/\/blackseauniversity.com\/de\/","name":"Study in Bulgaria | Black Sea University | Bulgaria","description":"Black Sea University | Bulgaria","publisher":{"@id":"https:\/\/blackseauniversity.com\/de\/#organization"},"alternateName":"Study In Europe | Black Sea University | Bulgaria","potentialAction":[{"@type":"SearchAction","target":{"@type":"EntryPoint","urlTemplate":"https:\/\/blackseauniversity.com\/de\/?s={search_term_string}"},"query-input":{"@type":"PropertyValueSpecification","valueRequired":true,"valueName":"search_term_string"}}],"inLanguage":"de"},{"@type":"Organization","@id":"https:\/\/blackseauniversity.com\/de\/#organization","name":"Study in Bulgaria | Black Sea University | Bulgaria","alternateName":"Study In Europe","url":"https:\/\/blackseauniversity.com\/de\/","logo":{"@type":"ImageObject","inLanguage":"de","@id":"https:\/\/blackseauniversity.com\/de\/#\/schema\/logo\/image\/","url":"https:\/\/blackseauniversity.com\/wp-content\/uploads\/2024\/01\/logo-1.png","contentUrl":"https:\/\/blackseauniversity.com\/wp-content\/uploads\/2024\/01\/logo-1.png","width":160,"height":60,"caption":"Study in Bulgaria | Black Sea University | Bulgaria"},"image":{"@id":"https:\/\/blackseauniversity.com\/de\/#\/schema\/logo\/image\/"},"sameAs":["https:\/\/www.facebook.com\/VarnaDenizcilikUniversitesi","https:\/\/www.instagram.com\/black_sea_university\/","https:\/\/t.me\/StudyBulgaria"],"description":"Schwarzmeer-Universit\u00e4t","publishingPrinciples":"https:\/\/blackseauniversity.com\/","ownershipFundingInfo":"https:\/\/blackseauniversity.com\/study-in-bulgaria\/","actionableFeedbackPolicy":"https:\/\/blackseauniversity.com\/","correctionsPolicy":"https:\/\/blackseauniversity.com\/"}]}},"_links":{"self":[{"href":"https:\/\/blackseauniversity.com\/de\/wp-json\/wp\/v2\/pages\/2921","targetHints":{"allow":["GET"]}}],"collection":[{"href":"https:\/\/blackseauniversity.com\/de\/wp-json\/wp\/v2\/pages"}],"about":[{"href":"https:\/\/blackseauniversity.com\/de\/wp-json\/wp\/v2\/types\/page"}],"author":[{"embeddable":true,"href":"https:\/\/blackseauniversity.com\/de\/wp-json\/wp\/v2\/users\/8"}],"replies":[{"embeddable":true,"href":"https:\/\/blackseauniversity.com\/de\/wp-json\/wp\/v2\/comments?post=2921"}],"version-history":[{"count":7,"href":"https:\/\/blackseauniversity.com\/de\/wp-json\/wp\/v2\/pages\/2921\/revisions"}],"predecessor-version":[{"id":7202,"href":"https:\/\/blackseauniversity.com\/de\/wp-json\/wp\/v2\/pages\/2921\/revisions\/7202"}],"wp:attachment":[{"href":"https:\/\/blackseauniversity.com\/de\/wp-json\/wp\/v2\/media?parent=2921"}],"curies":[{"name":"wp","href":"https:\/\/api.w.org\/{rel}","templated":true}]}}