{"id":2942,"date":"2023-11-27T16:47:22","date_gmt":"2023-11-27T16:47:22","guid":{"rendered":"https:\/\/blackseauniversity.com\/bulgarisches-studentenvisum\/"},"modified":"2025-08-02T14:55:51","modified_gmt":"2025-08-02T14:55:51","slug":"bulgarisches-studentenvisum","status":"publish","type":"page","link":"https:\/\/blackseauniversity.com\/de\/bulgarisches-studentenvisum\/","title":{"rendered":"Bulgarisches Studentenvisum"},"content":{"rendered":"\t\t<div data-elementor-type=\"wp-page\" data-elementor-id=\"2942\" class=\"elementor elementor-2942 elementor-505\">\n\t\t\t\t\t\t<section class=\"elementor-section elementor-top-section elementor-element elementor-element-55146dac elementor-section-content-middle elementor-section-boxed elementor-section-height-default elementor-section-height-default\" data-id=\"55146dac\" data-element_type=\"section\" data-e-type=\"section\" data-settings=\"{&quot;background_background&quot;:&quot;classic&quot;}\">\n\t\t\t\t\t\t\t<div class=\"elementor-background-overlay\"><\/div>\n\t\t\t\t\t\t\t<div class=\"elementor-container elementor-column-gap-default\">\n\t\t\t\t\t<div class=\"elementor-column elementor-col-50 elementor-top-column elementor-element elementor-element-12d905a2\" data-id=\"12d905a2\" data-element_type=\"column\" data-e-type=\"column\" data-settings=\"{&quot;background_background&quot;:&quot;classic&quot;}\">\n\t\t\t<div class=\"elementor-widget-wrap elementor-element-populated\">\n\t\t\t\t\t\t<div class=\"elementor-element elementor-element-283a5a56 elementor-widget elementor-widget-heading\" data-id=\"283a5a56\" data-element_type=\"widget\" data-e-type=\"widget\" data-widget_type=\"heading.default\">\n\t\t\t\t<div class=\"elementor-widget-container\">\n\t\t\t\t\t<h2 class=\"elementor-heading-title elementor-size-default\">Bulgarisch<\/h2>\t\t\t\t<\/div>\n\t\t\t\t<\/div>\n\t\t\t\t<div class=\"elementor-element elementor-element-2a3225e elementor-widget elementor-widget-heading\" data-id=\"2a3225e\" data-element_type=\"widget\" data-e-type=\"widget\" data-widget_type=\"heading.default\">\n\t\t\t\t<div class=\"elementor-widget-container\">\n\t\t\t\t\t<h2 class=\"elementor-heading-title elementor-size-default\">Studentenvisum<\/h2>\t\t\t\t<\/div>\n\t\t\t\t<\/div>\n\t\t\t\t\t<\/div>\n\t\t<\/div>\n\t\t\t\t<div class=\"elementor-column elementor-col-50 elementor-top-column elementor-element elementor-element-2d8f7fdb elementor-hidden-tablet elementor-hidden-phone\" data-id=\"2d8f7fdb\" data-element_type=\"column\" data-e-type=\"column\">\n\t\t\t<div class=\"elementor-widget-wrap\">\n\t\t\t\t\t\t\t<\/div>\n\t\t<\/div>\n\t\t\t\t\t<\/div>\n\t\t<\/section>\n\t\t\t\t<section class=\"elementor-section elementor-top-section elementor-element elementor-element-495a6cb7 elementor-section-content-middle elementor-section-boxed elementor-section-height-default elementor-section-height-default\" data-id=\"495a6cb7\" data-element_type=\"section\" data-e-type=\"section\" data-settings=\"{&quot;background_background&quot;:&quot;classic&quot;}\">\n\t\t\t\t\t\t<div class=\"elementor-container elementor-column-gap-default\">\n\t\t\t\t\t<div class=\"elementor-column elementor-col-50 elementor-top-column elementor-element elementor-element-27490f8d\" data-id=\"27490f8d\" data-element_type=\"column\" data-e-type=\"column\">\n\t\t\t<div class=\"elementor-widget-wrap elementor-element-populated\">\n\t\t\t\t\t\t<div class=\"elementor-element elementor-element-5c9abf7b elementor-widget elementor-widget-heading\" data-id=\"5c9abf7b\" data-element_type=\"widget\" data-e-type=\"widget\" data-widget_type=\"heading.default\">\n\t\t\t\t<div class=\"elementor-widget-container\">\n\t\t\t\t\t<h2 class=\"elementor-heading-title elementor-size-default\">Visum<\/h2>\t\t\t\t<\/div>\n\t\t\t\t<\/div>\n\t\t\t\t<div class=\"elementor-element elementor-element-5bd809da elementor-widget elementor-widget-heading\" data-id=\"5bd809da\" data-element_type=\"widget\" data-e-type=\"widget\" data-widget_type=\"heading.default\">\n\t\t\t\t<div class=\"elementor-widget-container\">\n\t\t\t\t\t<h2 class=\"elementor-heading-title elementor-size-default\">Bulgarisches Studentenvisum<\/h2>\t\t\t\t<\/div>\n\t\t\t\t<\/div>\n\t\t\t\t<div class=\"elementor-element elementor-element-244ce510 elementor-widget elementor-widget-text-editor\" data-id=\"244ce510\" data-element_type=\"widget\" data-e-type=\"widget\" data-widget_type=\"text-editor.default\">\n\t\t\t\t<div class=\"elementor-widget-container\">\n\t\t\t\t\t\t\t\t\t<p>Studenten aus Nicht-EU-L\u00e4ndern ben\u00f6tigen m\u00f6glicherweise ein Visum f\u00fcr die Einreise in das Hoheitsgebiet Bulgariens. Nachdem Sie das <strong>Annahmeschreiben<\/strong> erhalten haben, das best\u00e4tigt, dass die gew\u00e4hlte Universit\u00e4t Ihre Bewerbungsunterlagen und <strong>die Bescheinigung, dass Sie zum Studium in Bulgarien berechtigt sind<\/strong> (ausgestellt vom bulgarischen Ministerium f\u00fcr Bildung und Wissenschaft) genehmigt hat, m\u00fcssen Sie bei der bulgarischen Botschaft oder dem Konsulat in Ihrer Stadt ein Visum f\u00fcr den langfristigen Aufenthalt (Visum D) beantragen. Diese Art von Visum ist bis zu 1 Jahr g\u00fcltig und wird Ausl\u00e4ndern ausgestellt, die Studiengeb\u00fchren, Postgraduierten und Praktikanten sind. W\u00e4hrend seiner G\u00fcltigkeit darf der Inhaber wiederholt in das Land einreisen.<\/p><p>Um ein Visum f\u00fcr den l\u00e4ngerfristigen Aufenthalt zu beantragen, m\u00fcssen Sie die folgenden Dokumente einreichen:<\/p><ul><li>Visumantragsformular<\/li><li>Ein regul\u00e4res ausl\u00e4ndisches Reisedokument<\/li><li>Kopien der Seiten des ausl\u00e4ndischen Reisedokuments mit den pers\u00f6nlichen Daten und den erteilten Visa und\/oder Kopien der Aufenthaltsgenehmigungen<\/li><li>Aktuelles Farbfoto in Passgr\u00f6\u00dfe<\/li><li>Originaldokumente und zwei Kopien davon, die den Antrag belegen: Bescheinigung des Bildungsministeriums der Republik Bulgarien, Nachweis der gew\u00e4hlten Universit\u00e4t, Nachweis \u00fcber die finanziellen Mittel f\u00fcr den Lebensunterhalt und die Unterkunft.<\/li><\/ul><p> <\/p><p>EU- und Nicht-EU-B\u00fcrger aus L\u00e4ndern, die bilaterale Vertr\u00e4ge und Abkommen mit Bulgarien \u00fcber die visumfreie Einreise unterzeichnet haben, darunter Andorra, Australien, Brasilien, Brunei, Kanada, Chile, Costa Rica, El Salvador, Guatemala, Honduras, Israel, Japan, Malaysia, Mexiko, Monaco, Neuseeland, Nicaragua, Panama, Paraguay, Republik Korea, San Marino, Singapur, USA, Uruguay, Vatikan, Venezuela, Hongkong, Macao, ben\u00f6tigen keine Visumsabfertigung f\u00fcr die Einreise in das Land.<\/p><p>Bitte kontaktieren Sie uns, wenn Sie Unterst\u00fctzung beim Bewerbungsverfahren und den erforderlichen Unterlagen ben\u00f6tigen.<\/p>\t\t\t\t\t\t\t\t<\/div>\n\t\t\t\t<\/div>\n\t\t\t\t<div class=\"elementor-element elementor-element-c2b4783 elementor-widget elementor-widget-button\" data-id=\"c2b4783\" data-element_type=\"widget\" data-e-type=\"widget\" data-widget_type=\"button.default\">\n\t\t\t\t<div class=\"elementor-widget-container\">\n\t\t\t\t\t\t\t\t\t<div class=\"elementor-button-wrapper\">\n\t\t\t\t\t<a class=\"elementor-button elementor-button-link elementor-size-sm\" href=\"https:\/\/blackseauniversity.com\/de\/kontakt\/\">\n\t\t\t\t\t\t<span class=\"elementor-button-content-wrapper\">\n\t\t\t\t\t\t\t\t\t<span class=\"elementor-button-text\">Kontaktieren Sie uns<\/span>\n\t\t\t\t\t<\/span>\n\t\t\t\t\t<\/a>\n\t\t\t\t<\/div>\n\t\t\t\t\t\t\t\t<\/div>\n\t\t\t\t<\/div>\n\t\t\t\t\t<\/div>\n\t\t<\/div>\n\t\t\t\t<div class=\"elementor-column elementor-col-50 elementor-top-column elementor-element elementor-element-61902d19 elementor-hidden-tablet elementor-hidden-mobile\" data-id=\"61902d19\" data-element_type=\"column\" data-e-type=\"column\" data-settings=\"{&quot;background_background&quot;:&quot;classic&quot;}\">\n\t\t\t<div class=\"elementor-widget-wrap\">\n\t\t\t\t\t\t\t<\/div>\n\t\t<\/div>\n\t\t\t\t\t<\/div>\n\t\t<\/section>\n\t\t\t\t<\/div>\n\t\t","protected":false},"excerpt":{"rendered":"<p>Bulgarisch Studentenvisum Visum Bulgarisches Studentenvisum Studenten aus Nicht-EU-L\u00e4ndern ben\u00f6tigen m\u00f6glicherweise ein Visum f\u00fcr die Einreise in das Hoheitsgebiet Bulgariens. Nachdem Sie das Annahmeschreiben erhalten haben, das best\u00e4tigt, dass die gew\u00e4hlte Universit\u00e4t Ihre Bewerbungsunterlagen und die Bescheinigung, dass Sie zum Studium in Bulgarien berechtigt sind (ausgestellt vom bulgarischen Ministerium f\u00fcr Bildung und Wissenschaft) genehmigt hat, m\u00fcssen [&hellip;]<\/p>\n","protected":false},"author":8,"featured_media":0,"parent":0,"menu_order":0,"comment_status":"closed","ping_status":"closed","template":"elementor_theme","meta":{"footnotes":""},"class_list":["post-2942","page","type-page","status-publish","hentry"],"yoast_head":"<!-- This site is optimized with the Yoast SEO Premium plugin v27.5 (Yoast SEO v27.5) - https:\/\/yoast.com\/product\/yoast-seo-premium-wordpress\/ -->\n<title>Studieren in Europa | Black Sea University | Bulgarien<\/title>\n<meta name=\"description\" content=\"Studenten aus Nicht-EU-L\u00e4ndern ben\u00f6tigen m\u00f6glicherweise ein Visum f\u00fcr die Einreise in das Hoheitsgebiet Bulgariens. Nachdem Sie das Best\u00e4tigungsschreiben erhalten haben, das best\u00e4tigt, dass\" \/>\n<meta name=\"robots\" content=\"index, follow, max-snippet:-1, max-image-preview:large, max-video-preview:-1\" \/>\n<link rel=\"canonical\" href=\"https:\/\/blackseauniversity.com\/de\/bulgarisches-studentenvisum\/\" \/>\n<meta property=\"og:locale\" content=\"de_DE\" \/>\n<meta property=\"og:type\" content=\"article\" \/>\n<meta property=\"og:title\" content=\"Studieren in Europa | Black Sea University | Bulgarien\" \/>\n<meta property=\"og:description\" content=\"Studenten aus Nicht-EU-L\u00e4ndern ben\u00f6tigen m\u00f6glicherweise ein Visum f\u00fcr die Einreise in das Hoheitsgebiet Bulgariens. Nachdem Sie das Best\u00e4tigungsschreiben erhalten haben, das best\u00e4tigt, dass\" \/>\n<meta property=\"og:url\" content=\"https:\/\/blackseauniversity.com\/de\/bulgarisches-studentenvisum\/\" \/>\n<meta property=\"og:site_name\" content=\"Studieren in Bulgarien| Bulgarisches B\u00fcro f\u00fcr Internationale Bildung\" \/>\n<meta property=\"article:publisher\" content=\"https:\/\/www.facebook.com\/VarnaDenizcilikUniversitesi\" \/>\n<meta property=\"article:modified_time\" content=\"2025-08-02T14:55:51+00:00\" \/>\n<meta property=\"og:image\" content=\"https:\/\/blackseauniversity.com\/wp-content\/uploads\/2024\/03\/Varna-Free-University-4.jpeg\" \/>\n\t<meta property=\"og:image:width\" content=\"1600\" \/>\n\t<meta property=\"og:image:height\" content=\"1066\" \/>\n\t<meta property=\"og:image:type\" content=\"image\/jpeg\" \/>\n<meta name=\"twitter:card\" content=\"summary_large_image\" \/>\n<meta name=\"twitter:label1\" content=\"Gesch\u00e4tzte Lesezeit\" \/>\n\t<meta name=\"twitter:data1\" content=\"2\u00a0Minuten\" \/>\n<script type=\"application\/ld+json\" class=\"yoast-schema-graph\">{\"@context\":\"https:\\\/\\\/schema.org\",\"@graph\":[{\"@type\":\"WebPage\",\"@id\":\"https:\\\/\\\/blackseauniversity.com\\\/de\\\/bulgarisches-studentenvisum\\\/\",\"url\":\"https:\\\/\\\/blackseauniversity.com\\\/de\\\/bulgarisches-studentenvisum\\\/\",\"name\":\"Studieren in Europa | Black Sea University | Bulgarien\",\"isPartOf\":{\"@id\":\"https:\\\/\\\/blackseauniversity.com\\\/de\\\/#website\"},\"datePublished\":\"2023-11-27T16:47:22+00:00\",\"dateModified\":\"2025-08-02T14:55:51+00:00\",\"description\":\"Studenten aus Nicht-EU-L\u00e4ndern ben\u00f6tigen m\u00f6glicherweise ein Visum f\u00fcr die Einreise in das Hoheitsgebiet Bulgariens. Nachdem Sie das Best\u00e4tigungsschreiben erhalten haben, das best\u00e4tigt, dass\",\"inLanguage\":\"de\",\"potentialAction\":[{\"@type\":\"ReadAction\",\"target\":[\"https:\\\/\\\/blackseauniversity.com\\\/de\\\/bulgarisches-studentenvisum\\\/\"]}]},{\"@type\":\"WebSite\",\"@id\":\"https:\\\/\\\/blackseauniversity.com\\\/de\\\/#website\",\"url\":\"https:\\\/\\\/blackseauniversity.com\\\/de\\\/\",\"name\":\"Study in Bulgaria | Black Sea University | Bulgaria\",\"description\":\"Black Sea University | Bulgaria\",\"publisher\":{\"@id\":\"https:\\\/\\\/blackseauniversity.com\\\/de\\\/#organization\"},\"alternateName\":\"Study In Europe | Black Sea University | Bulgaria\",\"potentialAction\":[{\"@type\":\"SearchAction\",\"target\":{\"@type\":\"EntryPoint\",\"urlTemplate\":\"https:\\\/\\\/blackseauniversity.com\\\/de\\\/?s={search_term_string}\"},\"query-input\":{\"@type\":\"PropertyValueSpecification\",\"valueRequired\":true,\"valueName\":\"search_term_string\"}}],\"inLanguage\":\"de\"},{\"@type\":\"Organization\",\"@id\":\"https:\\\/\\\/blackseauniversity.com\\\/de\\\/#organization\",\"name\":\"Study in Bulgaria | Black Sea University | Bulgaria\",\"alternateName\":\"Study In Europe\",\"url\":\"https:\\\/\\\/blackseauniversity.com\\\/de\\\/\",\"logo\":{\"@type\":\"ImageObject\",\"inLanguage\":\"de\",\"@id\":\"https:\\\/\\\/blackseauniversity.com\\\/de\\\/#\\\/schema\\\/logo\\\/image\\\/\",\"url\":\"https:\\\/\\\/blackseauniversity.com\\\/wp-content\\\/uploads\\\/2024\\\/01\\\/logo-1.png\",\"contentUrl\":\"https:\\\/\\\/blackseauniversity.com\\\/wp-content\\\/uploads\\\/2024\\\/01\\\/logo-1.png\",\"width\":160,\"height\":60,\"caption\":\"Study in Bulgaria | Black Sea University | Bulgaria\"},\"image\":{\"@id\":\"https:\\\/\\\/blackseauniversity.com\\\/de\\\/#\\\/schema\\\/logo\\\/image\\\/\"},\"sameAs\":[\"https:\\\/\\\/www.facebook.com\\\/VarnaDenizcilikUniversitesi\",\"https:\\\/\\\/www.instagram.com\\\/black_sea_university\\\/\",\"https:\\\/\\\/t.me\\\/StudyBulgaria\"],\"description\":\"Schwarzmeer-Universit\u00e4t\",\"publishingPrinciples\":\"https:\\\/\\\/blackseauniversity.com\\\/\",\"ownershipFundingInfo\":\"https:\\\/\\\/blackseauniversity.com\\\/study-in-bulgaria\\\/\",\"actionableFeedbackPolicy\":\"https:\\\/\\\/blackseauniversity.com\\\/\",\"correctionsPolicy\":\"https:\\\/\\\/blackseauniversity.com\\\/\"}]}<\/script>\n<!-- \/ Yoast SEO Premium plugin. -->","yoast_head_json":{"title":"Studieren in Europa | Black Sea University | Bulgarien","description":"Studenten aus Nicht-EU-L\u00e4ndern ben\u00f6tigen m\u00f6glicherweise ein Visum f\u00fcr die Einreise in das Hoheitsgebiet Bulgariens. Nachdem Sie das Best\u00e4tigungsschreiben erhalten haben, das best\u00e4tigt, dass","robots":{"index":"index","follow":"follow","max-snippet":"max-snippet:-1","max-image-preview":"max-image-preview:large","max-video-preview":"max-video-preview:-1"},"canonical":"https:\/\/blackseauniversity.com\/de\/bulgarisches-studentenvisum\/","og_locale":"de_DE","og_type":"article","og_title":"Studieren in Europa | Black Sea University | Bulgarien","og_description":"Studenten aus Nicht-EU-L\u00e4ndern ben\u00f6tigen m\u00f6glicherweise ein Visum f\u00fcr die Einreise in das Hoheitsgebiet Bulgariens. Nachdem Sie das Best\u00e4tigungsschreiben erhalten haben, das best\u00e4tigt, dass","og_url":"https:\/\/blackseauniversity.com\/de\/bulgarisches-studentenvisum\/","og_site_name":"Studieren in Bulgarien| Bulgarisches B\u00fcro f\u00fcr Internationale Bildung","article_publisher":"https:\/\/www.facebook.com\/VarnaDenizcilikUniversitesi","article_modified_time":"2025-08-02T14:55:51+00:00","og_image":[{"width":1600,"height":1066,"url":"https:\/\/blackseauniversity.com\/wp-content\/uploads\/2024\/03\/Varna-Free-University-4.jpeg","type":"image\/jpeg"}],"twitter_card":"summary_large_image","twitter_misc":{"Gesch\u00e4tzte Lesezeit":"2\u00a0Minuten"},"schema":{"@context":"https:\/\/schema.org","@graph":[{"@type":"WebPage","@id":"https:\/\/blackseauniversity.com\/de\/bulgarisches-studentenvisum\/","url":"https:\/\/blackseauniversity.com\/de\/bulgarisches-studentenvisum\/","name":"Studieren in Europa | Black Sea University | Bulgarien","isPartOf":{"@id":"https:\/\/blackseauniversity.com\/de\/#website"},"datePublished":"2023-11-27T16:47:22+00:00","dateModified":"2025-08-02T14:55:51+00:00","description":"Studenten aus Nicht-EU-L\u00e4ndern ben\u00f6tigen m\u00f6glicherweise ein Visum f\u00fcr die Einreise in das Hoheitsgebiet Bulgariens. Nachdem Sie das Best\u00e4tigungsschreiben erhalten haben, das best\u00e4tigt, dass","inLanguage":"de","potentialAction":[{"@type":"ReadAction","target":["https:\/\/blackseauniversity.com\/de\/bulgarisches-studentenvisum\/"]}]},{"@type":"WebSite","@id":"https:\/\/blackseauniversity.com\/de\/#website","url":"https:\/\/blackseauniversity.com\/de\/","name":"Study in Bulgaria | Black Sea University | Bulgaria","description":"Black Sea University | Bulgaria","publisher":{"@id":"https:\/\/blackseauniversity.com\/de\/#organization"},"alternateName":"Study In Europe | Black Sea University | Bulgaria","potentialAction":[{"@type":"SearchAction","target":{"@type":"EntryPoint","urlTemplate":"https:\/\/blackseauniversity.com\/de\/?s={search_term_string}"},"query-input":{"@type":"PropertyValueSpecification","valueRequired":true,"valueName":"search_term_string"}}],"inLanguage":"de"},{"@type":"Organization","@id":"https:\/\/blackseauniversity.com\/de\/#organization","name":"Study in Bulgaria | Black Sea University | Bulgaria","alternateName":"Study In Europe","url":"https:\/\/blackseauniversity.com\/de\/","logo":{"@type":"ImageObject","inLanguage":"de","@id":"https:\/\/blackseauniversity.com\/de\/#\/schema\/logo\/image\/","url":"https:\/\/blackseauniversity.com\/wp-content\/uploads\/2024\/01\/logo-1.png","contentUrl":"https:\/\/blackseauniversity.com\/wp-content\/uploads\/2024\/01\/logo-1.png","width":160,"height":60,"caption":"Study in Bulgaria | Black Sea University | Bulgaria"},"image":{"@id":"https:\/\/blackseauniversity.com\/de\/#\/schema\/logo\/image\/"},"sameAs":["https:\/\/www.facebook.com\/VarnaDenizcilikUniversitesi","https:\/\/www.instagram.com\/black_sea_university\/","https:\/\/t.me\/StudyBulgaria"],"description":"Schwarzmeer-Universit\u00e4t","publishingPrinciples":"https:\/\/blackseauniversity.com\/","ownershipFundingInfo":"https:\/\/blackseauniversity.com\/study-in-bulgaria\/","actionableFeedbackPolicy":"https:\/\/blackseauniversity.com\/","correctionsPolicy":"https:\/\/blackseauniversity.com\/"}]}},"_links":{"self":[{"href":"https:\/\/blackseauniversity.com\/de\/wp-json\/wp\/v2\/pages\/2942","targetHints":{"allow":["GET"]}}],"collection":[{"href":"https:\/\/blackseauniversity.com\/de\/wp-json\/wp\/v2\/pages"}],"about":[{"href":"https:\/\/blackseauniversity.com\/de\/wp-json\/wp\/v2\/types\/page"}],"author":[{"embeddable":true,"href":"https:\/\/blackseauniversity.com\/de\/wp-json\/wp\/v2\/users\/8"}],"replies":[{"embeddable":true,"href":"https:\/\/blackseauniversity.com\/de\/wp-json\/wp\/v2\/comments?post=2942"}],"version-history":[{"count":13,"href":"https:\/\/blackseauniversity.com\/de\/wp-json\/wp\/v2\/pages\/2942\/revisions"}],"predecessor-version":[{"id":7215,"href":"https:\/\/blackseauniversity.com\/de\/wp-json\/wp\/v2\/pages\/2942\/revisions\/7215"}],"wp:attachment":[{"href":"https:\/\/blackseauniversity.com\/de\/wp-json\/wp\/v2\/media?parent=2942"}],"curies":[{"name":"wp","href":"https:\/\/api.w.org\/{rel}","templated":true}]}}