{"id":3016,"date":"2023-11-24T19:26:52","date_gmt":"2023-11-24T19:26:52","guid":{"rendered":"https:\/\/blackseauniversity.com\/betreuung-bis-und-nach-dem-studium\/"},"modified":"2024-03-10T19:57:34","modified_gmt":"2024-03-10T19:57:34","slug":"betreuung-bis-und-nach-dem-studium","status":"publish","type":"page","link":"https:\/\/blackseauniversity.com\/de\/betreuung-bis-und-nach-dem-studium\/","title":{"rendered":"Betreuung bis und nach dem Studium"},"content":{"rendered":"\t\t<div data-elementor-type=\"wp-page\" data-elementor-id=\"3016\" class=\"elementor elementor-3016 elementor-430\">\n\t\t\t\t\t\t<section class=\"elementor-section elementor-top-section elementor-element elementor-element-55146dac elementor-section-content-middle elementor-section-boxed elementor-section-height-default elementor-section-height-default\" data-id=\"55146dac\" data-element_type=\"section\" data-e-type=\"section\" data-settings=\"{&quot;background_background&quot;:&quot;classic&quot;}\">\n\t\t\t\t\t\t\t<div class=\"elementor-background-overlay\"><\/div>\n\t\t\t\t\t\t\t<div class=\"elementor-container elementor-column-gap-default\">\n\t\t\t\t\t<div class=\"elementor-column elementor-col-50 elementor-top-column elementor-element elementor-element-12d905a2\" data-id=\"12d905a2\" data-element_type=\"column\" data-e-type=\"column\" data-settings=\"{&quot;background_background&quot;:&quot;classic&quot;}\">\n\t\t\t<div class=\"elementor-widget-wrap elementor-element-populated\">\n\t\t\t\t\t\t<div class=\"elementor-element elementor-element-283a5a56 elementor-widget elementor-widget-heading\" data-id=\"283a5a56\" data-element_type=\"widget\" data-e-type=\"widget\" data-widget_type=\"heading.default\">\n\t\t\t\t<div class=\"elementor-widget-container\">\n\t\t\t\t\t<h2 class=\"elementor-heading-title elementor-size-default\">Bis und nach dem Studium<\/h2>\t\t\t\t<\/div>\n\t\t\t\t<\/div>\n\t\t\t\t<div class=\"elementor-element elementor-element-2a3225e elementor-widget elementor-widget-heading\" data-id=\"2a3225e\" data-element_type=\"widget\" data-e-type=\"widget\" data-widget_type=\"heading.default\">\n\t\t\t\t<div class=\"elementor-widget-container\">\n\t\t\t\t\t<h2 class=\"elementor-heading-title elementor-size-default\">Volle Unterst\u00fctzung<\/h2>\t\t\t\t<\/div>\n\t\t\t\t<\/div>\n\t\t\t\t\t<\/div>\n\t\t<\/div>\n\t\t\t\t<div class=\"elementor-column elementor-col-50 elementor-top-column elementor-element elementor-element-2d8f7fdb elementor-hidden-tablet elementor-hidden-phone\" data-id=\"2d8f7fdb\" data-element_type=\"column\" data-e-type=\"column\">\n\t\t\t<div class=\"elementor-widget-wrap\">\n\t\t\t\t\t\t\t<\/div>\n\t\t<\/div>\n\t\t\t\t\t<\/div>\n\t\t<\/section>\n\t\t\t\t<section class=\"elementor-section elementor-top-section elementor-element elementor-element-495a6cb7 elementor-section-content-middle elementor-section-boxed elementor-section-height-default elementor-section-height-default\" data-id=\"495a6cb7\" data-element_type=\"section\" data-e-type=\"section\" data-settings=\"{&quot;background_background&quot;:&quot;classic&quot;}\">\n\t\t\t\t\t\t<div class=\"elementor-container elementor-column-gap-default\">\n\t\t\t\t\t<div class=\"elementor-column elementor-col-50 elementor-top-column elementor-element elementor-element-61902d19\" data-id=\"61902d19\" data-element_type=\"column\" data-e-type=\"column\">\n\t\t\t<div class=\"elementor-widget-wrap elementor-element-populated\">\n\t\t\t\t\t\t<div class=\"elementor-element elementor-element-0b28650 elementor-widget elementor-widget-image\" data-id=\"0b28650\" data-element_type=\"widget\" data-e-type=\"widget\" data-widget_type=\"image.default\">\n\t\t\t\t<div class=\"elementor-widget-container\">\n\t\t\t\t\t\t\t\t\t\t\t\t\t\t\t<img fetchpriority=\"high\" decoding=\"async\" width=\"800\" height=\"534\" src=\"https:\/\/blackseauniversity.com\/wp-content\/uploads\/2024\/03\/medical-5-1024x683.jpeg\" class=\"attachment-large size-large wp-image-4743\" alt=\"study in bulgaria\" srcset=\"https:\/\/blackseauniversity.com\/wp-content\/uploads\/2024\/03\/medical-5-1024x683.jpeg 1024w, https:\/\/blackseauniversity.com\/wp-content\/uploads\/2024\/03\/medical-5-300x200.jpeg 300w, https:\/\/blackseauniversity.com\/wp-content\/uploads\/2024\/03\/medical-5-768x512.jpeg 768w, https:\/\/blackseauniversity.com\/wp-content\/uploads\/2024\/03\/medical-5-1536x1024.jpeg 1536w, https:\/\/blackseauniversity.com\/wp-content\/uploads\/2024\/03\/medical-5.jpeg 1600w\" sizes=\"(max-width: 800px) 100vw, 800px\" \/>\t\t\t\t\t\t\t\t\t\t\t\t\t\t\t<\/div>\n\t\t\t\t<\/div>\n\t\t\t\t\t<\/div>\n\t\t<\/div>\n\t\t\t\t<div class=\"elementor-column elementor-col-50 elementor-top-column elementor-element elementor-element-27490f8d\" data-id=\"27490f8d\" data-element_type=\"column\" data-e-type=\"column\">\n\t\t\t<div class=\"elementor-widget-wrap elementor-element-populated\">\n\t\t\t\t\t\t<div class=\"elementor-element elementor-element-5c9abf7b elementor-widget elementor-widget-heading\" data-id=\"5c9abf7b\" data-element_type=\"widget\" data-e-type=\"widget\" data-widget_type=\"heading.default\">\n\t\t\t\t<div class=\"elementor-widget-container\">\n\t\t\t\t\t<h2 class=\"elementor-heading-title elementor-size-default\">Bis und nach dem Studium<\/h2>\t\t\t\t<\/div>\n\t\t\t\t<\/div>\n\t\t\t\t<div class=\"elementor-element elementor-element-5bd809da elementor-widget elementor-widget-heading\" data-id=\"5bd809da\" data-element_type=\"widget\" data-e-type=\"widget\" data-widget_type=\"heading.default\">\n\t\t\t\t<div class=\"elementor-widget-container\">\n\t\t\t\t\t<h2 class=\"elementor-heading-title elementor-size-default\">Volle Unterst\u00fctzung<\/h2>\t\t\t\t<\/div>\n\t\t\t\t<\/div>\n\t\t\t\t<div class=\"elementor-element elementor-element-244ce510 elementor-widget elementor-widget-text-editor\" data-id=\"244ce510\" data-element_type=\"widget\" data-e-type=\"widget\" data-widget_type=\"text-editor.default\">\n\t\t\t\t<div class=\"elementor-widget-container\">\n\t\t\t\t\t\t\t\t\t<p>Die Black Sea University bietet umfassende Unterst\u00fctzung vor, w\u00e4hrend und nach Ihrem Studium in Bulgarien. Wir \u00fcberwachen den Bildungsfortschritt jedes Sch\u00fclers und bieten bei Bedarf akademische Unterst\u00fctzung sowie zus\u00e4tzliche Materialien wie Universit\u00e4tsnotizen, B\u00fccher, Mustertests und fr\u00fchere Arbeiten, Forschungsstudien und vieles mehr. Dar\u00fcber hinaus organisieren wir Treffen mit Hochschullehrern, die Ihnen bei Ihren Lernschwierigkeiten helfen. Wenn Ihr Studiengang im Bereich Medizin oder Zahnmedizin angesiedelt ist, bieten wir Ihnen Hilfe bei der Bewerbung um ein Praktikum an. Sie k\u00f6nnen sich auf uns verlassen, wenn es um Visa- und Sprachunterst\u00fctzung, Unterkunft, Kreditunterst\u00fctzung, beglaubigte \u00dcbersetzungsdienste usw. geht.<\/p>\n<p>Wir sind auch nach Ihrem Abschluss immer noch f\u00fcr Sie da, helfen Ihnen bei Ihrem Vorstellungsgespr\u00e4ch und finden einen Job. Das Vorstellungsgespr\u00e4ch kann sehr stressig sein, aber wir verraten Ihnen unsere jahrelange Erfahrung in einer gut strukturierten Pr\u00e4sentationsstrategie, die Ihre St\u00e4rken in den Vordergrund stellt. Wir helfen Ihnen auch dabei, Ihren Lebenslauf und Ihr Anschreiben so zu verfassen, dass Sie am besten pr\u00e4sentiert werden.<\/p>\n\t\t\t\t\t\t\t\t<\/div>\n\t\t\t\t<\/div>\n\t\t\t\t<div class=\"elementor-element elementor-element-7e7a712 elementor-widget elementor-widget-button\" data-id=\"7e7a712\" data-element_type=\"widget\" data-e-type=\"widget\" data-widget_type=\"button.default\">\n\t\t\t\t<div class=\"elementor-widget-container\">\n\t\t\t\t\t\t\t\t\t<div class=\"elementor-button-wrapper\">\n\t\t\t\t\t<a class=\"elementor-button elementor-button-link elementor-size-sm\" href=\"https:\/\/blackseauniversity.com\/de\/kontakt\/\">\n\t\t\t\t\t\t<span class=\"elementor-button-content-wrapper\">\n\t\t\t\t\t\t\t\t\t<span class=\"elementor-button-text\">Kontaktieren Sie uns<\/span>\n\t\t\t\t\t<\/span>\n\t\t\t\t\t<\/a>\n\t\t\t\t<\/div>\n\t\t\t\t\t\t\t\t<\/div>\n\t\t\t\t<\/div>\n\t\t\t\t\t<\/div>\n\t\t<\/div>\n\t\t\t\t\t<\/div>\n\t\t<\/section>\n\t\t\t\t<\/div>\n\t\t","protected":false},"excerpt":{"rendered":"<p>Bis und nach dem Studium Volle Unterst\u00fctzung Bis und nach dem Studium Volle Unterst\u00fctzung Die Black Sea University bietet umfassende Unterst\u00fctzung vor, w\u00e4hrend und nach Ihrem Studium in Bulgarien. Wir \u00fcberwachen den Bildungsfortschritt jedes Sch\u00fclers und bieten bei Bedarf akademische Unterst\u00fctzung sowie zus\u00e4tzliche Materialien wie Universit\u00e4tsnotizen, B\u00fccher, Mustertests und fr\u00fchere Arbeiten, Forschungsstudien und vieles mehr. [&hellip;]<\/p>\n","protected":false},"author":8,"featured_media":0,"parent":0,"menu_order":0,"comment_status":"closed","ping_status":"closed","template":"elementor_theme","meta":{"footnotes":""},"class_list":["post-3016","page","type-page","status-publish","hentry"],"yoast_head":"<!-- This site is optimized with the Yoast SEO Premium plugin v27.5 (Yoast SEO v27.5) - https:\/\/yoast.com\/product\/yoast-seo-premium-wordpress\/ -->\n<title>Betreuung bis und nach dem Studium | Studieren in Bulgarien| Bulgarisches B\u00fcro f\u00fcr Internationale Bildung<\/title>\n<meta name=\"description\" content=\"Black Sea University: Study in Europe bietet umfassende Unterst\u00fctzung vor, w\u00e4hrend und nach dem Studium in Bulgarien.\" \/>\n<meta name=\"robots\" content=\"index, follow, max-snippet:-1, max-image-preview:large, max-video-preview:-1\" \/>\n<link rel=\"canonical\" href=\"https:\/\/blackseauniversity.com\/de\/betreuung-bis-und-nach-dem-studium\/\" \/>\n<meta property=\"og:locale\" content=\"de_DE\" \/>\n<meta property=\"og:type\" content=\"article\" \/>\n<meta property=\"og:title\" content=\"Betreuung bis und nach dem Studium | Studieren in Bulgarien| Bulgarisches B\u00fcro f\u00fcr Internationale Bildung\" \/>\n<meta property=\"og:description\" content=\"Black Sea University: Study in Europe bietet umfassende Unterst\u00fctzung vor, w\u00e4hrend und nach dem Studium in Bulgarien.\" \/>\n<meta property=\"og:url\" content=\"https:\/\/blackseauniversity.com\/de\/betreuung-bis-und-nach-dem-studium\/\" \/>\n<meta property=\"og:site_name\" content=\"Studieren in Bulgarien| Bulgarisches B\u00fcro f\u00fcr Internationale Bildung\" \/>\n<meta property=\"article:publisher\" content=\"https:\/\/www.facebook.com\/VarnaDenizcilikUniversitesi\" \/>\n<meta property=\"article:modified_time\" content=\"2024-03-10T19:57:34+00:00\" \/>\n<meta property=\"og:image\" content=\"https:\/\/blackseauniversity.com\/wp-content\/uploads\/2024\/03\/medical-5-1024x683.jpeg\" \/>\n<meta name=\"twitter:card\" content=\"summary_large_image\" \/>\n<meta name=\"twitter:label1\" content=\"Gesch\u00e4tzte Lesezeit\" \/>\n\t<meta name=\"twitter:data1\" content=\"2\u00a0Minuten\" \/>\n<script type=\"application\/ld+json\" class=\"yoast-schema-graph\">{\"@context\":\"https:\\\/\\\/schema.org\",\"@graph\":[{\"@type\":\"WebPage\",\"@id\":\"https:\\\/\\\/blackseauniversity.com\\\/de\\\/betreuung-bis-und-nach-dem-studium\\\/\",\"url\":\"https:\\\/\\\/blackseauniversity.com\\\/de\\\/betreuung-bis-und-nach-dem-studium\\\/\",\"name\":\"Betreuung bis und nach dem Studium | Studieren in Bulgarien| Bulgarisches B\u00fcro f\u00fcr Internationale Bildung\",\"isPartOf\":{\"@id\":\"https:\\\/\\\/blackseauniversity.com\\\/de\\\/#website\"},\"primaryImageOfPage\":{\"@id\":\"https:\\\/\\\/blackseauniversity.com\\\/de\\\/betreuung-bis-und-nach-dem-studium\\\/#primaryimage\"},\"image\":{\"@id\":\"https:\\\/\\\/blackseauniversity.com\\\/de\\\/betreuung-bis-und-nach-dem-studium\\\/#primaryimage\"},\"thumbnailUrl\":\"https:\\\/\\\/blackseauniversity.com\\\/wp-content\\\/uploads\\\/2024\\\/03\\\/medical-5-1024x683.jpeg\",\"datePublished\":\"2023-11-24T19:26:52+00:00\",\"dateModified\":\"2024-03-10T19:57:34+00:00\",\"description\":\"Black Sea University: Study in Europe bietet umfassende Unterst\u00fctzung vor, w\u00e4hrend und nach dem Studium in Bulgarien.\",\"inLanguage\":\"de\",\"potentialAction\":[{\"@type\":\"ReadAction\",\"target\":[\"https:\\\/\\\/blackseauniversity.com\\\/de\\\/betreuung-bis-und-nach-dem-studium\\\/\"]}]},{\"@type\":\"ImageObject\",\"inLanguage\":\"de\",\"@id\":\"https:\\\/\\\/blackseauniversity.com\\\/de\\\/betreuung-bis-und-nach-dem-studium\\\/#primaryimage\",\"url\":\"https:\\\/\\\/blackseauniversity.com\\\/wp-content\\\/uploads\\\/2024\\\/03\\\/medical-5-1024x683.jpeg\",\"contentUrl\":\"https:\\\/\\\/blackseauniversity.com\\\/wp-content\\\/uploads\\\/2024\\\/03\\\/medical-5-1024x683.jpeg\"},{\"@type\":\"WebSite\",\"@id\":\"https:\\\/\\\/blackseauniversity.com\\\/de\\\/#website\",\"url\":\"https:\\\/\\\/blackseauniversity.com\\\/de\\\/\",\"name\":\"Study in Bulgaria | Black Sea University | Bulgaria\",\"description\":\"Black Sea University | Bulgaria\",\"publisher\":{\"@id\":\"https:\\\/\\\/blackseauniversity.com\\\/de\\\/#organization\"},\"alternateName\":\"Study In Europe | Black Sea University | Bulgaria\",\"potentialAction\":[{\"@type\":\"SearchAction\",\"target\":{\"@type\":\"EntryPoint\",\"urlTemplate\":\"https:\\\/\\\/blackseauniversity.com\\\/de\\\/?s={search_term_string}\"},\"query-input\":{\"@type\":\"PropertyValueSpecification\",\"valueRequired\":true,\"valueName\":\"search_term_string\"}}],\"inLanguage\":\"de\"},{\"@type\":\"Organization\",\"@id\":\"https:\\\/\\\/blackseauniversity.com\\\/de\\\/#organization\",\"name\":\"Study in Bulgaria | Black Sea University | Bulgaria\",\"alternateName\":\"Study In Europe\",\"url\":\"https:\\\/\\\/blackseauniversity.com\\\/de\\\/\",\"logo\":{\"@type\":\"ImageObject\",\"inLanguage\":\"de\",\"@id\":\"https:\\\/\\\/blackseauniversity.com\\\/de\\\/#\\\/schema\\\/logo\\\/image\\\/\",\"url\":\"https:\\\/\\\/blackseauniversity.com\\\/wp-content\\\/uploads\\\/2024\\\/01\\\/logo-1.png\",\"contentUrl\":\"https:\\\/\\\/blackseauniversity.com\\\/wp-content\\\/uploads\\\/2024\\\/01\\\/logo-1.png\",\"width\":160,\"height\":60,\"caption\":\"Study in Bulgaria | Black Sea University | Bulgaria\"},\"image\":{\"@id\":\"https:\\\/\\\/blackseauniversity.com\\\/de\\\/#\\\/schema\\\/logo\\\/image\\\/\"},\"sameAs\":[\"https:\\\/\\\/www.facebook.com\\\/VarnaDenizcilikUniversitesi\",\"https:\\\/\\\/www.instagram.com\\\/black_sea_university\\\/\",\"https:\\\/\\\/t.me\\\/StudyBulgaria\"],\"description\":\"Schwarzmeer-Universit\u00e4t\",\"publishingPrinciples\":\"https:\\\/\\\/blackseauniversity.com\\\/\",\"ownershipFundingInfo\":\"https:\\\/\\\/blackseauniversity.com\\\/study-in-bulgaria\\\/\",\"actionableFeedbackPolicy\":\"https:\\\/\\\/blackseauniversity.com\\\/\",\"correctionsPolicy\":\"https:\\\/\\\/blackseauniversity.com\\\/\"}]}<\/script>\n<!-- \/ Yoast SEO Premium plugin. -->","yoast_head_json":{"title":"Betreuung bis und nach dem Studium | Studieren in Bulgarien| Bulgarisches B\u00fcro f\u00fcr Internationale Bildung","description":"Black Sea University: Study in Europe bietet umfassende Unterst\u00fctzung vor, w\u00e4hrend und nach dem Studium in Bulgarien.","robots":{"index":"index","follow":"follow","max-snippet":"max-snippet:-1","max-image-preview":"max-image-preview:large","max-video-preview":"max-video-preview:-1"},"canonical":"https:\/\/blackseauniversity.com\/de\/betreuung-bis-und-nach-dem-studium\/","og_locale":"de_DE","og_type":"article","og_title":"Betreuung bis und nach dem Studium | Studieren in Bulgarien| Bulgarisches B\u00fcro f\u00fcr Internationale Bildung","og_description":"Black Sea University: Study in Europe bietet umfassende Unterst\u00fctzung vor, w\u00e4hrend und nach dem Studium in Bulgarien.","og_url":"https:\/\/blackseauniversity.com\/de\/betreuung-bis-und-nach-dem-studium\/","og_site_name":"Studieren in Bulgarien| Bulgarisches B\u00fcro f\u00fcr Internationale Bildung","article_publisher":"https:\/\/www.facebook.com\/VarnaDenizcilikUniversitesi","article_modified_time":"2024-03-10T19:57:34+00:00","og_image":[{"url":"https:\/\/blackseauniversity.com\/wp-content\/uploads\/2024\/03\/medical-5-1024x683.jpeg","type":"","width":"","height":""}],"twitter_card":"summary_large_image","twitter_misc":{"Gesch\u00e4tzte Lesezeit":"2\u00a0Minuten"},"schema":{"@context":"https:\/\/schema.org","@graph":[{"@type":"WebPage","@id":"https:\/\/blackseauniversity.com\/de\/betreuung-bis-und-nach-dem-studium\/","url":"https:\/\/blackseauniversity.com\/de\/betreuung-bis-und-nach-dem-studium\/","name":"Betreuung bis und nach dem Studium | Studieren in Bulgarien| Bulgarisches B\u00fcro f\u00fcr Internationale Bildung","isPartOf":{"@id":"https:\/\/blackseauniversity.com\/de\/#website"},"primaryImageOfPage":{"@id":"https:\/\/blackseauniversity.com\/de\/betreuung-bis-und-nach-dem-studium\/#primaryimage"},"image":{"@id":"https:\/\/blackseauniversity.com\/de\/betreuung-bis-und-nach-dem-studium\/#primaryimage"},"thumbnailUrl":"https:\/\/blackseauniversity.com\/wp-content\/uploads\/2024\/03\/medical-5-1024x683.jpeg","datePublished":"2023-11-24T19:26:52+00:00","dateModified":"2024-03-10T19:57:34+00:00","description":"Black Sea University: Study in Europe bietet umfassende Unterst\u00fctzung vor, w\u00e4hrend und nach dem Studium in Bulgarien.","inLanguage":"de","potentialAction":[{"@type":"ReadAction","target":["https:\/\/blackseauniversity.com\/de\/betreuung-bis-und-nach-dem-studium\/"]}]},{"@type":"ImageObject","inLanguage":"de","@id":"https:\/\/blackseauniversity.com\/de\/betreuung-bis-und-nach-dem-studium\/#primaryimage","url":"https:\/\/blackseauniversity.com\/wp-content\/uploads\/2024\/03\/medical-5-1024x683.jpeg","contentUrl":"https:\/\/blackseauniversity.com\/wp-content\/uploads\/2024\/03\/medical-5-1024x683.jpeg"},{"@type":"WebSite","@id":"https:\/\/blackseauniversity.com\/de\/#website","url":"https:\/\/blackseauniversity.com\/de\/","name":"Study in Bulgaria | Black Sea University | Bulgaria","description":"Black Sea University | Bulgaria","publisher":{"@id":"https:\/\/blackseauniversity.com\/de\/#organization"},"alternateName":"Study In Europe | Black Sea University | Bulgaria","potentialAction":[{"@type":"SearchAction","target":{"@type":"EntryPoint","urlTemplate":"https:\/\/blackseauniversity.com\/de\/?s={search_term_string}"},"query-input":{"@type":"PropertyValueSpecification","valueRequired":true,"valueName":"search_term_string"}}],"inLanguage":"de"},{"@type":"Organization","@id":"https:\/\/blackseauniversity.com\/de\/#organization","name":"Study in Bulgaria | Black Sea University | Bulgaria","alternateName":"Study In Europe","url":"https:\/\/blackseauniversity.com\/de\/","logo":{"@type":"ImageObject","inLanguage":"de","@id":"https:\/\/blackseauniversity.com\/de\/#\/schema\/logo\/image\/","url":"https:\/\/blackseauniversity.com\/wp-content\/uploads\/2024\/01\/logo-1.png","contentUrl":"https:\/\/blackseauniversity.com\/wp-content\/uploads\/2024\/01\/logo-1.png","width":160,"height":60,"caption":"Study in Bulgaria | Black Sea University | Bulgaria"},"image":{"@id":"https:\/\/blackseauniversity.com\/de\/#\/schema\/logo\/image\/"},"sameAs":["https:\/\/www.facebook.com\/VarnaDenizcilikUniversitesi","https:\/\/www.instagram.com\/black_sea_university\/","https:\/\/t.me\/StudyBulgaria"],"description":"Schwarzmeer-Universit\u00e4t","publishingPrinciples":"https:\/\/blackseauniversity.com\/","ownershipFundingInfo":"https:\/\/blackseauniversity.com\/study-in-bulgaria\/","actionableFeedbackPolicy":"https:\/\/blackseauniversity.com\/","correctionsPolicy":"https:\/\/blackseauniversity.com\/"}]}},"_links":{"self":[{"href":"https:\/\/blackseauniversity.com\/de\/wp-json\/wp\/v2\/pages\/3016","targetHints":{"allow":["GET"]}}],"collection":[{"href":"https:\/\/blackseauniversity.com\/de\/wp-json\/wp\/v2\/pages"}],"about":[{"href":"https:\/\/blackseauniversity.com\/de\/wp-json\/wp\/v2\/types\/page"}],"author":[{"embeddable":true,"href":"https:\/\/blackseauniversity.com\/de\/wp-json\/wp\/v2\/users\/8"}],"replies":[{"embeddable":true,"href":"https:\/\/blackseauniversity.com\/de\/wp-json\/wp\/v2\/comments?post=3016"}],"version-history":[{"count":6,"href":"https:\/\/blackseauniversity.com\/de\/wp-json\/wp\/v2\/pages\/3016\/revisions"}],"predecessor-version":[{"id":5195,"href":"https:\/\/blackseauniversity.com\/de\/wp-json\/wp\/v2\/pages\/3016\/revisions\/5195"}],"wp:attachment":[{"href":"https:\/\/blackseauniversity.com\/de\/wp-json\/wp\/v2\/media?parent=3016"}],"curies":[{"name":"wp","href":"https:\/\/api.w.org\/{rel}","templated":true}]}}