{"id":3232,"date":"2023-11-22T18:52:44","date_gmt":"2023-11-22T18:52:44","guid":{"rendered":"https:\/\/blackseauniversity.com\/studieren-in-bulgarien\/"},"modified":"2025-07-31T14:05:06","modified_gmt":"2025-07-31T14:05:06","slug":"studieren-in-bulgarien","status":"publish","type":"page","link":"https:\/\/blackseauniversity.com\/de\/studieren-in-bulgarien\/","title":{"rendered":"Studieren in Bulgarien"},"content":{"rendered":"\t\t<div data-elementor-type=\"wp-page\" data-elementor-id=\"3232\" class=\"elementor elementor-3232 elementor-272\">\n\t\t\t\t\t\t<section class=\"elementor-section elementor-top-section elementor-element elementor-element-55146dac elementor-section-content-middle elementor-section-boxed elementor-section-height-default elementor-section-height-default\" data-id=\"55146dac\" data-element_type=\"section\" data-e-type=\"section\" data-settings=\"{&quot;background_background&quot;:&quot;classic&quot;}\">\n\t\t\t\t\t\t\t<div class=\"elementor-background-overlay\"><\/div>\n\t\t\t\t\t\t\t<div class=\"elementor-container elementor-column-gap-default\">\n\t\t\t\t\t<div class=\"elementor-column elementor-col-50 elementor-top-column elementor-element elementor-element-12d905a2\" data-id=\"12d905a2\" data-element_type=\"column\" data-e-type=\"column\" data-settings=\"{&quot;background_background&quot;:&quot;classic&quot;}\">\n\t\t\t<div class=\"elementor-widget-wrap elementor-element-populated\">\n\t\t\t\t\t\t<div class=\"elementor-element elementor-element-283a5a56 elementor-widget elementor-widget-heading\" data-id=\"283a5a56\" data-element_type=\"widget\" data-e-type=\"widget\" data-widget_type=\"heading.default\">\n\t\t\t\t<div class=\"elementor-widget-container\">\n\t\t\t\t\t<h2 class=\"elementor-heading-title elementor-size-default\">Studieren Sie in<\/h2>\t\t\t\t<\/div>\n\t\t\t\t<\/div>\n\t\t\t\t<div class=\"elementor-element elementor-element-2a3225e elementor-widget elementor-widget-heading\" data-id=\"2a3225e\" data-element_type=\"widget\" data-e-type=\"widget\" data-widget_type=\"heading.default\">\n\t\t\t\t<div class=\"elementor-widget-container\">\n\t\t\t\t\t<h2 class=\"elementor-heading-title elementor-size-default\">Bulgarien<\/h2>\t\t\t\t<\/div>\n\t\t\t\t<\/div>\n\t\t\t\t\t<\/div>\n\t\t<\/div>\n\t\t\t\t<div class=\"elementor-column elementor-col-50 elementor-top-column elementor-element elementor-element-2d8f7fdb elementor-hidden-tablet elementor-hidden-phone\" data-id=\"2d8f7fdb\" data-element_type=\"column\" data-e-type=\"column\">\n\t\t\t<div class=\"elementor-widget-wrap\">\n\t\t\t\t\t\t\t<\/div>\n\t\t<\/div>\n\t\t\t\t\t<\/div>\n\t\t<\/section>\n\t\t\t\t<section class=\"elementor-section elementor-top-section elementor-element elementor-element-495a6cb7 elementor-section-content-middle elementor-section-boxed elementor-section-height-default elementor-section-height-default\" data-id=\"495a6cb7\" data-element_type=\"section\" data-e-type=\"section\" data-settings=\"{&quot;background_background&quot;:&quot;classic&quot;}\">\n\t\t\t\t\t\t<div class=\"elementor-container elementor-column-gap-default\">\n\t\t\t\t\t<div class=\"elementor-column elementor-col-33 elementor-top-column elementor-element elementor-element-27490f8d\" data-id=\"27490f8d\" data-element_type=\"column\" data-e-type=\"column\">\n\t\t\t<div class=\"elementor-widget-wrap elementor-element-populated\">\n\t\t\t\t\t\t<div class=\"elementor-element elementor-element-5c9abf7b elementor-widget elementor-widget-heading\" data-id=\"5c9abf7b\" data-element_type=\"widget\" data-e-type=\"widget\" data-widget_type=\"heading.default\">\n\t\t\t\t<div class=\"elementor-widget-container\">\n\t\t\t\t\t<h2 class=\"elementor-heading-title elementor-size-default\">Studieren Sie in<\/h2>\t\t\t\t<\/div>\n\t\t\t\t<\/div>\n\t\t\t\t<div class=\"elementor-element elementor-element-5bd809da elementor-widget elementor-widget-heading\" data-id=\"5bd809da\" data-element_type=\"widget\" data-e-type=\"widget\" data-widget_type=\"heading.default\">\n\t\t\t\t<div class=\"elementor-widget-container\">\n\t\t\t\t\t<h2 class=\"elementor-heading-title elementor-size-default\">Bulgarien<\/h2>\t\t\t\t<\/div>\n\t\t\t\t<\/div>\n\t\t\t\t<div class=\"elementor-element elementor-element-244ce510 elementor-widget elementor-widget-text-editor\" data-id=\"244ce510\" data-element_type=\"widget\" data-e-type=\"widget\" data-widget_type=\"text-editor.default\">\n\t\t\t\t<div class=\"elementor-widget-container\">\n\t\t\t\t\t\t\t\t\t<p>In den letzten Jahren hat sich Bulgarien zu einem beliebten Studienziel entwickelt, das Studenten aus der ganzen Welt eine hervorragende Bildungs- und Lebensqualit\u00e4t bietet. Bulgarien erh\u00f6ht st\u00e4ndig die Mobilit\u00e4t und baut enge Beziehungen zwischen bulgarischen Hochschuleinrichtungen und Universit\u00e4ten in ganz Europa auf, um eine Ausbildung zu bieten, die allen globalen Standards entspricht und berufsorientiert ist, um die Studierenden besch\u00e4ftigungsf\u00e4hig zu machen und ihnen zu helfen, ihre zuk\u00fcnftige Karriere zu verfolgen. Seit 2007 ist Bulgarien Mitglied der Europ\u00e4ischen Union und bulgarische Hochschulabschl\u00fcsse werden in allen EU-Mitgliedstaaten voll anerkannt. Dar\u00fcber hinaus sind die Credits f\u00fcr die an bulgarischen Universit\u00e4ten unterrichteten Kurse innerhalb Europas \u00fcbertragbar, was bedeutet, dass ein Student sein Studium nach Bulgarien in jedem EU-Land fortsetzen kann.<\/p><p>Bulgarien verf\u00fcgt \u00fcber ein gut entwickeltes Hochschulsystem und bulgarische Universit\u00e4ten sind in vielen wissenschaftlichen Bereichen wie Medizin, Wirtschaft, Informatik, Ingenieurwesen, Psychologie usw. bekannt. Fast alle Universit\u00e4ten des Landes haben eine bulgarische Akkreditierung und einige haben eine doppelte Akkreditierung von ausl\u00e4ndischen Institutionen.<\/p>\t\t\t\t\t\t\t\t<\/div>\n\t\t\t\t<\/div>\n\t\t\t\t\t<\/div>\n\t\t<\/div>\n\t\t\t\t<div class=\"elementor-column elementor-col-33 elementor-top-column elementor-element elementor-element-61902d19\" data-id=\"61902d19\" data-element_type=\"column\" data-e-type=\"column\">\n\t\t\t<div class=\"elementor-widget-wrap elementor-element-populated\">\n\t\t\t\t\t\t<div class=\"elementor-element elementor-element-0b28650 elementor-widget elementor-widget-image\" data-id=\"0b28650\" data-element_type=\"widget\" data-e-type=\"widget\" data-widget_type=\"image.default\">\n\t\t\t\t<div class=\"elementor-widget-container\">\n\t\t\t\t\t\t\t\t\t\t\t\t\t\t\t<img fetchpriority=\"high\" decoding=\"async\" width=\"800\" height=\"534\" src=\"https:\/\/blackseauniversity.com\/wp-content\/uploads\/2024\/03\/University-of-Economics-4-1-1024x683.jpeg\" class=\"attachment-large size-large wp-image-4850\" alt=\"\u0423\u0447\u0435\u0431\u0430 \u0432 \u0411\u043e\u043b\u0433\u0430\u0440\u0438\u0438\" srcset=\"https:\/\/blackseauniversity.com\/wp-content\/uploads\/2024\/03\/University-of-Economics-4-1-1024x683.jpeg 1024w, https:\/\/blackseauniversity.com\/wp-content\/uploads\/2024\/03\/University-of-Economics-4-1-300x200.jpeg 300w, https:\/\/blackseauniversity.com\/wp-content\/uploads\/2024\/03\/University-of-Economics-4-1-768x512.jpeg 768w, https:\/\/blackseauniversity.com\/wp-content\/uploads\/2024\/03\/University-of-Economics-4-1.jpeg 1152w\" sizes=\"(max-width: 800px) 100vw, 800px\" \/>\t\t\t\t\t\t\t\t\t\t\t\t\t\t\t<\/div>\n\t\t\t\t<\/div>\n\t\t\t\t<div class=\"elementor-element elementor-element-9146ded elementor-widget elementor-widget-text-editor\" data-id=\"9146ded\" data-element_type=\"widget\" data-e-type=\"widget\" data-widget_type=\"text-editor.default\">\n\t\t\t\t<div class=\"elementor-widget-container\">\n\t\t\t\t\t\t\t\t\t<p>Bulgarische Universit\u00e4ten verf\u00fcgen \u00fcber mehr als 20 Jahre Erfahrung im Unterrichten internationaler Sprachen wie Englisch, Franz\u00f6sisch oder Deutsch. Einige bulgarische Universit\u00e4ten bieten Studieng\u00e4nge auf Englisch, Franz\u00f6sisch oder Deutsch an und bieten durch Partnerschaften mit Universit\u00e4ten im Ausland Doppelabschl\u00fcsse an. Einige Universit\u00e4ten bieten Programme an, die vollst\u00e4ndig auf Englisch unterrichtet werden.<br>Die Kurse sind karriereorientiert und die Vorlesungen interessensgesteuert. Der Unterricht findet in kompakten Lerngruppen statt. Au\u00dferschulische Aktivit\u00e4ten erm\u00f6glichen es den Sch\u00fclern, hilfreiche Lebenserfahrungen zu sammeln und gleichzeitig ihre Freizeit zu genie\u00dfen. Nachhilfe ist in Bulgarien eine g\u00e4ngige Praxis, die die pers\u00f6nliche und berufliche Weiterentwicklung unterst\u00fctzt.<br>Die Notenskala in bulgarischen Hochschulen basiert auf Noten von 2 bis 6. Noten unter 3 sind nicht bestandene Noten. Diese Noten werden bei der Berechnung des Notendurchschnitts (GPA) verwendet.<\/p>\t\t\t\t\t\t\t\t<\/div>\n\t\t\t\t<\/div>\n\t\t\t\t\t<\/div>\n\t\t<\/div>\n\t\t\t\t<div class=\"elementor-column elementor-col-33 elementor-top-column elementor-element elementor-element-5dce781\" data-id=\"5dce781\" data-element_type=\"column\" data-e-type=\"column\">\n\t\t\t<div class=\"elementor-widget-wrap elementor-element-populated\">\n\t\t\t\t\t\t<div class=\"elementor-element elementor-element-928f29b elementor-widget elementor-widget-text-editor\" data-id=\"928f29b\" data-element_type=\"widget\" data-e-type=\"widget\" data-widget_type=\"text-editor.default\">\n\t\t\t\t<div class=\"elementor-widget-container\">\n\t\t\t\t\t\t\t\t\t<p>Die Studiengeb\u00fchren an bulgarischen Universit\u00e4ten variieren je nach Studiengang und Unterrichtssprache, sind aber im Vergleich zu anderen europ\u00e4ischen Universit\u00e4ten sicherlich sehr g\u00fcnstig. Studierende aus dem Vereinigten K\u00f6nigreich und der EU in Bulgarien haben Anspruch auf das bulgarische Studiengeb\u00fchrendarlehen. Studierende k\u00f6nnen auch Anspruch auf Stipendien zur Deckung der Lebenshaltungskosten haben. Studierende k\u00f6nnen sich auf der gleichen Grundlage wie Heimstudierende f\u00fcr staatliche und universit\u00e4re Stipendien bewerben.<\/p><p>Bulgarien ist erschwinglich, sicher und in den akademischen Gemeinschaften der Partnerl\u00e4nder bekannt und wird immer mehr zu einem bevorzugten Ziel f\u00fcr Studenten aus der T\u00fcrkei, Griechenland, Deutschland, Italien, Gro\u00dfbritannien, Nigeria usw. Ein Studium in Bulgarien ist IHR ASS IM LOCH f\u00fcr Ihre zuk\u00fcnftige Karriere.<\/p>\t\t\t\t\t\t\t\t<\/div>\n\t\t\t\t<\/div>\n\t\t\t\t<div class=\"elementor-element elementor-element-8d9c8c6 elementor-widget elementor-widget-button\" data-id=\"8d9c8c6\" data-element_type=\"widget\" data-e-type=\"widget\" data-widget_type=\"button.default\">\n\t\t\t\t<div class=\"elementor-widget-container\">\n\t\t\t\t\t\t\t\t\t<div class=\"elementor-button-wrapper\">\n\t\t\t\t\t<a class=\"elementor-button elementor-button-link elementor-size-sm\" href=\"https:\/\/blackseauniversity.com\/de\/eintritt\/\">\n\t\t\t\t\t\t<span class=\"elementor-button-content-wrapper\">\n\t\t\t\t\t\t\t\t\t<span class=\"elementor-button-text\">Zulassungen erkunden<\/span>\n\t\t\t\t\t<\/span>\n\t\t\t\t\t<\/a>\n\t\t\t\t<\/div>\n\t\t\t\t\t\t\t\t<\/div>\n\t\t\t\t<\/div>\n\t\t\t\t\t<\/div>\n\t\t<\/div>\n\t\t\t\t\t<\/div>\n\t\t<\/section>\n\t\t<div class=\"elementor-element elementor-element-9914291 e-flex e-con-boxed e-con e-parent\" data-id=\"9914291\" data-element_type=\"container\" data-e-type=\"container\">\n\t\t\t\t\t<div class=\"e-con-inner\">\n\t\t\t\t\t<\/div>\n\t\t\t\t<\/div>\n\t\t\t\t<\/div>\n\t\t","protected":false},"excerpt":{"rendered":"<p>Studieren Sie in Bulgarien Studieren Sie in Bulgarien In den letzten Jahren hat sich Bulgarien zu einem beliebten Studienziel entwickelt, das Studenten aus der ganzen Welt eine hervorragende Bildungs- und Lebensqualit\u00e4t bietet. Bulgarien erh\u00f6ht st\u00e4ndig die Mobilit\u00e4t und baut enge Beziehungen zwischen bulgarischen Hochschuleinrichtungen und Universit\u00e4ten in ganz Europa auf, um eine Ausbildung zu bieten, [&hellip;]<\/p>\n","protected":false},"author":8,"featured_media":0,"parent":0,"menu_order":0,"comment_status":"closed","ping_status":"closed","template":"elementor_theme","meta":{"footnotes":""},"class_list":["post-3232","page","type-page","status-publish","hentry"],"yoast_head":"<!-- This site is optimized with the Yoast SEO Premium plugin v27.5 (Yoast SEO v27.5) - https:\/\/yoast.com\/product\/yoast-seo-premium-wordpress\/ -->\n<title>Studieren in Bulgarien | Studieren in Bulgarien| Bulgarisches B\u00fcro f\u00fcr Internationale Bildung<\/title>\n<meta name=\"description\" content=\"In den letzten Jahren hat sich Bulgarien zu einem beliebten Studienziel entwickelt und bietet Studenten aus aller Welt eine ausgezeichnete Qualit\u00e4t\" \/>\n<meta name=\"robots\" content=\"index, follow, max-snippet:-1, max-image-preview:large, max-video-preview:-1\" \/>\n<link rel=\"canonical\" href=\"https:\/\/blackseauniversity.com\/de\/studieren-in-bulgarien\/\" \/>\n<meta property=\"og:locale\" content=\"de_DE\" \/>\n<meta property=\"og:type\" content=\"article\" \/>\n<meta property=\"og:title\" content=\"Studieren in Bulgarien | Studieren in Bulgarien| Bulgarisches B\u00fcro f\u00fcr Internationale Bildung\" \/>\n<meta property=\"og:description\" content=\"In den letzten Jahren hat sich Bulgarien zu einem beliebten Studienziel entwickelt und bietet Studenten aus aller Welt eine ausgezeichnete Qualit\u00e4t\" \/>\n<meta property=\"og:url\" content=\"https:\/\/blackseauniversity.com\/de\/studieren-in-bulgarien\/\" \/>\n<meta property=\"og:site_name\" content=\"Studieren in Bulgarien| Bulgarisches B\u00fcro f\u00fcr Internationale Bildung\" \/>\n<meta property=\"article:publisher\" content=\"https:\/\/www.facebook.com\/VarnaDenizcilikUniversitesi\" \/>\n<meta property=\"article:modified_time\" content=\"2025-07-31T14:05:06+00:00\" \/>\n<meta property=\"og:image\" content=\"https:\/\/blackseauniversity.com\/wp-content\/uploads\/2024\/03\/University-of-Economics-4-1.jpeg\" \/>\n\t<meta property=\"og:image:width\" content=\"1152\" \/>\n\t<meta property=\"og:image:height\" content=\"768\" \/>\n\t<meta property=\"og:image:type\" content=\"image\/jpeg\" \/>\n<meta name=\"twitter:card\" content=\"summary_large_image\" \/>\n<meta name=\"twitter:label1\" content=\"Gesch\u00e4tzte Lesezeit\" \/>\n\t<meta name=\"twitter:data1\" content=\"3\u00a0Minuten\" \/>\n<script type=\"application\/ld+json\" class=\"yoast-schema-graph\">{\"@context\":\"https:\\\/\\\/schema.org\",\"@graph\":[{\"@type\":\"WebPage\",\"@id\":\"https:\\\/\\\/blackseauniversity.com\\\/de\\\/studieren-in-bulgarien\\\/\",\"url\":\"https:\\\/\\\/blackseauniversity.com\\\/de\\\/studieren-in-bulgarien\\\/\",\"name\":\"Studieren in Bulgarien | Studieren in Bulgarien| Bulgarisches B\u00fcro f\u00fcr Internationale Bildung\",\"isPartOf\":{\"@id\":\"https:\\\/\\\/blackseauniversity.com\\\/de\\\/#website\"},\"primaryImageOfPage\":{\"@id\":\"https:\\\/\\\/blackseauniversity.com\\\/de\\\/studieren-in-bulgarien\\\/#primaryimage\"},\"image\":{\"@id\":\"https:\\\/\\\/blackseauniversity.com\\\/de\\\/studieren-in-bulgarien\\\/#primaryimage\"},\"thumbnailUrl\":\"https:\\\/\\\/blackseauniversity.com\\\/wp-content\\\/uploads\\\/2024\\\/03\\\/University-of-Economics-4-1-1024x683.jpeg\",\"datePublished\":\"2023-11-22T18:52:44+00:00\",\"dateModified\":\"2025-07-31T14:05:06+00:00\",\"description\":\"In den letzten Jahren hat sich Bulgarien zu einem beliebten Studienziel entwickelt und bietet Studenten aus aller Welt eine ausgezeichnete Qualit\u00e4t\",\"inLanguage\":\"de\",\"potentialAction\":[{\"@type\":\"ReadAction\",\"target\":[\"https:\\\/\\\/blackseauniversity.com\\\/de\\\/studieren-in-bulgarien\\\/\"]}]},{\"@type\":\"ImageObject\",\"inLanguage\":\"de\",\"@id\":\"https:\\\/\\\/blackseauniversity.com\\\/de\\\/studieren-in-bulgarien\\\/#primaryimage\",\"url\":\"https:\\\/\\\/blackseauniversity.com\\\/wp-content\\\/uploads\\\/2024\\\/03\\\/University-of-Economics-4-1-1024x683.jpeg\",\"contentUrl\":\"https:\\\/\\\/blackseauniversity.com\\\/wp-content\\\/uploads\\\/2024\\\/03\\\/University-of-Economics-4-1-1024x683.jpeg\"},{\"@type\":\"WebSite\",\"@id\":\"https:\\\/\\\/blackseauniversity.com\\\/de\\\/#website\",\"url\":\"https:\\\/\\\/blackseauniversity.com\\\/de\\\/\",\"name\":\"Study in Bulgaria | Black Sea University | Bulgaria\",\"description\":\"Black Sea University | Bulgaria\",\"publisher\":{\"@id\":\"https:\\\/\\\/blackseauniversity.com\\\/de\\\/#organization\"},\"alternateName\":\"Study In Europe | Black Sea University | Bulgaria\",\"potentialAction\":[{\"@type\":\"SearchAction\",\"target\":{\"@type\":\"EntryPoint\",\"urlTemplate\":\"https:\\\/\\\/blackseauniversity.com\\\/de\\\/?s={search_term_string}\"},\"query-input\":{\"@type\":\"PropertyValueSpecification\",\"valueRequired\":true,\"valueName\":\"search_term_string\"}}],\"inLanguage\":\"de\"},{\"@type\":\"Organization\",\"@id\":\"https:\\\/\\\/blackseauniversity.com\\\/de\\\/#organization\",\"name\":\"Study in Bulgaria | Black Sea University | Bulgaria\",\"alternateName\":\"Study In Europe\",\"url\":\"https:\\\/\\\/blackseauniversity.com\\\/de\\\/\",\"logo\":{\"@type\":\"ImageObject\",\"inLanguage\":\"de\",\"@id\":\"https:\\\/\\\/blackseauniversity.com\\\/de\\\/#\\\/schema\\\/logo\\\/image\\\/\",\"url\":\"https:\\\/\\\/blackseauniversity.com\\\/wp-content\\\/uploads\\\/2024\\\/01\\\/logo-1.png\",\"contentUrl\":\"https:\\\/\\\/blackseauniversity.com\\\/wp-content\\\/uploads\\\/2024\\\/01\\\/logo-1.png\",\"width\":160,\"height\":60,\"caption\":\"Study in Bulgaria | Black Sea University | Bulgaria\"},\"image\":{\"@id\":\"https:\\\/\\\/blackseauniversity.com\\\/de\\\/#\\\/schema\\\/logo\\\/image\\\/\"},\"sameAs\":[\"https:\\\/\\\/www.facebook.com\\\/VarnaDenizcilikUniversitesi\",\"https:\\\/\\\/www.instagram.com\\\/black_sea_university\\\/\",\"https:\\\/\\\/t.me\\\/StudyBulgaria\"],\"description\":\"Schwarzmeer-Universit\u00e4t\",\"publishingPrinciples\":\"https:\\\/\\\/blackseauniversity.com\\\/\",\"ownershipFundingInfo\":\"https:\\\/\\\/blackseauniversity.com\\\/study-in-bulgaria\\\/\",\"actionableFeedbackPolicy\":\"https:\\\/\\\/blackseauniversity.com\\\/\",\"correctionsPolicy\":\"https:\\\/\\\/blackseauniversity.com\\\/\"}]}<\/script>\n<!-- \/ Yoast SEO Premium plugin. -->","yoast_head_json":{"title":"Studieren in Bulgarien | Studieren in Bulgarien| Bulgarisches B\u00fcro f\u00fcr Internationale Bildung","description":"In den letzten Jahren hat sich Bulgarien zu einem beliebten Studienziel entwickelt und bietet Studenten aus aller Welt eine ausgezeichnete Qualit\u00e4t","robots":{"index":"index","follow":"follow","max-snippet":"max-snippet:-1","max-image-preview":"max-image-preview:large","max-video-preview":"max-video-preview:-1"},"canonical":"https:\/\/blackseauniversity.com\/de\/studieren-in-bulgarien\/","og_locale":"de_DE","og_type":"article","og_title":"Studieren in Bulgarien | Studieren in Bulgarien| Bulgarisches B\u00fcro f\u00fcr Internationale Bildung","og_description":"In den letzten Jahren hat sich Bulgarien zu einem beliebten Studienziel entwickelt und bietet Studenten aus aller Welt eine ausgezeichnete Qualit\u00e4t","og_url":"https:\/\/blackseauniversity.com\/de\/studieren-in-bulgarien\/","og_site_name":"Studieren in Bulgarien| Bulgarisches B\u00fcro f\u00fcr Internationale Bildung","article_publisher":"https:\/\/www.facebook.com\/VarnaDenizcilikUniversitesi","article_modified_time":"2025-07-31T14:05:06+00:00","og_image":[{"width":1152,"height":768,"url":"https:\/\/blackseauniversity.com\/wp-content\/uploads\/2024\/03\/University-of-Economics-4-1.jpeg","type":"image\/jpeg"}],"twitter_card":"summary_large_image","twitter_misc":{"Gesch\u00e4tzte Lesezeit":"3\u00a0Minuten"},"schema":{"@context":"https:\/\/schema.org","@graph":[{"@type":"WebPage","@id":"https:\/\/blackseauniversity.com\/de\/studieren-in-bulgarien\/","url":"https:\/\/blackseauniversity.com\/de\/studieren-in-bulgarien\/","name":"Studieren in Bulgarien | Studieren in Bulgarien| Bulgarisches B\u00fcro f\u00fcr Internationale Bildung","isPartOf":{"@id":"https:\/\/blackseauniversity.com\/de\/#website"},"primaryImageOfPage":{"@id":"https:\/\/blackseauniversity.com\/de\/studieren-in-bulgarien\/#primaryimage"},"image":{"@id":"https:\/\/blackseauniversity.com\/de\/studieren-in-bulgarien\/#primaryimage"},"thumbnailUrl":"https:\/\/blackseauniversity.com\/wp-content\/uploads\/2024\/03\/University-of-Economics-4-1-1024x683.jpeg","datePublished":"2023-11-22T18:52:44+00:00","dateModified":"2025-07-31T14:05:06+00:00","description":"In den letzten Jahren hat sich Bulgarien zu einem beliebten Studienziel entwickelt und bietet Studenten aus aller Welt eine ausgezeichnete Qualit\u00e4t","inLanguage":"de","potentialAction":[{"@type":"ReadAction","target":["https:\/\/blackseauniversity.com\/de\/studieren-in-bulgarien\/"]}]},{"@type":"ImageObject","inLanguage":"de","@id":"https:\/\/blackseauniversity.com\/de\/studieren-in-bulgarien\/#primaryimage","url":"https:\/\/blackseauniversity.com\/wp-content\/uploads\/2024\/03\/University-of-Economics-4-1-1024x683.jpeg","contentUrl":"https:\/\/blackseauniversity.com\/wp-content\/uploads\/2024\/03\/University-of-Economics-4-1-1024x683.jpeg"},{"@type":"WebSite","@id":"https:\/\/blackseauniversity.com\/de\/#website","url":"https:\/\/blackseauniversity.com\/de\/","name":"Study in Bulgaria | Black Sea University | Bulgaria","description":"Black Sea University | Bulgaria","publisher":{"@id":"https:\/\/blackseauniversity.com\/de\/#organization"},"alternateName":"Study In Europe | Black Sea University | Bulgaria","potentialAction":[{"@type":"SearchAction","target":{"@type":"EntryPoint","urlTemplate":"https:\/\/blackseauniversity.com\/de\/?s={search_term_string}"},"query-input":{"@type":"PropertyValueSpecification","valueRequired":true,"valueName":"search_term_string"}}],"inLanguage":"de"},{"@type":"Organization","@id":"https:\/\/blackseauniversity.com\/de\/#organization","name":"Study in Bulgaria | Black Sea University | Bulgaria","alternateName":"Study In Europe","url":"https:\/\/blackseauniversity.com\/de\/","logo":{"@type":"ImageObject","inLanguage":"de","@id":"https:\/\/blackseauniversity.com\/de\/#\/schema\/logo\/image\/","url":"https:\/\/blackseauniversity.com\/wp-content\/uploads\/2024\/01\/logo-1.png","contentUrl":"https:\/\/blackseauniversity.com\/wp-content\/uploads\/2024\/01\/logo-1.png","width":160,"height":60,"caption":"Study in Bulgaria | Black Sea University | Bulgaria"},"image":{"@id":"https:\/\/blackseauniversity.com\/de\/#\/schema\/logo\/image\/"},"sameAs":["https:\/\/www.facebook.com\/VarnaDenizcilikUniversitesi","https:\/\/www.instagram.com\/black_sea_university\/","https:\/\/t.me\/StudyBulgaria"],"description":"Schwarzmeer-Universit\u00e4t","publishingPrinciples":"https:\/\/blackseauniversity.com\/","ownershipFundingInfo":"https:\/\/blackseauniversity.com\/study-in-bulgaria\/","actionableFeedbackPolicy":"https:\/\/blackseauniversity.com\/","correctionsPolicy":"https:\/\/blackseauniversity.com\/"}]}},"_links":{"self":[{"href":"https:\/\/blackseauniversity.com\/de\/wp-json\/wp\/v2\/pages\/3232","targetHints":{"allow":["GET"]}}],"collection":[{"href":"https:\/\/blackseauniversity.com\/de\/wp-json\/wp\/v2\/pages"}],"about":[{"href":"https:\/\/blackseauniversity.com\/de\/wp-json\/wp\/v2\/types\/page"}],"author":[{"embeddable":true,"href":"https:\/\/blackseauniversity.com\/de\/wp-json\/wp\/v2\/users\/8"}],"replies":[{"embeddable":true,"href":"https:\/\/blackseauniversity.com\/de\/wp-json\/wp\/v2\/comments?post=3232"}],"version-history":[{"count":7,"href":"https:\/\/blackseauniversity.com\/de\/wp-json\/wp\/v2\/pages\/3232\/revisions"}],"predecessor-version":[{"id":7586,"href":"https:\/\/blackseauniversity.com\/de\/wp-json\/wp\/v2\/pages\/3232\/revisions\/7586"}],"wp:attachment":[{"href":"https:\/\/blackseauniversity.com\/de\/wp-json\/wp\/v2\/media?parent=3232"}],"curies":[{"name":"wp","href":"https:\/\/api.w.org\/{rel}","templated":true}]}}