{"id":3257,"date":"2023-11-22T20:05:38","date_gmt":"2023-11-22T20:05:38","guid":{"rendered":"https:\/\/blackseauniversity.com\/studieren-in-varna\/"},"modified":"2025-07-31T12:14:56","modified_gmt":"2025-07-31T12:14:56","slug":"studieren-in-varna","status":"publish","type":"page","link":"https:\/\/blackseauniversity.com\/de\/studieren-in-varna\/","title":{"rendered":"Studieren in Varna"},"content":{"rendered":"\t\t<div data-elementor-type=\"wp-page\" data-elementor-id=\"3257\" class=\"elementor elementor-3257 elementor-294\">\n\t\t\t\t\t\t<section class=\"elementor-section elementor-top-section elementor-element elementor-element-55146dac elementor-section-content-middle elementor-section-boxed elementor-section-height-default elementor-section-height-default\" data-id=\"55146dac\" data-element_type=\"section\" data-e-type=\"section\" data-settings=\"{&quot;background_background&quot;:&quot;classic&quot;}\">\n\t\t\t\t\t\t\t<div class=\"elementor-background-overlay\"><\/div>\n\t\t\t\t\t\t\t<div class=\"elementor-container elementor-column-gap-default\">\n\t\t\t\t\t<div class=\"elementor-column elementor-col-50 elementor-top-column elementor-element elementor-element-12d905a2\" data-id=\"12d905a2\" data-element_type=\"column\" data-e-type=\"column\" data-settings=\"{&quot;background_background&quot;:&quot;classic&quot;}\">\n\t\t\t<div class=\"elementor-widget-wrap elementor-element-populated\">\n\t\t\t\t\t\t<div class=\"elementor-element elementor-element-283a5a56 elementor-widget elementor-widget-heading\" data-id=\"283a5a56\" data-element_type=\"widget\" data-e-type=\"widget\" data-widget_type=\"heading.default\">\n\t\t\t\t<div class=\"elementor-widget-container\">\n\t\t\t\t\t<h2 class=\"elementor-heading-title elementor-size-default\">Studieren Sie in<\/h2>\t\t\t\t<\/div>\n\t\t\t\t<\/div>\n\t\t\t\t<div class=\"elementor-element elementor-element-2a3225e elementor-widget elementor-widget-heading\" data-id=\"2a3225e\" data-element_type=\"widget\" data-e-type=\"widget\" data-widget_type=\"heading.default\">\n\t\t\t\t<div class=\"elementor-widget-container\">\n\t\t\t\t\t<h2 class=\"elementor-heading-title elementor-size-default\">Varna<\/h2>\t\t\t\t<\/div>\n\t\t\t\t<\/div>\n\t\t\t\t\t<\/div>\n\t\t<\/div>\n\t\t\t\t<div class=\"elementor-column elementor-col-50 elementor-top-column elementor-element elementor-element-2d8f7fdb elementor-hidden-tablet elementor-hidden-phone\" data-id=\"2d8f7fdb\" data-element_type=\"column\" data-e-type=\"column\">\n\t\t\t<div class=\"elementor-widget-wrap\">\n\t\t\t\t\t\t\t<\/div>\n\t\t<\/div>\n\t\t\t\t\t<\/div>\n\t\t<\/section>\n\t\t\t\t<section class=\"elementor-section elementor-top-section elementor-element elementor-element-32f5c8c elementor-section-boxed elementor-section-height-default elementor-section-height-default\" data-id=\"32f5c8c\" data-element_type=\"section\" data-e-type=\"section\">\n\t\t\t\t\t\t<div class=\"elementor-container elementor-column-gap-default\">\n\t\t\t\t\t<div class=\"elementor-column elementor-col-100 elementor-top-column elementor-element elementor-element-0cd53ba\" data-id=\"0cd53ba\" data-element_type=\"column\" data-e-type=\"column\">\n\t\t\t<div class=\"elementor-widget-wrap elementor-element-populated\">\n\t\t\t\t\t\t<div class=\"elementor-element elementor-element-3ad19dd elementor-widget elementor-widget-heading\" data-id=\"3ad19dd\" data-element_type=\"widget\" data-e-type=\"widget\" data-widget_type=\"heading.default\">\n\t\t\t\t<div class=\"elementor-widget-container\">\n\t\t\t\t\t<h2 class=\"elementor-heading-title elementor-size-default\">Studieren in Varna<\/h2>\t\t\t\t<\/div>\n\t\t\t\t<\/div>\n\t\t\t\t<div class=\"elementor-element elementor-element-6a31050 elementor-widget elementor-widget-text-editor\" data-id=\"6a31050\" data-element_type=\"widget\" data-e-type=\"widget\" data-widget_type=\"text-editor.default\">\n\t\t\t\t<div class=\"elementor-widget-container\">\n\t\t\t\t\t\t\t\t\t<p>Varna ist die drittgr\u00f6\u00dfte Stadt im Nordosten Bulgariens mit gesch\u00e4tzten 334.870 Einwohnern. Es liegt auf den friedlichen Wiesen, 370 km von Sofia, der Hauptstadt des Landes, entfernt, umgeben vom Varna-See und zwei k\u00fcnstlichen Wasserstra\u00dfen, die es mit der Bucht des Schwarzen Meeres verbinden. Aus diesem Grund ist Varna als &#8222;Seehauptstadt Bulgariens&#8220; bekannt, da es sich um die gr\u00f6\u00dfte Stadt an der bulgarischen K\u00fcste handelt, die ein beliebtes Touristenziel und ein Zentrum der Gesch\u00e4ftst\u00e4tigkeit darstellt. Sie ist das Verwaltungszentrum der gleichnamigen Provinz und der Gemeinde Varna und nach Istanbul, Athen, Bukarest, Belgrad, Sofia, Thessaloniki, Zagreb, Skopje, Tirana und Plovdiv die elftgr\u00f6\u00dfte Stadt auf dem Balkan. Dar\u00fcber hinaus beherbergt es das sogenannte &#8222;bulgarische Las Vegas&#8220; oder &#8222;Goldstrand&#8220; sowie ein Gesch\u00e4fts- und Universit\u00e4tszentrum, einen Seehafen und das Hauptquartier der bulgarischen Marine.<\/p>\t\t\t\t\t\t\t\t<\/div>\n\t\t\t\t<\/div>\n\t\t\t\t<div class=\"elementor-element elementor-element-2a8711b elementor-widget elementor-widget-text-editor\" data-id=\"2a8711b\" data-element_type=\"widget\" data-e-type=\"widget\" data-widget_type=\"text-editor.default\">\n\t\t\t\t<div class=\"elementor-widget-container\">\n\t\t\t\t\t\t\t\t\t<p>Antike, Mittelalter, Renaissance und moderne Kulturen vermischen sich und koexistieren in der ganzen Stadt. Varna ist das Zentrum des aktiven kulturellen Lebens, das vor allem im Sommer die Aufmerksamkeit nicht nur des ganzen Landes, sondern auch der Kulturkreise in Europa auf sich zieht. Das internationale Musikfestival Varna Summer, das 1967 zum ersten Mal stattfand, zieht seither ber\u00fchmte Musikensembles an: das Bolschoi-Theater, die Opernh\u00e4user von Bologna, Bukarest, Kiew, Odessa; Orchester aus Moskau, Leningrad und Warschau.<br>Die meisten internationalen Studenten, die in Varna studieren, kommen aus Gro\u00dfbritannien, Deutschland, Griechenland, Italien, Israel, der T\u00fcrkei, Indien, China, Nigeria und vielen mehr. Sie werden von einer qualitativ hochwertigen Ausbildung, einem weltweit anerkannten Abschluss, einer gro\u00dfen Auswahl an Studienm\u00f6glichkeiten (englische, franz\u00f6sische, deutsche und bulgarische Programme, viele Studienrichtungen, Anrechnung von Studienleistungen usw.), sehr g\u00fcnstigen Studiengeb\u00fchren und Lebenshaltungskosten sowie einem sicheren und freundlichen Lebensumfeld angezogen.<\/p>\t\t\t\t\t\t\t\t<\/div>\n\t\t\t\t<\/div>\n\t\t\t\t<section class=\"elementor-section elementor-inner-section elementor-element elementor-element-cfb2888 elementor-section-boxed elementor-section-height-default elementor-section-height-default\" data-id=\"cfb2888\" data-element_type=\"section\" data-e-type=\"section\">\n\t\t\t\t\t\t<div class=\"elementor-container elementor-column-gap-default\">\n\t\t\t\t\t<div class=\"elementor-column elementor-col-50 elementor-inner-column elementor-element elementor-element-3038d32 elementor-invisible\" data-id=\"3038d32\" data-element_type=\"column\" data-e-type=\"column\" data-settings=\"{&quot;background_background&quot;:&quot;classic&quot;,&quot;animation&quot;:&quot;bounceInLeft&quot;}\">\n\t\t\t<div class=\"elementor-widget-wrap elementor-element-populated\">\n\t\t\t\t\t\t<div class=\"elementor-element elementor-element-67b67b3 elementor-widget elementor-widget-spacer\" data-id=\"67b67b3\" data-element_type=\"widget\" data-e-type=\"widget\" data-widget_type=\"spacer.default\">\n\t\t\t\t<div class=\"elementor-widget-container\">\n\t\t\t\t\t\t\t<div class=\"elementor-spacer\">\n\t\t\t<div class=\"elementor-spacer-inner\"><\/div>\n\t\t<\/div>\n\t\t\t\t\t\t<\/div>\n\t\t\t\t<\/div>\n\t\t\t\t\t<\/div>\n\t\t<\/div>\n\t\t\t\t<div class=\"elementor-column elementor-col-50 elementor-inner-column elementor-element elementor-element-348b2ec\" data-id=\"348b2ec\" data-element_type=\"column\" data-e-type=\"column\">\n\t\t\t<div class=\"elementor-widget-wrap elementor-element-populated\">\n\t\t\t\t\t\t<div class=\"elementor-element elementor-element-dcc9b5f elementor-widget elementor-widget-text-editor\" data-id=\"dcc9b5f\" data-element_type=\"widget\" data-e-type=\"widget\" data-widget_type=\"text-editor.default\">\n\t\t\t\t<div class=\"elementor-widget-container\">\n\t\t\t\t\t\t\t\t\t<p>Ein gro\u00dfer Vorteil f\u00fcr die Studenten ist, dass sie die M\u00f6glichkeit haben, das Meer und das Nachtleben in Varna zu genie\u00dfen. Im Sommer in Varna zu sein, kann ein gro\u00dfartiges Erlebnis sein, da sich in dieser Zeit alle Clubs der Stadt entlang des Strandes &#8222;bewegen&#8220; und Sie alle in einer Reihe antreffen k\u00f6nnen, was Sie dazu verleitet, einen Ausflug zu machen, um sie alle zu sehen. Stellen Sie sich vor, Sie tanzen in einer Open-Air-Disco am Strand, die Wellen rollen in der N\u00e4he mit einer erfrischenden Meeresbrise, w\u00e4hrend Sie tanzen&#8230;<\/p><p>Kommen Sie vorbei und sehen Sie, warum sich so viele Menschen in Varna verlieben! Wir versichern Ihnen, dass dies der richtige Schritt in Ihre Karriere ist und wichtige Lebenserfahrung sammelt!<\/p>\t\t\t\t\t\t\t\t<\/div>\n\t\t\t\t<\/div>\n\t\t\t\t\t<\/div>\n\t\t<\/div>\n\t\t\t\t\t<\/div>\n\t\t<\/section>\n\t\t\t\t\t<\/div>\n\t\t<\/div>\n\t\t\t\t\t<\/div>\n\t\t<\/section>\n\t\t\t\t<\/div>\n\t\t","protected":false},"excerpt":{"rendered":"<p>Studieren Sie in Varna Studieren in Varna Varna ist die drittgr\u00f6\u00dfte Stadt im Nordosten Bulgariens mit gesch\u00e4tzten 334.870 Einwohnern. Es liegt auf den friedlichen Wiesen, 370 km von Sofia, der Hauptstadt des Landes, entfernt, umgeben vom Varna-See und zwei k\u00fcnstlichen Wasserstra\u00dfen, die es mit der Bucht des Schwarzen Meeres verbinden. Aus diesem Grund ist Varna [&hellip;]<\/p>\n","protected":false},"author":8,"featured_media":0,"parent":0,"menu_order":0,"comment_status":"closed","ping_status":"closed","template":"elementor_theme","meta":{"footnotes":""},"class_list":["post-3257","page","type-page","status-publish","hentry"],"yoast_head":"<!-- This site is optimized with the Yoast SEO Premium plugin v27.5 (Yoast SEO v27.5) - https:\/\/yoast.com\/product\/yoast-seo-premium-wordpress\/ -->\n<title>Studieren in Varna | Studieren in Bulgarien| Bulgarisches B\u00fcro f\u00fcr Internationale Bildung<\/title>\n<meta name=\"robots\" content=\"index, follow, max-snippet:-1, max-image-preview:large, max-video-preview:-1\" \/>\n<link rel=\"canonical\" href=\"https:\/\/blackseauniversity.com\/de\/studieren-in-varna\/\" \/>\n<meta property=\"og:locale\" content=\"de_DE\" \/>\n<meta property=\"og:type\" content=\"article\" \/>\n<meta property=\"og:title\" content=\"Studieren in Varna | Studieren in Bulgarien| Bulgarisches B\u00fcro f\u00fcr Internationale Bildung\" \/>\n<meta property=\"og:description\" content=\"Studieren Sie in Varna Studieren in Varna Varna ist die drittgr\u00f6\u00dfte Stadt im Nordosten Bulgariens mit gesch\u00e4tzten 334.870 Einwohnern. Es liegt auf den friedlichen Wiesen, 370 km von Sofia, der Hauptstadt des Landes, entfernt, umgeben vom Varna-See und zwei k\u00fcnstlichen Wasserstra\u00dfen, die es mit der Bucht des Schwarzen Meeres verbinden. Aus diesem Grund ist Varna [&hellip;]\" \/>\n<meta property=\"og:url\" content=\"https:\/\/blackseauniversity.com\/de\/studieren-in-varna\/\" \/>\n<meta property=\"og:site_name\" content=\"Studieren in Bulgarien| Bulgarisches B\u00fcro f\u00fcr Internationale Bildung\" \/>\n<meta property=\"article:publisher\" content=\"https:\/\/www.facebook.com\/VarnaDenizcilikUniversitesi\" \/>\n<meta property=\"article:modified_time\" content=\"2025-07-31T12:14:56+00:00\" \/>\n<meta property=\"og:image\" content=\"https:\/\/blackseauniversity.com\/wp-content\/uploads\/2024\/03\/Varna-Free-University-4.jpeg\" \/>\n\t<meta property=\"og:image:width\" content=\"1600\" \/>\n\t<meta property=\"og:image:height\" content=\"1066\" \/>\n\t<meta property=\"og:image:type\" content=\"image\/jpeg\" \/>\n<meta name=\"twitter:card\" content=\"summary_large_image\" \/>\n<meta name=\"twitter:label1\" content=\"Gesch\u00e4tzte Lesezeit\" \/>\n\t<meta name=\"twitter:data1\" content=\"3\u00a0Minuten\" \/>\n<script type=\"application\/ld+json\" class=\"yoast-schema-graph\">{\"@context\":\"https:\\\/\\\/schema.org\",\"@graph\":[{\"@type\":\"WebPage\",\"@id\":\"https:\\\/\\\/blackseauniversity.com\\\/de\\\/studieren-in-varna\\\/\",\"url\":\"https:\\\/\\\/blackseauniversity.com\\\/de\\\/studieren-in-varna\\\/\",\"name\":\"Studieren in Varna | Studieren in Bulgarien| Bulgarisches B\u00fcro f\u00fcr Internationale Bildung\",\"isPartOf\":{\"@id\":\"https:\\\/\\\/blackseauniversity.com\\\/de\\\/#website\"},\"datePublished\":\"2023-11-22T20:05:38+00:00\",\"dateModified\":\"2025-07-31T12:14:56+00:00\",\"inLanguage\":\"de\",\"potentialAction\":[{\"@type\":\"ReadAction\",\"target\":[\"https:\\\/\\\/blackseauniversity.com\\\/de\\\/studieren-in-varna\\\/\"]}]},{\"@type\":\"WebSite\",\"@id\":\"https:\\\/\\\/blackseauniversity.com\\\/de\\\/#website\",\"url\":\"https:\\\/\\\/blackseauniversity.com\\\/de\\\/\",\"name\":\"Study in Bulgaria | Black Sea University | Bulgaria\",\"description\":\"Black Sea University | Bulgaria\",\"publisher\":{\"@id\":\"https:\\\/\\\/blackseauniversity.com\\\/de\\\/#organization\"},\"alternateName\":\"Study In Europe | Black Sea University | Bulgaria\",\"potentialAction\":[{\"@type\":\"SearchAction\",\"target\":{\"@type\":\"EntryPoint\",\"urlTemplate\":\"https:\\\/\\\/blackseauniversity.com\\\/de\\\/?s={search_term_string}\"},\"query-input\":{\"@type\":\"PropertyValueSpecification\",\"valueRequired\":true,\"valueName\":\"search_term_string\"}}],\"inLanguage\":\"de\"},{\"@type\":\"Organization\",\"@id\":\"https:\\\/\\\/blackseauniversity.com\\\/de\\\/#organization\",\"name\":\"Study in Bulgaria | Black Sea University | Bulgaria\",\"alternateName\":\"Study In Europe\",\"url\":\"https:\\\/\\\/blackseauniversity.com\\\/de\\\/\",\"logo\":{\"@type\":\"ImageObject\",\"inLanguage\":\"de\",\"@id\":\"https:\\\/\\\/blackseauniversity.com\\\/de\\\/#\\\/schema\\\/logo\\\/image\\\/\",\"url\":\"https:\\\/\\\/blackseauniversity.com\\\/wp-content\\\/uploads\\\/2024\\\/01\\\/logo-1.png\",\"contentUrl\":\"https:\\\/\\\/blackseauniversity.com\\\/wp-content\\\/uploads\\\/2024\\\/01\\\/logo-1.png\",\"width\":160,\"height\":60,\"caption\":\"Study in Bulgaria | Black Sea University | Bulgaria\"},\"image\":{\"@id\":\"https:\\\/\\\/blackseauniversity.com\\\/de\\\/#\\\/schema\\\/logo\\\/image\\\/\"},\"sameAs\":[\"https:\\\/\\\/www.facebook.com\\\/VarnaDenizcilikUniversitesi\",\"https:\\\/\\\/www.instagram.com\\\/black_sea_university\\\/\",\"https:\\\/\\\/t.me\\\/StudyBulgaria\"],\"description\":\"Schwarzmeer-Universit\u00e4t\",\"publishingPrinciples\":\"https:\\\/\\\/blackseauniversity.com\\\/\",\"ownershipFundingInfo\":\"https:\\\/\\\/blackseauniversity.com\\\/study-in-bulgaria\\\/\",\"actionableFeedbackPolicy\":\"https:\\\/\\\/blackseauniversity.com\\\/\",\"correctionsPolicy\":\"https:\\\/\\\/blackseauniversity.com\\\/\"}]}<\/script>\n<!-- \/ Yoast SEO Premium plugin. -->","yoast_head_json":{"title":"Studieren in Varna | Studieren in Bulgarien| Bulgarisches B\u00fcro f\u00fcr Internationale Bildung","robots":{"index":"index","follow":"follow","max-snippet":"max-snippet:-1","max-image-preview":"max-image-preview:large","max-video-preview":"max-video-preview:-1"},"canonical":"https:\/\/blackseauniversity.com\/de\/studieren-in-varna\/","og_locale":"de_DE","og_type":"article","og_title":"Studieren in Varna | Studieren in Bulgarien| Bulgarisches B\u00fcro f\u00fcr Internationale Bildung","og_description":"Studieren Sie in Varna Studieren in Varna Varna ist die drittgr\u00f6\u00dfte Stadt im Nordosten Bulgariens mit gesch\u00e4tzten 334.870 Einwohnern. Es liegt auf den friedlichen Wiesen, 370 km von Sofia, der Hauptstadt des Landes, entfernt, umgeben vom Varna-See und zwei k\u00fcnstlichen Wasserstra\u00dfen, die es mit der Bucht des Schwarzen Meeres verbinden. Aus diesem Grund ist Varna [&hellip;]","og_url":"https:\/\/blackseauniversity.com\/de\/studieren-in-varna\/","og_site_name":"Studieren in Bulgarien| Bulgarisches B\u00fcro f\u00fcr Internationale Bildung","article_publisher":"https:\/\/www.facebook.com\/VarnaDenizcilikUniversitesi","article_modified_time":"2025-07-31T12:14:56+00:00","og_image":[{"width":1600,"height":1066,"url":"https:\/\/blackseauniversity.com\/wp-content\/uploads\/2024\/03\/Varna-Free-University-4.jpeg","type":"image\/jpeg"}],"twitter_card":"summary_large_image","twitter_misc":{"Gesch\u00e4tzte Lesezeit":"3\u00a0Minuten"},"schema":{"@context":"https:\/\/schema.org","@graph":[{"@type":"WebPage","@id":"https:\/\/blackseauniversity.com\/de\/studieren-in-varna\/","url":"https:\/\/blackseauniversity.com\/de\/studieren-in-varna\/","name":"Studieren in Varna | Studieren in Bulgarien| Bulgarisches B\u00fcro f\u00fcr Internationale Bildung","isPartOf":{"@id":"https:\/\/blackseauniversity.com\/de\/#website"},"datePublished":"2023-11-22T20:05:38+00:00","dateModified":"2025-07-31T12:14:56+00:00","inLanguage":"de","potentialAction":[{"@type":"ReadAction","target":["https:\/\/blackseauniversity.com\/de\/studieren-in-varna\/"]}]},{"@type":"WebSite","@id":"https:\/\/blackseauniversity.com\/de\/#website","url":"https:\/\/blackseauniversity.com\/de\/","name":"Study in Bulgaria | Black Sea University | Bulgaria","description":"Black Sea University | Bulgaria","publisher":{"@id":"https:\/\/blackseauniversity.com\/de\/#organization"},"alternateName":"Study In Europe | Black Sea University | Bulgaria","potentialAction":[{"@type":"SearchAction","target":{"@type":"EntryPoint","urlTemplate":"https:\/\/blackseauniversity.com\/de\/?s={search_term_string}"},"query-input":{"@type":"PropertyValueSpecification","valueRequired":true,"valueName":"search_term_string"}}],"inLanguage":"de"},{"@type":"Organization","@id":"https:\/\/blackseauniversity.com\/de\/#organization","name":"Study in Bulgaria | Black Sea University | Bulgaria","alternateName":"Study In Europe","url":"https:\/\/blackseauniversity.com\/de\/","logo":{"@type":"ImageObject","inLanguage":"de","@id":"https:\/\/blackseauniversity.com\/de\/#\/schema\/logo\/image\/","url":"https:\/\/blackseauniversity.com\/wp-content\/uploads\/2024\/01\/logo-1.png","contentUrl":"https:\/\/blackseauniversity.com\/wp-content\/uploads\/2024\/01\/logo-1.png","width":160,"height":60,"caption":"Study in Bulgaria | Black Sea University | Bulgaria"},"image":{"@id":"https:\/\/blackseauniversity.com\/de\/#\/schema\/logo\/image\/"},"sameAs":["https:\/\/www.facebook.com\/VarnaDenizcilikUniversitesi","https:\/\/www.instagram.com\/black_sea_university\/","https:\/\/t.me\/StudyBulgaria"],"description":"Schwarzmeer-Universit\u00e4t","publishingPrinciples":"https:\/\/blackseauniversity.com\/","ownershipFundingInfo":"https:\/\/blackseauniversity.com\/study-in-bulgaria\/","actionableFeedbackPolicy":"https:\/\/blackseauniversity.com\/","correctionsPolicy":"https:\/\/blackseauniversity.com\/"}]}},"_links":{"self":[{"href":"https:\/\/blackseauniversity.com\/de\/wp-json\/wp\/v2\/pages\/3257","targetHints":{"allow":["GET"]}}],"collection":[{"href":"https:\/\/blackseauniversity.com\/de\/wp-json\/wp\/v2\/pages"}],"about":[{"href":"https:\/\/blackseauniversity.com\/de\/wp-json\/wp\/v2\/types\/page"}],"author":[{"embeddable":true,"href":"https:\/\/blackseauniversity.com\/de\/wp-json\/wp\/v2\/users\/8"}],"replies":[{"embeddable":true,"href":"https:\/\/blackseauniversity.com\/de\/wp-json\/wp\/v2\/comments?post=3257"}],"version-history":[{"count":10,"href":"https:\/\/blackseauniversity.com\/de\/wp-json\/wp\/v2\/pages\/3257\/revisions"}],"predecessor-version":[{"id":7182,"href":"https:\/\/blackseauniversity.com\/de\/wp-json\/wp\/v2\/pages\/3257\/revisions\/7182"}],"wp:attachment":[{"href":"https:\/\/blackseauniversity.com\/de\/wp-json\/wp\/v2\/media?parent=3257"}],"curies":[{"name":"wp","href":"https:\/\/api.w.org\/{rel}","templated":true}]}}