{"id":6181,"date":"2024-07-06T20:40:10","date_gmt":"2024-07-06T20:40:10","guid":{"rendered":"https:\/\/blackseauniversity.com\/medizinische-fakultaet-burgas\/"},"modified":"2026-05-09T13:19:20","modified_gmt":"2026-05-09T13:19:20","slug":"medizinische-fakultaet-burgas","status":"publish","type":"page","link":"https:\/\/blackseauniversity.com\/de\/medizinische-fakultaet-burgas\/","title":{"rendered":"Erforsche k\u00fcnstliche Intelligenz"},"content":{"rendered":"\t\t<div data-elementor-type=\"wp-page\" data-elementor-id=\"6181\" class=\"elementor elementor-6181 elementor-6153\">\n\t\t\t\t\t\t<section class=\"elementor-section elementor-top-section elementor-element elementor-element-55146dac elementor-section-content-middle elementor-section-boxed elementor-section-height-default elementor-section-height-default\" data-id=\"55146dac\" data-element_type=\"section\" data-e-type=\"section\" data-settings=\"{&quot;background_background&quot;:&quot;classic&quot;}\">\n\t\t\t\t\t\t\t<div class=\"elementor-background-overlay\"><\/div>\n\t\t\t\t\t\t\t<div class=\"elementor-container elementor-column-gap-default\">\n\t\t\t\t\t<div class=\"elementor-column elementor-col-50 elementor-top-column elementor-element elementor-element-12d905a2\" data-id=\"12d905a2\" data-element_type=\"column\" data-e-type=\"column\" data-settings=\"{&quot;background_background&quot;:&quot;classic&quot;}\">\n\t\t\t<div class=\"elementor-widget-wrap elementor-element-populated\">\n\t\t\t\t\t\t<div class=\"elementor-element elementor-element-283a5a56 elementor-widget elementor-widget-heading\" data-id=\"283a5a56\" data-element_type=\"widget\" data-e-type=\"widget\" data-widget_type=\"heading.default\">\n\t\t\t\t<div class=\"elementor-widget-container\">\n\t\t\t\t\t<h2 class=\"elementor-heading-title elementor-size-default\">Programm<\/h2>\t\t\t\t<\/div>\n\t\t\t\t<\/div>\n\t\t\t\t<div class=\"elementor-element elementor-element-2a3225e elementor-widget elementor-widget-heading\" data-id=\"2a3225e\" data-element_type=\"widget\" data-e-type=\"widget\" data-widget_type=\"heading.default\">\n\t\t\t\t<div class=\"elementor-widget-container\">\n\t\t\t\t\t<h2 class=\"elementor-heading-title elementor-size-default\">K\u00fcnstliche Intelligenz untersuchen<\/h2>\t\t\t\t<\/div>\n\t\t\t\t<\/div>\n\t\t\t\t\t<\/div>\n\t\t<\/div>\n\t\t\t\t<div class=\"elementor-column elementor-col-50 elementor-top-column elementor-element elementor-element-2d8f7fdb elementor-hidden-tablet elementor-hidden-phone\" data-id=\"2d8f7fdb\" data-element_type=\"column\" data-e-type=\"column\">\n\t\t\t<div class=\"elementor-widget-wrap\">\n\t\t\t\t\t\t\t<\/div>\n\t\t<\/div>\n\t\t\t\t\t<\/div>\n\t\t<\/section>\n\t\t<div class=\"elementor-element elementor-element-4cefbf0 e-flex e-con-boxed e-con e-parent\" data-id=\"4cefbf0\" data-element_type=\"container\" data-e-type=\"container\">\n\t\t\t\t\t<div class=\"e-con-inner\">\n\t\t\t\t<div class=\"elementor-element elementor-element-255bed9 elementor-widget elementor-widget-heading\" data-id=\"255bed9\" data-element_type=\"widget\" data-e-type=\"widget\" data-widget_type=\"heading.default\">\n\t\t\t\t<div class=\"elementor-widget-container\">\n\t\t\t\t\t<h2 class=\"elementor-heading-title elementor-size-default\">K\u00fcnstliche Intelligenz \u2013 Technische Universit\u00e4t Varna<\/h2>\t\t\t\t<\/div>\n\t\t\t\t<\/div>\n\t\t\t\t\t<\/div>\n\t\t\t\t<\/div>\n\t\t\t\t<section class=\"elementor-section elementor-top-section elementor-element elementor-element-fdc2564 elementor-section-content-middle elementor-section-boxed elementor-section-height-default elementor-section-height-default\" data-id=\"fdc2564\" data-element_type=\"section\" data-e-type=\"section\" data-settings=\"{&quot;background_background&quot;:&quot;classic&quot;}\">\n\t\t\t\t\t\t<div class=\"elementor-container elementor-column-gap-default\">\n\t\t\t\t\t<div class=\"elementor-column elementor-col-100 elementor-top-column elementor-element elementor-element-9397371\" data-id=\"9397371\" data-element_type=\"column\" data-e-type=\"column\">\n\t\t\t<div class=\"elementor-widget-wrap elementor-element-populated\">\n\t\t\t\t\t\t<div class=\"elementor-element elementor-element-472dce8 elementor-widget elementor-widget-text-editor\" data-id=\"472dce8\" data-element_type=\"widget\" data-e-type=\"widget\" data-widget_type=\"text-editor.default\">\n\t\t\t\t<div class=\"elementor-widget-container\">\n\t\t\t\t\t\t\t\t\t<p><strong><b>Was sind die Zulassungsvoraussetzungen?<\/b><\/strong><\/p><p>Die Wettbewerbspunktzahl der Bewerber f\u00fcr die Spezialisierung &#8222;Intelligente Systeme und K\u00fcnstliche Intelligenz (auf <strong><b>Englisch <\/b><\/strong>)&#8220; wird gebildet, indem eine der folgenden Noten zu den Noten des Sekundarschulabschlusses in Mathematik und die h\u00f6chste Note in Physik, Informatik oder Informationstechnologie hinzugef\u00fcgt wird:<\/p><ul><li>Die h\u00f6chste der Matriculationspr\u00fcfung ist:<\/li><\/ul><p>&#8211; Mathematik, multipliziert mit 3;<br>&#8211; oder in der Physik multipliziert mit 3;<br>&#8211; oder eine Mathematikprofilpr\u00fcfung multipliziert mit 3;<br>&#8211; oder eine Fertigkeitspr\u00fcfung in Physik multipliziert mit 3;<br>&#8211; oder eine Fertigkeitspr\u00fcfung in Informatik multipliziert mit 3;<br>&#8211; oder eine Kompetenzpr\u00fcfung in Informationstechnologie multipliziert mit 3;<\/p><ul><li>oder ein Mathematiktest (vorl\u00e4ufig oder regul\u00e4r) multipliziert mit 3.<\/li><\/ul><p>Die Wettbewerbspunktzahl der Kandidaten f\u00fcr die Spezialisierung &#8222;Intelligente Systeme und K\u00fcnstliche Intelligenz (auf Englisch)&#8220; wird nach der oben genannten Methodik nach <strong><b>erfolgreichem Abschluss einer Pr\u00fcfung (vorl\u00e4ufig oder regul\u00e4r) <\/b><\/strong>ODER einer <strong><b>Immatrikulationspr\u00fcfung in Englisch <\/b><\/strong>ODER einem <strong><b>anerkannten Englischzertifikat<\/b><\/strong> erstellt.<\/p><p>Anerkannte Zertifikate aus internationalen Englischpr\u00fcfungen wie folgt:<\/p><ul><li>FCE (Erstes Zertifikat in Englisch)<\/li><li>CAE (Cambridge Certificate in Advanced English)<\/li><li>CPE (Certificate of Proficiency in English)<\/li><li>IELTS (B\u00e4nder 6, 7, 8, 9)<\/li><li>PITMAN \u2013 H\u00f6here Mittelstufe \u2013 Fortgeschrittene<\/li><li>TOEFL-Pr\u00fcfung, CBT, IBT (mit mindestens 550, 213 bzw. 79 Punkten)<\/li><li>PTE Akademisch (mindestens 59 Punkte)<\/li><li>PTE General (mindestens Stufe 3),<\/li><li><p><strong><b>Was sind die Zulassungsvoraussetzungen?<\/b><\/strong><\/p><p>Die Wettbewerbspunktzahl der Bewerber f\u00fcr die Spezialisierung &#8222;Intelligente Systeme und K\u00fcnstliche Intelligenz (auf Bulgarisch)&#8220; entsteht, indem eine der folgenden Noten zu den Noten des Sekundarschulabschlusses in Mathematik und die h\u00f6chste Note in Physik, Informatik oder Informationstechnologie hinzugef\u00fcgt wird:<\/p><ul><li>Die h\u00f6chste der Matriculationspr\u00fcfung ist:<\/li><\/ul><p>&#8211; Mathematik, multipliziert mit 3;<br>&#8211; oder in der Physik multipliziert mit 3;<br>&#8211; oder eine Mathematikprofilpr\u00fcfung multipliziert mit 3;<br>&#8211; oder eine Fertigkeitspr\u00fcfung in Physik multipliziert mit 3;<br>&#8211; oder eine Fertigkeitspr\u00fcfung in Informatik multipliziert mit 3;<br>&#8211; oder eine Kompetenzpr\u00fcfung in Informationstechnologie multipliziert mit 3;<\/p><ul><li>oder ein Mathematiktest (vorl\u00e4ufig oder regul\u00e4r) multipliziert mit 3.<\/li><\/ul><p>Die Wettbewerbspunktzahl der Kandidaten f\u00fcr die Spezialisierung &#8222;Intelligente Systeme und K\u00fcnstliche Intelligenz (auf Englisch)&#8220; wird nach der oben genannten Methodik nach <strong><b>erfolgreichem Abschluss einer Pr\u00fcfung (vorl\u00e4ufig oder regul\u00e4r) <\/b><\/strong>ODER einer <strong><b>Immatrikulationspr\u00fcfung in Englisch <\/b><\/strong>ODER einem <strong><b>anerkannten Englischzertifikat<\/b><\/strong> erstellt.<\/p><p>Anerkannte Zertifikate aus internationalen Englischpr\u00fcfungen wie folgt:<\/p><ul><li>FCE (Erstes Zertifikat in Englisch)<\/li><li>CAE (Cambridge Certificate in Advanced English)<\/li><li>CPE (Certificate of Proficiency in English)<\/li><li>IELTS (B\u00e4nder 6, 7, 8, 9)<\/li><li>PITMAN \u2013 H\u00f6here Mittelstufe \u2013 Fortgeschrittene<\/li><li>TOEFL-Pr\u00fcfung, CBT, IBT (mit mindestens 550, 213 bzw. 79 Punkten)<\/li><li>PTE Akademisch (mindestens 59 Punkte)<\/li><li>PTE General (mindestens Stufe 3),<\/li><\/ul><\/li><\/ul>\t\t\t\t\t\t\t\t<\/div>\n\t\t\t\t<\/div>\n\t\t\t\t<div class=\"elementor-element elementor-element-e836e5e elementor-widget elementor-widget-jkit_button\" data-id=\"e836e5e\" data-element_type=\"widget\" data-e-type=\"widget\" data-widget_type=\"jkit_button.default\">\n\t\t\t\t<div class=\"elementor-widget-container\">\n\t\t\t\t\t<div  class=\"jeg-elementor-kit jkit-button  icon-position-before jeg_module___69ff354a496c7\" ><a href=\"https:\/\/blackseauniversity.com\/de\/kontakt\/\" class=\"jkit-button-wrapper\">Jetzt anmelden<\/a><\/div>\t\t\t\t<\/div>\n\t\t\t\t<\/div>\n\t\t\t\t\t<\/div>\n\t\t<\/div>\n\t\t\t\t\t<\/div>\n\t\t<\/section>\n\t\t\t\t<\/div>\n\t\t","protected":false},"excerpt":{"rendered":"<p>Programm K\u00fcnstliche Intelligenz untersuchen K\u00fcnstliche Intelligenz \u2013 Technische Universit\u00e4t Varna Was sind die Zulassungsvoraussetzungen? Die Wettbewerbspunktzahl der Bewerber f\u00fcr die Spezialisierung &#8222;Intelligente Systeme und K\u00fcnstliche Intelligenz (auf Englisch )&#8220; wird gebildet, indem eine der folgenden Noten zu den Noten des Sekundarschulabschlusses in Mathematik und die h\u00f6chste Note in Physik, Informatik oder Informationstechnologie hinzugef\u00fcgt wird: Die [&hellip;]<\/p>\n","protected":false},"author":8,"featured_media":0,"parent":0,"menu_order":0,"comment_status":"closed","ping_status":"closed","template":"","meta":{"footnotes":""},"class_list":["post-6181","page","type-page","status-publish","hentry"],"yoast_head":"<!-- This site is optimized with the Yoast SEO Premium plugin v27.5 (Yoast SEO v27.5) - https:\/\/yoast.com\/product\/yoast-seo-premium-wordpress\/ -->\n<title>Erforsche k\u00fcnstliche Intelligenz | Studieren in Bulgarien| Bulgarisches B\u00fcro f\u00fcr Internationale Bildung<\/title>\n<meta name=\"description\" content=\"Am 10.05.2019 verabschiedete die 44. Nationalversammlung die Er\u00f6ffnung einer Medizinischen Fakult\u00e4t in der Struktur der Universit\u00e4t &quot;Prof\" \/>\n<meta name=\"robots\" content=\"index, follow, max-snippet:-1, max-image-preview:large, max-video-preview:-1\" \/>\n<link rel=\"canonical\" href=\"https:\/\/blackseauniversity.com\/de\/medizinische-fakultaet-burgas\/\" \/>\n<meta property=\"og:locale\" content=\"de_DE\" \/>\n<meta property=\"og:type\" content=\"article\" \/>\n<meta property=\"og:title\" content=\"Erforsche k\u00fcnstliche Intelligenz | Studieren in Bulgarien| Bulgarisches B\u00fcro f\u00fcr Internationale Bildung\" \/>\n<meta property=\"og:description\" content=\"Am 10.05.2019 verabschiedete die 44. Nationalversammlung die Er\u00f6ffnung einer Medizinischen Fakult\u00e4t in der Struktur der Universit\u00e4t &quot;Prof\" \/>\n<meta property=\"og:url\" content=\"https:\/\/blackseauniversity.com\/de\/medizinische-fakultaet-burgas\/\" \/>\n<meta property=\"og:site_name\" content=\"Studieren in Bulgarien| Bulgarisches B\u00fcro f\u00fcr Internationale Bildung\" \/>\n<meta property=\"article:publisher\" content=\"https:\/\/www.facebook.com\/VarnaDenizcilikUniversitesi\" \/>\n<meta property=\"article:modified_time\" content=\"2026-05-09T13:19:20+00:00\" \/>\n<meta property=\"og:image\" content=\"https:\/\/blackseauniversity.com\/wp-content\/uploads\/2024\/03\/Varna-Free-University-4.jpeg\" \/>\n\t<meta property=\"og:image:width\" content=\"1600\" \/>\n\t<meta property=\"og:image:height\" content=\"1066\" \/>\n\t<meta property=\"og:image:type\" content=\"image\/jpeg\" \/>\n<meta name=\"twitter:card\" content=\"summary_large_image\" \/>\n<meta name=\"twitter:label1\" content=\"Gesch\u00e4tzte Lesezeit\" \/>\n\t<meta name=\"twitter:data1\" content=\"2\u00a0Minuten\" \/>\n<script type=\"application\/ld+json\" class=\"yoast-schema-graph\">{\"@context\":\"https:\\\/\\\/schema.org\",\"@graph\":[{\"@type\":\"WebPage\",\"@id\":\"https:\\\/\\\/blackseauniversity.com\\\/de\\\/medizinische-fakultaet-burgas\\\/\",\"url\":\"https:\\\/\\\/blackseauniversity.com\\\/de\\\/medizinische-fakultaet-burgas\\\/\",\"name\":\"Erforsche k\u00fcnstliche Intelligenz | Studieren in Bulgarien| Bulgarisches B\u00fcro f\u00fcr Internationale Bildung\",\"isPartOf\":{\"@id\":\"https:\\\/\\\/blackseauniversity.com\\\/de\\\/#website\"},\"datePublished\":\"2024-07-06T20:40:10+00:00\",\"dateModified\":\"2026-05-09T13:19:20+00:00\",\"description\":\"Am 10.05.2019 verabschiedete die 44. Nationalversammlung die Er\u00f6ffnung einer Medizinischen Fakult\u00e4t in der Struktur der Universit\u00e4t \\\"Prof\",\"inLanguage\":\"de\",\"potentialAction\":[{\"@type\":\"ReadAction\",\"target\":[\"https:\\\/\\\/blackseauniversity.com\\\/de\\\/medizinische-fakultaet-burgas\\\/\"]}]},{\"@type\":\"WebSite\",\"@id\":\"https:\\\/\\\/blackseauniversity.com\\\/de\\\/#website\",\"url\":\"https:\\\/\\\/blackseauniversity.com\\\/de\\\/\",\"name\":\"Study In Europe | Black Sea University | Bulgaria\",\"description\":\"Black Sea University | Bulgaria\",\"publisher\":{\"@id\":\"https:\\\/\\\/blackseauniversity.com\\\/de\\\/#organization\"},\"alternateName\":\"Study In Europe | Black Sea University | Bulgaria\",\"potentialAction\":[{\"@type\":\"SearchAction\",\"target\":{\"@type\":\"EntryPoint\",\"urlTemplate\":\"https:\\\/\\\/blackseauniversity.com\\\/de\\\/?s={search_term_string}\"},\"query-input\":{\"@type\":\"PropertyValueSpecification\",\"valueRequired\":true,\"valueName\":\"search_term_string\"}}],\"inLanguage\":\"de\"},{\"@type\":\"Organization\",\"@id\":\"https:\\\/\\\/blackseauniversity.com\\\/de\\\/#organization\",\"name\":\"Study In Europe | Black Sea University | Bulgaria\",\"alternateName\":\"Study In Europe\",\"url\":\"https:\\\/\\\/blackseauniversity.com\\\/de\\\/\",\"logo\":{\"@type\":\"ImageObject\",\"inLanguage\":\"de\",\"@id\":\"https:\\\/\\\/blackseauniversity.com\\\/de\\\/#\\\/schema\\\/logo\\\/image\\\/\",\"url\":\"https:\\\/\\\/blackseauniversity.com\\\/wp-content\\\/uploads\\\/2024\\\/01\\\/logo-1.png\",\"contentUrl\":\"https:\\\/\\\/blackseauniversity.com\\\/wp-content\\\/uploads\\\/2024\\\/01\\\/logo-1.png\",\"width\":160,\"height\":60,\"caption\":\"Study In Europe | Black Sea University | Bulgaria\"},\"image\":{\"@id\":\"https:\\\/\\\/blackseauniversity.com\\\/de\\\/#\\\/schema\\\/logo\\\/image\\\/\"},\"sameAs\":[\"https:\\\/\\\/www.facebook.com\\\/VarnaDenizcilikUniversitesi\",\"https:\\\/\\\/www.instagram.com\\\/black_sea_university\\\/\",\"https:\\\/\\\/t.me\\\/StudyBulgaria\"],\"description\":\"Schwarzmeer-Universit\u00e4t\",\"publishingPrinciples\":\"https:\\\/\\\/blackseauniversity.com\\\/\",\"actionableFeedbackPolicy\":\"https:\\\/\\\/blackseauniversity.com\\\/\",\"correctionsPolicy\":\"https:\\\/\\\/blackseauniversity.com\\\/\"}]}<\/script>\n<!-- \/ Yoast SEO Premium plugin. -->","yoast_head_json":{"title":"Erforsche k\u00fcnstliche Intelligenz | Studieren in Bulgarien| Bulgarisches B\u00fcro f\u00fcr Internationale Bildung","description":"Am 10.05.2019 verabschiedete die 44. Nationalversammlung die Er\u00f6ffnung einer Medizinischen Fakult\u00e4t in der Struktur der Universit\u00e4t \"Prof","robots":{"index":"index","follow":"follow","max-snippet":"max-snippet:-1","max-image-preview":"max-image-preview:large","max-video-preview":"max-video-preview:-1"},"canonical":"https:\/\/blackseauniversity.com\/de\/medizinische-fakultaet-burgas\/","og_locale":"de_DE","og_type":"article","og_title":"Erforsche k\u00fcnstliche Intelligenz | Studieren in Bulgarien| Bulgarisches B\u00fcro f\u00fcr Internationale Bildung","og_description":"Am 10.05.2019 verabschiedete die 44. Nationalversammlung die Er\u00f6ffnung einer Medizinischen Fakult\u00e4t in der Struktur der Universit\u00e4t \"Prof","og_url":"https:\/\/blackseauniversity.com\/de\/medizinische-fakultaet-burgas\/","og_site_name":"Studieren in Bulgarien| Bulgarisches B\u00fcro f\u00fcr Internationale Bildung","article_publisher":"https:\/\/www.facebook.com\/VarnaDenizcilikUniversitesi","article_modified_time":"2026-05-09T13:19:20+00:00","og_image":[{"width":1600,"height":1066,"url":"https:\/\/blackseauniversity.com\/wp-content\/uploads\/2024\/03\/Varna-Free-University-4.jpeg","type":"image\/jpeg"}],"twitter_card":"summary_large_image","twitter_misc":{"Gesch\u00e4tzte Lesezeit":"2\u00a0Minuten"},"schema":{"@context":"https:\/\/schema.org","@graph":[{"@type":"WebPage","@id":"https:\/\/blackseauniversity.com\/de\/medizinische-fakultaet-burgas\/","url":"https:\/\/blackseauniversity.com\/de\/medizinische-fakultaet-burgas\/","name":"Erforsche k\u00fcnstliche Intelligenz | Studieren in Bulgarien| Bulgarisches B\u00fcro f\u00fcr Internationale Bildung","isPartOf":{"@id":"https:\/\/blackseauniversity.com\/de\/#website"},"datePublished":"2024-07-06T20:40:10+00:00","dateModified":"2026-05-09T13:19:20+00:00","description":"Am 10.05.2019 verabschiedete die 44. Nationalversammlung die Er\u00f6ffnung einer Medizinischen Fakult\u00e4t in der Struktur der Universit\u00e4t \"Prof","inLanguage":"de","potentialAction":[{"@type":"ReadAction","target":["https:\/\/blackseauniversity.com\/de\/medizinische-fakultaet-burgas\/"]}]},{"@type":"WebSite","@id":"https:\/\/blackseauniversity.com\/de\/#website","url":"https:\/\/blackseauniversity.com\/de\/","name":"Study In Europe | Black Sea University | Bulgaria","description":"Black Sea University | Bulgaria","publisher":{"@id":"https:\/\/blackseauniversity.com\/de\/#organization"},"alternateName":"Study In Europe | Black Sea University | Bulgaria","potentialAction":[{"@type":"SearchAction","target":{"@type":"EntryPoint","urlTemplate":"https:\/\/blackseauniversity.com\/de\/?s={search_term_string}"},"query-input":{"@type":"PropertyValueSpecification","valueRequired":true,"valueName":"search_term_string"}}],"inLanguage":"de"},{"@type":"Organization","@id":"https:\/\/blackseauniversity.com\/de\/#organization","name":"Study In Europe | Black Sea University | Bulgaria","alternateName":"Study In Europe","url":"https:\/\/blackseauniversity.com\/de\/","logo":{"@type":"ImageObject","inLanguage":"de","@id":"https:\/\/blackseauniversity.com\/de\/#\/schema\/logo\/image\/","url":"https:\/\/blackseauniversity.com\/wp-content\/uploads\/2024\/01\/logo-1.png","contentUrl":"https:\/\/blackseauniversity.com\/wp-content\/uploads\/2024\/01\/logo-1.png","width":160,"height":60,"caption":"Study In Europe | Black Sea University | Bulgaria"},"image":{"@id":"https:\/\/blackseauniversity.com\/de\/#\/schema\/logo\/image\/"},"sameAs":["https:\/\/www.facebook.com\/VarnaDenizcilikUniversitesi","https:\/\/www.instagram.com\/black_sea_university\/","https:\/\/t.me\/StudyBulgaria"],"description":"Schwarzmeer-Universit\u00e4t","publishingPrinciples":"https:\/\/blackseauniversity.com\/","actionableFeedbackPolicy":"https:\/\/blackseauniversity.com\/","correctionsPolicy":"https:\/\/blackseauniversity.com\/"}]}},"_links":{"self":[{"href":"https:\/\/blackseauniversity.com\/de\/wp-json\/wp\/v2\/pages\/6181","targetHints":{"allow":["GET"]}}],"collection":[{"href":"https:\/\/blackseauniversity.com\/de\/wp-json\/wp\/v2\/pages"}],"about":[{"href":"https:\/\/blackseauniversity.com\/de\/wp-json\/wp\/v2\/types\/page"}],"author":[{"embeddable":true,"href":"https:\/\/blackseauniversity.com\/de\/wp-json\/wp\/v2\/users\/8"}],"replies":[{"embeddable":true,"href":"https:\/\/blackseauniversity.com\/de\/wp-json\/wp\/v2\/comments?post=6181"}],"version-history":[{"count":11,"href":"https:\/\/blackseauniversity.com\/de\/wp-json\/wp\/v2\/pages\/6181\/revisions"}],"predecessor-version":[{"id":10152,"href":"https:\/\/blackseauniversity.com\/de\/wp-json\/wp\/v2\/pages\/6181\/revisions\/10152"}],"wp:attachment":[{"href":"https:\/\/blackseauniversity.com\/de\/wp-json\/wp\/v2\/media?parent=6181"}],"curies":[{"name":"wp","href":"https:\/\/api.w.org\/{rel}","templated":true}]}}