{"id":2940,"date":"2023-11-27T16:47:22","date_gmt":"2023-11-27T16:47:22","guid":{"rendered":"https:\/\/blackseauniversity.com\/bulgariskt-studentvisum\/"},"modified":"2025-08-02T14:55:53","modified_gmt":"2025-08-02T14:55:53","slug":"bulgariskt-studentvisum","status":"publish","type":"page","link":"https:\/\/blackseauniversity.com\/sv\/bulgariskt-studentvisum\/","title":{"rendered":"Bulgariskt studentvisum"},"content":{"rendered":"\t\t<div data-elementor-type=\"wp-page\" data-elementor-id=\"2940\" class=\"elementor elementor-2940 elementor-505\">\n\t\t\t\t\t\t<section class=\"elementor-section elementor-top-section elementor-element elementor-element-55146dac elementor-section-content-middle elementor-section-boxed elementor-section-height-default elementor-section-height-default\" data-id=\"55146dac\" data-element_type=\"section\" data-e-type=\"section\" data-settings=\"{&quot;background_background&quot;:&quot;classic&quot;}\">\n\t\t\t\t\t\t\t<div class=\"elementor-background-overlay\"><\/div>\n\t\t\t\t\t\t\t<div class=\"elementor-container elementor-column-gap-default\">\n\t\t\t\t\t<div class=\"elementor-column elementor-col-50 elementor-top-column elementor-element elementor-element-12d905a2\" data-id=\"12d905a2\" data-element_type=\"column\" data-e-type=\"column\" data-settings=\"{&quot;background_background&quot;:&quot;classic&quot;}\">\n\t\t\t<div class=\"elementor-widget-wrap elementor-element-populated\">\n\t\t\t\t\t\t<div class=\"elementor-element elementor-element-283a5a56 elementor-widget elementor-widget-heading\" data-id=\"283a5a56\" data-element_type=\"widget\" data-e-type=\"widget\" data-widget_type=\"heading.default\">\n\t\t\t\t<div class=\"elementor-widget-container\">\n\t\t\t\t\t<h2 class=\"elementor-heading-title elementor-size-default\">Bulgariska<\/h2>\t\t\t\t<\/div>\n\t\t\t\t<\/div>\n\t\t\t\t<div class=\"elementor-element elementor-element-2a3225e elementor-widget elementor-widget-heading\" data-id=\"2a3225e\" data-element_type=\"widget\" data-e-type=\"widget\" data-widget_type=\"heading.default\">\n\t\t\t\t<div class=\"elementor-widget-container\">\n\t\t\t\t\t<h2 class=\"elementor-heading-title elementor-size-default\">Studentvisum<\/h2>\t\t\t\t<\/div>\n\t\t\t\t<\/div>\n\t\t\t\t\t<\/div>\n\t\t<\/div>\n\t\t\t\t<div class=\"elementor-column elementor-col-50 elementor-top-column elementor-element elementor-element-2d8f7fdb elementor-hidden-tablet elementor-hidden-phone\" data-id=\"2d8f7fdb\" data-element_type=\"column\" data-e-type=\"column\">\n\t\t\t<div class=\"elementor-widget-wrap\">\n\t\t\t\t\t\t\t<\/div>\n\t\t<\/div>\n\t\t\t\t\t<\/div>\n\t\t<\/section>\n\t\t\t\t<section class=\"elementor-section elementor-top-section elementor-element elementor-element-495a6cb7 elementor-section-content-middle elementor-section-boxed elementor-section-height-default elementor-section-height-default\" data-id=\"495a6cb7\" data-element_type=\"section\" data-e-type=\"section\" data-settings=\"{&quot;background_background&quot;:&quot;classic&quot;}\">\n\t\t\t\t\t\t<div class=\"elementor-container elementor-column-gap-default\">\n\t\t\t\t\t<div class=\"elementor-column elementor-col-50 elementor-top-column elementor-element elementor-element-27490f8d\" data-id=\"27490f8d\" data-element_type=\"column\" data-e-type=\"column\">\n\t\t\t<div class=\"elementor-widget-wrap elementor-element-populated\">\n\t\t\t\t\t\t<div class=\"elementor-element elementor-element-5c9abf7b elementor-widget elementor-widget-heading\" data-id=\"5c9abf7b\" data-element_type=\"widget\" data-e-type=\"widget\" data-widget_type=\"heading.default\">\n\t\t\t\t<div class=\"elementor-widget-container\">\n\t\t\t\t\t<h2 class=\"elementor-heading-title elementor-size-default\">Visum<\/h2>\t\t\t\t<\/div>\n\t\t\t\t<\/div>\n\t\t\t\t<div class=\"elementor-element elementor-element-5bd809da elementor-widget elementor-widget-heading\" data-id=\"5bd809da\" data-element_type=\"widget\" data-e-type=\"widget\" data-widget_type=\"heading.default\">\n\t\t\t\t<div class=\"elementor-widget-container\">\n\t\t\t\t\t<h2 class=\"elementor-heading-title elementor-size-default\">Bulgariskt studentvisum<\/h2>\t\t\t\t<\/div>\n\t\t\t\t<\/div>\n\t\t\t\t<div class=\"elementor-element elementor-element-244ce510 elementor-widget elementor-widget-text-editor\" data-id=\"244ce510\" data-element_type=\"widget\" data-e-type=\"widget\" data-widget_type=\"text-editor.default\">\n\t\t\t\t<div class=\"elementor-widget-container\">\n\t\t\t\t\t\t\t\t\t<p>Studenter fr\u00e5n l\u00e4nder utanf\u00f6r EU kan beh\u00f6va visum f\u00f6r att resa in p\u00e5 Bulgariens territorium. N\u00e4r du har f\u00e5tt <strong>antagningsbeskedet<\/strong> som bekr\u00e4ftar att det valda universitetet har godk\u00e4nt dina ans\u00f6kningshandlingar och <strong>intyget om att du \u00e4r beh\u00f6rig att studera i Bulgarien<\/strong> (utf\u00e4rdat av det bulgariska ministeriet f\u00f6r utbildning och vetenskap) m\u00e5ste du ans\u00f6ka om ett visum f\u00f6r l\u00e4ngre vistelse (visum D) p\u00e5 den bulgariska ambassaden eller konsulatet i din stad. Denna typ av visum \u00e4r giltigt upp till 1 \u00e5r och utf\u00e4rdas till utl\u00e4nningar, som \u00e4r studenter under studieavgifter, doktorander och praktikanter. Under dess giltighetstid f\u00e5r innehavaren resa in i landet upprepade g\u00e5nger.<\/p><p>F\u00f6r att ans\u00f6ka om ett visum f\u00f6r l\u00e4ngre vistelse m\u00e5ste du l\u00e4mna in f\u00f6ljande dokument:<\/p><ul><li>Ans\u00f6kningsformul\u00e4r f\u00f6r visum<\/li><li>Ett vanligt resedokument f\u00f6r utlandsresor<\/li><li>Kopior av sidorna i den utl\u00e4ndska resehandlingen med de personuppgifter och viseringar som utf\u00e4rdats och\/eller kopior av de tillst\u00e5nd f\u00f6r vistelse som innehas<\/li><li>Nytt f\u00e4rgfotografi i passstorlek<\/li><li>Originalhandlingar och tv\u00e5 kopior av dessa som styrker ans\u00f6kan: Intyg utf\u00e4rdat av Bulgariens utbildningsministerium, Verifikation fr\u00e5n det valda universitetet, Bevis p\u00e5 de ekonomiska resurser som finns f\u00f6r uppeh\u00e4lle och boende.<\/li><\/ul><p> <\/p><p>EU-medborgare och icke-EU-medborgare fr\u00e5n l\u00e4nder som har undertecknat bilaterala f\u00f6rdrag och avtal med Bulgarien om viseringsfri inresa, inklusive Andorra, Australien, Brasilien, Brunei, Kanada, Chile, Costa Rica, El Salvador, Guatemala, Honduras, Israel, Japan, Malaysia, Mexiko, Monaco, Nya Zeeland, Nicaragua, Panama, Paraguay, Sydkorea, San Marino, Singapore, USA, Uruguay, Vatikanen, Venezuela, Hongkong, Macao, beh\u00f6ver inte visumtillst\u00e5nd f\u00f6r att resa in i landet.<\/p><p>Kontakta oss om du beh\u00f6ver hj\u00e4lp med ans\u00f6kningsf\u00f6rfarandet och den dokumentation som kr\u00e4vs.<\/p>\t\t\t\t\t\t\t\t<\/div>\n\t\t\t\t<\/div>\n\t\t\t\t<div class=\"elementor-element elementor-element-c2b4783 elementor-widget elementor-widget-button\" data-id=\"c2b4783\" data-element_type=\"widget\" data-e-type=\"widget\" data-widget_type=\"button.default\">\n\t\t\t\t<div class=\"elementor-widget-container\">\n\t\t\t\t\t\t\t\t\t<div class=\"elementor-button-wrapper\">\n\t\t\t\t\t<a class=\"elementor-button elementor-button-link elementor-size-sm\" href=\"https:\/\/blackseauniversity.com\/sv\/kontakt\/\">\n\t\t\t\t\t\t<span class=\"elementor-button-content-wrapper\">\n\t\t\t\t\t\t\t\t\t<span class=\"elementor-button-text\">Kontakta oss<\/span>\n\t\t\t\t\t<\/span>\n\t\t\t\t\t<\/a>\n\t\t\t\t<\/div>\n\t\t\t\t\t\t\t\t<\/div>\n\t\t\t\t<\/div>\n\t\t\t\t\t<\/div>\n\t\t<\/div>\n\t\t\t\t<div class=\"elementor-column elementor-col-50 elementor-top-column elementor-element elementor-element-61902d19 elementor-hidden-tablet elementor-hidden-mobile\" data-id=\"61902d19\" data-element_type=\"column\" data-e-type=\"column\" data-settings=\"{&quot;background_background&quot;:&quot;classic&quot;}\">\n\t\t\t<div class=\"elementor-widget-wrap\">\n\t\t\t\t\t\t\t<\/div>\n\t\t<\/div>\n\t\t\t\t\t<\/div>\n\t\t<\/section>\n\t\t\t\t<\/div>\n\t\t","protected":false},"excerpt":{"rendered":"<p>Bulgariska Studentvisum Visum Bulgariskt studentvisum Studenter fr\u00e5n l\u00e4nder utanf\u00f6r EU kan beh\u00f6va visum f\u00f6r att resa in p\u00e5 Bulgariens territorium. N\u00e4r du har f\u00e5tt antagningsbeskedet som bekr\u00e4ftar att det valda universitetet har godk\u00e4nt dina ans\u00f6kningshandlingar och intyget om att du \u00e4r beh\u00f6rig att studera i Bulgarien (utf\u00e4rdat av det bulgariska ministeriet f\u00f6r utbildning och vetenskap) [&hellip;]<\/p>\n","protected":false},"author":8,"featured_media":0,"parent":0,"menu_order":0,"comment_status":"closed","ping_status":"closed","template":"elementor_theme","meta":{"footnotes":""},"class_list":["post-2940","page","type-page","status-publish","hentry"],"yoast_head":"<!-- This site is optimized with the Yoast SEO Premium plugin v27.4 (Yoast SEO v27.4) - https:\/\/yoast.com\/product\/yoast-seo-premium-wordpress\/ -->\n<title>Studera i Europa | Black Sea University | Bulgarien<\/title>\n<meta name=\"description\" content=\"Studenter fr\u00e5n l\u00e4nder utanf\u00f6r EU kan beh\u00f6va visum f\u00f6r att resa in p\u00e5 Bulgariens territorium. N\u00e4r du har f\u00e5tt antagningsbeskedet som bekr\u00e4ftar att\" \/>\n<meta name=\"robots\" content=\"index, follow, max-snippet:-1, max-image-preview:large, max-video-preview:-1\" \/>\n<link rel=\"canonical\" href=\"https:\/\/blackseauniversity.com\/sv\/bulgariskt-studentvisum\/\" \/>\n<meta property=\"og:locale\" content=\"sv_SE\" \/>\n<meta property=\"og:type\" content=\"article\" \/>\n<meta property=\"og:title\" content=\"Studera i Europa | Black Sea University | Bulgarien\" \/>\n<meta property=\"og:description\" content=\"Studenter fr\u00e5n l\u00e4nder utanf\u00f6r EU kan beh\u00f6va visum f\u00f6r att resa in p\u00e5 Bulgariens territorium. N\u00e4r du har f\u00e5tt antagningsbeskedet som bekr\u00e4ftar att\" \/>\n<meta property=\"og:url\" content=\"https:\/\/blackseauniversity.com\/sv\/bulgariskt-studentvisum\/\" \/>\n<meta property=\"og:site_name\" content=\"Studera i Europa | Svarta havets universitet | Bulgarien\" \/>\n<meta property=\"article:publisher\" content=\"https:\/\/www.facebook.com\/VarnaDenizcilikUniversitesi\" \/>\n<meta property=\"article:modified_time\" content=\"2025-08-02T14:55:53+00:00\" \/>\n<meta property=\"og:image\" content=\"https:\/\/blackseauniversity.com\/wp-content\/uploads\/2024\/03\/Varna-Free-University-4.jpeg\" \/>\n\t<meta property=\"og:image:width\" content=\"1600\" \/>\n\t<meta property=\"og:image:height\" content=\"1066\" \/>\n\t<meta property=\"og:image:type\" content=\"image\/jpeg\" \/>\n<meta name=\"twitter:card\" content=\"summary_large_image\" \/>\n<meta name=\"twitter:label1\" content=\"Ber\u00e4knad l\u00e4stid\" \/>\n\t<meta name=\"twitter:data1\" content=\"2 minuter\" \/>\n<script type=\"application\/ld+json\" class=\"yoast-schema-graph\">{\"@context\":\"https:\\\/\\\/schema.org\",\"@graph\":[{\"@type\":\"WebPage\",\"@id\":\"https:\\\/\\\/blackseauniversity.com\\\/sv\\\/bulgariskt-studentvisum\\\/\",\"url\":\"https:\\\/\\\/blackseauniversity.com\\\/sv\\\/bulgariskt-studentvisum\\\/\",\"name\":\"Studera i Europa | Black Sea University | Bulgarien\",\"isPartOf\":{\"@id\":\"https:\\\/\\\/blackseauniversity.com\\\/sv\\\/#website\"},\"datePublished\":\"2023-11-27T16:47:22+00:00\",\"dateModified\":\"2025-08-02T14:55:53+00:00\",\"description\":\"Studenter fr\u00e5n l\u00e4nder utanf\u00f6r EU kan beh\u00f6va visum f\u00f6r att resa in p\u00e5 Bulgariens territorium. N\u00e4r du har f\u00e5tt antagningsbeskedet som bekr\u00e4ftar att\",\"inLanguage\":\"sv-SE\",\"potentialAction\":[{\"@type\":\"ReadAction\",\"target\":[\"https:\\\/\\\/blackseauniversity.com\\\/sv\\\/bulgariskt-studentvisum\\\/\"]}]},{\"@type\":\"WebSite\",\"@id\":\"https:\\\/\\\/blackseauniversity.com\\\/sv\\\/#website\",\"url\":\"https:\\\/\\\/blackseauniversity.com\\\/sv\\\/\",\"name\":\"Study in Bulgaria | Black Sea University | Bulgaria\",\"description\":\"Black Sea University | Bulgaria\",\"publisher\":{\"@id\":\"https:\\\/\\\/blackseauniversity.com\\\/sv\\\/#organization\"},\"alternateName\":\"Study In Europe | Black Sea University | Bulgaria\",\"potentialAction\":[{\"@type\":\"SearchAction\",\"target\":{\"@type\":\"EntryPoint\",\"urlTemplate\":\"https:\\\/\\\/blackseauniversity.com\\\/sv\\\/?s={search_term_string}\"},\"query-input\":{\"@type\":\"PropertyValueSpecification\",\"valueRequired\":true,\"valueName\":\"search_term_string\"}}],\"inLanguage\":\"sv-SE\"},{\"@type\":\"Organization\",\"@id\":\"https:\\\/\\\/blackseauniversity.com\\\/sv\\\/#organization\",\"name\":\"Study in Bulgaria | Black Sea University | Bulgaria\",\"alternateName\":\"Study In Europe\",\"url\":\"https:\\\/\\\/blackseauniversity.com\\\/sv\\\/\",\"logo\":{\"@type\":\"ImageObject\",\"inLanguage\":\"sv-SE\",\"@id\":\"https:\\\/\\\/blackseauniversity.com\\\/sv\\\/#\\\/schema\\\/logo\\\/image\\\/\",\"url\":\"https:\\\/\\\/blackseauniversity.com\\\/wp-content\\\/uploads\\\/2024\\\/01\\\/logo-1.png\",\"contentUrl\":\"https:\\\/\\\/blackseauniversity.com\\\/wp-content\\\/uploads\\\/2024\\\/01\\\/logo-1.png\",\"width\":160,\"height\":60,\"caption\":\"Study in Bulgaria | Black Sea University | Bulgaria\"},\"image\":{\"@id\":\"https:\\\/\\\/blackseauniversity.com\\\/sv\\\/#\\\/schema\\\/logo\\\/image\\\/\"},\"sameAs\":[\"https:\\\/\\\/www.facebook.com\\\/VarnaDenizcilikUniversitesi\",\"https:\\\/\\\/www.instagram.com\\\/black_sea_university\\\/\",\"https:\\\/\\\/t.me\\\/StudyBulgaria\"],\"description\":\"Black Sea University\",\"publishingPrinciples\":\"https:\\\/\\\/blackseauniversity.com\\\/\",\"ownershipFundingInfo\":\"https:\\\/\\\/blackseauniversity.com\\\/study-in-bulgaria\\\/\",\"actionableFeedbackPolicy\":\"https:\\\/\\\/blackseauniversity.com\\\/\",\"correctionsPolicy\":\"https:\\\/\\\/blackseauniversity.com\\\/\"}]}<\/script>\n<!-- \/ Yoast SEO Premium plugin. -->","yoast_head_json":{"title":"Studera i Europa | Black Sea University | Bulgarien","description":"Studenter fr\u00e5n l\u00e4nder utanf\u00f6r EU kan beh\u00f6va visum f\u00f6r att resa in p\u00e5 Bulgariens territorium. N\u00e4r du har f\u00e5tt antagningsbeskedet som bekr\u00e4ftar att","robots":{"index":"index","follow":"follow","max-snippet":"max-snippet:-1","max-image-preview":"max-image-preview:large","max-video-preview":"max-video-preview:-1"},"canonical":"https:\/\/blackseauniversity.com\/sv\/bulgariskt-studentvisum\/","og_locale":"sv_SE","og_type":"article","og_title":"Studera i Europa | Black Sea University | Bulgarien","og_description":"Studenter fr\u00e5n l\u00e4nder utanf\u00f6r EU kan beh\u00f6va visum f\u00f6r att resa in p\u00e5 Bulgariens territorium. N\u00e4r du har f\u00e5tt antagningsbeskedet som bekr\u00e4ftar att","og_url":"https:\/\/blackseauniversity.com\/sv\/bulgariskt-studentvisum\/","og_site_name":"Studera i Europa | Svarta havets universitet | Bulgarien","article_publisher":"https:\/\/www.facebook.com\/VarnaDenizcilikUniversitesi","article_modified_time":"2025-08-02T14:55:53+00:00","og_image":[{"width":1600,"height":1066,"url":"https:\/\/blackseauniversity.com\/wp-content\/uploads\/2024\/03\/Varna-Free-University-4.jpeg","type":"image\/jpeg"}],"twitter_card":"summary_large_image","twitter_misc":{"Ber\u00e4knad l\u00e4stid":"2 minuter"},"schema":{"@context":"https:\/\/schema.org","@graph":[{"@type":"WebPage","@id":"https:\/\/blackseauniversity.com\/sv\/bulgariskt-studentvisum\/","url":"https:\/\/blackseauniversity.com\/sv\/bulgariskt-studentvisum\/","name":"Studera i Europa | Black Sea University | Bulgarien","isPartOf":{"@id":"https:\/\/blackseauniversity.com\/sv\/#website"},"datePublished":"2023-11-27T16:47:22+00:00","dateModified":"2025-08-02T14:55:53+00:00","description":"Studenter fr\u00e5n l\u00e4nder utanf\u00f6r EU kan beh\u00f6va visum f\u00f6r att resa in p\u00e5 Bulgariens territorium. N\u00e4r du har f\u00e5tt antagningsbeskedet som bekr\u00e4ftar att","inLanguage":"sv-SE","potentialAction":[{"@type":"ReadAction","target":["https:\/\/blackseauniversity.com\/sv\/bulgariskt-studentvisum\/"]}]},{"@type":"WebSite","@id":"https:\/\/blackseauniversity.com\/sv\/#website","url":"https:\/\/blackseauniversity.com\/sv\/","name":"Study in Bulgaria | Black Sea University | Bulgaria","description":"Black Sea University | Bulgaria","publisher":{"@id":"https:\/\/blackseauniversity.com\/sv\/#organization"},"alternateName":"Study In Europe | Black Sea University | Bulgaria","potentialAction":[{"@type":"SearchAction","target":{"@type":"EntryPoint","urlTemplate":"https:\/\/blackseauniversity.com\/sv\/?s={search_term_string}"},"query-input":{"@type":"PropertyValueSpecification","valueRequired":true,"valueName":"search_term_string"}}],"inLanguage":"sv-SE"},{"@type":"Organization","@id":"https:\/\/blackseauniversity.com\/sv\/#organization","name":"Study in Bulgaria | Black Sea University | Bulgaria","alternateName":"Study In Europe","url":"https:\/\/blackseauniversity.com\/sv\/","logo":{"@type":"ImageObject","inLanguage":"sv-SE","@id":"https:\/\/blackseauniversity.com\/sv\/#\/schema\/logo\/image\/","url":"https:\/\/blackseauniversity.com\/wp-content\/uploads\/2024\/01\/logo-1.png","contentUrl":"https:\/\/blackseauniversity.com\/wp-content\/uploads\/2024\/01\/logo-1.png","width":160,"height":60,"caption":"Study in Bulgaria | Black Sea University | Bulgaria"},"image":{"@id":"https:\/\/blackseauniversity.com\/sv\/#\/schema\/logo\/image\/"},"sameAs":["https:\/\/www.facebook.com\/VarnaDenizcilikUniversitesi","https:\/\/www.instagram.com\/black_sea_university\/","https:\/\/t.me\/StudyBulgaria"],"description":"Black Sea University","publishingPrinciples":"https:\/\/blackseauniversity.com\/","ownershipFundingInfo":"https:\/\/blackseauniversity.com\/study-in-bulgaria\/","actionableFeedbackPolicy":"https:\/\/blackseauniversity.com\/","correctionsPolicy":"https:\/\/blackseauniversity.com\/"}]}},"_links":{"self":[{"href":"https:\/\/blackseauniversity.com\/sv\/wp-json\/wp\/v2\/pages\/2940","targetHints":{"allow":["GET"]}}],"collection":[{"href":"https:\/\/blackseauniversity.com\/sv\/wp-json\/wp\/v2\/pages"}],"about":[{"href":"https:\/\/blackseauniversity.com\/sv\/wp-json\/wp\/v2\/types\/page"}],"author":[{"embeddable":true,"href":"https:\/\/blackseauniversity.com\/sv\/wp-json\/wp\/v2\/users\/8"}],"replies":[{"embeddable":true,"href":"https:\/\/blackseauniversity.com\/sv\/wp-json\/wp\/v2\/comments?post=2940"}],"version-history":[{"count":10,"href":"https:\/\/blackseauniversity.com\/sv\/wp-json\/wp\/v2\/pages\/2940\/revisions"}],"predecessor-version":[{"id":7223,"href":"https:\/\/blackseauniversity.com\/sv\/wp-json\/wp\/v2\/pages\/2940\/revisions\/7223"}],"wp:attachment":[{"href":"https:\/\/blackseauniversity.com\/sv\/wp-json\/wp\/v2\/media?parent=2940"}],"curies":[{"name":"wp","href":"https:\/\/api.w.org\/{rel}","templated":true}]}}