{"id":3225,"date":"2023-11-22T19:19:57","date_gmt":"2023-11-22T19:19:57","guid":{"rendered":"https:\/\/blackseauniversity.com\/studera-utomlands\/"},"modified":"2025-07-31T12:14:43","modified_gmt":"2025-07-31T12:14:43","slug":"studera-utomlands","status":"publish","type":"page","link":"https:\/\/blackseauniversity.com\/sv\/studera-utomlands\/","title":{"rendered":"Studera utomlands"},"content":{"rendered":"\t\t<div data-elementor-type=\"wp-page\" data-elementor-id=\"3225\" class=\"elementor elementor-3225 elementor-283\">\n\t\t\t\t\t\t<section class=\"elementor-section elementor-top-section elementor-element elementor-element-55146dac elementor-section-content-middle elementor-section-boxed elementor-section-height-default elementor-section-height-default\" data-id=\"55146dac\" data-element_type=\"section\" data-e-type=\"section\" data-settings=\"{&quot;background_background&quot;:&quot;classic&quot;}\">\n\t\t\t\t\t\t\t<div class=\"elementor-background-overlay\"><\/div>\n\t\t\t\t\t\t\t<div class=\"elementor-container elementor-column-gap-default\">\n\t\t\t\t\t<div class=\"elementor-column elementor-col-50 elementor-top-column elementor-element elementor-element-12d905a2\" data-id=\"12d905a2\" data-element_type=\"column\" data-e-type=\"column\" data-settings=\"{&quot;background_background&quot;:&quot;classic&quot;}\">\n\t\t\t<div class=\"elementor-widget-wrap elementor-element-populated\">\n\t\t\t\t\t\t<div class=\"elementor-element elementor-element-283a5a56 elementor-widget elementor-widget-heading\" data-id=\"283a5a56\" data-element_type=\"widget\" data-e-type=\"widget\" data-widget_type=\"heading.default\">\n\t\t\t\t<div class=\"elementor-widget-container\">\n\t\t\t\t\t<h2 class=\"elementor-heading-title elementor-size-default\">om<\/h2>\t\t\t\t<\/div>\n\t\t\t\t<\/div>\n\t\t\t\t<div class=\"elementor-element elementor-element-2a3225e elementor-widget elementor-widget-heading\" data-id=\"2a3225e\" data-element_type=\"widget\" data-e-type=\"widget\" data-widget_type=\"heading.default\">\n\t\t\t\t<div class=\"elementor-widget-container\">\n\t\t\t\t\t<h2 class=\"elementor-heading-title elementor-size-default\">Studera utomlands<\/h2>\t\t\t\t<\/div>\n\t\t\t\t<\/div>\n\t\t\t\t\t<\/div>\n\t\t<\/div>\n\t\t\t\t<div class=\"elementor-column elementor-col-50 elementor-top-column elementor-element elementor-element-2d8f7fdb elementor-hidden-tablet elementor-hidden-phone\" data-id=\"2d8f7fdb\" data-element_type=\"column\" data-e-type=\"column\">\n\t\t\t<div class=\"elementor-widget-wrap\">\n\t\t\t\t\t\t\t<\/div>\n\t\t<\/div>\n\t\t\t\t\t<\/div>\n\t\t<\/section>\n\t\t\t\t<section class=\"elementor-section elementor-top-section elementor-element elementor-element-495a6cb7 elementor-section-content-middle elementor-section-boxed elementor-section-height-default elementor-section-height-default\" data-id=\"495a6cb7\" data-element_type=\"section\" data-e-type=\"section\" data-settings=\"{&quot;background_background&quot;:&quot;classic&quot;}\">\n\t\t\t\t\t\t<div class=\"elementor-container elementor-column-gap-default\">\n\t\t\t\t\t<div class=\"elementor-column elementor-col-50 elementor-top-column elementor-element elementor-element-61902d19\" data-id=\"61902d19\" data-element_type=\"column\" data-e-type=\"column\">\n\t\t\t<div class=\"elementor-widget-wrap elementor-element-populated\">\n\t\t\t\t\t\t<div class=\"elementor-element elementor-element-d564ba0 elementor-widget elementor-widget-image\" data-id=\"d564ba0\" data-element_type=\"widget\" data-e-type=\"widget\" data-widget_type=\"image.default\">\n\t\t\t\t<div class=\"elementor-widget-container\">\n\t\t\t\t\t\t\t\t\t\t\t\t\t\t\t<img fetchpriority=\"high\" decoding=\"async\" width=\"800\" height=\"534\" src=\"https:\/\/blackseauniversity.com\/wp-content\/uploads\/2024\/03\/University-of-Economics-2-1024x683.jpeg\" class=\"attachment-large size-large wp-image-4754\" alt=\"\u041e\u0431\u0443\u0447\u0435\u043d\u0438\u0435 \u0437\u0430 \u0440\u0443\u0431\u0435\u0436\u043e\u043c\" srcset=\"https:\/\/blackseauniversity.com\/wp-content\/uploads\/2024\/03\/University-of-Economics-2-1024x683.jpeg 1024w, https:\/\/blackseauniversity.com\/wp-content\/uploads\/2024\/03\/University-of-Economics-2-300x200.jpeg 300w, https:\/\/blackseauniversity.com\/wp-content\/uploads\/2024\/03\/University-of-Economics-2-768x512.jpeg 768w, https:\/\/blackseauniversity.com\/wp-content\/uploads\/2024\/03\/University-of-Economics-2.jpeg 1152w\" sizes=\"(max-width: 800px) 100vw, 800px\" \/>\t\t\t\t\t\t\t\t\t\t\t\t\t\t\t<\/div>\n\t\t\t\t<\/div>\n\t\t\t\t\t<\/div>\n\t\t<\/div>\n\t\t\t\t<div class=\"elementor-column elementor-col-50 elementor-top-column elementor-element elementor-element-27490f8d\" data-id=\"27490f8d\" data-element_type=\"column\" data-e-type=\"column\">\n\t\t\t<div class=\"elementor-widget-wrap elementor-element-populated\">\n\t\t\t\t\t\t<div class=\"elementor-element elementor-element-5c9abf7b elementor-widget elementor-widget-heading\" data-id=\"5c9abf7b\" data-element_type=\"widget\" data-e-type=\"widget\" data-widget_type=\"heading.default\">\n\t\t\t\t<div class=\"elementor-widget-container\">\n\t\t\t\t\t<h2 class=\"elementor-heading-title elementor-size-default\">Veta allt<\/h2>\t\t\t\t<\/div>\n\t\t\t\t<\/div>\n\t\t\t\t<div class=\"elementor-element elementor-element-5bd809da elementor-widget elementor-widget-heading\" data-id=\"5bd809da\" data-element_type=\"widget\" data-e-type=\"widget\" data-widget_type=\"heading.default\">\n\t\t\t\t<div class=\"elementor-widget-container\">\n\t\t\t\t\t<h2 class=\"elementor-heading-title elementor-size-default\">Studera utomlands<\/h2>\t\t\t\t<\/div>\n\t\t\t\t<\/div>\n\t\t\t\t<div class=\"elementor-element elementor-element-244ce510 elementor-widget elementor-widget-text-editor\" data-id=\"244ce510\" data-element_type=\"widget\" data-e-type=\"widget\" data-widget_type=\"text-editor.default\">\n\t\t\t\t<div class=\"elementor-widget-container\">\n\t\t\t\t\t\t\t\t\t<p>Funderar du p\u00e5 att studera i ett annat land? Du \u00e4r inte ensam. Varje \u00e5r studerar \u00f6ver 25 000 studenter fr\u00e5n Sverige vid universitet och h\u00f6gskolor utomlands. De flesta ordnar utlandsstudier sj\u00e4lva, men m\u00e5nga \u00e5ker ocks\u00e5 som utbytesstudenter.<\/p><p>Vi hj\u00e4lper dig att hitta den utbildningsv\u00e4g som passar dig. Inom de olika \u00e4mnesomr\u00e5dena kan du l\u00e4sa om vad \u00e4mnet inneb\u00e4r och vilka inriktningar som finns.<br>F\u00f6r studenter som s\u00f6ker placering i Bulgarien (h\u00f6gskola, gymnasium och alla andra) och som s\u00f6ker m\u00f6jligheter till utlandsstudier, spr\u00e5kstudier utomlands, praktik utomlands och volont\u00e4rarbete utomlands hittar du en omfattande lista \u00f6ver program<\/p>\t\t\t\t\t\t\t\t<\/div>\n\t\t\t\t<\/div>\n\t\t\t\t\t<\/div>\n\t\t<\/div>\n\t\t\t\t\t<\/div>\n\t\t<\/section>\n\t\t\t\t<section class=\"elementor-section elementor-top-section elementor-element elementor-element-94d7e27 elementor-section-content-middle elementor-section-boxed elementor-section-height-default elementor-section-height-default\" data-id=\"94d7e27\" data-element_type=\"section\" data-e-type=\"section\" data-settings=\"{&quot;background_background&quot;:&quot;classic&quot;}\">\n\t\t\t\t\t\t<div class=\"elementor-container elementor-column-gap-default\">\n\t\t\t\t\t<div class=\"elementor-column elementor-col-50 elementor-top-column elementor-element elementor-element-5d1bb3f\" data-id=\"5d1bb3f\" data-element_type=\"column\" data-e-type=\"column\">\n\t\t\t<div class=\"elementor-widget-wrap elementor-element-populated\">\n\t\t\t\t\t\t<div class=\"elementor-element elementor-element-513d437 elementor-widget elementor-widget-heading\" data-id=\"513d437\" data-element_type=\"widget\" data-e-type=\"widget\" data-widget_type=\"heading.default\">\n\t\t\t\t<div class=\"elementor-widget-container\">\n\t\t\t\t\t<h2 class=\"elementor-heading-title elementor-size-default\">Planera dina studier utomlands<\/h2>\t\t\t\t<\/div>\n\t\t\t\t<\/div>\n\t\t\t\t<div class=\"elementor-element elementor-element-3b0375b elementor-widget elementor-widget-text-editor\" data-id=\"3b0375b\" data-element_type=\"widget\" data-e-type=\"widget\" data-widget_type=\"text-editor.default\">\n\t\t\t\t<div class=\"elementor-widget-container\">\n\t\t\t\t\t\t\t\t\t<p>F\u00f6r att f\u00e5 ut s\u00e5 mycket som m\u00f6jligt av tiden utomlands kr\u00e4vs planering och planering. Vart ska du? Vad vill du studera? \u00c4r det b\u00e4st f\u00f6r dig att g\u00e5 p\u00e5 egen hand, eller k\u00e4nns det tryggare att ta hj\u00e4lp av en mellanhand? Det finns ocks\u00e5 ett antal program f\u00f6r utbyten mellan universitet och h\u00f6gskolor i olika l\u00e4nder att v\u00e4lja mellan.<\/p><p>Hos https:\/\/blackseauniversity.com hittar du all information du beh\u00f6ver f\u00f6r att ta reda p\u00e5 exakt hur du vill ha det.<\/p>\t\t\t\t\t\t\t\t<\/div>\n\t\t\t\t<\/div>\n\t\t\t\t<div class=\"elementor-element elementor-element-a0ab47d elementor-widget elementor-widget-button\" data-id=\"a0ab47d\" data-element_type=\"widget\" data-e-type=\"widget\" data-widget_type=\"button.default\">\n\t\t\t\t<div class=\"elementor-widget-container\">\n\t\t\t\t\t\t\t\t\t<div class=\"elementor-button-wrapper\">\n\t\t\t\t\t<a class=\"elementor-button elementor-button-link elementor-size-sm\" href=\"https:\/\/blackseauniversity.com\/sv\/studera-i-bulgarien\/\">\n\t\t\t\t\t\t<span class=\"elementor-button-content-wrapper\">\n\t\t\t\t\t\t\t\t\t<span class=\"elementor-button-text\">Studera i Europa<\/span>\n\t\t\t\t\t<\/span>\n\t\t\t\t\t<\/a>\n\t\t\t\t<\/div>\n\t\t\t\t\t\t\t\t<\/div>\n\t\t\t\t<\/div>\n\t\t\t\t\t<\/div>\n\t\t<\/div>\n\t\t\t\t<div class=\"elementor-column elementor-col-50 elementor-top-column elementor-element elementor-element-f565227\" data-id=\"f565227\" data-element_type=\"column\" data-e-type=\"column\">\n\t\t\t<div class=\"elementor-widget-wrap elementor-element-populated\">\n\t\t\t\t\t\t<div class=\"elementor-element elementor-element-66f0f1c elementor-widget elementor-widget-heading\" data-id=\"66f0f1c\" data-element_type=\"widget\" data-e-type=\"widget\" data-widget_type=\"heading.default\">\n\t\t\t\t<div class=\"elementor-widget-container\">\n\t\t\t\t\t<h2 class=\"elementor-heading-title elementor-size-default\">Spr\u00e5k, h\u00f6g ranking eller bra v\u00e4der?<\/h2>\t\t\t\t<\/div>\n\t\t\t\t<\/div>\n\t\t\t\t<div class=\"elementor-element elementor-element-3db26f5 elementor-widget elementor-widget-text-editor\" data-id=\"3db26f5\" data-element_type=\"widget\" data-e-type=\"widget\" data-widget_type=\"text-editor.default\">\n\t\t\t\t<div class=\"elementor-widget-container\">\n\t\t\t\t\t\t\t\t\t<p>F\u00f6r den som i f\u00f6rsta hand vill l\u00e4ra sig ett spr\u00e5k \u00e4r valet av land att studera i kanske inte s\u00e5 sv\u00e5rt. F\u00f6r andra kan det vara ett varmare klimat som lockar eller l\u00e5ga kostnader. Vad \u00e4r viktigast f\u00f6r dig?<\/p>\t\t\t\t\t\t\t\t<\/div>\n\t\t\t\t<\/div>\n\t\t\t\t<div class=\"elementor-element elementor-element-be75660 elementor-widget elementor-widget-heading\" data-id=\"be75660\" data-element_type=\"widget\" data-e-type=\"widget\" data-widget_type=\"heading.default\">\n\t\t\t\t<div class=\"elementor-widget-container\">\n\t\t\t\t\t<h2 class=\"elementor-heading-title elementor-size-default\">Studiemedel f\u00f6r spr\u00e5kkurser utomlands<\/h2>\t\t\t\t<\/div>\n\t\t\t\t<\/div>\n\t\t\t\t<div class=\"elementor-element elementor-element-33c1a8c elementor-widget elementor-widget-text-editor\" data-id=\"33c1a8c\" data-element_type=\"widget\" data-e-type=\"widget\" data-widget_type=\"text-editor.default\">\n\t\t\t\t<div class=\"elementor-widget-container\">\n\t\t\t\t\t\t\t\t\t<p>Varf\u00f6r sitta och slarva med anteckningar i ett klassrum i Sverige n\u00e4r man kan g\u00f6ra det i det land d\u00e4r spr\u00e5ket talas? Spr\u00e5kkurser finns tillg\u00e4ngliga \u00f6ver hela v\u00e4rlden. Det enda som kr\u00e4vs \u00e4r antagning till universitet i Sverige. CSN ger l\u00e5n och bidrag till studier som varar minst tre veckor inom EU och 13 veckor i ett utomeuropeiskt land.<\/p>\t\t\t\t\t\t\t\t<\/div>\n\t\t\t\t<\/div>\n\t\t\t\t\t<\/div>\n\t\t<\/div>\n\t\t\t\t\t<\/div>\n\t\t<\/section>\n\t\t\t\t<section class=\"elementor-section elementor-top-section elementor-element elementor-element-ff675fc elementor-section-content-middle elementor-section-boxed elementor-section-height-default elementor-section-height-default\" data-id=\"ff675fc\" data-element_type=\"section\" data-e-type=\"section\" data-settings=\"{&quot;background_background&quot;:&quot;classic&quot;}\">\n\t\t\t\t\t\t<div class=\"elementor-container elementor-column-gap-default\">\n\t\t\t\t\t<div class=\"elementor-column elementor-col-50 elementor-top-column elementor-element elementor-element-1392de1\" data-id=\"1392de1\" data-element_type=\"column\" data-e-type=\"column\">\n\t\t\t<div class=\"elementor-widget-wrap elementor-element-populated\">\n\t\t\t\t\t\t<div class=\"elementor-element elementor-element-6fcaf10 elementor-widget elementor-widget-heading\" data-id=\"6fcaf10\" data-element_type=\"widget\" data-e-type=\"widget\" data-widget_type=\"heading.default\">\n\t\t\t\t<div class=\"elementor-widget-container\">\n\t\t\t\t\t<h2 class=\"elementor-heading-title elementor-size-default\">Listor \u00f6ver de b\u00e4sta universiteten i v\u00e4rlden<\/h2>\t\t\t\t<\/div>\n\t\t\t\t<\/div>\n\t\t\t\t<div class=\"elementor-element elementor-element-a5206fb elementor-widget elementor-widget-text-editor\" data-id=\"a5206fb\" data-element_type=\"widget\" data-e-type=\"widget\" data-widget_type=\"text-editor.default\">\n\t\t\t\t<div class=\"elementor-widget-container\">\n\t\t\t\t\t\t\t\t\t<p>F\u00f6r den som tycker att undervisningens kvalitet och skolans rykte \u00e4r viktigast finns internationella rankningar, som utifr\u00e5n vissa parametrar m\u00e4ter undervisningens kvalitet. Titta p\u00e5 flera olika listor, eftersom de kan ha lite olika kriterier f\u00f6r vad som anses vara kvalitet.<\/p><p>Det kan ocks\u00e5 vara bra att prata med andra som har g\u00e5tt i skolan om sina erfarenheter.<\/p>\t\t\t\t\t\t\t\t<\/div>\n\t\t\t\t<\/div>\n\t\t\t\t\t<\/div>\n\t\t<\/div>\n\t\t\t\t<div class=\"elementor-column elementor-col-50 elementor-top-column elementor-element elementor-element-b8db71a\" data-id=\"b8db71a\" data-element_type=\"column\" data-e-type=\"column\">\n\t\t\t<div class=\"elementor-widget-wrap elementor-element-populated\">\n\t\t\t\t\t\t<div class=\"elementor-element elementor-element-a82ac5b elementor-widget elementor-widget-heading\" data-id=\"a82ac5b\" data-element_type=\"widget\" data-e-type=\"widget\" data-widget_type=\"heading.default\">\n\t\t\t\t<div class=\"elementor-widget-container\">\n\t\t\t\t\t<h2 class=\"elementor-heading-title elementor-size-default\">Studera p\u00e5 stranden \u2013 \u00e5ret runt<\/h2>\t\t\t\t<\/div>\n\t\t\t\t<\/div>\n\t\t\t\t<div class=\"elementor-element elementor-element-0310d22 elementor-widget elementor-widget-text-editor\" data-id=\"0310d22\" data-element_type=\"widget\" data-e-type=\"widget\" data-widget_type=\"text-editor.default\">\n\t\t\t\t<div class=\"elementor-widget-container\">\n\t\t\t\t\t\t\t\t\t<p>Det finns gott om universitet i andra l\u00e4nder med ett trevligare klimat \u00e4n det svenska, som erbjuder engelskspr\u00e5kig undervisning f\u00f6r svenska g\u00e4ststudenter. Ett annat s\u00e4tt att fly vinterm\u00f6rkret \u00e4r att l\u00e4sa en svensk distansutbildning och ta med sig studiehj\u00e4lpsmedlet till ett varmare land.<\/p>\t\t\t\t\t\t\t\t<\/div>\n\t\t\t\t<\/div>\n\t\t\t\t\t<\/div>\n\t\t<\/div>\n\t\t\t\t\t<\/div>\n\t\t<\/section>\n\t\t\t\t<\/div>\n\t\t","protected":false},"excerpt":{"rendered":"<p>om Studera utomlands Veta allt Studera utomlands Funderar du p\u00e5 att studera i ett annat land? Du \u00e4r inte ensam. Varje \u00e5r studerar \u00f6ver 25 000 studenter fr\u00e5n Sverige vid universitet och h\u00f6gskolor utomlands. De flesta ordnar utlandsstudier sj\u00e4lva, men m\u00e5nga \u00e5ker ocks\u00e5 som utbytesstudenter. Vi hj\u00e4lper dig att hitta den utbildningsv\u00e4g som passar dig. [&hellip;]<\/p>\n","protected":false},"author":8,"featured_media":0,"parent":0,"menu_order":0,"comment_status":"closed","ping_status":"closed","template":"elementor_theme","meta":{"footnotes":""},"class_list":["post-3225","page","type-page","status-publish","hentry"],"yoast_head":"<!-- This site is optimized with the Yoast SEO Premium plugin v27.5 (Yoast SEO v27.5) - https:\/\/yoast.com\/product\/yoast-seo-premium-wordpress\/ -->\n<title>Studera utomlands | Studera i Europa | Svarta havets universitet | Bulgarien<\/title>\n<meta name=\"description\" content=\"Funderar du p\u00e5 att studera i ett annat land? Du \u00e4r inte ensam. Varje \u00e5r studerar \u00f6ver 25 000 studenter fr\u00e5n Sverige p\u00e5 universitet och h\u00f6gskolor\" \/>\n<meta name=\"robots\" content=\"index, follow, max-snippet:-1, max-image-preview:large, max-video-preview:-1\" \/>\n<link rel=\"canonical\" href=\"https:\/\/blackseauniversity.com\/sv\/studera-utomlands\/\" \/>\n<meta property=\"og:locale\" content=\"sv_SE\" \/>\n<meta property=\"og:type\" content=\"article\" \/>\n<meta property=\"og:title\" content=\"Studera utomlands | Studera i Europa | Svarta havets universitet | Bulgarien\" \/>\n<meta property=\"og:description\" content=\"Funderar du p\u00e5 att studera i ett annat land? Du \u00e4r inte ensam. Varje \u00e5r studerar \u00f6ver 25 000 studenter fr\u00e5n Sverige p\u00e5 universitet och h\u00f6gskolor\" \/>\n<meta property=\"og:url\" content=\"https:\/\/blackseauniversity.com\/sv\/studera-utomlands\/\" \/>\n<meta property=\"og:site_name\" content=\"Studera i Europa | Svarta havets universitet | Bulgarien\" \/>\n<meta property=\"article:publisher\" content=\"https:\/\/www.facebook.com\/VarnaDenizcilikUniversitesi\" \/>\n<meta property=\"article:modified_time\" content=\"2025-07-31T12:14:43+00:00\" \/>\n<meta property=\"og:image\" content=\"https:\/\/blackseauniversity.com\/wp-content\/uploads\/2024\/03\/University-of-Economics-2.jpeg\" \/>\n\t<meta property=\"og:image:width\" content=\"1152\" \/>\n\t<meta property=\"og:image:height\" content=\"768\" \/>\n\t<meta property=\"og:image:type\" content=\"image\/jpeg\" \/>\n<meta name=\"twitter:card\" content=\"summary_large_image\" \/>\n<meta name=\"twitter:label1\" content=\"Ber\u00e4knad l\u00e4stid\" \/>\n\t<meta name=\"twitter:data1\" content=\"3 minuter\" \/>\n<script type=\"application\/ld+json\" class=\"yoast-schema-graph\">{\"@context\":\"https:\\\/\\\/schema.org\",\"@graph\":[{\"@type\":\"WebPage\",\"@id\":\"https:\\\/\\\/blackseauniversity.com\\\/sv\\\/studera-utomlands\\\/\",\"url\":\"https:\\\/\\\/blackseauniversity.com\\\/sv\\\/studera-utomlands\\\/\",\"name\":\"Studera utomlands | Studera i Europa | Svarta havets universitet | Bulgarien\",\"isPartOf\":{\"@id\":\"https:\\\/\\\/blackseauniversity.com\\\/sv\\\/#website\"},\"primaryImageOfPage\":{\"@id\":\"https:\\\/\\\/blackseauniversity.com\\\/sv\\\/studera-utomlands\\\/#primaryimage\"},\"image\":{\"@id\":\"https:\\\/\\\/blackseauniversity.com\\\/sv\\\/studera-utomlands\\\/#primaryimage\"},\"thumbnailUrl\":\"https:\\\/\\\/blackseauniversity.com\\\/wp-content\\\/uploads\\\/2024\\\/03\\\/University-of-Economics-2-1024x683.jpeg\",\"datePublished\":\"2023-11-22T19:19:57+00:00\",\"dateModified\":\"2025-07-31T12:14:43+00:00\",\"description\":\"Funderar du p\u00e5 att studera i ett annat land? Du \u00e4r inte ensam. Varje \u00e5r studerar \u00f6ver 25 000 studenter fr\u00e5n Sverige p\u00e5 universitet och h\u00f6gskolor\",\"inLanguage\":\"sv-SE\",\"potentialAction\":[{\"@type\":\"ReadAction\",\"target\":[\"https:\\\/\\\/blackseauniversity.com\\\/sv\\\/studera-utomlands\\\/\"]}]},{\"@type\":\"ImageObject\",\"inLanguage\":\"sv-SE\",\"@id\":\"https:\\\/\\\/blackseauniversity.com\\\/sv\\\/studera-utomlands\\\/#primaryimage\",\"url\":\"https:\\\/\\\/blackseauniversity.com\\\/wp-content\\\/uploads\\\/2024\\\/03\\\/University-of-Economics-2-1024x683.jpeg\",\"contentUrl\":\"https:\\\/\\\/blackseauniversity.com\\\/wp-content\\\/uploads\\\/2024\\\/03\\\/University-of-Economics-2-1024x683.jpeg\"},{\"@type\":\"WebSite\",\"@id\":\"https:\\\/\\\/blackseauniversity.com\\\/sv\\\/#website\",\"url\":\"https:\\\/\\\/blackseauniversity.com\\\/sv\\\/\",\"name\":\"Study in Bulgaria | Black Sea University | Bulgaria\",\"description\":\"Black Sea University | Bulgaria\",\"publisher\":{\"@id\":\"https:\\\/\\\/blackseauniversity.com\\\/sv\\\/#organization\"},\"alternateName\":\"Study In Europe | Black Sea University | Bulgaria\",\"potentialAction\":[{\"@type\":\"SearchAction\",\"target\":{\"@type\":\"EntryPoint\",\"urlTemplate\":\"https:\\\/\\\/blackseauniversity.com\\\/sv\\\/?s={search_term_string}\"},\"query-input\":{\"@type\":\"PropertyValueSpecification\",\"valueRequired\":true,\"valueName\":\"search_term_string\"}}],\"inLanguage\":\"sv-SE\"},{\"@type\":\"Organization\",\"@id\":\"https:\\\/\\\/blackseauniversity.com\\\/sv\\\/#organization\",\"name\":\"Study in Bulgaria | Black Sea University | Bulgaria\",\"alternateName\":\"Study In Europe\",\"url\":\"https:\\\/\\\/blackseauniversity.com\\\/sv\\\/\",\"logo\":{\"@type\":\"ImageObject\",\"inLanguage\":\"sv-SE\",\"@id\":\"https:\\\/\\\/blackseauniversity.com\\\/sv\\\/#\\\/schema\\\/logo\\\/image\\\/\",\"url\":\"https:\\\/\\\/blackseauniversity.com\\\/wp-content\\\/uploads\\\/2024\\\/01\\\/logo-1.png\",\"contentUrl\":\"https:\\\/\\\/blackseauniversity.com\\\/wp-content\\\/uploads\\\/2024\\\/01\\\/logo-1.png\",\"width\":160,\"height\":60,\"caption\":\"Study in Bulgaria | Black Sea University | Bulgaria\"},\"image\":{\"@id\":\"https:\\\/\\\/blackseauniversity.com\\\/sv\\\/#\\\/schema\\\/logo\\\/image\\\/\"},\"sameAs\":[\"https:\\\/\\\/www.facebook.com\\\/VarnaDenizcilikUniversitesi\",\"https:\\\/\\\/www.instagram.com\\\/black_sea_university\\\/\",\"https:\\\/\\\/t.me\\\/StudyBulgaria\"],\"description\":\"Universitetet i Svarta havet\",\"publishingPrinciples\":\"https:\\\/\\\/blackseauniversity.com\\\/\",\"ownershipFundingInfo\":\"https:\\\/\\\/blackseauniversity.com\\\/study-in-bulgaria\\\/\",\"actionableFeedbackPolicy\":\"https:\\\/\\\/blackseauniversity.com\\\/\",\"correctionsPolicy\":\"https:\\\/\\\/blackseauniversity.com\\\/\"}]}<\/script>\n<!-- \/ Yoast SEO Premium plugin. -->","yoast_head_json":{"title":"Studera utomlands | Studera i Europa | Svarta havets universitet | Bulgarien","description":"Funderar du p\u00e5 att studera i ett annat land? Du \u00e4r inte ensam. Varje \u00e5r studerar \u00f6ver 25 000 studenter fr\u00e5n Sverige p\u00e5 universitet och h\u00f6gskolor","robots":{"index":"index","follow":"follow","max-snippet":"max-snippet:-1","max-image-preview":"max-image-preview:large","max-video-preview":"max-video-preview:-1"},"canonical":"https:\/\/blackseauniversity.com\/sv\/studera-utomlands\/","og_locale":"sv_SE","og_type":"article","og_title":"Studera utomlands | Studera i Europa | Svarta havets universitet | Bulgarien","og_description":"Funderar du p\u00e5 att studera i ett annat land? Du \u00e4r inte ensam. Varje \u00e5r studerar \u00f6ver 25 000 studenter fr\u00e5n Sverige p\u00e5 universitet och h\u00f6gskolor","og_url":"https:\/\/blackseauniversity.com\/sv\/studera-utomlands\/","og_site_name":"Studera i Europa | Svarta havets universitet | Bulgarien","article_publisher":"https:\/\/www.facebook.com\/VarnaDenizcilikUniversitesi","article_modified_time":"2025-07-31T12:14:43+00:00","og_image":[{"width":1152,"height":768,"url":"https:\/\/blackseauniversity.com\/wp-content\/uploads\/2024\/03\/University-of-Economics-2.jpeg","type":"image\/jpeg"}],"twitter_card":"summary_large_image","twitter_misc":{"Ber\u00e4knad l\u00e4stid":"3 minuter"},"schema":{"@context":"https:\/\/schema.org","@graph":[{"@type":"WebPage","@id":"https:\/\/blackseauniversity.com\/sv\/studera-utomlands\/","url":"https:\/\/blackseauniversity.com\/sv\/studera-utomlands\/","name":"Studera utomlands | Studera i Europa | Svarta havets universitet | Bulgarien","isPartOf":{"@id":"https:\/\/blackseauniversity.com\/sv\/#website"},"primaryImageOfPage":{"@id":"https:\/\/blackseauniversity.com\/sv\/studera-utomlands\/#primaryimage"},"image":{"@id":"https:\/\/blackseauniversity.com\/sv\/studera-utomlands\/#primaryimage"},"thumbnailUrl":"https:\/\/blackseauniversity.com\/wp-content\/uploads\/2024\/03\/University-of-Economics-2-1024x683.jpeg","datePublished":"2023-11-22T19:19:57+00:00","dateModified":"2025-07-31T12:14:43+00:00","description":"Funderar du p\u00e5 att studera i ett annat land? Du \u00e4r inte ensam. Varje \u00e5r studerar \u00f6ver 25 000 studenter fr\u00e5n Sverige p\u00e5 universitet och h\u00f6gskolor","inLanguage":"sv-SE","potentialAction":[{"@type":"ReadAction","target":["https:\/\/blackseauniversity.com\/sv\/studera-utomlands\/"]}]},{"@type":"ImageObject","inLanguage":"sv-SE","@id":"https:\/\/blackseauniversity.com\/sv\/studera-utomlands\/#primaryimage","url":"https:\/\/blackseauniversity.com\/wp-content\/uploads\/2024\/03\/University-of-Economics-2-1024x683.jpeg","contentUrl":"https:\/\/blackseauniversity.com\/wp-content\/uploads\/2024\/03\/University-of-Economics-2-1024x683.jpeg"},{"@type":"WebSite","@id":"https:\/\/blackseauniversity.com\/sv\/#website","url":"https:\/\/blackseauniversity.com\/sv\/","name":"Study in Bulgaria | Black Sea University | Bulgaria","description":"Black Sea University | Bulgaria","publisher":{"@id":"https:\/\/blackseauniversity.com\/sv\/#organization"},"alternateName":"Study In Europe | Black Sea University | Bulgaria","potentialAction":[{"@type":"SearchAction","target":{"@type":"EntryPoint","urlTemplate":"https:\/\/blackseauniversity.com\/sv\/?s={search_term_string}"},"query-input":{"@type":"PropertyValueSpecification","valueRequired":true,"valueName":"search_term_string"}}],"inLanguage":"sv-SE"},{"@type":"Organization","@id":"https:\/\/blackseauniversity.com\/sv\/#organization","name":"Study in Bulgaria | Black Sea University | Bulgaria","alternateName":"Study In Europe","url":"https:\/\/blackseauniversity.com\/sv\/","logo":{"@type":"ImageObject","inLanguage":"sv-SE","@id":"https:\/\/blackseauniversity.com\/sv\/#\/schema\/logo\/image\/","url":"https:\/\/blackseauniversity.com\/wp-content\/uploads\/2024\/01\/logo-1.png","contentUrl":"https:\/\/blackseauniversity.com\/wp-content\/uploads\/2024\/01\/logo-1.png","width":160,"height":60,"caption":"Study in Bulgaria | Black Sea University | Bulgaria"},"image":{"@id":"https:\/\/blackseauniversity.com\/sv\/#\/schema\/logo\/image\/"},"sameAs":["https:\/\/www.facebook.com\/VarnaDenizcilikUniversitesi","https:\/\/www.instagram.com\/black_sea_university\/","https:\/\/t.me\/StudyBulgaria"],"description":"Universitetet i Svarta havet","publishingPrinciples":"https:\/\/blackseauniversity.com\/","ownershipFundingInfo":"https:\/\/blackseauniversity.com\/study-in-bulgaria\/","actionableFeedbackPolicy":"https:\/\/blackseauniversity.com\/","correctionsPolicy":"https:\/\/blackseauniversity.com\/"}]}},"_links":{"self":[{"href":"https:\/\/blackseauniversity.com\/sv\/wp-json\/wp\/v2\/pages\/3225","targetHints":{"allow":["GET"]}}],"collection":[{"href":"https:\/\/blackseauniversity.com\/sv\/wp-json\/wp\/v2\/pages"}],"about":[{"href":"https:\/\/blackseauniversity.com\/sv\/wp-json\/wp\/v2\/types\/page"}],"author":[{"embeddable":true,"href":"https:\/\/blackseauniversity.com\/sv\/wp-json\/wp\/v2\/users\/8"}],"replies":[{"embeddable":true,"href":"https:\/\/blackseauniversity.com\/sv\/wp-json\/wp\/v2\/comments?post=3225"}],"version-history":[{"count":8,"href":"https:\/\/blackseauniversity.com\/sv\/wp-json\/wp\/v2\/pages\/3225\/revisions"}],"predecessor-version":[{"id":7168,"href":"https:\/\/blackseauniversity.com\/sv\/wp-json\/wp\/v2\/pages\/3225\/revisions\/7168"}],"wp:attachment":[{"href":"https:\/\/blackseauniversity.com\/sv\/wp-json\/wp\/v2\/media?parent=3225"}],"curies":[{"name":"wp","href":"https:\/\/api.w.org\/{rel}","templated":true}]}}