{"id":6183,"date":"2024-07-06T20:40:10","date_gmt":"2024-07-06T20:40:10","guid":{"rendered":"https:\/\/blackseauniversity.com\/medicinska-fakulteten-burgas\/"},"modified":"2026-05-09T13:19:23","modified_gmt":"2026-05-09T13:19:23","slug":"medicinska-fakulteten-burgas","status":"publish","type":"page","link":"https:\/\/blackseauniversity.com\/sv\/medicinska-fakulteten-burgas\/","title":{"rendered":"Studera artificiell intelligens"},"content":{"rendered":"\t\t<div data-elementor-type=\"wp-page\" data-elementor-id=\"6183\" class=\"elementor elementor-6183 elementor-6153\">\n\t\t\t\t\t\t<section class=\"elementor-section elementor-top-section elementor-element elementor-element-55146dac elementor-section-content-middle elementor-section-boxed elementor-section-height-default elementor-section-height-default\" data-id=\"55146dac\" data-element_type=\"section\" data-e-type=\"section\" data-settings=\"{&quot;background_background&quot;:&quot;classic&quot;}\">\n\t\t\t\t\t\t\t<div class=\"elementor-background-overlay\"><\/div>\n\t\t\t\t\t\t\t<div class=\"elementor-container elementor-column-gap-default\">\n\t\t\t\t\t<div class=\"elementor-column elementor-col-50 elementor-top-column elementor-element elementor-element-12d905a2\" data-id=\"12d905a2\" data-element_type=\"column\" data-e-type=\"column\" data-settings=\"{&quot;background_background&quot;:&quot;classic&quot;}\">\n\t\t\t<div class=\"elementor-widget-wrap elementor-element-populated\">\n\t\t\t\t\t\t<div class=\"elementor-element elementor-element-283a5a56 elementor-widget elementor-widget-heading\" data-id=\"283a5a56\" data-element_type=\"widget\" data-e-type=\"widget\" data-widget_type=\"heading.default\">\n\t\t\t\t<div class=\"elementor-widget-container\">\n\t\t\t\t\t<h2 class=\"elementor-heading-title elementor-size-default\">Program<\/h2>\t\t\t\t<\/div>\n\t\t\t\t<\/div>\n\t\t\t\t<div class=\"elementor-element elementor-element-2a3225e elementor-widget elementor-widget-heading\" data-id=\"2a3225e\" data-element_type=\"widget\" data-e-type=\"widget\" data-widget_type=\"heading.default\">\n\t\t\t\t<div class=\"elementor-widget-container\">\n\t\t\t\t\t<h2 class=\"elementor-heading-title elementor-size-default\">Studera artificiell intelligens<\/h2>\t\t\t\t<\/div>\n\t\t\t\t<\/div>\n\t\t\t\t\t<\/div>\n\t\t<\/div>\n\t\t\t\t<div class=\"elementor-column elementor-col-50 elementor-top-column elementor-element elementor-element-2d8f7fdb elementor-hidden-tablet elementor-hidden-phone\" data-id=\"2d8f7fdb\" data-element_type=\"column\" data-e-type=\"column\">\n\t\t\t<div class=\"elementor-widget-wrap\">\n\t\t\t\t\t\t\t<\/div>\n\t\t<\/div>\n\t\t\t\t\t<\/div>\n\t\t<\/section>\n\t\t<div class=\"elementor-element elementor-element-4cefbf0 e-flex e-con-boxed e-con e-parent\" data-id=\"4cefbf0\" data-element_type=\"container\" data-e-type=\"container\">\n\t\t\t\t\t<div class=\"e-con-inner\">\n\t\t\t\t<div class=\"elementor-element elementor-element-255bed9 elementor-widget elementor-widget-heading\" data-id=\"255bed9\" data-element_type=\"widget\" data-e-type=\"widget\" data-widget_type=\"heading.default\">\n\t\t\t\t<div class=\"elementor-widget-container\">\n\t\t\t\t\t<h2 class=\"elementor-heading-title elementor-size-default\">Artificiell intelligens - Tekniska universitetet Varna<\/h2>\t\t\t\t<\/div>\n\t\t\t\t<\/div>\n\t\t\t\t\t<\/div>\n\t\t\t\t<\/div>\n\t\t\t\t<section class=\"elementor-section elementor-top-section elementor-element elementor-element-fdc2564 elementor-section-content-middle elementor-section-boxed elementor-section-height-default elementor-section-height-default\" data-id=\"fdc2564\" data-element_type=\"section\" data-e-type=\"section\" data-settings=\"{&quot;background_background&quot;:&quot;classic&quot;}\">\n\t\t\t\t\t\t<div class=\"elementor-container elementor-column-gap-default\">\n\t\t\t\t\t<div class=\"elementor-column elementor-col-100 elementor-top-column elementor-element elementor-element-9397371\" data-id=\"9397371\" data-element_type=\"column\" data-e-type=\"column\">\n\t\t\t<div class=\"elementor-widget-wrap elementor-element-populated\">\n\t\t\t\t\t\t<div class=\"elementor-element elementor-element-472dce8 elementor-widget elementor-widget-text-editor\" data-id=\"472dce8\" data-element_type=\"widget\" data-e-type=\"widget\" data-widget_type=\"text-editor.default\">\n\t\t\t\t<div class=\"elementor-widget-container\">\n\t\t\t\t\t\t\t\t\t<p><strong><b>Vilka \u00e4r antagningskraven?<\/b><\/strong><\/p><p>Den konkurrensutsatta po\u00e4ngen f\u00f6r s\u00f6kande till specialiseringen &#8221;Intelligent Systems and Artificial Intelligence (p\u00e5 <strong><b>engelska <\/b><\/strong>)&#8221; bildas genom att l\u00e4gga till en av f\u00f6ljande grader till gymnasieexamen i matematik och den h\u00f6gsta graden i fysik, informatik eller informationsteknologi:<\/p><ul><li>Den h\u00f6gsta av matriculationsprovet i:<\/li><\/ul><p>&#8211; matematik, multiplicerat med 3;<br>&#8211; eller i fysik multiplicerat med 3;<br>&#8211; eller en matematikprofilprov multiplicerat med 3;<br>&#8211; eller ett f\u00e4rdighetsprov i fysik multiplicerat med 3;<br>&#8211; eller ett f\u00e4rdighetsprov i datavetenskap multiplicerat med 3;<br>&#8211; eller ett f\u00e4rdighetsprov i informationsteknologi multiplicerat med 3;<\/p><ul><li>eller ett matematiktest (prelimin\u00e4rt eller vanligt) multiplicerat med 3.<\/li><\/ul><p>Kandidaternas konkurrenspo\u00e4ng f\u00f6r specialiseringen &#8221;Intelligenta system och artificiell intelligens (p\u00e5 engelska)&#8221; bildas enligt ovan n\u00e4mnda metodik <strong><b>efter godk\u00e4nt slutf\u00f6rande av en prov (prelimin\u00e4r eller ordinarie) <\/b><\/strong>ELLER en <strong><b>matriculationsexamen p\u00e5 engelska <\/b><\/strong>ELLER ett <strong><b>erk\u00e4nt kunskapsintyg i engelska<\/b><\/strong>.<\/p><p>Erk\u00e4nda certifikat fr\u00e5n internationella engelskaprov enligt f\u00f6ljande:<\/p><ul><li>FCE (F\u00f6rsta certifikatet p\u00e5 engelska)<\/li><li>CAE (Cambridge Certificate in Advanced English)<\/li><li>CPE (Certificate of Proficiency in English)<\/li><li>IELTS (band 6, 7, 8, 9)<\/li><li>PITMAN &#8211; H\u00f6gre Mellanniv\u00e5 &#8211; Avancerad<\/li><li>TOEFL-prov, CBT, IBT (med minst 550, 213 eller 79 po\u00e4ng respektive)<\/li><li>PTE Academic (minst 59 po\u00e4ng)<\/li><li>PTE General (minst niv\u00e5 3),<\/li><li><p><strong><b>Vilka \u00e4r antagningskraven?<\/b><\/strong><\/p><p>Konkurrenspo\u00e4ngen f\u00f6r s\u00f6kande till specialiseringen &#8221;Intelligenta system och artificiell intelligens (p\u00e5 bulgariska)&#8221; bildas genom att l\u00e4gga till en av f\u00f6ljande grader till graderna i gymnasieexamen i matematik och h\u00f6gsta betyget i fysik, informatik eller informationsteknologi:<\/p><ul><li>Den h\u00f6gsta av matriculationsprovet i:<\/li><\/ul><p>&#8211; matematik, multiplicerat med 3;<br>&#8211; eller i fysik multiplicerat med 3;<br>&#8211; eller en matematikprofilprov multiplicerat med 3;<br>&#8211; eller ett f\u00e4rdighetsprov i fysik multiplicerat med 3;<br>&#8211; eller ett f\u00e4rdighetsprov i datavetenskap multiplicerat med 3;<br>&#8211; eller ett f\u00e4rdighetsprov i informationsteknologi multiplicerat med 3;<\/p><ul><li>eller ett matematiktest (prelimin\u00e4rt eller vanligt) multiplicerat med 3.<\/li><\/ul><p>Kandidaternas konkurrenspo\u00e4ng f\u00f6r specialiseringen &#8221;Intelligenta system och artificiell intelligens (p\u00e5 engelska)&#8221; bildas enligt ovan n\u00e4mnda metodik <strong><b>efter godk\u00e4nt slutf\u00f6rande av en prov (prelimin\u00e4r eller ordinarie) <\/b><\/strong>ELLER en <strong><b>matriculationsexamen p\u00e5 engelska <\/b><\/strong>ELLER ett <strong><b>erk\u00e4nt kunskapsintyg i engelska<\/b><\/strong>.<\/p><p>Erk\u00e4nda certifikat fr\u00e5n internationella engelskaprov enligt f\u00f6ljande:<\/p><ul><li>FCE (F\u00f6rsta certifikatet p\u00e5 engelska)<\/li><li>CAE (Cambridge Certificate in Advanced English)<\/li><li>CPE (Certificate of Proficiency in English)<\/li><li>IELTS (band 6, 7, 8, 9)<\/li><li>PITMAN &#8211; H\u00f6gre Mellanniv\u00e5 &#8211; Avancerad<\/li><li>TOEFL-prov, CBT, IBT (med minst 550, 213 eller 79 po\u00e4ng respektive)<\/li><li>PTE Academic (minst 59 po\u00e4ng)<\/li><li>PTE General (minst niv\u00e5 3),<\/li><\/ul><\/li><\/ul>\t\t\t\t\t\t\t\t<\/div>\n\t\t\t\t<\/div>\n\t\t\t\t<div class=\"elementor-element elementor-element-e836e5e elementor-widget elementor-widget-jkit_button\" data-id=\"e836e5e\" data-element_type=\"widget\" data-e-type=\"widget\" data-widget_type=\"jkit_button.default\">\n\t\t\t\t<div class=\"elementor-widget-container\">\n\t\t\t\t\t<div  class=\"jeg-elementor-kit jkit-button  icon-position-before jeg_module___69ff348e7a4e5\" ><a href=\"https:\/\/blackseauniversity.com\/sv\/kontakt\/\" class=\"jkit-button-wrapper\">Anm\u00e4l dig nu<\/a><\/div>\t\t\t\t<\/div>\n\t\t\t\t<\/div>\n\t\t\t\t\t<\/div>\n\t\t<\/div>\n\t\t\t\t\t<\/div>\n\t\t<\/section>\n\t\t\t\t<\/div>\n\t\t","protected":false},"excerpt":{"rendered":"<p>Program Studera artificiell intelligens Artificiell intelligens &#8211; Tekniska universitetet Varna Vilka \u00e4r antagningskraven? Den konkurrensutsatta po\u00e4ngen f\u00f6r s\u00f6kande till specialiseringen &#8221;Intelligent Systems and Artificial Intelligence (p\u00e5 engelska )&#8221; bildas genom att l\u00e4gga till en av f\u00f6ljande grader till gymnasieexamen i matematik och den h\u00f6gsta graden i fysik, informatik eller informationsteknologi: Den h\u00f6gsta av matriculationsprovet i: [&hellip;]<\/p>\n","protected":false},"author":8,"featured_media":0,"parent":0,"menu_order":0,"comment_status":"closed","ping_status":"closed","template":"","meta":{"footnotes":""},"class_list":["post-6183","page","type-page","status-publish","hentry"],"yoast_head":"<!-- This site is optimized with the Yoast SEO Premium plugin v27.5 (Yoast SEO v27.5) - https:\/\/yoast.com\/product\/yoast-seo-premium-wordpress\/ -->\n<title>Studera artificiell intelligens | Studera i Europa | Svarta havets universitet | Bulgarien<\/title>\n<meta name=\"description\" content=\"Den 10.05.2019 antog den 44:e nationalf\u00f6rsamlingen ett beslut att \u00f6ppna en medicinsk fakultet inom universitetets struktur &quot;Prof\" \/>\n<meta name=\"robots\" content=\"index, follow, max-snippet:-1, max-image-preview:large, max-video-preview:-1\" \/>\n<link rel=\"canonical\" href=\"https:\/\/blackseauniversity.com\/sv\/medicinska-fakulteten-burgas\/\" \/>\n<meta property=\"og:locale\" content=\"sv_SE\" \/>\n<meta property=\"og:type\" content=\"article\" \/>\n<meta property=\"og:title\" content=\"Studera artificiell intelligens | Studera i Europa | Svarta havets universitet | Bulgarien\" \/>\n<meta property=\"og:description\" content=\"Den 10.05.2019 antog den 44:e nationalf\u00f6rsamlingen ett beslut att \u00f6ppna en medicinsk fakultet inom universitetets struktur &quot;Prof\" \/>\n<meta property=\"og:url\" content=\"https:\/\/blackseauniversity.com\/sv\/medicinska-fakulteten-burgas\/\" \/>\n<meta property=\"og:site_name\" content=\"Studera i Europa | Svarta havets universitet | Bulgarien\" \/>\n<meta property=\"article:publisher\" content=\"https:\/\/www.facebook.com\/VarnaDenizcilikUniversitesi\" \/>\n<meta property=\"article:modified_time\" content=\"2026-05-09T13:19:23+00:00\" \/>\n<meta property=\"og:image\" content=\"https:\/\/blackseauniversity.com\/wp-content\/uploads\/2024\/03\/Varna-Free-University-4.jpeg\" \/>\n\t<meta property=\"og:image:width\" content=\"1600\" \/>\n\t<meta property=\"og:image:height\" content=\"1066\" \/>\n\t<meta property=\"og:image:type\" content=\"image\/jpeg\" \/>\n<meta name=\"twitter:card\" content=\"summary_large_image\" \/>\n<meta name=\"twitter:label1\" content=\"Ber\u00e4knad l\u00e4stid\" \/>\n\t<meta name=\"twitter:data1\" content=\"2 minuter\" \/>\n<script type=\"application\/ld+json\" class=\"yoast-schema-graph\">{\"@context\":\"https:\\\/\\\/schema.org\",\"@graph\":[{\"@type\":\"WebPage\",\"@id\":\"https:\\\/\\\/blackseauniversity.com\\\/sv\\\/medicinska-fakulteten-burgas\\\/\",\"url\":\"https:\\\/\\\/blackseauniversity.com\\\/sv\\\/medicinska-fakulteten-burgas\\\/\",\"name\":\"Studera artificiell intelligens | Studera i Europa | Svarta havets universitet | Bulgarien\",\"isPartOf\":{\"@id\":\"https:\\\/\\\/blackseauniversity.com\\\/sv\\\/#website\"},\"datePublished\":\"2024-07-06T20:40:10+00:00\",\"dateModified\":\"2026-05-09T13:19:23+00:00\",\"description\":\"Den 10.05.2019 antog den 44:e nationalf\u00f6rsamlingen ett beslut att \u00f6ppna en medicinsk fakultet inom universitetets struktur \\\"Prof\",\"inLanguage\":\"sv-SE\",\"potentialAction\":[{\"@type\":\"ReadAction\",\"target\":[\"https:\\\/\\\/blackseauniversity.com\\\/sv\\\/medicinska-fakulteten-burgas\\\/\"]}]},{\"@type\":\"WebSite\",\"@id\":\"https:\\\/\\\/blackseauniversity.com\\\/sv\\\/#website\",\"url\":\"https:\\\/\\\/blackseauniversity.com\\\/sv\\\/\",\"name\":\"Study In Europe | Black Sea University | Bulgaria\",\"description\":\"Study In Europe | Black Sea University | Bulgaria\",\"publisher\":{\"@id\":\"https:\\\/\\\/blackseauniversity.com\\\/sv\\\/#organization\"},\"alternateName\":\"Study In Europe | Black Sea University | Bulgaria\",\"potentialAction\":[{\"@type\":\"SearchAction\",\"target\":{\"@type\":\"EntryPoint\",\"urlTemplate\":\"https:\\\/\\\/blackseauniversity.com\\\/sv\\\/?s={search_term_string}\"},\"query-input\":{\"@type\":\"PropertyValueSpecification\",\"valueRequired\":true,\"valueName\":\"search_term_string\"}}],\"inLanguage\":\"sv-SE\"},{\"@type\":\"Organization\",\"@id\":\"https:\\\/\\\/blackseauniversity.com\\\/sv\\\/#organization\",\"name\":\"Study In Europe | Black Sea University | Bulgaria\",\"alternateName\":\"Study In Europe\",\"url\":\"https:\\\/\\\/blackseauniversity.com\\\/sv\\\/\",\"logo\":{\"@type\":\"ImageObject\",\"inLanguage\":\"sv-SE\",\"@id\":\"https:\\\/\\\/blackseauniversity.com\\\/sv\\\/#\\\/schema\\\/logo\\\/image\\\/\",\"url\":\"https:\\\/\\\/blackseauniversity.com\\\/wp-content\\\/uploads\\\/2024\\\/01\\\/logo-1.png\",\"contentUrl\":\"https:\\\/\\\/blackseauniversity.com\\\/wp-content\\\/uploads\\\/2024\\\/01\\\/logo-1.png\",\"width\":160,\"height\":60,\"caption\":\"Study In Europe | Black Sea University | Bulgaria\"},\"image\":{\"@id\":\"https:\\\/\\\/blackseauniversity.com\\\/sv\\\/#\\\/schema\\\/logo\\\/image\\\/\"},\"sameAs\":[\"https:\\\/\\\/www.facebook.com\\\/VarnaDenizcilikUniversitesi\",\"https:\\\/\\\/www.instagram.com\\\/black_sea_university\\\/\",\"https:\\\/\\\/t.me\\\/StudyBulgaria\"],\"description\":\"Universitetet i Svarta havet\",\"publishingPrinciples\":\"https:\\\/\\\/blackseauniversity.com\\\/\",\"actionableFeedbackPolicy\":\"https:\\\/\\\/blackseauniversity.com\\\/\",\"correctionsPolicy\":\"https:\\\/\\\/blackseauniversity.com\\\/\"}]}<\/script>\n<!-- \/ Yoast SEO Premium plugin. -->","yoast_head_json":{"title":"Studera artificiell intelligens | Studera i Europa | Svarta havets universitet | Bulgarien","description":"Den 10.05.2019 antog den 44:e nationalf\u00f6rsamlingen ett beslut att \u00f6ppna en medicinsk fakultet inom universitetets struktur \"Prof","robots":{"index":"index","follow":"follow","max-snippet":"max-snippet:-1","max-image-preview":"max-image-preview:large","max-video-preview":"max-video-preview:-1"},"canonical":"https:\/\/blackseauniversity.com\/sv\/medicinska-fakulteten-burgas\/","og_locale":"sv_SE","og_type":"article","og_title":"Studera artificiell intelligens | Studera i Europa | Svarta havets universitet | Bulgarien","og_description":"Den 10.05.2019 antog den 44:e nationalf\u00f6rsamlingen ett beslut att \u00f6ppna en medicinsk fakultet inom universitetets struktur \"Prof","og_url":"https:\/\/blackseauniversity.com\/sv\/medicinska-fakulteten-burgas\/","og_site_name":"Studera i Europa | Svarta havets universitet | Bulgarien","article_publisher":"https:\/\/www.facebook.com\/VarnaDenizcilikUniversitesi","article_modified_time":"2026-05-09T13:19:23+00:00","og_image":[{"width":1600,"height":1066,"url":"https:\/\/blackseauniversity.com\/wp-content\/uploads\/2024\/03\/Varna-Free-University-4.jpeg","type":"image\/jpeg"}],"twitter_card":"summary_large_image","twitter_misc":{"Ber\u00e4knad l\u00e4stid":"2 minuter"},"schema":{"@context":"https:\/\/schema.org","@graph":[{"@type":"WebPage","@id":"https:\/\/blackseauniversity.com\/sv\/medicinska-fakulteten-burgas\/","url":"https:\/\/blackseauniversity.com\/sv\/medicinska-fakulteten-burgas\/","name":"Studera artificiell intelligens | Studera i Europa | Svarta havets universitet | Bulgarien","isPartOf":{"@id":"https:\/\/blackseauniversity.com\/sv\/#website"},"datePublished":"2024-07-06T20:40:10+00:00","dateModified":"2026-05-09T13:19:23+00:00","description":"Den 10.05.2019 antog den 44:e nationalf\u00f6rsamlingen ett beslut att \u00f6ppna en medicinsk fakultet inom universitetets struktur \"Prof","inLanguage":"sv-SE","potentialAction":[{"@type":"ReadAction","target":["https:\/\/blackseauniversity.com\/sv\/medicinska-fakulteten-burgas\/"]}]},{"@type":"WebSite","@id":"https:\/\/blackseauniversity.com\/sv\/#website","url":"https:\/\/blackseauniversity.com\/sv\/","name":"Study In Europe | Black Sea University | Bulgaria","description":"Study In Europe | Black Sea University | Bulgaria","publisher":{"@id":"https:\/\/blackseauniversity.com\/sv\/#organization"},"alternateName":"Study In Europe | Black Sea University | Bulgaria","potentialAction":[{"@type":"SearchAction","target":{"@type":"EntryPoint","urlTemplate":"https:\/\/blackseauniversity.com\/sv\/?s={search_term_string}"},"query-input":{"@type":"PropertyValueSpecification","valueRequired":true,"valueName":"search_term_string"}}],"inLanguage":"sv-SE"},{"@type":"Organization","@id":"https:\/\/blackseauniversity.com\/sv\/#organization","name":"Study In Europe | Black Sea University | Bulgaria","alternateName":"Study In Europe","url":"https:\/\/blackseauniversity.com\/sv\/","logo":{"@type":"ImageObject","inLanguage":"sv-SE","@id":"https:\/\/blackseauniversity.com\/sv\/#\/schema\/logo\/image\/","url":"https:\/\/blackseauniversity.com\/wp-content\/uploads\/2024\/01\/logo-1.png","contentUrl":"https:\/\/blackseauniversity.com\/wp-content\/uploads\/2024\/01\/logo-1.png","width":160,"height":60,"caption":"Study In Europe | Black Sea University | Bulgaria"},"image":{"@id":"https:\/\/blackseauniversity.com\/sv\/#\/schema\/logo\/image\/"},"sameAs":["https:\/\/www.facebook.com\/VarnaDenizcilikUniversitesi","https:\/\/www.instagram.com\/black_sea_university\/","https:\/\/t.me\/StudyBulgaria"],"description":"Universitetet i Svarta havet","publishingPrinciples":"https:\/\/blackseauniversity.com\/","actionableFeedbackPolicy":"https:\/\/blackseauniversity.com\/","correctionsPolicy":"https:\/\/blackseauniversity.com\/"}]}},"_links":{"self":[{"href":"https:\/\/blackseauniversity.com\/sv\/wp-json\/wp\/v2\/pages\/6183","targetHints":{"allow":["GET"]}}],"collection":[{"href":"https:\/\/blackseauniversity.com\/sv\/wp-json\/wp\/v2\/pages"}],"about":[{"href":"https:\/\/blackseauniversity.com\/sv\/wp-json\/wp\/v2\/types\/page"}],"author":[{"embeddable":true,"href":"https:\/\/blackseauniversity.com\/sv\/wp-json\/wp\/v2\/users\/8"}],"replies":[{"embeddable":true,"href":"https:\/\/blackseauniversity.com\/sv\/wp-json\/wp\/v2\/comments?post=6183"}],"version-history":[{"count":10,"href":"https:\/\/blackseauniversity.com\/sv\/wp-json\/wp\/v2\/pages\/6183\/revisions"}],"predecessor-version":[{"id":10156,"href":"https:\/\/blackseauniversity.com\/sv\/wp-json\/wp\/v2\/pages\/6183\/revisions\/10156"}],"wp:attachment":[{"href":"https:\/\/blackseauniversity.com\/sv\/wp-json\/wp\/v2\/media?parent=6183"}],"curies":[{"name":"wp","href":"https:\/\/api.w.org\/{rel}","templated":true}]}}