{"id":2388,"date":"2023-11-23T16:30:08","date_gmt":"2023-11-23T16:30:08","guid":{"rendered":"https:\/\/blackseauniversity.com\/denizcilik-kurslari\/"},"modified":"2026-04-24T18:17:47","modified_gmt":"2026-04-24T18:17:47","slug":"varna-denizcilik-universitesi","status":"publish","type":"page","link":"https:\/\/blackseauniversity.com\/tr\/varna-denizcilik-universitesi\/","title":{"rendered":"Varna Denizcilik \u00dcniversitesi"},"content":{"rendered":"\t\t<div data-elementor-type=\"wp-page\" data-elementor-id=\"2388\" class=\"elementor elementor-2388 elementor-388\">\n\t\t\t\t\t\t<section class=\"elementor-section elementor-top-section elementor-element elementor-element-55146dac elementor-section-content-middle elementor-section-boxed elementor-section-height-default elementor-section-height-default\" data-id=\"55146dac\" data-element_type=\"section\" data-e-type=\"section\" data-settings=\"{&quot;background_background&quot;:&quot;classic&quot;}\">\n\t\t\t\t\t\t\t<div class=\"elementor-background-overlay\"><\/div>\n\t\t\t\t\t\t\t<div class=\"elementor-container elementor-column-gap-default\">\n\t\t\t\t\t<div class=\"elementor-column elementor-col-50 elementor-top-column elementor-element elementor-element-12d905a2\" data-id=\"12d905a2\" data-element_type=\"column\" data-e-type=\"column\" data-settings=\"{&quot;background_background&quot;:&quot;classic&quot;}\">\n\t\t\t<div class=\"elementor-widget-wrap elementor-element-populated\">\n\t\t\t\t\t\t<div class=\"elementor-element elementor-element-283a5a56 elementor-widget elementor-widget-heading\" data-id=\"283a5a56\" data-element_type=\"widget\" data-e-type=\"widget\" data-widget_type=\"heading.default\">\n\t\t\t\t<div class=\"elementor-widget-container\">\n\t\t\t\t\t<h2 class=\"elementor-heading-title elementor-size-default\">Program<\/h2>\t\t\t\t<\/div>\n\t\t\t\t<\/div>\n\t\t\t\t<div class=\"elementor-element elementor-element-2a3225e elementor-widget elementor-widget-heading\" data-id=\"2a3225e\" data-element_type=\"widget\" data-e-type=\"widget\" data-widget_type=\"heading.default\">\n\t\t\t\t<div class=\"elementor-widget-container\">\n\t\t\t\t\t<h2 class=\"elementor-heading-title elementor-size-default\">Varna Denizcilik \u00dcniversitesi<\/h2>\t\t\t\t<\/div>\n\t\t\t\t<\/div>\n\t\t\t\t\t<\/div>\n\t\t<\/div>\n\t\t\t\t<div class=\"elementor-column elementor-col-50 elementor-top-column elementor-element elementor-element-2d8f7fdb elementor-hidden-tablet elementor-hidden-phone\" data-id=\"2d8f7fdb\" data-element_type=\"column\" data-e-type=\"column\">\n\t\t\t<div class=\"elementor-widget-wrap\">\n\t\t\t\t\t\t\t<\/div>\n\t\t<\/div>\n\t\t\t\t\t<\/div>\n\t\t<\/section>\n\t\t<div class=\"elementor-element elementor-element-c26e3c4 e-flex e-con-boxed e-con e-parent\" data-id=\"c26e3c4\" data-element_type=\"container\" data-e-type=\"container\">\n\t\t\t\t\t<div class=\"e-con-inner\">\n\t\t\t\t<div class=\"elementor-element elementor-element-8d5c170 elementor-widget elementor-widget-text-editor\" data-id=\"8d5c170\" data-element_type=\"widget\" data-e-type=\"widget\" data-widget_type=\"text-editor.default\">\n\t\t\t\t<div class=\"elementor-widget-container\">\n\t\t\t\t\t\t\t\t\t<p>Bulgaristan&#8217;da E\u011fitim<\/p>\t\t\t\t\t\t\t\t<\/div>\n\t\t\t\t<\/div>\n\t\t\t\t\t<\/div>\n\t\t\t\t<\/div>\n\t\t<div class=\"elementor-element elementor-element-a20de13 e-flex e-con-boxed e-con e-parent\" data-id=\"a20de13\" data-element_type=\"container\" data-e-type=\"container\">\n\t\t\t\t\t<div class=\"e-con-inner\">\n\t\t\t\t<div class=\"elementor-element elementor-element-b0f2943 elementor-widget elementor-widget-heading\" data-id=\"b0f2943\" data-element_type=\"widget\" data-e-type=\"widget\" data-widget_type=\"heading.default\">\n\t\t\t\t<div class=\"elementor-widget-container\">\n\t\t\t\t\t<h2 class=\"elementor-heading-title elementor-size-default\">Varna Denizcilik \u00dcniversitesi<\/h2>\t\t\t\t<\/div>\n\t\t\t\t<\/div>\n\t\t\t\t\t<\/div>\n\t\t\t\t<\/div>\n\t\t<div class=\"elementor-element elementor-element-7c1b087 e-grid e-con-boxed e-con e-parent\" data-id=\"7c1b087\" data-element_type=\"container\" data-e-type=\"container\">\n\t\t\t\t\t<div class=\"e-con-inner\">\n\t\t\t\t<div class=\"elementor-element elementor-element-26d59d2 elementor-widget elementor-widget-image\" data-id=\"26d59d2\" data-element_type=\"widget\" data-e-type=\"widget\" data-widget_type=\"image.default\">\n\t\t\t\t<div class=\"elementor-widget-container\">\n\t\t\t\t\t\t\t\t\t\t\t\t\t\t\t<img fetchpriority=\"high\" decoding=\"async\" width=\"708\" height=\"708\" src=\"https:\/\/blackseauniversity.com\/wp-content\/uploads\/2025\/08\/470198936_1079317800355793_2682664104099099970_n-2.jpg\" class=\"attachment-large size-large wp-image-7860\" alt=\"Varna Denizcilik Akademisi\" srcset=\"https:\/\/blackseauniversity.com\/wp-content\/uploads\/2025\/08\/470198936_1079317800355793_2682664104099099970_n-2.jpg 708w, https:\/\/blackseauniversity.com\/wp-content\/uploads\/2025\/08\/470198936_1079317800355793_2682664104099099970_n-2-300x300.jpg 300w, https:\/\/blackseauniversity.com\/wp-content\/uploads\/2025\/08\/470198936_1079317800355793_2682664104099099970_n-2-150x150.jpg 150w\" sizes=\"(max-width: 708px) 100vw, 708px\" \/>\t\t\t\t\t\t\t\t\t\t\t\t\t\t\t<\/div>\n\t\t\t\t<\/div>\n\t\t\t\t<div class=\"elementor-element elementor-element-9b0eadc elementor-widget elementor-widget-text-editor\" data-id=\"9b0eadc\" data-element_type=\"widget\" data-e-type=\"widget\" data-widget_type=\"text-editor.default\">\n\t\t\t\t<div class=\"elementor-widget-container\">\n\t\t\t\t\t\t\t\t\t<p>Varna Denizcilik \u00dcniversitesi \u2013 Bulgar Denizcilik \u00dcniversitesi. 1881&#8217;deki kurulu\u015fundan bu yana temel amac\u0131, Bulgar Donanmas\u0131 ve denizcilik end\u00fcstrisi i\u00e7in y\u00fcksek nitelikli liderler yeti\u015ftirmek, onlar\u0131 d\u00f6n\u00fc\u015fen Donanma&#8217;n\u0131n ve h\u0131zla de\u011fi\u015fen k\u00fcresel denizcilik ekonomisi sekt\u00f6r\u00fcn\u00fcn zorluklar\u0131na haz\u0131rlamak olmu\u015ftur. 1904 y\u0131l\u0131nda, deniz kuvvetleri ve sivil denizcilik ile sanayi, demiryollar\u0131, k\u00f6m\u00fcr madenleri, elektrik santralleri vb. i\u00e7in teknik personel yeti\u015ftiren bir orta teknik okula y\u00fckseltildi. Deniz kuvvetleri ve sivil denizcilik i\u00e7in deniz subaylar\u0131 yeti\u015ftirmeye y\u00f6nelik ilk \u00e7aba 1914&#8217;te ger\u00e7ekle\u015fti ve 1942&#8217;de okul, g\u00fcverte subaylar\u0131 ve elektromekanik\u00e7iler yeti\u015ftiren bir Denizcilik Akademisi olarak yeniden yap\u0131land\u0131r\u0131ld\u0131. 1949&#8217;da, \u00fcnl\u00fc Bulgar \u015fairi ve devrimcisi, Varna Y\u00fcksek Denizcilik Akademisi mezunu Nikola Vaptsarov&#8217;un ad\u0131n\u0131 alarak \u201cNikola Vaptsarov Y\u00fcksek Denizcilik Akademisi\u201d olarak yeniden adland\u0131r\u0131ld\u0131. 1960 y\u0131l\u0131nda, Bulgaristan Uluslararas\u0131 Denizcilik \u00d6rg\u00fct\u00fc (IMO) \u00fcyesi oldu\u011funda, Varna&#8217;daki Denizcilik Akademisi d\u00fcnya standartlar\u0131nda bir y\u00fcksek\u00f6\u011fretim kurumu (<a href=\"https:\/\/web.archive.org\/web\/20180416002624\/https:\/\/www.igi-global.com\/\" target=\"_blank\" rel=\"noopener\">Y\u00d6K<\/a>) haline geldi ve 1953&#8217;te yabanc\u0131 \u00f6\u011frenci yeti\u015ftirmeye ba\u015flad\u0131; 1993 y\u0131l\u0131na gelindi\u011finde ise 12 farkl\u0131 \u00fclkeden \u00f6\u011frenciler hem Ordu hem de Ticaret Denizcili\u011fi i\u00e7in e\u011fitim ald\u0131. 1974&#8217;te Akademi eski ekipmanlar\u0131n\u0131 modernize etti. 1986 y\u0131l\u0131nda \u00f6\u011frencilere y\u0131ld\u0131zlar\u0131n aras\u0131nda gezinmeyi \u00f6\u011freten Planetaryum (Balkanlar&#8217;\u0131n en b\u00fcy\u00fc\u011f\u00fc) a\u00e7\u0131ld\u0131.<\/p>\t\t\t\t\t\t\t\t<\/div>\n\t\t\t\t<\/div>\n\t\t\t\t\t<\/div>\n\t\t\t\t<\/div>\n\t\t\t\t<section class=\"elementor-section elementor-top-section elementor-element elementor-element-495a6cb7 elementor-section-content-middle elementor-section-boxed elementor-section-height-default elementor-section-height-default\" data-id=\"495a6cb7\" data-element_type=\"section\" data-e-type=\"section\" data-settings=\"{&quot;background_background&quot;:&quot;classic&quot;}\">\n\t\t\t\t\t\t<div class=\"elementor-container elementor-column-gap-default\">\n\t\t\t\t\t<div class=\"elementor-column elementor-col-50 elementor-top-column elementor-element elementor-element-27490f8d\" data-id=\"27490f8d\" data-element_type=\"column\" data-e-type=\"column\">\n\t\t\t<div class=\"elementor-widget-wrap elementor-element-populated\">\n\t\t\t\t\t\t<div class=\"elementor-element elementor-element-5c9abf7b elementor-widget elementor-widget-heading\" data-id=\"5c9abf7b\" data-element_type=\"widget\" data-e-type=\"widget\" data-widget_type=\"heading.default\">\n\t\t\t\t<div class=\"elementor-widget-container\">\n\t\t\t\t\t<h2 class=\"elementor-heading-title elementor-size-default\">Okumak<\/h2>\t\t\t\t<\/div>\n\t\t\t\t<\/div>\n\t\t\t\t<div class=\"elementor-element elementor-element-5bd809da elementor-widget elementor-widget-heading\" data-id=\"5bd809da\" data-element_type=\"widget\" data-e-type=\"widget\" data-widget_type=\"heading.default\">\n\t\t\t\t<div class=\"elementor-widget-container\">\n\t\t\t\t\t<h2 class=\"elementor-heading-title elementor-size-default\">E\u011fitim Programlar\u0131\n<\/h2>\t\t\t\t<\/div>\n\t\t\t\t<\/div>\n\t\t\t\t<div class=\"elementor-element elementor-element-78eadde elementor-icon-list--layout-traditional elementor-list-item-link-full_width elementor-widget elementor-widget-icon-list\" data-id=\"78eadde\" data-element_type=\"widget\" data-e-type=\"widget\" data-widget_type=\"icon-list.default\">\n\t\t\t\t<div class=\"elementor-widget-container\">\n\t\t\t\t\t\t\t<ul class=\"elementor-icon-list-items\">\n\t\t\t\t\t\t\t<li class=\"elementor-icon-list-item\">\n\t\t\t\t\t\t\t\t\t\t\t<span class=\"elementor-icon-list-icon\">\n\t\t\t\t\t\t\t<i aria-hidden=\"true\" class=\"icon icon-check\"><\/i>\t\t\t\t\t\t<\/span>\n\t\t\t\t\t\t\t\t\t\t<span class=\"elementor-icon-list-text\">\u2013 \u201cSeyir\u201d Fak\u00fcltesi<\/span>\n\t\t\t\t\t\t\t\t\t<\/li>\n\t\t\t\t\t\t\t\t<li class=\"elementor-icon-list-item\">\n\t\t\t\t\t\t\t\t\t\t\t<span class=\"elementor-icon-list-icon\">\n\t\t\t\t\t\t\t<i aria-hidden=\"true\" class=\"icon icon-check\"><\/i>\t\t\t\t\t\t<\/span>\n\t\t\t\t\t\t\t\t\t\t<span class=\"elementor-icon-list-text\">Gemi Kaptan\u0131<\/span>\n\t\t\t\t\t\t\t\t\t<\/li>\n\t\t\t\t\t\t\t\t<li class=\"elementor-icon-list-item\">\n\t\t\t\t\t\t\t\t\t\t\t<span class=\"elementor-icon-list-icon\">\n\t\t\t\t\t\t\t<i aria-hidden=\"true\" class=\"icon icon-check\"><\/i>\t\t\t\t\t\t<\/span>\n\t\t\t\t\t\t\t\t\t\t<span class=\"elementor-icon-list-text\">\u2013 M\u00fchendislik Fak\u00fcltesi<\/span>\n\t\t\t\t\t\t\t\t\t<\/li>\n\t\t\t\t\t\t\t\t<li class=\"elementor-icon-list-item\">\n\t\t\t\t\t\t\t\t\t\t\t<span class=\"elementor-icon-list-icon\">\n\t\t\t\t\t\t\t<i aria-hidden=\"true\" class=\"icon icon-check\"><\/i>\t\t\t\t\t\t<\/span>\n\t\t\t\t\t\t\t\t\t\t<span class=\"elementor-icon-list-text\">-Deniz m\u00fchendisli\u011fi<\/span>\n\t\t\t\t\t\t\t\t\t<\/li>\n\t\t\t\t\t\t\t\t<li class=\"elementor-icon-list-item\">\n\t\t\t\t\t\t\t\t\t\t\t<span class=\"elementor-icon-list-icon\">\n\t\t\t\t\t\t\t<i aria-hidden=\"true\" class=\"icon icon-check\"><\/i>\t\t\t\t\t\t<\/span>\n\t\t\t\t\t\t\t\t\t\t<span class=\"elementor-icon-list-text\">-Gemi \u0130n\u015faat\u0131 ve Deniz M\u00fchendisli\u011fi<\/span>\n\t\t\t\t\t\t\t\t\t<\/li>\n\t\t\t\t\t\t<\/ul>\n\t\t\t\t\t\t<\/div>\n\t\t\t\t<\/div>\n\t\t\t\t<div class=\"elementor-element elementor-element-6b5c24e elementor-widget elementor-widget-jkit_button\" data-id=\"6b5c24e\" data-element_type=\"widget\" data-e-type=\"widget\" data-widget_type=\"jkit_button.default\">\n\t\t\t\t<div class=\"elementor-widget-container\">\n\t\t\t\t\t<div  class=\"jeg-elementor-kit jkit-button  icon-position-before jeg_module___69fb772770763\" ><a href=\"https:\/\/blackseauniversity.com\/tr\/temas\/\" class=\"jkit-button-wrapper\">\u015eimdi Kaydol<\/a><\/div>\t\t\t\t<\/div>\n\t\t\t\t<\/div>\n\t\t\t\t\t<\/div>\n\t\t<\/div>\n\t\t\t\t<div class=\"elementor-column elementor-col-50 elementor-top-column elementor-element elementor-element-61902d19\" data-id=\"61902d19\" data-element_type=\"column\" data-e-type=\"column\">\n\t\t\t<div class=\"elementor-widget-wrap elementor-element-populated\">\n\t\t\t\t\t\t<div class=\"elementor-element elementor-element-0b28650 elementor-widget elementor-widget-image\" data-id=\"0b28650\" data-element_type=\"widget\" data-e-type=\"widget\" data-widget_type=\"image.default\">\n\t\t\t\t<div class=\"elementor-widget-container\">\n\t\t\t\t\t\t\t\t\t\t\t\t\t\t\t<img decoding=\"async\" width=\"768\" height=\"768\" data-src=\"https:\/\/blackseauniversity.com\/wp-content\/uploads\/2024\/03\/naval-2.jpeg\" class=\"attachment-large size-large wp-image-4759 lazyload\" alt=\"Varna Denizcilik \u00dcniversitesi\" data-srcset=\"https:\/\/blackseauniversity.com\/wp-content\/uploads\/2024\/03\/naval-2.jpeg 768w, https:\/\/blackseauniversity.com\/wp-content\/uploads\/2024\/03\/naval-2-300x300.jpeg 300w, https:\/\/blackseauniversity.com\/wp-content\/uploads\/2024\/03\/naval-2-150x150.jpeg 150w\" data-sizes=\"(max-width: 768px) 100vw, 768px\" src=\"data:image\/svg+xml;base64,PHN2ZyB3aWR0aD0iMSIgaGVpZ2h0PSIxIiB4bWxucz0iaHR0cDovL3d3dy53My5vcmcvMjAwMC9zdmciPjwvc3ZnPg==\" style=\"--smush-placeholder-width: 768px; --smush-placeholder-aspect-ratio: 768\/768;\" \/>\t\t\t\t\t\t\t\t\t\t\t\t\t\t\t<\/div>\n\t\t\t\t<\/div>\n\t\t\t\t\t<\/div>\n\t\t<\/div>\n\t\t\t\t\t<\/div>\n\t\t<\/section>\n\t\t<div class=\"elementor-element elementor-element-29d3fbc e-flex e-con-boxed e-con e-parent\" data-id=\"29d3fbc\" data-element_type=\"container\" data-e-type=\"container\">\n\t\t\t\t\t<div class=\"e-con-inner\">\n\t\t\t\t<div class=\"elementor-element elementor-element-3bf7211 elementor-widget elementor-widget-text-editor\" data-id=\"3bf7211\" data-element_type=\"widget\" data-e-type=\"widget\" data-widget_type=\"text-editor.default\">\n\t\t\t\t<div class=\"elementor-widget-container\">\n\t\t\t\t\t\t\t\t\t<h4>Ba\u015fvuru Belgeleri ve \u00d6\u011frenim \u00dccretleri<\/h4><p>Aday \u00f6\u011frencilerin kabul\u00fc, ek s\u0131nav yap\u0131lmaks\u0131z\u0131n belgelere dayanmaktad\u0131r.<\/p><p>Ba\u015fvuru sahibinin genel maksimum notun en az %62&#8217;sine sahip olmas\u0131 gerekmektedir.<\/p><p><strong>Varna Denizcilik \u00dcniversitesi: Okul \u00dccretleri:<\/strong><\/p><table border=\"1\" width=\"678\"><tbody><tr align=\"center\" bgcolor=\"#cccccc\"><td>N:<\/td><td>B\u00f6l\u00fcmler<\/td><td>Haz\u0131rl\u0131k<\/td><td>Lisans<\/td><\/tr><tr><td><strong>1<\/strong><\/td><td>\u0130ngilizce<\/td><td>3800Euro<\/td><td>3800Euro<\/td><\/tr><\/tbody><\/table><p><strong>NOT<\/strong>:Mezun olana kadar fiyatlarda de\u011fi\u015fiklik olmayacakt\u0131r.<br \/>\u00dcniversite har\u00e7lar\u0131 iki e\u015fit taksi halinde bankaya yat\u0131r\u0131l\u0131r<\/p>\t\t\t\t\t\t\t\t<\/div>\n\t\t\t\t<\/div>\n\t\t\t\t\t<\/div>\n\t\t\t\t<\/div>\n\t\t\t\t<\/div>\n\t\t","protected":false},"excerpt":{"rendered":"<p>Program Varna Denizcilik \u00dcniversitesi Bulgaristan&#8217;da E\u011fitim Varna Denizcilik \u00dcniversitesi Varna Denizcilik \u00dcniversitesi \u2013 Bulgar Denizcilik \u00dcniversitesi. 1881&#8217;deki kurulu\u015fundan bu yana temel amac\u0131, Bulgar Donanmas\u0131 ve denizcilik end\u00fcstrisi i\u00e7in y\u00fcksek nitelikli liderler yeti\u015ftirmek, onlar\u0131 d\u00f6n\u00fc\u015fen Donanma&#8217;n\u0131n ve h\u0131zla de\u011fi\u015fen k\u00fcresel denizcilik ekonomisi sekt\u00f6r\u00fcn\u00fcn zorluklar\u0131na haz\u0131rlamak olmu\u015ftur. 1904 y\u0131l\u0131nda, deniz kuvvetleri ve sivil denizcilik ile sanayi, demiryollar\u0131, [&hellip;]<\/p>\n","protected":false},"author":8,"featured_media":4759,"parent":0,"menu_order":0,"comment_status":"closed","ping_status":"closed","template":"elementor_theme","meta":{"footnotes":""},"class_list":["post-2388","page","type-page","status-publish","has-post-thumbnail","hentry"],"yoast_head":"<!-- This site is optimized with the Yoast SEO Premium plugin v27.5 (Yoast SEO v27.5) - https:\/\/yoast.com\/product\/yoast-seo-premium-wordpress\/ -->\n<title>Varna Denizcilik \u00dcniversitesi | Bulgaristan&#039;da E\u011fitim<\/title>\n<meta name=\"description\" content=\"Denizcilik kurslar\u0131 - Karadeniz \u00dcniversitesi \u2014 BULGAR\u0130STAN\" \/>\n<meta name=\"robots\" content=\"index, follow, max-snippet:-1, max-image-preview:large, max-video-preview:-1\" \/>\n<link rel=\"canonical\" href=\"https:\/\/blackseauniversity.com\/tr\/varna-denizcilik-universitesi\/\" \/>\n<meta property=\"og:locale\" content=\"tr_TR\" \/>\n<meta property=\"og:type\" content=\"article\" \/>\n<meta property=\"og:title\" content=\"Varna Denizcilik \u00dcniversitesi E\u011fitim Olanaklar\u0131\" \/>\n<meta property=\"og:description\" content=\"Varna Denizcilik \u00dcniversitesi, denizcilik alan\u0131nda uluslararas\u0131 standartlarda e\u011fitim ile mezunlar\u0131na global f\u0131rsatlar sunuyor.\" \/>\n<meta property=\"og:url\" content=\"https:\/\/blackseauniversity.com\/tr\/varna-denizcilik-universitesi\/\" \/>\n<meta property=\"og:site_name\" content=\"Bulgaristan&#039;da E\u011fitim\" \/>\n<meta property=\"article:publisher\" content=\"https:\/\/www.facebook.com\/VarnaDenizcilikUniversitesi\" \/>\n<meta property=\"article:modified_time\" content=\"2026-04-24T18:17:47+00:00\" \/>\n<meta property=\"og:image\" content=\"https:\/\/blackseauniversity.com\/wp-content\/uploads\/2024\/03\/naval-2.jpeg\" \/>\n\t<meta property=\"og:image:width\" content=\"768\" \/>\n\t<meta property=\"og:image:height\" content=\"768\" \/>\n\t<meta property=\"og:image:type\" content=\"image\/jpeg\" \/>\n<meta name=\"twitter:card\" content=\"summary_large_image\" \/>\n<meta name=\"twitter:label1\" content=\"Tahmini okuma s\u00fcresi\" \/>\n\t<meta name=\"twitter:data1\" content=\"2 dakika\" \/>\n<script type=\"application\/ld+json\" class=\"yoast-schema-graph\">{\"@context\":\"https:\\\/\\\/schema.org\",\"@graph\":[{\"@type\":\"WebPage\",\"@id\":\"https:\\\/\\\/blackseauniversity.com\\\/tr\\\/varna-denizcilik-universitesi\\\/\",\"url\":\"https:\\\/\\\/blackseauniversity.com\\\/tr\\\/varna-denizcilik-universitesi\\\/\",\"name\":\"Varna Denizcilik \u00dcniversitesi | Bulgaristan&#039;da E\u011fitim\",\"isPartOf\":{\"@id\":\"https:\\\/\\\/blackseauniversity.com\\\/tr\\\/#website\"},\"primaryImageOfPage\":{\"@id\":\"https:\\\/\\\/blackseauniversity.com\\\/tr\\\/varna-denizcilik-universitesi\\\/#primaryimage\"},\"image\":{\"@id\":\"https:\\\/\\\/blackseauniversity.com\\\/tr\\\/varna-denizcilik-universitesi\\\/#primaryimage\"},\"thumbnailUrl\":\"https:\\\/\\\/blackseauniversity.com\\\/wp-content\\\/uploads\\\/2024\\\/03\\\/naval-2.jpeg\",\"datePublished\":\"2023-11-23T16:30:08+00:00\",\"dateModified\":\"2026-04-24T18:17:47+00:00\",\"description\":\"Denizcilik kurslar\u0131 - Karadeniz \u00dcniversitesi \u2014 BULGAR\u0130STAN\",\"inLanguage\":\"tr\",\"potentialAction\":[{\"@type\":\"ReadAction\",\"target\":[\"https:\\\/\\\/blackseauniversity.com\\\/tr\\\/varna-denizcilik-universitesi\\\/\"]}]},{\"@type\":\"ImageObject\",\"inLanguage\":\"tr\",\"@id\":\"https:\\\/\\\/blackseauniversity.com\\\/tr\\\/varna-denizcilik-universitesi\\\/#primaryimage\",\"url\":\"https:\\\/\\\/blackseauniversity.com\\\/wp-content\\\/uploads\\\/2024\\\/03\\\/naval-2.jpeg\",\"contentUrl\":\"https:\\\/\\\/blackseauniversity.com\\\/wp-content\\\/uploads\\\/2024\\\/03\\\/naval-2.jpeg\",\"width\":768,\"height\":768,\"caption\":\"Varna Denizcilik \u00dcniversitesi\"},{\"@type\":\"WebSite\",\"@id\":\"https:\\\/\\\/blackseauniversity.com\\\/tr\\\/#website\",\"url\":\"https:\\\/\\\/blackseauniversity.com\\\/tr\\\/\",\"name\":\"Study in Bulgaria | Black Sea University | Bulgaria\",\"description\":\"Black Sea University | Bulgaria\",\"publisher\":{\"@id\":\"https:\\\/\\\/blackseauniversity.com\\\/tr\\\/#organization\"},\"alternateName\":\"Study In Europe | Black Sea University | Bulgaria\",\"potentialAction\":[{\"@type\":\"SearchAction\",\"target\":{\"@type\":\"EntryPoint\",\"urlTemplate\":\"https:\\\/\\\/blackseauniversity.com\\\/tr\\\/?s={search_term_string}\"},\"query-input\":{\"@type\":\"PropertyValueSpecification\",\"valueRequired\":true,\"valueName\":\"search_term_string\"}}],\"inLanguage\":\"tr\"},{\"@type\":\"Organization\",\"@id\":\"https:\\\/\\\/blackseauniversity.com\\\/tr\\\/#organization\",\"name\":\"Study in Bulgaria | Black Sea University | Bulgaria\",\"alternateName\":\"Study In Europe\",\"url\":\"https:\\\/\\\/blackseauniversity.com\\\/tr\\\/\",\"logo\":{\"@type\":\"ImageObject\",\"inLanguage\":\"tr\",\"@id\":\"https:\\\/\\\/blackseauniversity.com\\\/tr\\\/#\\\/schema\\\/logo\\\/image\\\/\",\"url\":\"https:\\\/\\\/blackseauniversity.com\\\/wp-content\\\/uploads\\\/2024\\\/01\\\/logo-1.png\",\"contentUrl\":\"https:\\\/\\\/blackseauniversity.com\\\/wp-content\\\/uploads\\\/2024\\\/01\\\/logo-1.png\",\"width\":160,\"height\":60,\"caption\":\"Study in Bulgaria | Black Sea University | Bulgaria\"},\"image\":{\"@id\":\"https:\\\/\\\/blackseauniversity.com\\\/tr\\\/#\\\/schema\\\/logo\\\/image\\\/\"},\"sameAs\":[\"https:\\\/\\\/www.facebook.com\\\/VarnaDenizcilikUniversitesi\",\"https:\\\/\\\/www.instagram.com\\\/black_sea_university\\\/\",\"https:\\\/\\\/t.me\\\/StudyBulgaria\"],\"description\":\"Karadeniz \u00dcniversitesi\",\"publishingPrinciples\":\"https:\\\/\\\/blackseauniversity.com\\\/\",\"ownershipFundingInfo\":\"https:\\\/\\\/blackseauniversity.com\\\/study-in-bulgaria\\\/\",\"actionableFeedbackPolicy\":\"https:\\\/\\\/blackseauniversity.com\\\/\",\"correctionsPolicy\":\"https:\\\/\\\/blackseauniversity.com\\\/\"}]}<\/script>\n<!-- \/ Yoast SEO Premium plugin. -->","yoast_head_json":{"title":"Varna Denizcilik \u00dcniversitesi | Bulgaristan&#039;da E\u011fitim","description":"Denizcilik kurslar\u0131 - Karadeniz \u00dcniversitesi \u2014 BULGAR\u0130STAN","robots":{"index":"index","follow":"follow","max-snippet":"max-snippet:-1","max-image-preview":"max-image-preview:large","max-video-preview":"max-video-preview:-1"},"canonical":"https:\/\/blackseauniversity.com\/tr\/varna-denizcilik-universitesi\/","og_locale":"tr_TR","og_type":"article","og_title":"Varna Denizcilik \u00dcniversitesi E\u011fitim Olanaklar\u0131","og_description":"Varna Denizcilik \u00dcniversitesi, denizcilik alan\u0131nda uluslararas\u0131 standartlarda e\u011fitim ile mezunlar\u0131na global f\u0131rsatlar sunuyor.","og_url":"https:\/\/blackseauniversity.com\/tr\/varna-denizcilik-universitesi\/","og_site_name":"Bulgaristan&#039;da E\u011fitim","article_publisher":"https:\/\/www.facebook.com\/VarnaDenizcilikUniversitesi","article_modified_time":"2026-04-24T18:17:47+00:00","og_image":[{"width":768,"height":768,"url":"https:\/\/blackseauniversity.com\/wp-content\/uploads\/2024\/03\/naval-2.jpeg","type":"image\/jpeg"}],"twitter_card":"summary_large_image","twitter_misc":{"Tahmini okuma s\u00fcresi":"2 dakika"},"schema":{"@context":"https:\/\/schema.org","@graph":[{"@type":"WebPage","@id":"https:\/\/blackseauniversity.com\/tr\/varna-denizcilik-universitesi\/","url":"https:\/\/blackseauniversity.com\/tr\/varna-denizcilik-universitesi\/","name":"Varna Denizcilik \u00dcniversitesi | Bulgaristan&#039;da E\u011fitim","isPartOf":{"@id":"https:\/\/blackseauniversity.com\/tr\/#website"},"primaryImageOfPage":{"@id":"https:\/\/blackseauniversity.com\/tr\/varna-denizcilik-universitesi\/#primaryimage"},"image":{"@id":"https:\/\/blackseauniversity.com\/tr\/varna-denizcilik-universitesi\/#primaryimage"},"thumbnailUrl":"https:\/\/blackseauniversity.com\/wp-content\/uploads\/2024\/03\/naval-2.jpeg","datePublished":"2023-11-23T16:30:08+00:00","dateModified":"2026-04-24T18:17:47+00:00","description":"Denizcilik kurslar\u0131 - Karadeniz \u00dcniversitesi \u2014 BULGAR\u0130STAN","inLanguage":"tr","potentialAction":[{"@type":"ReadAction","target":["https:\/\/blackseauniversity.com\/tr\/varna-denizcilik-universitesi\/"]}]},{"@type":"ImageObject","inLanguage":"tr","@id":"https:\/\/blackseauniversity.com\/tr\/varna-denizcilik-universitesi\/#primaryimage","url":"https:\/\/blackseauniversity.com\/wp-content\/uploads\/2024\/03\/naval-2.jpeg","contentUrl":"https:\/\/blackseauniversity.com\/wp-content\/uploads\/2024\/03\/naval-2.jpeg","width":768,"height":768,"caption":"Varna Denizcilik \u00dcniversitesi"},{"@type":"WebSite","@id":"https:\/\/blackseauniversity.com\/tr\/#website","url":"https:\/\/blackseauniversity.com\/tr\/","name":"Study in Bulgaria | Black Sea University | Bulgaria","description":"Black Sea University | Bulgaria","publisher":{"@id":"https:\/\/blackseauniversity.com\/tr\/#organization"},"alternateName":"Study In Europe | Black Sea University | Bulgaria","potentialAction":[{"@type":"SearchAction","target":{"@type":"EntryPoint","urlTemplate":"https:\/\/blackseauniversity.com\/tr\/?s={search_term_string}"},"query-input":{"@type":"PropertyValueSpecification","valueRequired":true,"valueName":"search_term_string"}}],"inLanguage":"tr"},{"@type":"Organization","@id":"https:\/\/blackseauniversity.com\/tr\/#organization","name":"Study in Bulgaria | Black Sea University | Bulgaria","alternateName":"Study In Europe","url":"https:\/\/blackseauniversity.com\/tr\/","logo":{"@type":"ImageObject","inLanguage":"tr","@id":"https:\/\/blackseauniversity.com\/tr\/#\/schema\/logo\/image\/","url":"https:\/\/blackseauniversity.com\/wp-content\/uploads\/2024\/01\/logo-1.png","contentUrl":"https:\/\/blackseauniversity.com\/wp-content\/uploads\/2024\/01\/logo-1.png","width":160,"height":60,"caption":"Study in Bulgaria | Black Sea University | Bulgaria"},"image":{"@id":"https:\/\/blackseauniversity.com\/tr\/#\/schema\/logo\/image\/"},"sameAs":["https:\/\/www.facebook.com\/VarnaDenizcilikUniversitesi","https:\/\/www.instagram.com\/black_sea_university\/","https:\/\/t.me\/StudyBulgaria"],"description":"Karadeniz \u00dcniversitesi","publishingPrinciples":"https:\/\/blackseauniversity.com\/","ownershipFundingInfo":"https:\/\/blackseauniversity.com\/study-in-bulgaria\/","actionableFeedbackPolicy":"https:\/\/blackseauniversity.com\/","correctionsPolicy":"https:\/\/blackseauniversity.com\/"}]}},"_links":{"self":[{"href":"https:\/\/blackseauniversity.com\/tr\/wp-json\/wp\/v2\/pages\/2388","targetHints":{"allow":["GET"]}}],"collection":[{"href":"https:\/\/blackseauniversity.com\/tr\/wp-json\/wp\/v2\/pages"}],"about":[{"href":"https:\/\/blackseauniversity.com\/tr\/wp-json\/wp\/v2\/types\/page"}],"author":[{"embeddable":true,"href":"https:\/\/blackseauniversity.com\/tr\/wp-json\/wp\/v2\/users\/8"}],"replies":[{"embeddable":true,"href":"https:\/\/blackseauniversity.com\/tr\/wp-json\/wp\/v2\/comments?post=2388"}],"version-history":[{"count":136,"href":"https:\/\/blackseauniversity.com\/tr\/wp-json\/wp\/v2\/pages\/2388\/revisions"}],"predecessor-version":[{"id":9813,"href":"https:\/\/blackseauniversity.com\/tr\/wp-json\/wp\/v2\/pages\/2388\/revisions\/9813"}],"wp:featuredmedia":[{"embeddable":true,"href":"https:\/\/blackseauniversity.com\/tr\/wp-json\/wp\/v2\/media\/4759"}],"wp:attachment":[{"href":"https:\/\/blackseauniversity.com\/tr\/wp-json\/wp\/v2\/media?parent=2388"}],"curies":[{"name":"wp","href":"https:\/\/api.w.org\/{rel}","templated":true}]}}