{"id":2684,"date":"2023-11-27T13:24:41","date_gmt":"2023-11-27T13:24:41","guid":{"rendered":"https:\/\/blackseauniversity.com\/kabul-kriterleri\/"},"modified":"2024-09-13T23:30:25","modified_gmt":"2024-09-13T23:30:25","slug":"kabul-kriterleri","status":"publish","type":"page","link":"https:\/\/blackseauniversity.com\/tr\/kabul-kriterleri\/","title":{"rendered":"Kabul kriterleri"},"content":{"rendered":"\t\t<div data-elementor-type=\"wp-page\" data-elementor-id=\"2684\" class=\"elementor elementor-2684 elementor-488\">\n\t\t\t\t\t\t<section class=\"elementor-section elementor-top-section elementor-element elementor-element-55146dac elementor-section-content-middle elementor-section-boxed elementor-section-height-default elementor-section-height-default\" data-id=\"55146dac\" data-element_type=\"section\" data-e-type=\"section\" data-settings=\"{&quot;background_background&quot;:&quot;classic&quot;}\">\n\t\t\t\t\t\t\t<div class=\"elementor-background-overlay\"><\/div>\n\t\t\t\t\t\t\t<div class=\"elementor-container elementor-column-gap-default\">\n\t\t\t\t\t<div class=\"elementor-column elementor-col-50 elementor-top-column elementor-element elementor-element-12d905a2\" data-id=\"12d905a2\" data-element_type=\"column\" data-e-type=\"column\" data-settings=\"{&quot;background_background&quot;:&quot;classic&quot;}\">\n\t\t\t<div class=\"elementor-widget-wrap elementor-element-populated\">\n\t\t\t\t\t\t<div class=\"elementor-element elementor-element-283a5a56 elementor-widget elementor-widget-heading\" data-id=\"283a5a56\" data-element_type=\"widget\" data-e-type=\"widget\" data-widget_type=\"heading.default\">\n\t\t\t\t<div class=\"elementor-widget-container\">\n\t\t\t\t\t<h2 class=\"elementor-heading-title elementor-size-default\">Kabul<\/h2>\t\t\t\t<\/div>\n\t\t\t\t<\/div>\n\t\t\t\t<div class=\"elementor-element elementor-element-2a3225e elementor-widget elementor-widget-heading\" data-id=\"2a3225e\" data-element_type=\"widget\" data-e-type=\"widget\" data-widget_type=\"heading.default\">\n\t\t\t\t<div class=\"elementor-widget-container\">\n\t\t\t\t\t<h2 class=\"elementor-heading-title elementor-size-default\">Kriter<\/h2>\t\t\t\t<\/div>\n\t\t\t\t<\/div>\n\t\t\t\t\t<\/div>\n\t\t<\/div>\n\t\t\t\t<div class=\"elementor-column elementor-col-50 elementor-top-column elementor-element elementor-element-2d8f7fdb elementor-hidden-tablet elementor-hidden-phone\" data-id=\"2d8f7fdb\" data-element_type=\"column\" data-e-type=\"column\">\n\t\t\t<div class=\"elementor-widget-wrap\">\n\t\t\t\t\t\t\t<\/div>\n\t\t<\/div>\n\t\t\t\t\t<\/div>\n\t\t<\/section>\n\t\t\t\t<section class=\"elementor-section elementor-top-section elementor-element elementor-element-e8501a4 elementor-section-boxed elementor-section-height-default elementor-section-height-default\" data-id=\"e8501a4\" data-element_type=\"section\" data-e-type=\"section\">\n\t\t\t\t\t\t<div class=\"elementor-container elementor-column-gap-default\">\n\t\t\t\t\t<div class=\"elementor-column elementor-col-100 elementor-top-column elementor-element elementor-element-fdca0e0\" data-id=\"fdca0e0\" data-element_type=\"column\" data-e-type=\"column\">\n\t\t\t<div class=\"elementor-widget-wrap elementor-element-populated\">\n\t\t\t\t\t\t<div class=\"elementor-element elementor-element-816fc72 elementor-widget elementor-widget-heading\" data-id=\"816fc72\" data-element_type=\"widget\" data-e-type=\"widget\" data-widget_type=\"heading.default\">\n\t\t\t\t<div class=\"elementor-widget-container\">\n\t\t\t\t\t<h2 class=\"elementor-heading-title elementor-size-default\">Kabul kriterleri<\/h2>\t\t\t\t<\/div>\n\t\t\t\t<\/div>\n\t\t\t\t<div class=\"elementor-element elementor-element-ba53398 elementor-widget elementor-widget-text-editor\" data-id=\"ba53398\" data-element_type=\"widget\" data-e-type=\"widget\" data-widget_type=\"text-editor.default\">\n\t\t\t\t<div class=\"elementor-widget-container\">\n\t\t\t\t\t\t\t\t\t<p>Bulgar \u00fcniversitelerine kabul edilmek i\u00e7in kabul kriterleri kuruma ve kursa g\u00f6re de\u011fi\u015fir. \u00c7o\u011fu Bulgar \u00fcniversitesinde kabul, giri\u015f s\u0131nav\u0131 olmaks\u0131z\u0131n ba\u015fvuru dosyas\u0131 belgelerine dayanmaktad\u0131r. Tek s\u0131nav, Bulgaristan&#8217;da Bulgaristan bursuyla okumak veya \u00f6\u011frenim \u00fccretinin k\u00fc\u00e7\u00fck bir k\u0131sm\u0131n\u0131 \u00f6demek isteyen aday Avrupal\u0131 \u00f6\u011frenciler i\u00e7indir.<\/p>\n<p>Olumlu \u00fcniversite karar\u0131ndan sonra, ba\u015fvuru dosyas\u0131 E\u011fitim, Gen\u00e7lik ve Bilim Bakanl\u0131\u011f\u0131&#8217;na takip edilir ve kabul mektubu (ba\u015fvuru sahibinin Bulgar \u00fcniversitesine \u00f6\u011frenci olarak kabul edildi\u011fini belirten belge) verilir. Bu mektup Bulgaristan \u00f6\u011frenci vizesine ba\u015fvurmas\u0131 gerekenler i\u00e7in de \u00f6nemlidir.<\/p>\n<p>Bulgarca bilmeyen uluslararas\u0131 \u00f6\u011frenciler, Bulgarca okumak isteyen veya \u0130ngilizce \u00f6\u011frenmek isteyip de iyi derecede \u0130ngilizce bilmeyenler, \u00f6nce ilgili dilde bir y\u0131l haz\u0131rl\u0131k kursuna tabi tutulmalar\u0131 ko\u015fuluyla Bulgar \u00fcniversitelerine kabul edilirler.<\/p>\n<p><strong>Genel kabul kriterleri:<\/strong><\/p>\n<p>Bulgaristan&#8217;da y\u00fcksek \u00f6\u011frenime girebilmek i\u00e7in, aday \u00f6\u011frencinin \u00f6n kriterleri veya \u00d6n Ko\u015ful \u015fartlar\u0131n\u0131 yerine getirmesi gerekir. Bu kriterler programa ve kurslara ba\u011fl\u0131d\u0131r.<\/p>\n\t\t\t\t\t\t\t\t<\/div>\n\t\t\t\t<\/div>\n\t\t\t\t<div class=\"elementor-element elementor-element-3b7e21f elementor-widget-divider--view-line elementor-widget elementor-widget-divider\" data-id=\"3b7e21f\" data-element_type=\"widget\" data-e-type=\"widget\" data-widget_type=\"divider.default\">\n\t\t\t\t<div class=\"elementor-widget-container\">\n\t\t\t\t\t\t\t<div class=\"elementor-divider\">\n\t\t\t<span class=\"elementor-divider-separator\">\n\t\t\t\t\t\t<\/span>\n\t\t<\/div>\n\t\t\t\t\t\t<\/div>\n\t\t\t\t<\/div>\n\t\t\t\t\t<\/div>\n\t\t<\/div>\n\t\t\t\t\t<\/div>\n\t\t<\/section>\n\t\t\t\t<section class=\"elementor-section elementor-top-section elementor-element elementor-element-495a6cb7 elementor-section-content-middle elementor-section-boxed elementor-section-height-default elementor-section-height-default\" data-id=\"495a6cb7\" data-element_type=\"section\" data-e-type=\"section\" data-settings=\"{&quot;background_background&quot;:&quot;classic&quot;}\">\n\t\t\t\t\t\t<div class=\"elementor-container elementor-column-gap-default\">\n\t\t\t\t\t<div class=\"elementor-column elementor-col-50 elementor-top-column elementor-element elementor-element-27490f8d\" data-id=\"27490f8d\" data-element_type=\"column\" data-e-type=\"column\">\n\t\t\t<div class=\"elementor-widget-wrap elementor-element-populated\">\n\t\t\t\t\t\t<div class=\"elementor-element elementor-element-5c9abf7b elementor-widget elementor-widget-heading\" data-id=\"5c9abf7b\" data-element_type=\"widget\" data-e-type=\"widget\" data-widget_type=\"heading.default\">\n\t\t\t\t<div class=\"elementor-widget-container\">\n\t\t\t\t\t<h2 class=\"elementor-heading-title elementor-size-default\">Hakk\u0131nda Her \u015eeyi Bilin<\/h2>\t\t\t\t<\/div>\n\t\t\t\t<\/div>\n\t\t\t\t<div class=\"elementor-element elementor-element-5bd809da elementor-widget elementor-widget-heading\" data-id=\"5bd809da\" data-element_type=\"widget\" data-e-type=\"widget\" data-widget_type=\"heading.default\">\n\t\t\t\t<div class=\"elementor-widget-container\">\n\t\t\t\t\t<h2 class=\"elementor-heading-title elementor-size-default\">Kabul \u015fartlar\u0131<\/h2>\t\t\t\t<\/div>\n\t\t\t\t<\/div>\n\t\t\t\t<div class=\"elementor-element elementor-element-027141f elementor-widget elementor-widget-heading\" data-id=\"027141f\" data-element_type=\"widget\" data-e-type=\"widget\" data-widget_type=\"heading.default\">\n\t\t\t\t<div class=\"elementor-widget-container\">\n\t\t\t\t\t<h3 class=\"elementor-heading-title elementor-size-default\">Lisans Programlar\u0131<\/h3>\t\t\t\t<\/div>\n\t\t\t\t<\/div>\n\t\t\t\t<div class=\"elementor-element elementor-element-244ce510 elementor-widget elementor-widget-text-editor\" data-id=\"244ce510\" data-element_type=\"widget\" data-e-type=\"widget\" data-widget_type=\"text-editor.default\">\n\t\t\t\t<div class=\"elementor-widget-container\">\n\t\t\t\t\t\t\t\t\t<p>Ba\u015fvuran \u00f6\u011frencilerin orta\u00f6\u011fretimi tamamlam\u0131\u015f olmalar\u0131 gerekir. Orta \u00f6\u011fretim diplomalar\u0131n\u0131n verildi\u011fi \u00fclkedeki y\u00fcksek \u00f6\u011fretim kurumlar\u0131nda (\u00fcniversite) e\u011fitimlerine devam etmeye uygun olmal\u0131d\u0131rlar.<br \/>Ba\u015fvurdu\u011fu anadal ile ilgili orta\u00f6\u011fretim diplomas\u0131nda yer alan notlar, aday\u0131n orta\u00f6\u011fretimini tamamlad\u0131\u011f\u0131 \u00fclkedeki not sistemine g\u00f6re azami notun <strong>%62&#8217;sinden<\/strong> az olmamal\u0131d\u0131r.<\/p>\n\t\t\t\t\t\t\t\t<\/div>\n\t\t\t\t<\/div>\n\t\t\t\t<div class=\"elementor-element elementor-element-747b3c2 elementor-widget elementor-widget-heading\" data-id=\"747b3c2\" data-element_type=\"widget\" data-e-type=\"widget\" data-widget_type=\"heading.default\">\n\t\t\t\t<div class=\"elementor-widget-container\">\n\t\t\t\t\t<h3 class=\"elementor-heading-title elementor-size-default\">Y\u00fcksek Lisans Programlar\u0131<\/h3>\t\t\t\t<\/div>\n\t\t\t\t<\/div>\n\t\t\t\t<div class=\"elementor-element elementor-element-32f1f87 elementor-widget elementor-widget-text-editor\" data-id=\"32f1f87\" data-element_type=\"widget\" data-e-type=\"widget\" data-widget_type=\"text-editor.default\">\n\t\t\t\t<div class=\"elementor-widget-container\">\n\t\t\t\t\t\t\t\t\t<p>Ba\u015fvuran \u00f6\u011frencilerin en az bir lisans derecesine (BA \/ BSc veya MA \/ MSc) sahip olmalar\u0131 gerekir. Y\u00fcksek \u00f6\u011frenim diplomas\u0131n\u0131n (BA\/BSc) ortalama notu, Bulgaristan not sistemine g\u00f6re \u0130yi 4&#8217;\u00fcn e\u015fde\u011ferinden veya m\u00fcmk\u00fcn olan maksimum notlar\u0131n %72&#8217;sinden az de\u011fildir.<\/p>\n\t\t\t\t\t\t\t\t<\/div>\n\t\t\t\t<\/div>\n\t\t\t\t<div class=\"elementor-element elementor-element-5b5dc30 elementor-widget elementor-widget-heading\" data-id=\"5b5dc30\" data-element_type=\"widget\" data-e-type=\"widget\" data-widget_type=\"heading.default\">\n\t\t\t\t<div class=\"elementor-widget-container\">\n\t\t\t\t\t<h3 class=\"elementor-heading-title elementor-size-default\">Doktora veya Lisans\u00fcst\u00fc E\u011fitim<\/h3>\t\t\t\t<\/div>\n\t\t\t\t<\/div>\n\t\t\t\t<div class=\"elementor-element elementor-element-e1776c1 elementor-widget elementor-widget-text-editor\" data-id=\"e1776c1\" data-element_type=\"widget\" data-e-type=\"widget\" data-widget_type=\"text-editor.default\">\n\t\t\t\t<div class=\"elementor-widget-container\">\n\t\t\t\t\t\t\t\t\t<p>Ba\u015fvuran \u00f6\u011frencilerin y\u00fcksek \u00f6\u011frenim y\u00fcksek lisans derecesine (MA\/MSc) sahip olmalar\u0131 gerekir.<\/p>\n<p>Y\u00fcksek \u00f6\u011frenim diplomas\u0131n\u0131n (MA\/MSc) ortalama notu, Bulgar not sistemine g\u00f6re Good 4&#8217;\u00fcn e\u015fde\u011ferinden az de\u011fildir. Bulgar not sisteminde maksimum puan 6&#8217;d\u0131r.<\/p>\n<p>D\u00fcnyadaki benzer sistemlerde oldu\u011fu gibi, bir y\u00fcksek lisans program\u0131na giri\u015f, t\u0131pk\u0131 bir doktoran\u0131n tamamlanm\u0131\u015f bir y\u00fcksek lisans derecesi gerektirmesi gibi, Bulgaristan&#8217;da veya yurtd\u0131\u015f\u0131nda daha \u00f6nce tamamlanm\u0131\u015f bir lisans program\u0131 gerektirir. Yeterlilikler, Bakanlar Kurulu&#8217;ndaki Ulusal De\u011ferlendirme ve Akreditasyon Kurumu arac\u0131l\u0131\u011f\u0131yla de\u011ferlendirilir ve akredite edilir.<\/p>\n\t\t\t\t\t\t\t\t<\/div>\n\t\t\t\t<\/div>\n\t\t\t\t<div class=\"elementor-element elementor-element-be5fb7b elementor-widget elementor-widget-button\" data-id=\"be5fb7b\" data-element_type=\"widget\" data-e-type=\"widget\" data-widget_type=\"button.default\">\n\t\t\t\t<div class=\"elementor-widget-container\">\n\t\t\t\t\t\t\t\t\t<div class=\"elementor-button-wrapper\">\n\t\t\t\t\t<a class=\"elementor-button elementor-button-link elementor-size-sm\" href=\"https:\/\/blackseauniversity.com\/tr\/ne-calisabilirsiniz\/\">\n\t\t\t\t\t\t<span class=\"elementor-button-content-wrapper\">\n\t\t\t\t\t\t\t\t\t<span class=\"elementor-button-text\">\u00c7al\u0131\u015fma Programlar\u0131<\/span>\n\t\t\t\t\t<\/span>\n\t\t\t\t\t<\/a>\n\t\t\t\t<\/div>\n\t\t\t\t\t\t\t\t<\/div>\n\t\t\t\t<\/div>\n\t\t\t\t\t<\/div>\n\t\t<\/div>\n\t\t\t\t<div class=\"elementor-column elementor-col-50 elementor-top-column elementor-element elementor-element-61902d19 elementor-hidden-tablet elementor-hidden-mobile\" data-id=\"61902d19\" data-element_type=\"column\" data-e-type=\"column\" data-settings=\"{&quot;background_background&quot;:&quot;classic&quot;}\">\n\t\t\t<div class=\"elementor-widget-wrap\">\n\t\t\t\t\t\t\t<\/div>\n\t\t<\/div>\n\t\t\t\t\t<\/div>\n\t\t<\/section>\n\t\t<div class=\"elementor-element elementor-element-b78e6c8 e-flex e-con-boxed e-con e-parent\" data-id=\"b78e6c8\" data-element_type=\"container\" data-e-type=\"container\">\n\t\t\t\t\t<div class=\"e-con-inner\">\n\t\t\t\t\t<\/div>\n\t\t\t\t<\/div>\n\t\t\t\t<\/div>\n\t\t","protected":false},"excerpt":{"rendered":"<p>Kabul Kriter Kabul kriterleri Bulgar \u00fcniversitelerine kabul edilmek i\u00e7in kabul kriterleri kuruma ve kursa g\u00f6re de\u011fi\u015fir. \u00c7o\u011fu Bulgar \u00fcniversitesinde kabul, giri\u015f s\u0131nav\u0131 olmaks\u0131z\u0131n ba\u015fvuru dosyas\u0131 belgelerine dayanmaktad\u0131r. Tek s\u0131nav, Bulgaristan&#8217;da Bulgaristan bursuyla okumak veya \u00f6\u011frenim \u00fccretinin k\u00fc\u00e7\u00fck bir k\u0131sm\u0131n\u0131 \u00f6demek isteyen aday Avrupal\u0131 \u00f6\u011frenciler i\u00e7indir. Olumlu \u00fcniversite karar\u0131ndan sonra, ba\u015fvuru dosyas\u0131 E\u011fitim, Gen\u00e7lik ve Bilim [&hellip;]<\/p>\n","protected":false},"author":8,"featured_media":0,"parent":0,"menu_order":0,"comment_status":"closed","ping_status":"closed","template":"elementor_theme","meta":{"footnotes":""},"class_list":["post-2684","page","type-page","status-publish","hentry"],"yoast_head":"<!-- This site is optimized with the Yoast SEO Premium plugin v27.5 (Yoast SEO v27.5) - https:\/\/yoast.com\/product\/yoast-seo-premium-wordpress\/ -->\n<title>Kabul kriterleri | Bulgaristan&#039;da E\u011fitim<\/title>\n<meta name=\"description\" content=\"Bulgaristan&#039;a kabul kriterleri: Bulgar \u00fcniversitelerine kabul edilmek i\u00e7in kabul kriterleri kuruma ve kursa g\u00f6re de\u011fi\u015fir.\" \/>\n<meta name=\"robots\" content=\"index, follow, max-snippet:-1, max-image-preview:large, max-video-preview:-1\" \/>\n<link rel=\"canonical\" href=\"https:\/\/blackseauniversity.com\/tr\/kabul-kriterleri\/\" \/>\n<meta property=\"og:locale\" content=\"tr_TR\" \/>\n<meta property=\"og:type\" content=\"article\" \/>\n<meta property=\"og:title\" content=\"Kabul kriterleri | Bulgaristan&#039;da E\u011fitim\" \/>\n<meta property=\"og:description\" content=\"Bulgaristan&#039;a kabul kriterleri: Bulgar \u00fcniversitelerine kabul edilmek i\u00e7in kabul kriterleri kuruma ve kursa g\u00f6re de\u011fi\u015fir.\" \/>\n<meta property=\"og:url\" content=\"https:\/\/blackseauniversity.com\/tr\/kabul-kriterleri\/\" \/>\n<meta property=\"og:site_name\" content=\"Bulgaristan&#039;da E\u011fitim\" \/>\n<meta property=\"article:publisher\" content=\"https:\/\/www.facebook.com\/VarnaDenizcilikUniversitesi\" \/>\n<meta property=\"article:modified_time\" content=\"2024-09-13T23:30:25+00:00\" \/>\n<meta property=\"og:image\" content=\"https:\/\/blackseauniversity.com\/wp-content\/uploads\/2024\/03\/Varna-Free-University-4.jpeg\" \/>\n\t<meta property=\"og:image:width\" content=\"1600\" \/>\n\t<meta property=\"og:image:height\" content=\"1066\" \/>\n\t<meta property=\"og:image:type\" content=\"image\/jpeg\" \/>\n<meta name=\"twitter:card\" content=\"summary_large_image\" \/>\n<meta name=\"twitter:label1\" content=\"Tahmini okuma s\u00fcresi\" \/>\n\t<meta name=\"twitter:data1\" content=\"2 dakika\" \/>\n<script type=\"application\/ld+json\" class=\"yoast-schema-graph\">{\"@context\":\"https:\\\/\\\/schema.org\",\"@graph\":[{\"@type\":\"WebPage\",\"@id\":\"https:\\\/\\\/blackseauniversity.com\\\/tr\\\/kabul-kriterleri\\\/\",\"url\":\"https:\\\/\\\/blackseauniversity.com\\\/tr\\\/kabul-kriterleri\\\/\",\"name\":\"Kabul kriterleri | Bulgaristan&#039;da E\u011fitim\",\"isPartOf\":{\"@id\":\"https:\\\/\\\/blackseauniversity.com\\\/tr\\\/#website\"},\"datePublished\":\"2023-11-27T13:24:41+00:00\",\"dateModified\":\"2024-09-13T23:30:25+00:00\",\"description\":\"Bulgaristan'a kabul kriterleri: Bulgar \u00fcniversitelerine kabul edilmek i\u00e7in kabul kriterleri kuruma ve kursa g\u00f6re de\u011fi\u015fir.\",\"inLanguage\":\"tr\",\"potentialAction\":[{\"@type\":\"ReadAction\",\"target\":[\"https:\\\/\\\/blackseauniversity.com\\\/tr\\\/kabul-kriterleri\\\/\"]}]},{\"@type\":\"WebSite\",\"@id\":\"https:\\\/\\\/blackseauniversity.com\\\/tr\\\/#website\",\"url\":\"https:\\\/\\\/blackseauniversity.com\\\/tr\\\/\",\"name\":\"Study in Bulgaria | Black Sea University | Bulgaria\",\"description\":\"Black Sea University | Bulgaria\",\"publisher\":{\"@id\":\"https:\\\/\\\/blackseauniversity.com\\\/tr\\\/#organization\"},\"alternateName\":\"Study In Europe | Black Sea University | Bulgaria\",\"potentialAction\":[{\"@type\":\"SearchAction\",\"target\":{\"@type\":\"EntryPoint\",\"urlTemplate\":\"https:\\\/\\\/blackseauniversity.com\\\/tr\\\/?s={search_term_string}\"},\"query-input\":{\"@type\":\"PropertyValueSpecification\",\"valueRequired\":true,\"valueName\":\"search_term_string\"}}],\"inLanguage\":\"tr\"},{\"@type\":\"Organization\",\"@id\":\"https:\\\/\\\/blackseauniversity.com\\\/tr\\\/#organization\",\"name\":\"Study in Bulgaria | Black Sea University | Bulgaria\",\"alternateName\":\"Study In Europe\",\"url\":\"https:\\\/\\\/blackseauniversity.com\\\/tr\\\/\",\"logo\":{\"@type\":\"ImageObject\",\"inLanguage\":\"tr\",\"@id\":\"https:\\\/\\\/blackseauniversity.com\\\/tr\\\/#\\\/schema\\\/logo\\\/image\\\/\",\"url\":\"https:\\\/\\\/blackseauniversity.com\\\/wp-content\\\/uploads\\\/2024\\\/01\\\/logo-1.png\",\"contentUrl\":\"https:\\\/\\\/blackseauniversity.com\\\/wp-content\\\/uploads\\\/2024\\\/01\\\/logo-1.png\",\"width\":160,\"height\":60,\"caption\":\"Study in Bulgaria | Black Sea University | Bulgaria\"},\"image\":{\"@id\":\"https:\\\/\\\/blackseauniversity.com\\\/tr\\\/#\\\/schema\\\/logo\\\/image\\\/\"},\"sameAs\":[\"https:\\\/\\\/www.facebook.com\\\/VarnaDenizcilikUniversitesi\",\"https:\\\/\\\/www.instagram.com\\\/black_sea_university\\\/\",\"https:\\\/\\\/t.me\\\/StudyBulgaria\"],\"description\":\"Karadeniz \u00dcniversitesi\",\"publishingPrinciples\":\"https:\\\/\\\/blackseauniversity.com\\\/\",\"ownershipFundingInfo\":\"https:\\\/\\\/blackseauniversity.com\\\/study-in-bulgaria\\\/\",\"actionableFeedbackPolicy\":\"https:\\\/\\\/blackseauniversity.com\\\/\",\"correctionsPolicy\":\"https:\\\/\\\/blackseauniversity.com\\\/\"}]}<\/script>\n<!-- \/ Yoast SEO Premium plugin. -->","yoast_head_json":{"title":"Kabul kriterleri | Bulgaristan&#039;da E\u011fitim","description":"Bulgaristan'a kabul kriterleri: Bulgar \u00fcniversitelerine kabul edilmek i\u00e7in kabul kriterleri kuruma ve kursa g\u00f6re de\u011fi\u015fir.","robots":{"index":"index","follow":"follow","max-snippet":"max-snippet:-1","max-image-preview":"max-image-preview:large","max-video-preview":"max-video-preview:-1"},"canonical":"https:\/\/blackseauniversity.com\/tr\/kabul-kriterleri\/","og_locale":"tr_TR","og_type":"article","og_title":"Kabul kriterleri | Bulgaristan&#039;da E\u011fitim","og_description":"Bulgaristan'a kabul kriterleri: Bulgar \u00fcniversitelerine kabul edilmek i\u00e7in kabul kriterleri kuruma ve kursa g\u00f6re de\u011fi\u015fir.","og_url":"https:\/\/blackseauniversity.com\/tr\/kabul-kriterleri\/","og_site_name":"Bulgaristan&#039;da E\u011fitim","article_publisher":"https:\/\/www.facebook.com\/VarnaDenizcilikUniversitesi","article_modified_time":"2024-09-13T23:30:25+00:00","og_image":[{"width":1600,"height":1066,"url":"https:\/\/blackseauniversity.com\/wp-content\/uploads\/2024\/03\/Varna-Free-University-4.jpeg","type":"image\/jpeg"}],"twitter_card":"summary_large_image","twitter_misc":{"Tahmini okuma s\u00fcresi":"2 dakika"},"schema":{"@context":"https:\/\/schema.org","@graph":[{"@type":"WebPage","@id":"https:\/\/blackseauniversity.com\/tr\/kabul-kriterleri\/","url":"https:\/\/blackseauniversity.com\/tr\/kabul-kriterleri\/","name":"Kabul kriterleri | Bulgaristan&#039;da E\u011fitim","isPartOf":{"@id":"https:\/\/blackseauniversity.com\/tr\/#website"},"datePublished":"2023-11-27T13:24:41+00:00","dateModified":"2024-09-13T23:30:25+00:00","description":"Bulgaristan'a kabul kriterleri: Bulgar \u00fcniversitelerine kabul edilmek i\u00e7in kabul kriterleri kuruma ve kursa g\u00f6re de\u011fi\u015fir.","inLanguage":"tr","potentialAction":[{"@type":"ReadAction","target":["https:\/\/blackseauniversity.com\/tr\/kabul-kriterleri\/"]}]},{"@type":"WebSite","@id":"https:\/\/blackseauniversity.com\/tr\/#website","url":"https:\/\/blackseauniversity.com\/tr\/","name":"Study in Bulgaria | Black Sea University | Bulgaria","description":"Black Sea University | Bulgaria","publisher":{"@id":"https:\/\/blackseauniversity.com\/tr\/#organization"},"alternateName":"Study In Europe | Black Sea University | Bulgaria","potentialAction":[{"@type":"SearchAction","target":{"@type":"EntryPoint","urlTemplate":"https:\/\/blackseauniversity.com\/tr\/?s={search_term_string}"},"query-input":{"@type":"PropertyValueSpecification","valueRequired":true,"valueName":"search_term_string"}}],"inLanguage":"tr"},{"@type":"Organization","@id":"https:\/\/blackseauniversity.com\/tr\/#organization","name":"Study in Bulgaria | Black Sea University | Bulgaria","alternateName":"Study In Europe","url":"https:\/\/blackseauniversity.com\/tr\/","logo":{"@type":"ImageObject","inLanguage":"tr","@id":"https:\/\/blackseauniversity.com\/tr\/#\/schema\/logo\/image\/","url":"https:\/\/blackseauniversity.com\/wp-content\/uploads\/2024\/01\/logo-1.png","contentUrl":"https:\/\/blackseauniversity.com\/wp-content\/uploads\/2024\/01\/logo-1.png","width":160,"height":60,"caption":"Study in Bulgaria | Black Sea University | Bulgaria"},"image":{"@id":"https:\/\/blackseauniversity.com\/tr\/#\/schema\/logo\/image\/"},"sameAs":["https:\/\/www.facebook.com\/VarnaDenizcilikUniversitesi","https:\/\/www.instagram.com\/black_sea_university\/","https:\/\/t.me\/StudyBulgaria"],"description":"Karadeniz \u00dcniversitesi","publishingPrinciples":"https:\/\/blackseauniversity.com\/","ownershipFundingInfo":"https:\/\/blackseauniversity.com\/study-in-bulgaria\/","actionableFeedbackPolicy":"https:\/\/blackseauniversity.com\/","correctionsPolicy":"https:\/\/blackseauniversity.com\/"}]}},"_links":{"self":[{"href":"https:\/\/blackseauniversity.com\/tr\/wp-json\/wp\/v2\/pages\/2684","targetHints":{"allow":["GET"]}}],"collection":[{"href":"https:\/\/blackseauniversity.com\/tr\/wp-json\/wp\/v2\/pages"}],"about":[{"href":"https:\/\/blackseauniversity.com\/tr\/wp-json\/wp\/v2\/types\/page"}],"author":[{"embeddable":true,"href":"https:\/\/blackseauniversity.com\/tr\/wp-json\/wp\/v2\/users\/8"}],"replies":[{"embeddable":true,"href":"https:\/\/blackseauniversity.com\/tr\/wp-json\/wp\/v2\/comments?post=2684"}],"version-history":[{"count":4,"href":"https:\/\/blackseauniversity.com\/tr\/wp-json\/wp\/v2\/pages\/2684\/revisions"}],"predecessor-version":[{"id":5403,"href":"https:\/\/blackseauniversity.com\/tr\/wp-json\/wp\/v2\/pages\/2684\/revisions\/5403"}],"wp:attachment":[{"href":"https:\/\/blackseauniversity.com\/tr\/wp-json\/wp\/v2\/media?parent=2684"}],"curies":[{"name":"wp","href":"https:\/\/api.w.org\/{rel}","templated":true}]}}