{"id":2847,"date":"2023-11-28T17:22:46","date_gmt":"2023-11-28T17:22:46","guid":{"rendered":"https:\/\/blackseauniversity.com\/doktora-ogrencileri\/"},"modified":"2025-12-13T13:53:15","modified_gmt":"2025-12-13T13:53:15","slug":"doktora-ogrencileri","status":"publish","type":"page","link":"https:\/\/blackseauniversity.com\/tr\/doktora-ogrencileri\/","title":{"rendered":"Doktora \u00d6\u011frencileri"},"content":{"rendered":"\t\t<div data-elementor-type=\"wp-page\" data-elementor-id=\"2847\" class=\"elementor elementor-2847 elementor-556\">\n\t\t\t\t\t\t<section class=\"elementor-section elementor-top-section elementor-element elementor-element-55146dac elementor-section-content-middle elementor-section-boxed elementor-section-height-default elementor-section-height-default\" data-id=\"55146dac\" data-element_type=\"section\" data-e-type=\"section\" data-settings=\"{&quot;background_background&quot;:&quot;classic&quot;}\">\n\t\t\t\t\t\t\t<div class=\"elementor-background-overlay\"><\/div>\n\t\t\t\t\t\t\t<div class=\"elementor-container elementor-column-gap-default\">\n\t\t\t\t\t<div class=\"elementor-column elementor-col-50 elementor-top-column elementor-element elementor-element-12d905a2\" data-id=\"12d905a2\" data-element_type=\"column\" data-e-type=\"column\" data-settings=\"{&quot;background_background&quot;:&quot;classic&quot;}\">\n\t\t\t<div class=\"elementor-widget-wrap elementor-element-populated\">\n\t\t\t\t\t\t<div class=\"elementor-element elementor-element-283a5a56 elementor-widget elementor-widget-heading\" data-id=\"283a5a56\" data-element_type=\"widget\" data-e-type=\"widget\" data-widget_type=\"heading.default\">\n\t\t\t\t<div class=\"elementor-widget-container\">\n\t\t\t\t\t<h2 class=\"elementor-heading-title elementor-size-default\">Doktora yapmak ister misiniz?<\/h2>\t\t\t\t<\/div>\n\t\t\t\t<\/div>\n\t\t\t\t<div class=\"elementor-element elementor-element-2a3225e elementor-widget elementor-widget-heading\" data-id=\"2a3225e\" data-element_type=\"widget\" data-e-type=\"widget\" data-widget_type=\"heading.default\">\n\t\t\t\t<div class=\"elementor-widget-container\">\n\t\t\t\t\t<h2 class=\"elementor-heading-title elementor-size-default\">Doktora \u00d6\u011frencileri<\/h2>\t\t\t\t<\/div>\n\t\t\t\t<\/div>\n\t\t\t\t\t<\/div>\n\t\t<\/div>\n\t\t\t\t<div class=\"elementor-column elementor-col-50 elementor-top-column elementor-element elementor-element-2d8f7fdb elementor-hidden-tablet elementor-hidden-phone\" data-id=\"2d8f7fdb\" data-element_type=\"column\" data-e-type=\"column\">\n\t\t\t<div class=\"elementor-widget-wrap\">\n\t\t\t\t\t\t\t<\/div>\n\t\t<\/div>\n\t\t\t\t\t<\/div>\n\t\t<\/section>\n\t\t\t\t<section class=\"elementor-section elementor-top-section elementor-element elementor-element-495a6cb7 elementor-section-content-middle elementor-section-boxed elementor-section-height-default elementor-section-height-default\" data-id=\"495a6cb7\" data-element_type=\"section\" data-e-type=\"section\" data-settings=\"{&quot;background_background&quot;:&quot;classic&quot;}\">\n\t\t\t\t\t\t<div class=\"elementor-container elementor-column-gap-default\">\n\t\t\t\t\t<div class=\"elementor-column elementor-col-50 elementor-top-column elementor-element elementor-element-27490f8d\" data-id=\"27490f8d\" data-element_type=\"column\" data-e-type=\"column\">\n\t\t\t<div class=\"elementor-widget-wrap elementor-element-populated\">\n\t\t\t\t\t\t<div class=\"elementor-element elementor-element-5c9abf7b elementor-widget elementor-widget-heading\" data-id=\"5c9abf7b\" data-element_type=\"widget\" data-e-type=\"widget\" data-widget_type=\"heading.default\">\n\t\t\t\t<div class=\"elementor-widget-container\">\n\t\t\t\t\t<h2 class=\"elementor-heading-title elementor-size-default\">Doktora yapmak ister misiniz?<\/h2>\t\t\t\t<\/div>\n\t\t\t\t<\/div>\n\t\t\t\t<div class=\"elementor-element elementor-element-5bd809da elementor-widget elementor-widget-heading\" data-id=\"5bd809da\" data-element_type=\"widget\" data-e-type=\"widget\" data-widget_type=\"heading.default\">\n\t\t\t\t<div class=\"elementor-widget-container\">\n\t\t\t\t\t<h2 class=\"elementor-heading-title elementor-size-default\">Doktora \u00d6\u011frencileri<\/h2>\t\t\t\t<\/div>\n\t\t\t\t<\/div>\n\t\t\t\t<div class=\"elementor-element elementor-element-244ce510 elementor-widget elementor-widget-text-editor\" data-id=\"244ce510\" data-element_type=\"widget\" data-e-type=\"widget\" data-widget_type=\"text-editor.default\">\n\t\t\t\t<div class=\"elementor-widget-container\">\n\t\t\t\t\t\t\t\t\t<p>Bulgaristan&#8217;da <strong>doktora veya doktora<\/strong> , belirli bir alanda mevcut olan en y\u00fcksek \u00f6rg\u00fcn e\u011fitim veya ara\u015ft\u0131rma seviyesidir. Belirli bir disipline yeterli ilginiz varsa <strong>doktora<\/strong> size uygun olacakt\u0131r; Ve e\u011fer merakl\u0131 ve \u00f6zverili bir do\u011fan\u0131z varsa. <strong>Doktora<\/strong> i\u00e7in \u00e7al\u0131\u015fmay\u0131 d\u00fc\u015f\u00fcn\u00fcyorsan\u0131z hat\u0131rlaman\u0131z gereken \u015fey, <strong>y\u00fcksek lisans derecesine sahip olman\u0131z gerekti\u011fidir.<\/strong> <strong>Doktora<\/strong>, profesyonel akademik kariyerinize ba\u015flaman\u0131n son ad\u0131m\u0131d\u0131r.<\/p><p>A\u015fa\u011f\u0131dakiler de dahil olmak \u00fczere, geli\u015fmi\u015f rekabet ve bilgiye dayal\u0131 ekonomi ko\u015fullar\u0131 alt\u0131nda kamu talebine uygun <strong>e\u011fitim ve bilimsel derece &#8220;Doktora&#8221; n\u0131n kazan\u0131lmas\u0131 i\u00e7in e\u011fitimin organizasyonu ve koordinasyonu<\/strong>:<\/p><ul><li>Belirli ara\u015ft\u0131rma bilgi ve yeterliliklerinin e\u011fitimi ve olu\u015fturulmas\u0131 (bilimsel ara\u015ft\u0131rma teorisi ve prati\u011fi, bilimsel ara\u015ft\u0131rma y\u00f6ntemleri, tez tezi geli\u015ftirme, yay\u0131n faaliyetleri vb.)<\/li><li>Doktora \u00f6\u011frencisinin kariyer geli\u015fimi i\u00e7in bilgi ve yeterliliklerin e\u011fitimi ve olu\u015fumu<\/li><li>Akademik bilgi ve becerilerin yeti\u015ftirilmesi ve olu\u015fturulmas\u0131<\/li><li>Yabanc\u0131 dil ve bilgisayar becerileri e\u011fitimi<\/li><\/ul>\t\t\t\t\t\t\t\t<\/div>\n\t\t\t\t<\/div>\n\t\t\t\t\t<\/div>\n\t\t<\/div>\n\t\t\t\t<div class=\"elementor-column elementor-col-50 elementor-top-column elementor-element elementor-element-61902d19\" data-id=\"61902d19\" data-element_type=\"column\" data-e-type=\"column\">\n\t\t\t<div class=\"elementor-widget-wrap elementor-element-populated\">\n\t\t\t\t\t\t<div class=\"elementor-element elementor-element-0b28650 elementor-widget elementor-widget-image\" data-id=\"0b28650\" data-element_type=\"widget\" data-e-type=\"widget\" data-widget_type=\"image.default\">\n\t\t\t\t<div class=\"elementor-widget-container\">\n\t\t\t\t\t\t\t\t\t\t\t\t\t\t\t<img fetchpriority=\"high\" decoding=\"async\" width=\"800\" height=\"533\" src=\"https:\/\/blackseauniversity.com\/wp-content\/uploads\/2024\/03\/Varna-Free-University-9-1024x682.jpeg\" class=\"attachment-large size-large wp-image-4796\" alt=\"Bulgaristanda E\u011fitim \u00dcniversite\" srcset=\"https:\/\/blackseauniversity.com\/wp-content\/uploads\/2024\/03\/Varna-Free-University-9-1024x682.jpeg 1024w, https:\/\/blackseauniversity.com\/wp-content\/uploads\/2024\/03\/Varna-Free-University-9-300x200.jpeg 300w, https:\/\/blackseauniversity.com\/wp-content\/uploads\/2024\/03\/Varna-Free-University-9-768x512.jpeg 768w, https:\/\/blackseauniversity.com\/wp-content\/uploads\/2024\/03\/Varna-Free-University-9-1536x1023.jpeg 1536w, https:\/\/blackseauniversity.com\/wp-content\/uploads\/2024\/03\/Varna-Free-University-9.jpeg 1600w\" sizes=\"(max-width: 800px) 100vw, 800px\" \/>\t\t\t\t\t\t\t\t\t\t\t\t\t\t\t<\/div>\n\t\t\t\t<\/div>\n\t\t\t\t\t<\/div>\n\t\t<\/div>\n\t\t\t\t\t<\/div>\n\t\t<\/section>\n\t\t\t\t<section class=\"elementor-section elementor-top-section elementor-element elementor-element-b8f4acf elementor-section-boxed elementor-section-height-default elementor-section-height-default\" data-id=\"b8f4acf\" data-element_type=\"section\" data-e-type=\"section\" data-settings=\"{&quot;background_background&quot;:&quot;classic&quot;}\">\n\t\t\t\t\t\t\t<div class=\"elementor-background-overlay\"><\/div>\n\t\t\t\t\t\t\t<div class=\"elementor-container elementor-column-gap-default\">\n\t\t\t\t\t<div class=\"elementor-column elementor-col-100 elementor-top-column elementor-element elementor-element-21a7164\" data-id=\"21a7164\" data-element_type=\"column\" data-e-type=\"column\">\n\t\t\t<div class=\"elementor-widget-wrap elementor-element-populated\">\n\t\t\t\t\t\t<div class=\"elementor-element elementor-element-fbe85ec elementor-widget elementor-widget-heading\" data-id=\"fbe85ec\" data-element_type=\"widget\" data-e-type=\"widget\" data-widget_type=\"heading.default\">\n\t\t\t\t<div class=\"elementor-widget-container\">\n\t\t\t\t\t<h2 class=\"elementor-heading-title elementor-size-default\">Bize kat\u0131lmak ister misiniz?<\/h2>\t\t\t\t<\/div>\n\t\t\t\t<\/div>\n\t\t\t\t<div class=\"elementor-element elementor-element-c12be83 elementor-widget elementor-widget-heading\" data-id=\"c12be83\" data-element_type=\"widget\" data-e-type=\"widget\" data-widget_type=\"heading.default\">\n\t\t\t\t<div class=\"elementor-widget-container\">\n\t\t\t\t\t<h2 class=\"elementor-heading-title elementor-size-default\">Yeni \u00d6\u011frenci Kabulleri Hakk\u0131nda Bilgi \u0130\u00e7in Bize Kat\u0131l\u0131n<\/h2>\t\t\t\t<\/div>\n\t\t\t\t<\/div>\n\t\t\t\t<div class=\"elementor-element elementor-element-9579db5 elementor-widget elementor-widget-jkit_button\" data-id=\"9579db5\" data-element_type=\"widget\" data-e-type=\"widget\" data-widget_type=\"jkit_button.default\">\n\t\t\t\t<div class=\"elementor-widget-container\">\n\t\t\t\t\t<div  class=\"jeg-elementor-kit jkit-button  icon-position-before jeg_module___69f27bedf1dbf\" ><a href=\"https:\/\/blackseauniversity.com\/admission\/\" class=\"jkit-button-wrapper\">Admissions<\/a><\/div>\t\t\t\t<\/div>\n\t\t\t\t<\/div>\n\t\t\t\t\t<\/div>\n\t\t<\/div>\n\t\t\t\t\t<\/div>\n\t\t<\/section>\n\t\t\t\t<\/div>\n\t\t","protected":false},"excerpt":{"rendered":"<p>Doktora yapmak ister misiniz? Doktora \u00d6\u011frencileri Doktora yapmak ister misiniz? Doktora \u00d6\u011frencileri Bulgaristan&#8217;da doktora veya doktora , belirli bir alanda mevcut olan en y\u00fcksek \u00f6rg\u00fcn e\u011fitim veya ara\u015ft\u0131rma seviyesidir. Belirli bir disipline yeterli ilginiz varsa doktora size uygun olacakt\u0131r; Ve e\u011fer merakl\u0131 ve \u00f6zverili bir do\u011fan\u0131z varsa. Doktora i\u00e7in \u00e7al\u0131\u015fmay\u0131 d\u00fc\u015f\u00fcn\u00fcyorsan\u0131z hat\u0131rlaman\u0131z gereken \u015fey, y\u00fcksek [&hellip;]<\/p>\n","protected":false},"author":8,"featured_media":0,"parent":0,"menu_order":0,"comment_status":"closed","ping_status":"closed","template":"elementor_theme","meta":{"footnotes":""},"class_list":["post-2847","page","type-page","status-publish","hentry"],"yoast_head":"<!-- This site is optimized with the Yoast SEO Premium plugin v27.5 (Yoast SEO v27.5) - https:\/\/yoast.com\/product\/yoast-seo-premium-wordpress\/ -->\n<title>Doktora \u00d6\u011frencileri | Bulgaristan&#039;da E\u011fitim<\/title>\n<meta name=\"description\" content=\"Doktora \u00f6\u011frencileriBulgaristan&#039;da doktora veya doktora, belirli bir alanda mevcut olan en y\u00fcksek \u00f6rg\u00fcn e\u011fitim veya ara\u015ft\u0131rma seviyesidir.\" \/>\n<meta name=\"robots\" content=\"index, follow, max-snippet:-1, max-image-preview:large, max-video-preview:-1\" \/>\n<link rel=\"canonical\" href=\"https:\/\/blackseauniversity.com\/tr\/doktora-ogrencileri\/\" \/>\n<meta property=\"og:locale\" content=\"tr_TR\" \/>\n<meta property=\"og:type\" content=\"article\" \/>\n<meta property=\"og:title\" content=\"Doktora \u00d6\u011frencileri | Bulgaristan&#039;da E\u011fitim\" \/>\n<meta property=\"og:description\" content=\"Doktora \u00f6\u011frencileriBulgaristan&#039;da doktora veya doktora, belirli bir alanda mevcut olan en y\u00fcksek \u00f6rg\u00fcn e\u011fitim veya ara\u015ft\u0131rma seviyesidir.\" \/>\n<meta property=\"og:url\" content=\"https:\/\/blackseauniversity.com\/tr\/doktora-ogrencileri\/\" \/>\n<meta property=\"og:site_name\" content=\"Bulgaristan&#039;da E\u011fitim\" \/>\n<meta property=\"article:publisher\" content=\"https:\/\/www.facebook.com\/VarnaDenizcilikUniversitesi\" \/>\n<meta property=\"article:modified_time\" content=\"2025-12-13T13:53:15+00:00\" \/>\n<meta property=\"og:image\" content=\"https:\/\/blackseauniversity.com\/wp-content\/uploads\/2024\/03\/Varna-Free-University-9.jpeg\" \/>\n\t<meta property=\"og:image:width\" content=\"1600\" \/>\n\t<meta property=\"og:image:height\" content=\"1066\" \/>\n\t<meta property=\"og:image:type\" content=\"image\/jpeg\" \/>\n<meta name=\"twitter:card\" content=\"summary_large_image\" \/>\n<meta name=\"twitter:label1\" content=\"Tahmini okuma s\u00fcresi\" \/>\n\t<meta name=\"twitter:data1\" content=\"1 dakika\" \/>\n<script type=\"application\/ld+json\" class=\"yoast-schema-graph\">{\"@context\":\"https:\\\/\\\/schema.org\",\"@graph\":[{\"@type\":\"WebPage\",\"@id\":\"https:\\\/\\\/blackseauniversity.com\\\/tr\\\/doktora-ogrencileri\\\/\",\"url\":\"https:\\\/\\\/blackseauniversity.com\\\/tr\\\/doktora-ogrencileri\\\/\",\"name\":\"Doktora \u00d6\u011frencileri | Bulgaristan&#039;da E\u011fitim\",\"isPartOf\":{\"@id\":\"https:\\\/\\\/blackseauniversity.com\\\/tr\\\/#website\"},\"primaryImageOfPage\":{\"@id\":\"https:\\\/\\\/blackseauniversity.com\\\/tr\\\/doktora-ogrencileri\\\/#primaryimage\"},\"image\":{\"@id\":\"https:\\\/\\\/blackseauniversity.com\\\/tr\\\/doktora-ogrencileri\\\/#primaryimage\"},\"thumbnailUrl\":\"https:\\\/\\\/blackseauniversity.com\\\/wp-content\\\/uploads\\\/2024\\\/03\\\/Varna-Free-University-9-1024x682.jpeg\",\"datePublished\":\"2023-11-28T17:22:46+00:00\",\"dateModified\":\"2025-12-13T13:53:15+00:00\",\"description\":\"Doktora \u00f6\u011frencileriBulgaristan'da doktora veya doktora, belirli bir alanda mevcut olan en y\u00fcksek \u00f6rg\u00fcn e\u011fitim veya ara\u015ft\u0131rma seviyesidir.\",\"inLanguage\":\"tr\",\"potentialAction\":[{\"@type\":\"ReadAction\",\"target\":[\"https:\\\/\\\/blackseauniversity.com\\\/tr\\\/doktora-ogrencileri\\\/\"]}]},{\"@type\":\"ImageObject\",\"inLanguage\":\"tr\",\"@id\":\"https:\\\/\\\/blackseauniversity.com\\\/tr\\\/doktora-ogrencileri\\\/#primaryimage\",\"url\":\"https:\\\/\\\/blackseauniversity.com\\\/wp-content\\\/uploads\\\/2024\\\/03\\\/Varna-Free-University-9-1024x682.jpeg\",\"contentUrl\":\"https:\\\/\\\/blackseauniversity.com\\\/wp-content\\\/uploads\\\/2024\\\/03\\\/Varna-Free-University-9-1024x682.jpeg\"},{\"@type\":\"WebSite\",\"@id\":\"https:\\\/\\\/blackseauniversity.com\\\/tr\\\/#website\",\"url\":\"https:\\\/\\\/blackseauniversity.com\\\/tr\\\/\",\"name\":\"Study in Bulgaria | Black Sea University | Bulgaria\",\"description\":\"Black Sea University | Bulgaria\",\"publisher\":{\"@id\":\"https:\\\/\\\/blackseauniversity.com\\\/tr\\\/#organization\"},\"alternateName\":\"Study In Europe | Black Sea University | Bulgaria\",\"potentialAction\":[{\"@type\":\"SearchAction\",\"target\":{\"@type\":\"EntryPoint\",\"urlTemplate\":\"https:\\\/\\\/blackseauniversity.com\\\/tr\\\/?s={search_term_string}\"},\"query-input\":{\"@type\":\"PropertyValueSpecification\",\"valueRequired\":true,\"valueName\":\"search_term_string\"}}],\"inLanguage\":\"tr\"},{\"@type\":\"Organization\",\"@id\":\"https:\\\/\\\/blackseauniversity.com\\\/tr\\\/#organization\",\"name\":\"Study in Bulgaria | Black Sea University | Bulgaria\",\"alternateName\":\"Study In Europe\",\"url\":\"https:\\\/\\\/blackseauniversity.com\\\/tr\\\/\",\"logo\":{\"@type\":\"ImageObject\",\"inLanguage\":\"tr\",\"@id\":\"https:\\\/\\\/blackseauniversity.com\\\/tr\\\/#\\\/schema\\\/logo\\\/image\\\/\",\"url\":\"https:\\\/\\\/blackseauniversity.com\\\/wp-content\\\/uploads\\\/2024\\\/01\\\/logo-1.png\",\"contentUrl\":\"https:\\\/\\\/blackseauniversity.com\\\/wp-content\\\/uploads\\\/2024\\\/01\\\/logo-1.png\",\"width\":160,\"height\":60,\"caption\":\"Study in Bulgaria | Black Sea University | Bulgaria\"},\"image\":{\"@id\":\"https:\\\/\\\/blackseauniversity.com\\\/tr\\\/#\\\/schema\\\/logo\\\/image\\\/\"},\"sameAs\":[\"https:\\\/\\\/www.facebook.com\\\/VarnaDenizcilikUniversitesi\",\"https:\\\/\\\/www.instagram.com\\\/black_sea_university\\\/\",\"https:\\\/\\\/t.me\\\/StudyBulgaria\"],\"description\":\"Karadeniz \u00dcniversitesi\",\"publishingPrinciples\":\"https:\\\/\\\/blackseauniversity.com\\\/\",\"ownershipFundingInfo\":\"https:\\\/\\\/blackseauniversity.com\\\/study-in-bulgaria\\\/\",\"actionableFeedbackPolicy\":\"https:\\\/\\\/blackseauniversity.com\\\/\",\"correctionsPolicy\":\"https:\\\/\\\/blackseauniversity.com\\\/\"}]}<\/script>\n<!-- \/ Yoast SEO Premium plugin. -->","yoast_head_json":{"title":"Doktora \u00d6\u011frencileri | Bulgaristan&#039;da E\u011fitim","description":"Doktora \u00f6\u011frencileriBulgaristan'da doktora veya doktora, belirli bir alanda mevcut olan en y\u00fcksek \u00f6rg\u00fcn e\u011fitim veya ara\u015ft\u0131rma seviyesidir.","robots":{"index":"index","follow":"follow","max-snippet":"max-snippet:-1","max-image-preview":"max-image-preview:large","max-video-preview":"max-video-preview:-1"},"canonical":"https:\/\/blackseauniversity.com\/tr\/doktora-ogrencileri\/","og_locale":"tr_TR","og_type":"article","og_title":"Doktora \u00d6\u011frencileri | Bulgaristan&#039;da E\u011fitim","og_description":"Doktora \u00f6\u011frencileriBulgaristan'da doktora veya doktora, belirli bir alanda mevcut olan en y\u00fcksek \u00f6rg\u00fcn e\u011fitim veya ara\u015ft\u0131rma seviyesidir.","og_url":"https:\/\/blackseauniversity.com\/tr\/doktora-ogrencileri\/","og_site_name":"Bulgaristan&#039;da E\u011fitim","article_publisher":"https:\/\/www.facebook.com\/VarnaDenizcilikUniversitesi","article_modified_time":"2025-12-13T13:53:15+00:00","og_image":[{"width":1600,"height":1066,"url":"https:\/\/blackseauniversity.com\/wp-content\/uploads\/2024\/03\/Varna-Free-University-9.jpeg","type":"image\/jpeg"}],"twitter_card":"summary_large_image","twitter_misc":{"Tahmini okuma s\u00fcresi":"1 dakika"},"schema":{"@context":"https:\/\/schema.org","@graph":[{"@type":"WebPage","@id":"https:\/\/blackseauniversity.com\/tr\/doktora-ogrencileri\/","url":"https:\/\/blackseauniversity.com\/tr\/doktora-ogrencileri\/","name":"Doktora \u00d6\u011frencileri | Bulgaristan&#039;da E\u011fitim","isPartOf":{"@id":"https:\/\/blackseauniversity.com\/tr\/#website"},"primaryImageOfPage":{"@id":"https:\/\/blackseauniversity.com\/tr\/doktora-ogrencileri\/#primaryimage"},"image":{"@id":"https:\/\/blackseauniversity.com\/tr\/doktora-ogrencileri\/#primaryimage"},"thumbnailUrl":"https:\/\/blackseauniversity.com\/wp-content\/uploads\/2024\/03\/Varna-Free-University-9-1024x682.jpeg","datePublished":"2023-11-28T17:22:46+00:00","dateModified":"2025-12-13T13:53:15+00:00","description":"Doktora \u00f6\u011frencileriBulgaristan'da doktora veya doktora, belirli bir alanda mevcut olan en y\u00fcksek \u00f6rg\u00fcn e\u011fitim veya ara\u015ft\u0131rma seviyesidir.","inLanguage":"tr","potentialAction":[{"@type":"ReadAction","target":["https:\/\/blackseauniversity.com\/tr\/doktora-ogrencileri\/"]}]},{"@type":"ImageObject","inLanguage":"tr","@id":"https:\/\/blackseauniversity.com\/tr\/doktora-ogrencileri\/#primaryimage","url":"https:\/\/blackseauniversity.com\/wp-content\/uploads\/2024\/03\/Varna-Free-University-9-1024x682.jpeg","contentUrl":"https:\/\/blackseauniversity.com\/wp-content\/uploads\/2024\/03\/Varna-Free-University-9-1024x682.jpeg"},{"@type":"WebSite","@id":"https:\/\/blackseauniversity.com\/tr\/#website","url":"https:\/\/blackseauniversity.com\/tr\/","name":"Study in Bulgaria | Black Sea University | Bulgaria","description":"Black Sea University | Bulgaria","publisher":{"@id":"https:\/\/blackseauniversity.com\/tr\/#organization"},"alternateName":"Study In Europe | Black Sea University | Bulgaria","potentialAction":[{"@type":"SearchAction","target":{"@type":"EntryPoint","urlTemplate":"https:\/\/blackseauniversity.com\/tr\/?s={search_term_string}"},"query-input":{"@type":"PropertyValueSpecification","valueRequired":true,"valueName":"search_term_string"}}],"inLanguage":"tr"},{"@type":"Organization","@id":"https:\/\/blackseauniversity.com\/tr\/#organization","name":"Study in Bulgaria | Black Sea University | Bulgaria","alternateName":"Study In Europe","url":"https:\/\/blackseauniversity.com\/tr\/","logo":{"@type":"ImageObject","inLanguage":"tr","@id":"https:\/\/blackseauniversity.com\/tr\/#\/schema\/logo\/image\/","url":"https:\/\/blackseauniversity.com\/wp-content\/uploads\/2024\/01\/logo-1.png","contentUrl":"https:\/\/blackseauniversity.com\/wp-content\/uploads\/2024\/01\/logo-1.png","width":160,"height":60,"caption":"Study in Bulgaria | Black Sea University | Bulgaria"},"image":{"@id":"https:\/\/blackseauniversity.com\/tr\/#\/schema\/logo\/image\/"},"sameAs":["https:\/\/www.facebook.com\/VarnaDenizcilikUniversitesi","https:\/\/www.instagram.com\/black_sea_university\/","https:\/\/t.me\/StudyBulgaria"],"description":"Karadeniz \u00dcniversitesi","publishingPrinciples":"https:\/\/blackseauniversity.com\/","ownershipFundingInfo":"https:\/\/blackseauniversity.com\/study-in-bulgaria\/","actionableFeedbackPolicy":"https:\/\/blackseauniversity.com\/","correctionsPolicy":"https:\/\/blackseauniversity.com\/"}]}},"_links":{"self":[{"href":"https:\/\/blackseauniversity.com\/tr\/wp-json\/wp\/v2\/pages\/2847","targetHints":{"allow":["GET"]}}],"collection":[{"href":"https:\/\/blackseauniversity.com\/tr\/wp-json\/wp\/v2\/pages"}],"about":[{"href":"https:\/\/blackseauniversity.com\/tr\/wp-json\/wp\/v2\/types\/page"}],"author":[{"embeddable":true,"href":"https:\/\/blackseauniversity.com\/tr\/wp-json\/wp\/v2\/users\/8"}],"replies":[{"embeddable":true,"href":"https:\/\/blackseauniversity.com\/tr\/wp-json\/wp\/v2\/comments?post=2847"}],"version-history":[{"count":19,"href":"https:\/\/blackseauniversity.com\/tr\/wp-json\/wp\/v2\/pages\/2847\/revisions"}],"predecessor-version":[{"id":8686,"href":"https:\/\/blackseauniversity.com\/tr\/wp-json\/wp\/v2\/pages\/2847\/revisions\/8686"}],"wp:attachment":[{"href":"https:\/\/blackseauniversity.com\/tr\/wp-json\/wp\/v2\/media?parent=2847"}],"curies":[{"name":"wp","href":"https:\/\/api.w.org\/{rel}","templated":true}]}}