{"id":2920,"date":"2023-11-27T17:12:21","date_gmt":"2023-11-27T17:12:21","guid":{"rendered":"https:\/\/blackseauniversity.com\/ogrenim-ucretleri\/"},"modified":"2025-09-06T13:49:44","modified_gmt":"2025-09-06T13:49:44","slug":"ogrenim-ucretleri","status":"publish","type":"page","link":"https:\/\/blackseauniversity.com\/tr\/ogrenim-ucretleri\/","title":{"rendered":"\u00d6\u011frenim \u00fccretleri"},"content":{"rendered":"\t\t<div data-elementor-type=\"wp-page\" data-elementor-id=\"2920\" class=\"elementor elementor-2920 elementor-516\">\n\t\t\t\t\t\t<section class=\"elementor-section elementor-top-section elementor-element elementor-element-55146dac elementor-section-content-middle elementor-section-boxed elementor-section-height-default elementor-section-height-default\" data-id=\"55146dac\" data-element_type=\"section\" data-e-type=\"section\" data-settings=\"{&quot;background_background&quot;:&quot;classic&quot;}\">\n\t\t\t\t\t\t\t<div class=\"elementor-background-overlay\"><\/div>\n\t\t\t\t\t\t\t<div class=\"elementor-container elementor-column-gap-default\">\n\t\t\t\t\t<div class=\"elementor-column elementor-col-50 elementor-top-column elementor-element elementor-element-12d905a2\" data-id=\"12d905a2\" data-element_type=\"column\" data-e-type=\"column\" data-settings=\"{&quot;background_background&quot;:&quot;classic&quot;}\">\n\t\t\t<div class=\"elementor-widget-wrap elementor-element-populated\">\n\t\t\t\t\t\t<div class=\"elementor-element elementor-element-283a5a56 elementor-widget elementor-widget-heading\" data-id=\"283a5a56\" data-element_type=\"widget\" data-e-type=\"widget\" data-widget_type=\"heading.default\">\n\t\t\t\t<div class=\"elementor-widget-container\">\n\t\t\t\t\t<h2 class=\"elementor-heading-title elementor-size-default\">\u00dccret Yap\u0131s\u0131<\/h2>\t\t\t\t<\/div>\n\t\t\t\t<\/div>\n\t\t\t\t<div class=\"elementor-element elementor-element-2a3225e elementor-widget elementor-widget-heading\" data-id=\"2a3225e\" data-element_type=\"widget\" data-e-type=\"widget\" data-widget_type=\"heading.default\">\n\t\t\t\t<div class=\"elementor-widget-container\">\n\t\t\t\t\t<h2 class=\"elementor-heading-title elementor-size-default\">\u00d6\u011frenim \u00fccretleri<\/h2>\t\t\t\t<\/div>\n\t\t\t\t<\/div>\n\t\t\t\t\t<\/div>\n\t\t<\/div>\n\t\t\t\t<div class=\"elementor-column elementor-col-50 elementor-top-column elementor-element elementor-element-2d8f7fdb elementor-hidden-tablet elementor-hidden-phone\" data-id=\"2d8f7fdb\" data-element_type=\"column\" data-e-type=\"column\">\n\t\t\t<div class=\"elementor-widget-wrap\">\n\t\t\t\t\t\t\t<\/div>\n\t\t<\/div>\n\t\t\t\t\t<\/div>\n\t\t<\/section>\n\t\t\t\t<section class=\"elementor-section elementor-top-section elementor-element elementor-element-495a6cb7 elementor-section-content-middle elementor-section-boxed elementor-section-height-default elementor-section-height-default\" data-id=\"495a6cb7\" data-element_type=\"section\" data-e-type=\"section\" data-settings=\"{&quot;background_background&quot;:&quot;classic&quot;}\">\n\t\t\t\t\t\t<div class=\"elementor-container elementor-column-gap-default\">\n\t\t\t\t\t<div class=\"elementor-column elementor-col-50 elementor-top-column elementor-element elementor-element-61902d19\" data-id=\"61902d19\" data-element_type=\"column\" data-e-type=\"column\">\n\t\t\t<div class=\"elementor-widget-wrap elementor-element-populated\">\n\t\t\t\t\t\t<div class=\"elementor-element elementor-element-1938789 elementor-widget elementor-widget-text-editor\" data-id=\"1938789\" data-element_type=\"widget\" data-e-type=\"widget\" data-widget_type=\"text-editor.default\">\n\t\t\t\t<div class=\"elementor-widget-container\">\n\t\t\t\t\t\t\t\t\t<p>Varna \u00fcniversitelerindeki \u00f6\u011frenim \u00fccretleri a\u015fa\u011f\u0131daki tabloda yol g\u00f6sterici olarak sunulmu\u015ftur:<\/p>\n\t\t\t\t\t\t\t\t<\/div>\n\t\t\t\t<\/div>\n\t\t\t\t<div class=\"elementor-element elementor-element-e16f450 elementor-widget elementor-widget-shortcode\" data-id=\"e16f450\" data-element_type=\"widget\" data-e-type=\"widget\" data-widget_type=\"shortcode.default\">\n\t\t\t\t<div class=\"elementor-widget-container\">\n\t\t\t\t\t\t\t<div class=\"elementor-shortcode\"><div id=\"footable_parent_2785\"\n         class=\" footable_parent ninja_table_wrapper loading_ninja_table wp_table_data_press_parent semantic_ui \">\n                <table data-ninja_table_instance=\"ninja_table_instance_0\" data-footable_id=\"2785\" data-filter-delay=\"1000\" aria-label=\"Tuition Fees - English\"            id=\"footable_2785\"\n           data-unique_identifier=\"ninja_table_unique_id_696307430_2785\"\n           class=\" foo-table ninja_footable foo_table_2785 ninja_table_unique_id_696307430_2785 ui table  ninja_search_right nt_type_ajax_table selectable hide_horizonal_borders striped vertical_centered  footable-paging-right ninja_table_search_disabled\">\n                <colgroup>\n                            <col class=\"ninja_column_0 \">\n                            <col class=\"ninja_column_1 \">\n                            <col class=\"ninja_column_2 \">\n                            <col class=\"ninja_column_3 \">\n                    <\/colgroup>\n            <\/table>\n    \n    \n    \n<\/div>\n<\/div>\n\t\t\t\t\t\t<\/div>\n\t\t\t\t<\/div>\n\t\t\t\t\t<\/div>\n\t\t<\/div>\n\t\t\t\t<div class=\"elementor-column elementor-col-50 elementor-top-column elementor-element elementor-element-27490f8d\" data-id=\"27490f8d\" data-element_type=\"column\" data-e-type=\"column\">\n\t\t\t<div class=\"elementor-widget-wrap elementor-element-populated\">\n\t\t\t\t\t\t<div class=\"elementor-element elementor-element-5c9abf7b elementor-widget elementor-widget-heading\" data-id=\"5c9abf7b\" data-element_type=\"widget\" data-e-type=\"widget\" data-widget_type=\"heading.default\">\n\t\t\t\t<div class=\"elementor-widget-container\">\n\t\t\t\t\t<h2 class=\"elementor-heading-title elementor-size-default\">\u00dccret Yap\u0131s\u0131<\/h2>\t\t\t\t<\/div>\n\t\t\t\t<\/div>\n\t\t\t\t<div class=\"elementor-element elementor-element-5bd809da elementor-widget elementor-widget-heading\" data-id=\"5bd809da\" data-element_type=\"widget\" data-e-type=\"widget\" data-widget_type=\"heading.default\">\n\t\t\t\t<div class=\"elementor-widget-container\">\n\t\t\t\t\t<h2 class=\"elementor-heading-title elementor-size-default\">\u00d6\u011frenim \u00fccretleri<\/h2>\t\t\t\t<\/div>\n\t\t\t\t<\/div>\n\t\t\t\t<div class=\"elementor-element elementor-element-244ce510 elementor-widget elementor-widget-text-editor\" data-id=\"244ce510\" data-element_type=\"widget\" data-e-type=\"widget\" data-widget_type=\"text-editor.default\">\n\t\t\t\t<div class=\"elementor-widget-container\">\n\t\t\t\t\t\t\t\t\t<p>Bulgaristan&#8217;da \u00fcniversite e\u011fitimi i\u00e7in \u00f6\u011frenim \u00fccretleri, Avrupa Birli\u011fi i\u00e7indeki en uygun \u00fccretler aras\u0131ndad\u0131r. Anavatan\u0131 Avrupa Birli\u011fi i\u00e7inde olan \u00f6\u011frenciler, indirimli \u00f6\u011frenim \u00fccreti ile e\u011fitim g\u00f6rebilir veya Bulgar bursundan yararlanabilirler.<\/p>\n<p>Bulgar \u00fcniversitelerinde \u00f6\u011frenim \u00fccretleri \u00fcniversiteye, e\u011fitim program\u0131na, dereceye, tam zamanl\u0131 veya yar\u0131 zamanl\u0131 e\u011fitime vb. ba\u011fl\u0131 olarak de\u011fi\u015fir.<\/p>\n<p>\u00d6\u011frenim \u00fccretleri tam veya iki taksite kadar \u00f6denebilir.<\/p>\n<p>Bu \u00f6\u011frenim \u00fccretleri di\u011fer AB \u00fcniversitelerine g\u00f6re en az iki kat daha ucuz olsa da, e\u011fitiminiz s\u0131ras\u0131nda maddi bir deste\u011fe ihtiyac\u0131n\u0131z olabilir. E\u011fer \u00f6yleyse, sizin i\u00e7in birka\u00e7 se\u00e7enek var: \u00f6\u011frenci kredisi, burs veya yar\u0131 zamanl\u0131 \u00e7al\u0131\u015fma.<\/p>\n<p>Kar\u015f\u0131la\u015ft\u0131\u011f\u0131n\u0131z zorluklar veya sorular ne olursa olsun, yard\u0131m ve yard\u0131m i\u00e7in bizimle ileti\u015fime ge\u00e7in.<\/p>\n\t\t\t\t\t\t\t\t<\/div>\n\t\t\t\t<\/div>\n\t\t\t\t<div class=\"elementor-element elementor-element-835e770 elementor-widget elementor-widget-button\" data-id=\"835e770\" data-element_type=\"widget\" data-e-type=\"widget\" data-widget_type=\"button.default\">\n\t\t\t\t<div class=\"elementor-widget-container\">\n\t\t\t\t\t\t\t\t\t<div class=\"elementor-button-wrapper\">\n\t\t\t\t\t<a class=\"elementor-button elementor-button-link elementor-size-sm\" href=\"https:\/\/blackseauniversity.com\/tr\/kabul\/\">\n\t\t\t\t\t\t<span class=\"elementor-button-content-wrapper\">\n\t\t\t\t\t\t\t\t\t<span class=\"elementor-button-text\">Kabul<\/span>\n\t\t\t\t\t<\/span>\n\t\t\t\t\t<\/a>\n\t\t\t\t<\/div>\n\t\t\t\t\t\t\t\t<\/div>\n\t\t\t\t<\/div>\n\t\t\t\t\t<\/div>\n\t\t<\/div>\n\t\t\t\t\t<\/div>\n\t\t<\/section>\n\t\t\t\t<\/div>\n\t\t","protected":false},"excerpt":{"rendered":"<p>\u00dccret Yap\u0131s\u0131 \u00d6\u011frenim \u00fccretleri Varna \u00fcniversitelerindeki \u00f6\u011frenim \u00fccretleri a\u015fa\u011f\u0131daki tabloda yol g\u00f6sterici olarak sunulmu\u015ftur: \u00dccret Yap\u0131s\u0131 \u00d6\u011frenim \u00fccretleri Bulgaristan&#8217;da \u00fcniversite e\u011fitimi i\u00e7in \u00f6\u011frenim \u00fccretleri, Avrupa Birli\u011fi i\u00e7indeki en uygun \u00fccretler aras\u0131ndad\u0131r. Anavatan\u0131 Avrupa Birli\u011fi i\u00e7inde olan \u00f6\u011frenciler, indirimli \u00f6\u011frenim \u00fccreti ile e\u011fitim g\u00f6rebilir veya Bulgar bursundan yararlanabilirler. Bulgar \u00fcniversitelerinde \u00f6\u011frenim \u00fccretleri \u00fcniversiteye, e\u011fitim program\u0131na, dereceye, [&hellip;]<\/p>\n","protected":false},"author":8,"featured_media":0,"parent":0,"menu_order":0,"comment_status":"closed","ping_status":"closed","template":"elementor_theme","meta":{"footnotes":""},"class_list":["post-2920","page","type-page","status-publish","hentry"],"yoast_head":"<!-- This site is optimized with the Yoast SEO Premium plugin v27.5 (Yoast SEO v27.5) - https:\/\/yoast.com\/product\/yoast-seo-premium-wordpress\/ -->\n<title>\u00d6\u011frenim \u00fccretleri | Bulgaristan&#039;da E\u011fitim<\/title>\n<meta name=\"description\" content=\"Bulgaristan&#039;da \u00fcniversite e\u011fitimi i\u00e7in \u00f6\u011frenim \u00fccretleri, Avrupa Birli\u011fi i\u00e7indeki en uygun \u00fccretler aras\u0131ndad\u0131r. Anavatan\u0131 Avrupa i\u00e7inde olan\" \/>\n<meta name=\"robots\" content=\"index, follow, max-snippet:-1, max-image-preview:large, max-video-preview:-1\" \/>\n<link rel=\"canonical\" href=\"https:\/\/blackseauniversity.com\/tr\/ogrenim-ucretleri\/\" \/>\n<meta property=\"og:locale\" content=\"tr_TR\" \/>\n<meta property=\"og:type\" content=\"article\" \/>\n<meta property=\"og:title\" content=\"\u00d6\u011frenim \u00fccretleri | Bulgaristan&#039;da E\u011fitim\" \/>\n<meta property=\"og:description\" content=\"Bulgaristan&#039;da \u00fcniversite e\u011fitimi i\u00e7in \u00f6\u011frenim \u00fccretleri, Avrupa Birli\u011fi i\u00e7indeki en uygun \u00fccretler aras\u0131ndad\u0131r. Anavatan\u0131 Avrupa i\u00e7inde olan\" \/>\n<meta property=\"og:url\" content=\"https:\/\/blackseauniversity.com\/tr\/ogrenim-ucretleri\/\" \/>\n<meta property=\"og:site_name\" content=\"Bulgaristan&#039;da E\u011fitim\" \/>\n<meta property=\"article:publisher\" content=\"https:\/\/www.facebook.com\/VarnaDenizcilikUniversitesi\" \/>\n<meta property=\"article:modified_time\" content=\"2025-09-06T13:49:44+00:00\" \/>\n<meta property=\"og:image\" content=\"https:\/\/blackseauniversity.com\/wp-content\/uploads\/2024\/03\/Varna-Free-University-4.jpeg\" \/>\n\t<meta property=\"og:image:width\" content=\"1600\" \/>\n\t<meta property=\"og:image:height\" content=\"1066\" \/>\n\t<meta property=\"og:image:type\" content=\"image\/jpeg\" \/>\n<meta name=\"twitter:card\" content=\"summary_large_image\" \/>\n<meta name=\"twitter:label1\" content=\"Tahmini okuma s\u00fcresi\" \/>\n\t<meta name=\"twitter:data1\" content=\"1 dakika\" \/>\n<script type=\"application\/ld+json\" class=\"yoast-schema-graph\">{\"@context\":\"https:\\\/\\\/schema.org\",\"@graph\":[{\"@type\":\"WebPage\",\"@id\":\"https:\\\/\\\/blackseauniversity.com\\\/tr\\\/ogrenim-ucretleri\\\/\",\"url\":\"https:\\\/\\\/blackseauniversity.com\\\/tr\\\/ogrenim-ucretleri\\\/\",\"name\":\"\u00d6\u011frenim \u00fccretleri | Bulgaristan&#039;da E\u011fitim\",\"isPartOf\":{\"@id\":\"https:\\\/\\\/blackseauniversity.com\\\/tr\\\/#website\"},\"datePublished\":\"2023-11-27T17:12:21+00:00\",\"dateModified\":\"2025-09-06T13:49:44+00:00\",\"description\":\"Bulgaristan'da \u00fcniversite e\u011fitimi i\u00e7in \u00f6\u011frenim \u00fccretleri, Avrupa Birli\u011fi i\u00e7indeki en uygun \u00fccretler aras\u0131ndad\u0131r. Anavatan\u0131 Avrupa i\u00e7inde olan\",\"inLanguage\":\"tr\",\"potentialAction\":[{\"@type\":\"ReadAction\",\"target\":[\"https:\\\/\\\/blackseauniversity.com\\\/tr\\\/ogrenim-ucretleri\\\/\"]}]},{\"@type\":\"WebSite\",\"@id\":\"https:\\\/\\\/blackseauniversity.com\\\/tr\\\/#website\",\"url\":\"https:\\\/\\\/blackseauniversity.com\\\/tr\\\/\",\"name\":\"Study in Bulgaria | Black Sea University | Bulgaria\",\"description\":\"Black Sea University | Bulgaria\",\"publisher\":{\"@id\":\"https:\\\/\\\/blackseauniversity.com\\\/tr\\\/#organization\"},\"alternateName\":\"Study In Europe | Black Sea University | Bulgaria\",\"potentialAction\":[{\"@type\":\"SearchAction\",\"target\":{\"@type\":\"EntryPoint\",\"urlTemplate\":\"https:\\\/\\\/blackseauniversity.com\\\/tr\\\/?s={search_term_string}\"},\"query-input\":{\"@type\":\"PropertyValueSpecification\",\"valueRequired\":true,\"valueName\":\"search_term_string\"}}],\"inLanguage\":\"tr\"},{\"@type\":\"Organization\",\"@id\":\"https:\\\/\\\/blackseauniversity.com\\\/tr\\\/#organization\",\"name\":\"Study in Bulgaria | Black Sea University | Bulgaria\",\"alternateName\":\"Study In Europe\",\"url\":\"https:\\\/\\\/blackseauniversity.com\\\/tr\\\/\",\"logo\":{\"@type\":\"ImageObject\",\"inLanguage\":\"tr\",\"@id\":\"https:\\\/\\\/blackseauniversity.com\\\/tr\\\/#\\\/schema\\\/logo\\\/image\\\/\",\"url\":\"https:\\\/\\\/blackseauniversity.com\\\/wp-content\\\/uploads\\\/2024\\\/01\\\/logo-1.png\",\"contentUrl\":\"https:\\\/\\\/blackseauniversity.com\\\/wp-content\\\/uploads\\\/2024\\\/01\\\/logo-1.png\",\"width\":160,\"height\":60,\"caption\":\"Study in Bulgaria | Black Sea University | Bulgaria\"},\"image\":{\"@id\":\"https:\\\/\\\/blackseauniversity.com\\\/tr\\\/#\\\/schema\\\/logo\\\/image\\\/\"},\"sameAs\":[\"https:\\\/\\\/www.facebook.com\\\/VarnaDenizcilikUniversitesi\",\"https:\\\/\\\/www.instagram.com\\\/black_sea_university\\\/\",\"https:\\\/\\\/t.me\\\/StudyBulgaria\"],\"description\":\"Karadeniz \u00dcniversitesi\",\"publishingPrinciples\":\"https:\\\/\\\/blackseauniversity.com\\\/\",\"ownershipFundingInfo\":\"https:\\\/\\\/blackseauniversity.com\\\/study-in-bulgaria\\\/\",\"actionableFeedbackPolicy\":\"https:\\\/\\\/blackseauniversity.com\\\/\",\"correctionsPolicy\":\"https:\\\/\\\/blackseauniversity.com\\\/\"}]}<\/script>\n<!-- \/ Yoast SEO Premium plugin. -->","yoast_head_json":{"title":"\u00d6\u011frenim \u00fccretleri | Bulgaristan&#039;da E\u011fitim","description":"Bulgaristan'da \u00fcniversite e\u011fitimi i\u00e7in \u00f6\u011frenim \u00fccretleri, Avrupa Birli\u011fi i\u00e7indeki en uygun \u00fccretler aras\u0131ndad\u0131r. Anavatan\u0131 Avrupa i\u00e7inde olan","robots":{"index":"index","follow":"follow","max-snippet":"max-snippet:-1","max-image-preview":"max-image-preview:large","max-video-preview":"max-video-preview:-1"},"canonical":"https:\/\/blackseauniversity.com\/tr\/ogrenim-ucretleri\/","og_locale":"tr_TR","og_type":"article","og_title":"\u00d6\u011frenim \u00fccretleri | Bulgaristan&#039;da E\u011fitim","og_description":"Bulgaristan'da \u00fcniversite e\u011fitimi i\u00e7in \u00f6\u011frenim \u00fccretleri, Avrupa Birli\u011fi i\u00e7indeki en uygun \u00fccretler aras\u0131ndad\u0131r. Anavatan\u0131 Avrupa i\u00e7inde olan","og_url":"https:\/\/blackseauniversity.com\/tr\/ogrenim-ucretleri\/","og_site_name":"Bulgaristan&#039;da E\u011fitim","article_publisher":"https:\/\/www.facebook.com\/VarnaDenizcilikUniversitesi","article_modified_time":"2025-09-06T13:49:44+00:00","og_image":[{"width":1600,"height":1066,"url":"https:\/\/blackseauniversity.com\/wp-content\/uploads\/2024\/03\/Varna-Free-University-4.jpeg","type":"image\/jpeg"}],"twitter_card":"summary_large_image","twitter_misc":{"Tahmini okuma s\u00fcresi":"1 dakika"},"schema":{"@context":"https:\/\/schema.org","@graph":[{"@type":"WebPage","@id":"https:\/\/blackseauniversity.com\/tr\/ogrenim-ucretleri\/","url":"https:\/\/blackseauniversity.com\/tr\/ogrenim-ucretleri\/","name":"\u00d6\u011frenim \u00fccretleri | Bulgaristan&#039;da E\u011fitim","isPartOf":{"@id":"https:\/\/blackseauniversity.com\/tr\/#website"},"datePublished":"2023-11-27T17:12:21+00:00","dateModified":"2025-09-06T13:49:44+00:00","description":"Bulgaristan'da \u00fcniversite e\u011fitimi i\u00e7in \u00f6\u011frenim \u00fccretleri, Avrupa Birli\u011fi i\u00e7indeki en uygun \u00fccretler aras\u0131ndad\u0131r. Anavatan\u0131 Avrupa i\u00e7inde olan","inLanguage":"tr","potentialAction":[{"@type":"ReadAction","target":["https:\/\/blackseauniversity.com\/tr\/ogrenim-ucretleri\/"]}]},{"@type":"WebSite","@id":"https:\/\/blackseauniversity.com\/tr\/#website","url":"https:\/\/blackseauniversity.com\/tr\/","name":"Study in Bulgaria | Black Sea University | Bulgaria","description":"Black Sea University | Bulgaria","publisher":{"@id":"https:\/\/blackseauniversity.com\/tr\/#organization"},"alternateName":"Study In Europe | Black Sea University | Bulgaria","potentialAction":[{"@type":"SearchAction","target":{"@type":"EntryPoint","urlTemplate":"https:\/\/blackseauniversity.com\/tr\/?s={search_term_string}"},"query-input":{"@type":"PropertyValueSpecification","valueRequired":true,"valueName":"search_term_string"}}],"inLanguage":"tr"},{"@type":"Organization","@id":"https:\/\/blackseauniversity.com\/tr\/#organization","name":"Study in Bulgaria | Black Sea University | Bulgaria","alternateName":"Study In Europe","url":"https:\/\/blackseauniversity.com\/tr\/","logo":{"@type":"ImageObject","inLanguage":"tr","@id":"https:\/\/blackseauniversity.com\/tr\/#\/schema\/logo\/image\/","url":"https:\/\/blackseauniversity.com\/wp-content\/uploads\/2024\/01\/logo-1.png","contentUrl":"https:\/\/blackseauniversity.com\/wp-content\/uploads\/2024\/01\/logo-1.png","width":160,"height":60,"caption":"Study in Bulgaria | Black Sea University | Bulgaria"},"image":{"@id":"https:\/\/blackseauniversity.com\/tr\/#\/schema\/logo\/image\/"},"sameAs":["https:\/\/www.facebook.com\/VarnaDenizcilikUniversitesi","https:\/\/www.instagram.com\/black_sea_university\/","https:\/\/t.me\/StudyBulgaria"],"description":"Karadeniz \u00dcniversitesi","publishingPrinciples":"https:\/\/blackseauniversity.com\/","ownershipFundingInfo":"https:\/\/blackseauniversity.com\/study-in-bulgaria\/","actionableFeedbackPolicy":"https:\/\/blackseauniversity.com\/","correctionsPolicy":"https:\/\/blackseauniversity.com\/"}]}},"_links":{"self":[{"href":"https:\/\/blackseauniversity.com\/tr\/wp-json\/wp\/v2\/pages\/2920","targetHints":{"allow":["GET"]}}],"collection":[{"href":"https:\/\/blackseauniversity.com\/tr\/wp-json\/wp\/v2\/pages"}],"about":[{"href":"https:\/\/blackseauniversity.com\/tr\/wp-json\/wp\/v2\/types\/page"}],"author":[{"embeddable":true,"href":"https:\/\/blackseauniversity.com\/tr\/wp-json\/wp\/v2\/users\/8"}],"replies":[{"embeddable":true,"href":"https:\/\/blackseauniversity.com\/tr\/wp-json\/wp\/v2\/comments?post=2920"}],"version-history":[{"count":6,"href":"https:\/\/blackseauniversity.com\/tr\/wp-json\/wp\/v2\/pages\/2920\/revisions"}],"predecessor-version":[{"id":5427,"href":"https:\/\/blackseauniversity.com\/tr\/wp-json\/wp\/v2\/pages\/2920\/revisions\/5427"}],"wp:attachment":[{"href":"https:\/\/blackseauniversity.com\/tr\/wp-json\/wp\/v2\/media?parent=2920"}],"curies":[{"name":"wp","href":"https:\/\/api.w.org\/{rel}","templated":true}]}}