{"id":2941,"date":"2023-11-27T16:47:22","date_gmt":"2023-11-27T16:47:22","guid":{"rendered":"https:\/\/blackseauniversity.com\/bulgaristan-ogrenci-vizesi\/"},"modified":"2024-09-13T23:22:29","modified_gmt":"2024-09-13T23:22:29","slug":"bulgaristan-ogrenci-vizesi","status":"publish","type":"page","link":"https:\/\/blackseauniversity.com\/tr\/bulgaristan-ogrenci-vizesi\/","title":{"rendered":"Bulgaristan \u00d6\u011frenci Vizesi"},"content":{"rendered":"\t\t<div data-elementor-type=\"wp-page\" data-elementor-id=\"2941\" class=\"elementor elementor-2941 elementor-505\">\n\t\t\t\t\t\t<section class=\"elementor-section elementor-top-section elementor-element elementor-element-55146dac elementor-section-content-middle elementor-section-boxed elementor-section-height-default elementor-section-height-default\" data-id=\"55146dac\" data-element_type=\"section\" data-e-type=\"section\" data-settings=\"{&quot;background_background&quot;:&quot;classic&quot;}\">\n\t\t\t\t\t\t\t<div class=\"elementor-background-overlay\"><\/div>\n\t\t\t\t\t\t\t<div class=\"elementor-container elementor-column-gap-default\">\n\t\t\t\t\t<div class=\"elementor-column elementor-col-50 elementor-top-column elementor-element elementor-element-12d905a2\" data-id=\"12d905a2\" data-element_type=\"column\" data-e-type=\"column\" data-settings=\"{&quot;background_background&quot;:&quot;classic&quot;}\">\n\t\t\t<div class=\"elementor-widget-wrap elementor-element-populated\">\n\t\t\t\t\t\t<div class=\"elementor-element elementor-element-283a5a56 elementor-widget elementor-widget-heading\" data-id=\"283a5a56\" data-element_type=\"widget\" data-e-type=\"widget\" data-widget_type=\"heading.default\">\n\t\t\t\t<div class=\"elementor-widget-container\">\n\t\t\t\t\t<h2 class=\"elementor-heading-title elementor-size-default\">Bulgarca<\/h2>\t\t\t\t<\/div>\n\t\t\t\t<\/div>\n\t\t\t\t<div class=\"elementor-element elementor-element-2a3225e elementor-widget elementor-widget-heading\" data-id=\"2a3225e\" data-element_type=\"widget\" data-e-type=\"widget\" data-widget_type=\"heading.default\">\n\t\t\t\t<div class=\"elementor-widget-container\">\n\t\t\t\t\t<h2 class=\"elementor-heading-title elementor-size-default\">\u00d6\u011frenci Vizesi<\/h2>\t\t\t\t<\/div>\n\t\t\t\t<\/div>\n\t\t\t\t\t<\/div>\n\t\t<\/div>\n\t\t\t\t<div class=\"elementor-column elementor-col-50 elementor-top-column elementor-element elementor-element-2d8f7fdb elementor-hidden-tablet elementor-hidden-phone\" data-id=\"2d8f7fdb\" data-element_type=\"column\" data-e-type=\"column\">\n\t\t\t<div class=\"elementor-widget-wrap\">\n\t\t\t\t\t\t\t<\/div>\n\t\t<\/div>\n\t\t\t\t\t<\/div>\n\t\t<\/section>\n\t\t\t\t<section class=\"elementor-section elementor-top-section elementor-element elementor-element-495a6cb7 elementor-section-content-middle elementor-section-boxed elementor-section-height-default elementor-section-height-default\" data-id=\"495a6cb7\" data-element_type=\"section\" data-e-type=\"section\" data-settings=\"{&quot;background_background&quot;:&quot;classic&quot;}\">\n\t\t\t\t\t\t<div class=\"elementor-container elementor-column-gap-default\">\n\t\t\t\t\t<div class=\"elementor-column elementor-col-50 elementor-top-column elementor-element elementor-element-27490f8d\" data-id=\"27490f8d\" data-element_type=\"column\" data-e-type=\"column\">\n\t\t\t<div class=\"elementor-widget-wrap elementor-element-populated\">\n\t\t\t\t\t\t<div class=\"elementor-element elementor-element-5c9abf7b elementor-widget elementor-widget-heading\" data-id=\"5c9abf7b\" data-element_type=\"widget\" data-e-type=\"widget\" data-widget_type=\"heading.default\">\n\t\t\t\t<div class=\"elementor-widget-container\">\n\t\t\t\t\t<h2 class=\"elementor-heading-title elementor-size-default\">Vize<\/h2>\t\t\t\t<\/div>\n\t\t\t\t<\/div>\n\t\t\t\t<div class=\"elementor-element elementor-element-5bd809da elementor-widget elementor-widget-heading\" data-id=\"5bd809da\" data-element_type=\"widget\" data-e-type=\"widget\" data-widget_type=\"heading.default\">\n\t\t\t\t<div class=\"elementor-widget-container\">\n\t\t\t\t\t<h2 class=\"elementor-heading-title elementor-size-default\">Bulgaristan \u00d6\u011frenci Vizesi<\/h2>\t\t\t\t<\/div>\n\t\t\t\t<\/div>\n\t\t\t\t<div class=\"elementor-element elementor-element-244ce510 elementor-widget elementor-widget-text-editor\" data-id=\"244ce510\" data-element_type=\"widget\" data-e-type=\"widget\" data-widget_type=\"text-editor.default\">\n\t\t\t\t<div class=\"elementor-widget-container\">\n\t\t\t\t\t\t\t\t\t<p>AB \u00fcyesi olmayan \u00fclkelerden gelen \u00f6\u011frencilerin Bulgaristan topraklar\u0131na girmek i\u00e7in vizeye ihtiya\u00e7lar\u0131 olabilir. Ald\u0131ktan sonra  <strong>Kabul mektubu<\/strong>  Se\u00e7ilen \u00fcniversitenin ba\u015fvuru belgelerinizi onaylad\u0131\u011f\u0131n\u0131 teyit etmek ve  <strong>Bulgaristan&#8217;da okumak i\u00e7in okunaks\u0131z oldu\u011funuza dair sertifika<\/strong>  (Bulgaristan E\u011fitim ve Bilim Bakanl\u0131\u011f\u0131 taraf\u0131ndan verilir), \u015fehrinizdeki Bulgaristan b\u00fcy\u00fckel\u00e7ili\u011fine veya konsolosluk ofisine Uzun S\u00fcreli Vize (Vize D) i\u00e7in ba\u015fvurman\u0131z gerekir. Bu vize t\u00fcr\u00fc 1 y\u0131la kadar ge\u00e7erlidir ve \u00f6\u011frenim \u00fccreti olan yabanc\u0131lara, y\u00fcksek lisans ve stajyer \u00f6\u011frencilere verilir. Ge\u00e7erlili\u011fi s\u00fcresince, sahibinin \u00fclkeye tekrar tekrar girmesine izin verilir.<\/p>\n<p>Uzun S\u00fcreli Vizeye ba\u015fvurmak i\u00e7in a\u015fa\u011f\u0131daki belgeleri sunman\u0131z gerekir:<\/p>\n<ul>\n<li>Vize ba\u015fvuru formu<\/li>\n<li>D\u00fczenli bir yabanc\u0131 seyahat belgesi<\/li>\n<li>Yabanc\u0131 seyahat belgesinin ki\u015fisel bilgileri ve verilen vizeleri i\u00e7eren sayfalar\u0131n\u0131n kopyalar\u0131 ve\/veya sahip olunan kal\u0131\u015f izinlerinin kopyalar\u0131<\/li>\n<li>Yak\u0131n zamanda \u00e7ekilmi\u015f vesikal\u0131k renkli foto\u011fraf<\/li>\n<li>Ba\u015fvuruyu do\u011frulayan belgelerin asl\u0131 ve iki kopyas\u0131: Bulgaristan Cumhuriyeti E\u011fitim Bakanl\u0131\u011f\u0131 taraf\u0131ndan verilen sertifika, Se\u00e7ilen \u00fcniversiteden do\u011frulama, Ge\u00e7im ve bar\u0131nma i\u00e7in sahip olunan mali kaynaklar\u0131n kan\u0131t\u0131.<\/li>\n<\/ul>\n<p>Andorra, Avustralya, Brezilya, Brunei, Kanada, \u015eili, Kosta Rika, El Salvador, Guatemala, Honduras, \u0130srail, Japonya, Malezya, Meksika, Monako, Yeni Zelanda, Nikaragua, Panama, Paraguay, Kore Cumhuriyeti, San Marino, Singapur, ABD, Uruguay, Vatikan, Venezuela, Hong Kong, Makao dahil olmak \u00fczere Bulgaristan ile vizesiz giri\u015f konusunda ikili anla\u015fmalar ve anla\u015fmalar imzalayan \u00fclkelerden AB ve AB \u00fcyesi olmayan vatanda\u015flar\u0131n \u00fclkeye giri\u015f i\u00e7in Vize izni almalar\u0131 gerekmez.<\/p>\n<p>Ba\u015fvuru prosed\u00fcr\u00fc ve gerekli belgelerle ilgili yard\u0131ma ihtiyac\u0131n\u0131z olursa l\u00fctfen bizimle ileti\u015fime ge\u00e7in.<\/p>\n\t\t\t\t\t\t\t\t<\/div>\n\t\t\t\t<\/div>\n\t\t\t\t<div class=\"elementor-element elementor-element-c2b4783 elementor-widget elementor-widget-button\" data-id=\"c2b4783\" data-element_type=\"widget\" data-e-type=\"widget\" data-widget_type=\"button.default\">\n\t\t\t\t<div class=\"elementor-widget-container\">\n\t\t\t\t\t\t\t\t\t<div class=\"elementor-button-wrapper\">\n\t\t\t\t\t<a class=\"elementor-button elementor-button-link elementor-size-sm\" href=\"https:\/\/blackseauniversity.com\/tr\/temas\/\">\n\t\t\t\t\t\t<span class=\"elementor-button-content-wrapper\">\n\t\t\t\t\t\t\t\t\t<span class=\"elementor-button-text\">Bize Ula\u015f\u0131n<\/span>\n\t\t\t\t\t<\/span>\n\t\t\t\t\t<\/a>\n\t\t\t\t<\/div>\n\t\t\t\t\t\t\t\t<\/div>\n\t\t\t\t<\/div>\n\t\t\t\t\t<\/div>\n\t\t<\/div>\n\t\t\t\t<div class=\"elementor-column elementor-col-50 elementor-top-column elementor-element elementor-element-61902d19 elementor-hidden-tablet elementor-hidden-mobile\" data-id=\"61902d19\" data-element_type=\"column\" data-e-type=\"column\" data-settings=\"{&quot;background_background&quot;:&quot;classic&quot;}\">\n\t\t\t<div class=\"elementor-widget-wrap\">\n\t\t\t\t\t\t\t<\/div>\n\t\t<\/div>\n\t\t\t\t\t<\/div>\n\t\t<\/section>\n\t\t\t\t<\/div>\n\t\t","protected":false},"excerpt":{"rendered":"<p>Bulgarca \u00d6\u011frenci Vizesi Vize Bulgaristan \u00d6\u011frenci Vizesi AB \u00fcyesi olmayan \u00fclkelerden gelen \u00f6\u011frencilerin Bulgaristan topraklar\u0131na girmek i\u00e7in vizeye ihtiya\u00e7lar\u0131 olabilir. Ald\u0131ktan sonra Kabul mektubu Se\u00e7ilen \u00fcniversitenin ba\u015fvuru belgelerinizi onaylad\u0131\u011f\u0131n\u0131 teyit etmek ve Bulgaristan&#8217;da okumak i\u00e7in okunaks\u0131z oldu\u011funuza dair sertifika (Bulgaristan E\u011fitim ve Bilim Bakanl\u0131\u011f\u0131 taraf\u0131ndan verilir), \u015fehrinizdeki Bulgaristan b\u00fcy\u00fckel\u00e7ili\u011fine veya konsolosluk ofisine Uzun S\u00fcreli Vize [&hellip;]<\/p>\n","protected":false},"author":8,"featured_media":0,"parent":0,"menu_order":0,"comment_status":"closed","ping_status":"closed","template":"elementor_theme","meta":{"footnotes":""},"class_list":["post-2941","page","type-page","status-publish","hentry"],"yoast_head":"<!-- This site is optimized with the Yoast SEO Premium plugin v27.5 (Yoast SEO v27.5) - https:\/\/yoast.com\/product\/yoast-seo-premium-wordpress\/ -->\n<title>Bulgaristan \u00d6\u011frenci Vizesi | Bulgaristan&#039;da E\u011fitim<\/title>\n<meta name=\"description\" content=\"AB \u00fcyesi olmayan \u00fclkelerden gelen \u00f6\u011frencilerin Bulgaristan topraklar\u0131na girmek i\u00e7in vizeye ihtiya\u00e7lar\u0131 olabilir. Kabul mektubunu onaylad\u0131ktan\" \/>\n<meta name=\"robots\" content=\"index, follow, max-snippet:-1, max-image-preview:large, max-video-preview:-1\" \/>\n<link rel=\"canonical\" href=\"https:\/\/blackseauniversity.com\/tr\/bulgaristan-ogrenci-vizesi\/\" \/>\n<meta property=\"og:locale\" content=\"tr_TR\" \/>\n<meta property=\"og:type\" content=\"article\" \/>\n<meta property=\"og:title\" content=\"Bulgaristan \u00d6\u011frenci Vizesi | Bulgaristan&#039;da E\u011fitim\" \/>\n<meta property=\"og:description\" content=\"AB \u00fcyesi olmayan \u00fclkelerden gelen \u00f6\u011frencilerin Bulgaristan topraklar\u0131na girmek i\u00e7in vizeye ihtiya\u00e7lar\u0131 olabilir. Kabul mektubunu onaylad\u0131ktan\" \/>\n<meta property=\"og:url\" content=\"https:\/\/blackseauniversity.com\/tr\/bulgaristan-ogrenci-vizesi\/\" \/>\n<meta property=\"og:site_name\" content=\"Bulgaristan&#039;da E\u011fitim\" \/>\n<meta property=\"article:publisher\" content=\"https:\/\/www.facebook.com\/VarnaDenizcilikUniversitesi\" \/>\n<meta property=\"article:modified_time\" content=\"2024-09-13T23:22:29+00:00\" \/>\n<meta property=\"og:image\" content=\"https:\/\/blackseauniversity.com\/wp-content\/uploads\/2024\/03\/Varna-Free-University-4.jpeg\" \/>\n\t<meta property=\"og:image:width\" content=\"1600\" \/>\n\t<meta property=\"og:image:height\" content=\"1066\" \/>\n\t<meta property=\"og:image:type\" content=\"image\/jpeg\" \/>\n<meta name=\"twitter:card\" content=\"summary_large_image\" \/>\n<meta name=\"twitter:label1\" content=\"Tahmini okuma s\u00fcresi\" \/>\n\t<meta name=\"twitter:data1\" content=\"2 dakika\" \/>\n<script type=\"application\/ld+json\" class=\"yoast-schema-graph\">{\"@context\":\"https:\\\/\\\/schema.org\",\"@graph\":[{\"@type\":\"WebPage\",\"@id\":\"https:\\\/\\\/blackseauniversity.com\\\/tr\\\/bulgaristan-ogrenci-vizesi\\\/\",\"url\":\"https:\\\/\\\/blackseauniversity.com\\\/tr\\\/bulgaristan-ogrenci-vizesi\\\/\",\"name\":\"Bulgaristan \u00d6\u011frenci Vizesi | Bulgaristan&#039;da E\u011fitim\",\"isPartOf\":{\"@id\":\"https:\\\/\\\/blackseauniversity.com\\\/tr\\\/#website\"},\"datePublished\":\"2023-11-27T16:47:22+00:00\",\"dateModified\":\"2024-09-13T23:22:29+00:00\",\"description\":\"AB \u00fcyesi olmayan \u00fclkelerden gelen \u00f6\u011frencilerin Bulgaristan topraklar\u0131na girmek i\u00e7in vizeye ihtiya\u00e7lar\u0131 olabilir. Kabul mektubunu onaylad\u0131ktan\",\"inLanguage\":\"tr\",\"potentialAction\":[{\"@type\":\"ReadAction\",\"target\":[\"https:\\\/\\\/blackseauniversity.com\\\/tr\\\/bulgaristan-ogrenci-vizesi\\\/\"]}]},{\"@type\":\"WebSite\",\"@id\":\"https:\\\/\\\/blackseauniversity.com\\\/tr\\\/#website\",\"url\":\"https:\\\/\\\/blackseauniversity.com\\\/tr\\\/\",\"name\":\"Study in Bulgaria | Black Sea University | Bulgaria\",\"description\":\"Black Sea University | Bulgaria\",\"publisher\":{\"@id\":\"https:\\\/\\\/blackseauniversity.com\\\/tr\\\/#organization\"},\"alternateName\":\"Study In Europe | Black Sea University | Bulgaria\",\"potentialAction\":[{\"@type\":\"SearchAction\",\"target\":{\"@type\":\"EntryPoint\",\"urlTemplate\":\"https:\\\/\\\/blackseauniversity.com\\\/tr\\\/?s={search_term_string}\"},\"query-input\":{\"@type\":\"PropertyValueSpecification\",\"valueRequired\":true,\"valueName\":\"search_term_string\"}}],\"inLanguage\":\"tr\"},{\"@type\":\"Organization\",\"@id\":\"https:\\\/\\\/blackseauniversity.com\\\/tr\\\/#organization\",\"name\":\"Study in Bulgaria | Black Sea University | Bulgaria\",\"alternateName\":\"Study In Europe\",\"url\":\"https:\\\/\\\/blackseauniversity.com\\\/tr\\\/\",\"logo\":{\"@type\":\"ImageObject\",\"inLanguage\":\"tr\",\"@id\":\"https:\\\/\\\/blackseauniversity.com\\\/tr\\\/#\\\/schema\\\/logo\\\/image\\\/\",\"url\":\"https:\\\/\\\/blackseauniversity.com\\\/wp-content\\\/uploads\\\/2024\\\/01\\\/logo-1.png\",\"contentUrl\":\"https:\\\/\\\/blackseauniversity.com\\\/wp-content\\\/uploads\\\/2024\\\/01\\\/logo-1.png\",\"width\":160,\"height\":60,\"caption\":\"Study in Bulgaria | Black Sea University | Bulgaria\"},\"image\":{\"@id\":\"https:\\\/\\\/blackseauniversity.com\\\/tr\\\/#\\\/schema\\\/logo\\\/image\\\/\"},\"sameAs\":[\"https:\\\/\\\/www.facebook.com\\\/VarnaDenizcilikUniversitesi\",\"https:\\\/\\\/www.instagram.com\\\/black_sea_university\\\/\",\"https:\\\/\\\/t.me\\\/StudyBulgaria\"],\"description\":\"Karadeniz \u00dcniversitesi\",\"publishingPrinciples\":\"https:\\\/\\\/blackseauniversity.com\\\/\",\"ownershipFundingInfo\":\"https:\\\/\\\/blackseauniversity.com\\\/study-in-bulgaria\\\/\",\"actionableFeedbackPolicy\":\"https:\\\/\\\/blackseauniversity.com\\\/\",\"correctionsPolicy\":\"https:\\\/\\\/blackseauniversity.com\\\/\"}]}<\/script>\n<!-- \/ Yoast SEO Premium plugin. -->","yoast_head_json":{"title":"Bulgaristan \u00d6\u011frenci Vizesi | Bulgaristan&#039;da E\u011fitim","description":"AB \u00fcyesi olmayan \u00fclkelerden gelen \u00f6\u011frencilerin Bulgaristan topraklar\u0131na girmek i\u00e7in vizeye ihtiya\u00e7lar\u0131 olabilir. Kabul mektubunu onaylad\u0131ktan","robots":{"index":"index","follow":"follow","max-snippet":"max-snippet:-1","max-image-preview":"max-image-preview:large","max-video-preview":"max-video-preview:-1"},"canonical":"https:\/\/blackseauniversity.com\/tr\/bulgaristan-ogrenci-vizesi\/","og_locale":"tr_TR","og_type":"article","og_title":"Bulgaristan \u00d6\u011frenci Vizesi | Bulgaristan&#039;da E\u011fitim","og_description":"AB \u00fcyesi olmayan \u00fclkelerden gelen \u00f6\u011frencilerin Bulgaristan topraklar\u0131na girmek i\u00e7in vizeye ihtiya\u00e7lar\u0131 olabilir. Kabul mektubunu onaylad\u0131ktan","og_url":"https:\/\/blackseauniversity.com\/tr\/bulgaristan-ogrenci-vizesi\/","og_site_name":"Bulgaristan&#039;da E\u011fitim","article_publisher":"https:\/\/www.facebook.com\/VarnaDenizcilikUniversitesi","article_modified_time":"2024-09-13T23:22:29+00:00","og_image":[{"width":1600,"height":1066,"url":"https:\/\/blackseauniversity.com\/wp-content\/uploads\/2024\/03\/Varna-Free-University-4.jpeg","type":"image\/jpeg"}],"twitter_card":"summary_large_image","twitter_misc":{"Tahmini okuma s\u00fcresi":"2 dakika"},"schema":{"@context":"https:\/\/schema.org","@graph":[{"@type":"WebPage","@id":"https:\/\/blackseauniversity.com\/tr\/bulgaristan-ogrenci-vizesi\/","url":"https:\/\/blackseauniversity.com\/tr\/bulgaristan-ogrenci-vizesi\/","name":"Bulgaristan \u00d6\u011frenci Vizesi | Bulgaristan&#039;da E\u011fitim","isPartOf":{"@id":"https:\/\/blackseauniversity.com\/tr\/#website"},"datePublished":"2023-11-27T16:47:22+00:00","dateModified":"2024-09-13T23:22:29+00:00","description":"AB \u00fcyesi olmayan \u00fclkelerden gelen \u00f6\u011frencilerin Bulgaristan topraklar\u0131na girmek i\u00e7in vizeye ihtiya\u00e7lar\u0131 olabilir. Kabul mektubunu onaylad\u0131ktan","inLanguage":"tr","potentialAction":[{"@type":"ReadAction","target":["https:\/\/blackseauniversity.com\/tr\/bulgaristan-ogrenci-vizesi\/"]}]},{"@type":"WebSite","@id":"https:\/\/blackseauniversity.com\/tr\/#website","url":"https:\/\/blackseauniversity.com\/tr\/","name":"Study in Bulgaria | Black Sea University | Bulgaria","description":"Black Sea University | Bulgaria","publisher":{"@id":"https:\/\/blackseauniversity.com\/tr\/#organization"},"alternateName":"Study In Europe | Black Sea University | Bulgaria","potentialAction":[{"@type":"SearchAction","target":{"@type":"EntryPoint","urlTemplate":"https:\/\/blackseauniversity.com\/tr\/?s={search_term_string}"},"query-input":{"@type":"PropertyValueSpecification","valueRequired":true,"valueName":"search_term_string"}}],"inLanguage":"tr"},{"@type":"Organization","@id":"https:\/\/blackseauniversity.com\/tr\/#organization","name":"Study in Bulgaria | Black Sea University | Bulgaria","alternateName":"Study In Europe","url":"https:\/\/blackseauniversity.com\/tr\/","logo":{"@type":"ImageObject","inLanguage":"tr","@id":"https:\/\/blackseauniversity.com\/tr\/#\/schema\/logo\/image\/","url":"https:\/\/blackseauniversity.com\/wp-content\/uploads\/2024\/01\/logo-1.png","contentUrl":"https:\/\/blackseauniversity.com\/wp-content\/uploads\/2024\/01\/logo-1.png","width":160,"height":60,"caption":"Study in Bulgaria | Black Sea University | Bulgaria"},"image":{"@id":"https:\/\/blackseauniversity.com\/tr\/#\/schema\/logo\/image\/"},"sameAs":["https:\/\/www.facebook.com\/VarnaDenizcilikUniversitesi","https:\/\/www.instagram.com\/black_sea_university\/","https:\/\/t.me\/StudyBulgaria"],"description":"Karadeniz \u00dcniversitesi","publishingPrinciples":"https:\/\/blackseauniversity.com\/","ownershipFundingInfo":"https:\/\/blackseauniversity.com\/study-in-bulgaria\/","actionableFeedbackPolicy":"https:\/\/blackseauniversity.com\/","correctionsPolicy":"https:\/\/blackseauniversity.com\/"}]}},"_links":{"self":[{"href":"https:\/\/blackseauniversity.com\/tr\/wp-json\/wp\/v2\/pages\/2941","targetHints":{"allow":["GET"]}}],"collection":[{"href":"https:\/\/blackseauniversity.com\/tr\/wp-json\/wp\/v2\/pages"}],"about":[{"href":"https:\/\/blackseauniversity.com\/tr\/wp-json\/wp\/v2\/types\/page"}],"author":[{"embeddable":true,"href":"https:\/\/blackseauniversity.com\/tr\/wp-json\/wp\/v2\/users\/8"}],"replies":[{"embeddable":true,"href":"https:\/\/blackseauniversity.com\/tr\/wp-json\/wp\/v2\/comments?post=2941"}],"version-history":[{"count":6,"href":"https:\/\/blackseauniversity.com\/tr\/wp-json\/wp\/v2\/pages\/2941\/revisions"}],"predecessor-version":[{"id":5042,"href":"https:\/\/blackseauniversity.com\/tr\/wp-json\/wp\/v2\/pages\/2941\/revisions\/5042"}],"wp:attachment":[{"href":"https:\/\/blackseauniversity.com\/tr\/wp-json\/wp\/v2\/media?parent=2941"}],"curies":[{"name":"wp","href":"https:\/\/api.w.org\/{rel}","templated":true}]}}