{"id":3012,"date":"2023-11-24T19:26:52","date_gmt":"2023-11-24T19:26:52","guid":{"rendered":"https:\/\/blackseauniversity.com\/mezun-olana-kadar-ve-sonra-destek\/"},"modified":"2024-09-13T23:32:44","modified_gmt":"2024-09-13T23:32:44","slug":"mezun-olana-kadar-ve-sonra-destek","status":"publish","type":"page","link":"https:\/\/blackseauniversity.com\/tr\/mezun-olana-kadar-ve-sonra-destek\/","title":{"rendered":"Mezun Olana Kadar ve Sonra Destek"},"content":{"rendered":"\t\t<div data-elementor-type=\"wp-page\" data-elementor-id=\"3012\" class=\"elementor elementor-3012 elementor-430\">\n\t\t\t\t\t\t<section class=\"elementor-section elementor-top-section elementor-element elementor-element-55146dac elementor-section-content-middle elementor-section-boxed elementor-section-height-default elementor-section-height-default\" data-id=\"55146dac\" data-element_type=\"section\" data-e-type=\"section\" data-settings=\"{&quot;background_background&quot;:&quot;classic&quot;}\">\n\t\t\t\t\t\t\t<div class=\"elementor-background-overlay\"><\/div>\n\t\t\t\t\t\t\t<div class=\"elementor-container elementor-column-gap-default\">\n\t\t\t\t\t<div class=\"elementor-column elementor-col-50 elementor-top-column elementor-element elementor-element-12d905a2\" data-id=\"12d905a2\" data-element_type=\"column\" data-e-type=\"column\" data-settings=\"{&quot;background_background&quot;:&quot;classic&quot;}\">\n\t\t\t<div class=\"elementor-widget-wrap elementor-element-populated\">\n\t\t\t\t\t\t<div class=\"elementor-element elementor-element-283a5a56 elementor-widget elementor-widget-heading\" data-id=\"283a5a56\" data-element_type=\"widget\" data-e-type=\"widget\" data-widget_type=\"heading.default\">\n\t\t\t\t<div class=\"elementor-widget-container\">\n\t\t\t\t\t<h2 class=\"elementor-heading-title elementor-size-default\">Mezuniyete Kadar ve Sonra<\/h2>\t\t\t\t<\/div>\n\t\t\t\t<\/div>\n\t\t\t\t<div class=\"elementor-element elementor-element-2a3225e elementor-widget elementor-widget-heading\" data-id=\"2a3225e\" data-element_type=\"widget\" data-e-type=\"widget\" data-widget_type=\"heading.default\">\n\t\t\t\t<div class=\"elementor-widget-container\">\n\t\t\t\t\t<h2 class=\"elementor-heading-title elementor-size-default\">Tam Destek<\/h2>\t\t\t\t<\/div>\n\t\t\t\t<\/div>\n\t\t\t\t\t<\/div>\n\t\t<\/div>\n\t\t\t\t<div class=\"elementor-column elementor-col-50 elementor-top-column elementor-element elementor-element-2d8f7fdb elementor-hidden-tablet elementor-hidden-phone\" data-id=\"2d8f7fdb\" data-element_type=\"column\" data-e-type=\"column\">\n\t\t\t<div class=\"elementor-widget-wrap\">\n\t\t\t\t\t\t\t<\/div>\n\t\t<\/div>\n\t\t\t\t\t<\/div>\n\t\t<\/section>\n\t\t\t\t<section class=\"elementor-section elementor-top-section elementor-element elementor-element-495a6cb7 elementor-section-content-middle elementor-section-boxed elementor-section-height-default elementor-section-height-default\" data-id=\"495a6cb7\" data-element_type=\"section\" data-e-type=\"section\" data-settings=\"{&quot;background_background&quot;:&quot;classic&quot;}\">\n\t\t\t\t\t\t<div class=\"elementor-container elementor-column-gap-default\">\n\t\t\t\t\t<div class=\"elementor-column elementor-col-50 elementor-top-column elementor-element elementor-element-61902d19\" data-id=\"61902d19\" data-element_type=\"column\" data-e-type=\"column\">\n\t\t\t<div class=\"elementor-widget-wrap elementor-element-populated\">\n\t\t\t\t\t\t<div class=\"elementor-element elementor-element-0b28650 elementor-widget elementor-widget-image\" data-id=\"0b28650\" data-element_type=\"widget\" data-e-type=\"widget\" data-widget_type=\"image.default\">\n\t\t\t\t<div class=\"elementor-widget-container\">\n\t\t\t\t\t\t\t\t\t\t\t\t\t\t\t<img fetchpriority=\"high\" decoding=\"async\" width=\"800\" height=\"534\" src=\"https:\/\/blackseauniversity.com\/wp-content\/uploads\/2024\/03\/medical-5-1024x683.jpeg\" class=\"attachment-large size-large wp-image-4743\" alt=\"study in bulgaria\" srcset=\"https:\/\/blackseauniversity.com\/wp-content\/uploads\/2024\/03\/medical-5-1024x683.jpeg 1024w, https:\/\/blackseauniversity.com\/wp-content\/uploads\/2024\/03\/medical-5-300x200.jpeg 300w, https:\/\/blackseauniversity.com\/wp-content\/uploads\/2024\/03\/medical-5-768x512.jpeg 768w, https:\/\/blackseauniversity.com\/wp-content\/uploads\/2024\/03\/medical-5-1536x1024.jpeg 1536w, https:\/\/blackseauniversity.com\/wp-content\/uploads\/2024\/03\/medical-5.jpeg 1600w\" sizes=\"(max-width: 800px) 100vw, 800px\" \/>\t\t\t\t\t\t\t\t\t\t\t\t\t\t\t<\/div>\n\t\t\t\t<\/div>\n\t\t\t\t\t<\/div>\n\t\t<\/div>\n\t\t\t\t<div class=\"elementor-column elementor-col-50 elementor-top-column elementor-element elementor-element-27490f8d\" data-id=\"27490f8d\" data-element_type=\"column\" data-e-type=\"column\">\n\t\t\t<div class=\"elementor-widget-wrap elementor-element-populated\">\n\t\t\t\t\t\t<div class=\"elementor-element elementor-element-5c9abf7b elementor-widget elementor-widget-heading\" data-id=\"5c9abf7b\" data-element_type=\"widget\" data-e-type=\"widget\" data-widget_type=\"heading.default\">\n\t\t\t\t<div class=\"elementor-widget-container\">\n\t\t\t\t\t<h2 class=\"elementor-heading-title elementor-size-default\">Mezuniyete Kadar ve Sonra<\/h2>\t\t\t\t<\/div>\n\t\t\t\t<\/div>\n\t\t\t\t<div class=\"elementor-element elementor-element-5bd809da elementor-widget elementor-widget-heading\" data-id=\"5bd809da\" data-element_type=\"widget\" data-e-type=\"widget\" data-widget_type=\"heading.default\">\n\t\t\t\t<div class=\"elementor-widget-container\">\n\t\t\t\t\t<h2 class=\"elementor-heading-title elementor-size-default\">Tam Destek<\/h2>\t\t\t\t<\/div>\n\t\t\t\t<\/div>\n\t\t\t\t<div class=\"elementor-element elementor-element-244ce510 elementor-widget elementor-widget-text-editor\" data-id=\"244ce510\" data-element_type=\"widget\" data-e-type=\"widget\" data-widget_type=\"text-editor.default\">\n\t\t\t\t<div class=\"elementor-widget-container\">\n\t\t\t\t\t\t\t\t\t<p>Karadeniz \u00dcniversitesi, Bulgaristan&#8217;daki e\u011fitiminiz \u00f6ncesinde, s\u0131ras\u0131nda ve sonras\u0131nda tam destek sunar. Her \u00f6\u011frencinin e\u011fitimindeki ilerlemeyi izliyoruz ve gerekirse akademik destek sa\u011fl\u0131yoruz, ayr\u0131ca size \u00fcniversite notlar\u0131, kitaplar, \u00f6rnek testler ve ge\u00e7mi\u015f makaleler, ara\u015ft\u0131rma \u00e7al\u0131\u015fmalar\u0131 ve di\u011ferleri gibi ekstra materyaller sa\u011fl\u0131yoruz. Ayr\u0131ca, \u00f6\u011frenme g\u00fc\u00e7l\u00fcklerinizde size yard\u0131mc\u0131 olacak \u00fcniversite \u00f6\u011fretmenleri ile toplant\u0131lar d\u00fczenliyoruz. E\u011fitim program\u0131n\u0131z t\u0131p veya di\u015f hekimli\u011fi alan\u0131ndaysa, staj ba\u015fvurular\u0131nda size yard\u0131m sunuyoruz. Vize ve dil deste\u011fi, konaklama, kredi yard\u0131m\u0131, yeminli terc\u00fcme hizmetleri vb. konularda bize g\u00fcvenebilirsiniz.<\/p>\n<p>Mezun olduktan sonra bile g\u00f6r\u00fc\u015fmenizde size yard\u0131mc\u0131 olmak ve size bir i\u015f bulmak i\u00e7in hala buraday\u0131z. M\u00fclakat \u00e7ok stresli olabilir, ancak g\u00fc\u00e7l\u00fc y\u00f6nlerinizi vurgulayan iyi yap\u0131land\u0131r\u0131lm\u0131\u015f sunum stratejisindeki uzun y\u0131llara dayanan deneyimimizi size a\u00e7\u0131klayaca\u011f\u0131z. Ayr\u0131ca CV&#8217;nizi ve \u00f6n yaz\u0131n\u0131z\u0131 sizi en iyi \u015fekilde sunacak \u015fekilde yazman\u0131za yard\u0131mc\u0131 oluyoruz.<\/p>\n\t\t\t\t\t\t\t\t<\/div>\n\t\t\t\t<\/div>\n\t\t\t\t<div class=\"elementor-element elementor-element-7e7a712 elementor-widget elementor-widget-button\" data-id=\"7e7a712\" data-element_type=\"widget\" data-e-type=\"widget\" data-widget_type=\"button.default\">\n\t\t\t\t<div class=\"elementor-widget-container\">\n\t\t\t\t\t\t\t\t\t<div class=\"elementor-button-wrapper\">\n\t\t\t\t\t<a class=\"elementor-button elementor-button-link elementor-size-sm\" href=\"https:\/\/blackseauniversity.com\/tr\/temas\/\">\n\t\t\t\t\t\t<span class=\"elementor-button-content-wrapper\">\n\t\t\t\t\t\t\t\t\t<span class=\"elementor-button-text\">Bize Ula\u015f\u0131n<\/span>\n\t\t\t\t\t<\/span>\n\t\t\t\t\t<\/a>\n\t\t\t\t<\/div>\n\t\t\t\t\t\t\t\t<\/div>\n\t\t\t\t<\/div>\n\t\t\t\t\t<\/div>\n\t\t<\/div>\n\t\t\t\t\t<\/div>\n\t\t<\/section>\n\t\t\t\t<\/div>\n\t\t","protected":false},"excerpt":{"rendered":"<p>Mezuniyete Kadar ve Sonra Tam Destek Mezuniyete Kadar ve Sonra Tam Destek Karadeniz \u00dcniversitesi, Bulgaristan&#8217;daki e\u011fitiminiz \u00f6ncesinde, s\u0131ras\u0131nda ve sonras\u0131nda tam destek sunar. Her \u00f6\u011frencinin e\u011fitimindeki ilerlemeyi izliyoruz ve gerekirse akademik destek sa\u011fl\u0131yoruz, ayr\u0131ca size \u00fcniversite notlar\u0131, kitaplar, \u00f6rnek testler ve ge\u00e7mi\u015f makaleler, ara\u015ft\u0131rma \u00e7al\u0131\u015fmalar\u0131 ve di\u011ferleri gibi ekstra materyaller sa\u011fl\u0131yoruz. Ayr\u0131ca, \u00f6\u011frenme g\u00fc\u00e7l\u00fcklerinizde size [&hellip;]<\/p>\n","protected":false},"author":8,"featured_media":0,"parent":0,"menu_order":0,"comment_status":"closed","ping_status":"closed","template":"elementor_theme","meta":{"footnotes":""},"class_list":["post-3012","page","type-page","status-publish","hentry"],"yoast_head":"<!-- This site is optimized with the Yoast SEO Premium plugin v27.5 (Yoast SEO v27.5) - https:\/\/yoast.com\/product\/yoast-seo-premium-wordpress\/ -->\n<title>Mezun Olana Kadar ve Sonra Destek | Bulgaristan&#039;da E\u011fitim<\/title>\n<meta name=\"description\" content=\"Karadeniz \u00dcniversitesi: Avrupa&#039;da E\u011fitim, Bulgaristan&#039;daki e\u011fitiminiz \u00f6ncesinde, s\u0131ras\u0131nda ve sonras\u0131nda tam destek sunar.\" \/>\n<meta name=\"robots\" content=\"index, follow, max-snippet:-1, max-image-preview:large, max-video-preview:-1\" \/>\n<link rel=\"canonical\" href=\"https:\/\/blackseauniversity.com\/tr\/mezun-olana-kadar-ve-sonra-destek\/\" \/>\n<meta property=\"og:locale\" content=\"tr_TR\" \/>\n<meta property=\"og:type\" content=\"article\" \/>\n<meta property=\"og:title\" content=\"Mezun Olana Kadar ve Sonra Destek | Bulgaristan&#039;da E\u011fitim\" \/>\n<meta property=\"og:description\" content=\"Karadeniz \u00dcniversitesi: Avrupa&#039;da E\u011fitim, Bulgaristan&#039;daki e\u011fitiminiz \u00f6ncesinde, s\u0131ras\u0131nda ve sonras\u0131nda tam destek sunar.\" \/>\n<meta property=\"og:url\" content=\"https:\/\/blackseauniversity.com\/tr\/mezun-olana-kadar-ve-sonra-destek\/\" \/>\n<meta property=\"og:site_name\" content=\"Bulgaristan&#039;da E\u011fitim\" \/>\n<meta property=\"article:publisher\" content=\"https:\/\/www.facebook.com\/VarnaDenizcilikUniversitesi\" \/>\n<meta property=\"article:modified_time\" content=\"2024-09-13T23:32:44+00:00\" \/>\n<meta property=\"og:image\" content=\"https:\/\/blackseauniversity.com\/wp-content\/uploads\/2024\/03\/medical-5-1024x683.jpeg\" \/>\n<meta name=\"twitter:card\" content=\"summary_large_image\" \/>\n<meta name=\"twitter:label1\" content=\"Tahmini okuma s\u00fcresi\" \/>\n\t<meta name=\"twitter:data1\" content=\"1 dakika\" \/>\n<script type=\"application\/ld+json\" class=\"yoast-schema-graph\">{\"@context\":\"https:\\\/\\\/schema.org\",\"@graph\":[{\"@type\":\"WebPage\",\"@id\":\"https:\\\/\\\/blackseauniversity.com\\\/tr\\\/mezun-olana-kadar-ve-sonra-destek\\\/\",\"url\":\"https:\\\/\\\/blackseauniversity.com\\\/tr\\\/mezun-olana-kadar-ve-sonra-destek\\\/\",\"name\":\"Mezun Olana Kadar ve Sonra Destek | Bulgaristan&#039;da E\u011fitim\",\"isPartOf\":{\"@id\":\"https:\\\/\\\/blackseauniversity.com\\\/tr\\\/#website\"},\"primaryImageOfPage\":{\"@id\":\"https:\\\/\\\/blackseauniversity.com\\\/tr\\\/mezun-olana-kadar-ve-sonra-destek\\\/#primaryimage\"},\"image\":{\"@id\":\"https:\\\/\\\/blackseauniversity.com\\\/tr\\\/mezun-olana-kadar-ve-sonra-destek\\\/#primaryimage\"},\"thumbnailUrl\":\"https:\\\/\\\/blackseauniversity.com\\\/wp-content\\\/uploads\\\/2024\\\/03\\\/medical-5-1024x683.jpeg\",\"datePublished\":\"2023-11-24T19:26:52+00:00\",\"dateModified\":\"2024-09-13T23:32:44+00:00\",\"description\":\"Karadeniz \u00dcniversitesi: Avrupa'da E\u011fitim, Bulgaristan'daki e\u011fitiminiz \u00f6ncesinde, s\u0131ras\u0131nda ve sonras\u0131nda tam destek sunar.\",\"inLanguage\":\"tr\",\"potentialAction\":[{\"@type\":\"ReadAction\",\"target\":[\"https:\\\/\\\/blackseauniversity.com\\\/tr\\\/mezun-olana-kadar-ve-sonra-destek\\\/\"]}]},{\"@type\":\"ImageObject\",\"inLanguage\":\"tr\",\"@id\":\"https:\\\/\\\/blackseauniversity.com\\\/tr\\\/mezun-olana-kadar-ve-sonra-destek\\\/#primaryimage\",\"url\":\"https:\\\/\\\/blackseauniversity.com\\\/wp-content\\\/uploads\\\/2024\\\/03\\\/medical-5-1024x683.jpeg\",\"contentUrl\":\"https:\\\/\\\/blackseauniversity.com\\\/wp-content\\\/uploads\\\/2024\\\/03\\\/medical-5-1024x683.jpeg\"},{\"@type\":\"WebSite\",\"@id\":\"https:\\\/\\\/blackseauniversity.com\\\/tr\\\/#website\",\"url\":\"https:\\\/\\\/blackseauniversity.com\\\/tr\\\/\",\"name\":\"Study in Bulgaria | Black Sea University | Bulgaria\",\"description\":\"Black Sea University | Bulgaria\",\"publisher\":{\"@id\":\"https:\\\/\\\/blackseauniversity.com\\\/tr\\\/#organization\"},\"alternateName\":\"Study In Europe | Black Sea University | Bulgaria\",\"potentialAction\":[{\"@type\":\"SearchAction\",\"target\":{\"@type\":\"EntryPoint\",\"urlTemplate\":\"https:\\\/\\\/blackseauniversity.com\\\/tr\\\/?s={search_term_string}\"},\"query-input\":{\"@type\":\"PropertyValueSpecification\",\"valueRequired\":true,\"valueName\":\"search_term_string\"}}],\"inLanguage\":\"tr\"},{\"@type\":\"Organization\",\"@id\":\"https:\\\/\\\/blackseauniversity.com\\\/tr\\\/#organization\",\"name\":\"Study in Bulgaria | Black Sea University | Bulgaria\",\"alternateName\":\"Study In Europe\",\"url\":\"https:\\\/\\\/blackseauniversity.com\\\/tr\\\/\",\"logo\":{\"@type\":\"ImageObject\",\"inLanguage\":\"tr\",\"@id\":\"https:\\\/\\\/blackseauniversity.com\\\/tr\\\/#\\\/schema\\\/logo\\\/image\\\/\",\"url\":\"https:\\\/\\\/blackseauniversity.com\\\/wp-content\\\/uploads\\\/2024\\\/01\\\/logo-1.png\",\"contentUrl\":\"https:\\\/\\\/blackseauniversity.com\\\/wp-content\\\/uploads\\\/2024\\\/01\\\/logo-1.png\",\"width\":160,\"height\":60,\"caption\":\"Study in Bulgaria | Black Sea University | Bulgaria\"},\"image\":{\"@id\":\"https:\\\/\\\/blackseauniversity.com\\\/tr\\\/#\\\/schema\\\/logo\\\/image\\\/\"},\"sameAs\":[\"https:\\\/\\\/www.facebook.com\\\/VarnaDenizcilikUniversitesi\",\"https:\\\/\\\/www.instagram.com\\\/black_sea_university\\\/\",\"https:\\\/\\\/t.me\\\/StudyBulgaria\"],\"description\":\"Karadeniz \u00dcniversitesi\",\"publishingPrinciples\":\"https:\\\/\\\/blackseauniversity.com\\\/\",\"ownershipFundingInfo\":\"https:\\\/\\\/blackseauniversity.com\\\/study-in-bulgaria\\\/\",\"actionableFeedbackPolicy\":\"https:\\\/\\\/blackseauniversity.com\\\/\",\"correctionsPolicy\":\"https:\\\/\\\/blackseauniversity.com\\\/\"}]}<\/script>\n<!-- \/ Yoast SEO Premium plugin. -->","yoast_head_json":{"title":"Mezun Olana Kadar ve Sonra Destek | Bulgaristan&#039;da E\u011fitim","description":"Karadeniz \u00dcniversitesi: Avrupa'da E\u011fitim, Bulgaristan'daki e\u011fitiminiz \u00f6ncesinde, s\u0131ras\u0131nda ve sonras\u0131nda tam destek sunar.","robots":{"index":"index","follow":"follow","max-snippet":"max-snippet:-1","max-image-preview":"max-image-preview:large","max-video-preview":"max-video-preview:-1"},"canonical":"https:\/\/blackseauniversity.com\/tr\/mezun-olana-kadar-ve-sonra-destek\/","og_locale":"tr_TR","og_type":"article","og_title":"Mezun Olana Kadar ve Sonra Destek | Bulgaristan&#039;da E\u011fitim","og_description":"Karadeniz \u00dcniversitesi: Avrupa'da E\u011fitim, Bulgaristan'daki e\u011fitiminiz \u00f6ncesinde, s\u0131ras\u0131nda ve sonras\u0131nda tam destek sunar.","og_url":"https:\/\/blackseauniversity.com\/tr\/mezun-olana-kadar-ve-sonra-destek\/","og_site_name":"Bulgaristan&#039;da E\u011fitim","article_publisher":"https:\/\/www.facebook.com\/VarnaDenizcilikUniversitesi","article_modified_time":"2024-09-13T23:32:44+00:00","og_image":[{"url":"https:\/\/blackseauniversity.com\/wp-content\/uploads\/2024\/03\/medical-5-1024x683.jpeg","type":"","width":"","height":""}],"twitter_card":"summary_large_image","twitter_misc":{"Tahmini okuma s\u00fcresi":"1 dakika"},"schema":{"@context":"https:\/\/schema.org","@graph":[{"@type":"WebPage","@id":"https:\/\/blackseauniversity.com\/tr\/mezun-olana-kadar-ve-sonra-destek\/","url":"https:\/\/blackseauniversity.com\/tr\/mezun-olana-kadar-ve-sonra-destek\/","name":"Mezun Olana Kadar ve Sonra Destek | Bulgaristan&#039;da E\u011fitim","isPartOf":{"@id":"https:\/\/blackseauniversity.com\/tr\/#website"},"primaryImageOfPage":{"@id":"https:\/\/blackseauniversity.com\/tr\/mezun-olana-kadar-ve-sonra-destek\/#primaryimage"},"image":{"@id":"https:\/\/blackseauniversity.com\/tr\/mezun-olana-kadar-ve-sonra-destek\/#primaryimage"},"thumbnailUrl":"https:\/\/blackseauniversity.com\/wp-content\/uploads\/2024\/03\/medical-5-1024x683.jpeg","datePublished":"2023-11-24T19:26:52+00:00","dateModified":"2024-09-13T23:32:44+00:00","description":"Karadeniz \u00dcniversitesi: Avrupa'da E\u011fitim, Bulgaristan'daki e\u011fitiminiz \u00f6ncesinde, s\u0131ras\u0131nda ve sonras\u0131nda tam destek sunar.","inLanguage":"tr","potentialAction":[{"@type":"ReadAction","target":["https:\/\/blackseauniversity.com\/tr\/mezun-olana-kadar-ve-sonra-destek\/"]}]},{"@type":"ImageObject","inLanguage":"tr","@id":"https:\/\/blackseauniversity.com\/tr\/mezun-olana-kadar-ve-sonra-destek\/#primaryimage","url":"https:\/\/blackseauniversity.com\/wp-content\/uploads\/2024\/03\/medical-5-1024x683.jpeg","contentUrl":"https:\/\/blackseauniversity.com\/wp-content\/uploads\/2024\/03\/medical-5-1024x683.jpeg"},{"@type":"WebSite","@id":"https:\/\/blackseauniversity.com\/tr\/#website","url":"https:\/\/blackseauniversity.com\/tr\/","name":"Study in Bulgaria | Black Sea University | Bulgaria","description":"Black Sea University | Bulgaria","publisher":{"@id":"https:\/\/blackseauniversity.com\/tr\/#organization"},"alternateName":"Study In Europe | Black Sea University | Bulgaria","potentialAction":[{"@type":"SearchAction","target":{"@type":"EntryPoint","urlTemplate":"https:\/\/blackseauniversity.com\/tr\/?s={search_term_string}"},"query-input":{"@type":"PropertyValueSpecification","valueRequired":true,"valueName":"search_term_string"}}],"inLanguage":"tr"},{"@type":"Organization","@id":"https:\/\/blackseauniversity.com\/tr\/#organization","name":"Study in Bulgaria | Black Sea University | Bulgaria","alternateName":"Study In Europe","url":"https:\/\/blackseauniversity.com\/tr\/","logo":{"@type":"ImageObject","inLanguage":"tr","@id":"https:\/\/blackseauniversity.com\/tr\/#\/schema\/logo\/image\/","url":"https:\/\/blackseauniversity.com\/wp-content\/uploads\/2024\/01\/logo-1.png","contentUrl":"https:\/\/blackseauniversity.com\/wp-content\/uploads\/2024\/01\/logo-1.png","width":160,"height":60,"caption":"Study in Bulgaria | Black Sea University | Bulgaria"},"image":{"@id":"https:\/\/blackseauniversity.com\/tr\/#\/schema\/logo\/image\/"},"sameAs":["https:\/\/www.facebook.com\/VarnaDenizcilikUniversitesi","https:\/\/www.instagram.com\/black_sea_university\/","https:\/\/t.me\/StudyBulgaria"],"description":"Karadeniz \u00dcniversitesi","publishingPrinciples":"https:\/\/blackseauniversity.com\/","ownershipFundingInfo":"https:\/\/blackseauniversity.com\/study-in-bulgaria\/","actionableFeedbackPolicy":"https:\/\/blackseauniversity.com\/","correctionsPolicy":"https:\/\/blackseauniversity.com\/"}]}},"_links":{"self":[{"href":"https:\/\/blackseauniversity.com\/tr\/wp-json\/wp\/v2\/pages\/3012","targetHints":{"allow":["GET"]}}],"collection":[{"href":"https:\/\/blackseauniversity.com\/tr\/wp-json\/wp\/v2\/pages"}],"about":[{"href":"https:\/\/blackseauniversity.com\/tr\/wp-json\/wp\/v2\/types\/page"}],"author":[{"embeddable":true,"href":"https:\/\/blackseauniversity.com\/tr\/wp-json\/wp\/v2\/users\/8"}],"replies":[{"embeddable":true,"href":"https:\/\/blackseauniversity.com\/tr\/wp-json\/wp\/v2\/comments?post=3012"}],"version-history":[{"count":6,"href":"https:\/\/blackseauniversity.com\/tr\/wp-json\/wp\/v2\/pages\/3012\/revisions"}],"predecessor-version":[{"id":5204,"href":"https:\/\/blackseauniversity.com\/tr\/wp-json\/wp\/v2\/pages\/3012\/revisions\/5204"}],"wp:attachment":[{"href":"https:\/\/blackseauniversity.com\/tr\/wp-json\/wp\/v2\/media?parent=3012"}],"curies":[{"name":"wp","href":"https:\/\/api.w.org\/{rel}","templated":true}]}}