{"id":3061,"date":"2023-11-22T19:25:02","date_gmt":"2023-11-22T19:25:02","guid":{"rendered":"https:\/\/blackseauniversity.com\/bulgaristanda-derecelendirme-olcegi\/"},"modified":"2024-09-13T23:23:18","modified_gmt":"2024-09-13T23:23:18","slug":"bulgaristanda-derecelendirme-olcegi","status":"publish","type":"page","link":"https:\/\/blackseauniversity.com\/tr\/bulgaristanda-derecelendirme-olcegi\/","title":{"rendered":"Bulgaristan&#8217;da Derecelendirme \u00d6l\u00e7e\u011fi"},"content":{"rendered":"\t\t<div data-elementor-type=\"wp-page\" data-elementor-id=\"3061\" class=\"elementor elementor-3061 elementor-285\">\n\t\t\t\t\t\t<section class=\"elementor-section elementor-top-section elementor-element elementor-element-5b45d954 elementor-section-content-middle elementor-section-boxed elementor-section-height-default elementor-section-height-default\" data-id=\"5b45d954\" data-element_type=\"section\" data-e-type=\"section\" data-settings=\"{&quot;background_background&quot;:&quot;classic&quot;}\">\n\t\t\t\t\t\t\t<div class=\"elementor-background-overlay\"><\/div>\n\t\t\t\t\t\t\t<div class=\"elementor-container elementor-column-gap-default\">\n\t\t\t\t\t<div class=\"elementor-column elementor-col-50 elementor-top-column elementor-element elementor-element-248f0e0b\" data-id=\"248f0e0b\" data-element_type=\"column\" data-e-type=\"column\" data-settings=\"{&quot;background_background&quot;:&quot;classic&quot;}\">\n\t\t\t<div class=\"elementor-widget-wrap elementor-element-populated\">\n\t\t\t\t\t\t<div class=\"elementor-element elementor-element-45dda824 elementor-widget elementor-widget-heading\" data-id=\"45dda824\" data-element_type=\"widget\" data-e-type=\"widget\" data-widget_type=\"heading.default\">\n\t\t\t\t<div class=\"elementor-widget-container\">\n\t\t\t\t\t<h2 class=\"elementor-heading-title elementor-size-default\">\u015eunun i\u00e7inde: Bulgaristan<\/h2>\t\t\t\t<\/div>\n\t\t\t\t<\/div>\n\t\t\t\t<div class=\"elementor-element elementor-element-4cca6586 elementor-widget elementor-widget-heading\" data-id=\"4cca6586\" data-element_type=\"widget\" data-e-type=\"widget\" data-widget_type=\"heading.default\">\n\t\t\t\t<div class=\"elementor-widget-container\">\n\t\t\t\t\t<h2 class=\"elementor-heading-title elementor-size-default\">Derecelendirme \u00d6l\u00e7e\u011fi<\/h2>\t\t\t\t<\/div>\n\t\t\t\t<\/div>\n\t\t\t\t\t<\/div>\n\t\t<\/div>\n\t\t\t\t<div class=\"elementor-column elementor-col-50 elementor-top-column elementor-element elementor-element-17fd235f elementor-hidden-tablet elementor-hidden-phone\" data-id=\"17fd235f\" data-element_type=\"column\" data-e-type=\"column\">\n\t\t\t<div class=\"elementor-widget-wrap\">\n\t\t\t\t\t\t\t<\/div>\n\t\t<\/div>\n\t\t\t\t\t<\/div>\n\t\t<\/section>\n\t\t\t\t<section class=\"elementor-section elementor-top-section elementor-element elementor-element-6745afda elementor-section-content-middle elementor-section-boxed elementor-section-height-default elementor-section-height-default\" data-id=\"6745afda\" data-element_type=\"section\" data-e-type=\"section\" data-settings=\"{&quot;background_background&quot;:&quot;classic&quot;}\">\n\t\t\t\t\t\t<div class=\"elementor-container elementor-column-gap-default\">\n\t\t\t\t\t<div class=\"elementor-column elementor-col-100 elementor-top-column elementor-element elementor-element-3ecc1e2c\" data-id=\"3ecc1e2c\" data-element_type=\"column\" data-e-type=\"column\">\n\t\t\t<div class=\"elementor-widget-wrap elementor-element-populated\">\n\t\t\t\t\t\t<div class=\"elementor-element elementor-element-61e60925 elementor-widget elementor-widget-heading\" data-id=\"61e60925\" data-element_type=\"widget\" data-e-type=\"widget\" data-widget_type=\"heading.default\">\n\t\t\t\t<div class=\"elementor-widget-container\">\n\t\t\t\t\t<h2 class=\"elementor-heading-title elementor-size-default\">Derecelendirme<\/h2>\t\t\t\t<\/div>\n\t\t\t\t<\/div>\n\t\t\t\t<div class=\"elementor-element elementor-element-32739fba elementor-widget elementor-widget-heading\" data-id=\"32739fba\" data-element_type=\"widget\" data-e-type=\"widget\" data-widget_type=\"heading.default\">\n\t\t\t\t<div class=\"elementor-widget-container\">\n\t\t\t\t\t<h2 class=\"elementor-heading-title elementor-size-default\">Bulgaristan'da Derecelendirme \u00d6l\u00e7e\u011fi<\/h2>\t\t\t\t<\/div>\n\t\t\t\t<\/div>\n\t\t\t\t<div class=\"elementor-element elementor-element-57f572d7 elementor-widget elementor-widget-text-editor\" data-id=\"57f572d7\" data-element_type=\"widget\" data-e-type=\"widget\" data-widget_type=\"text-editor.default\">\n\t\t\t\t<div class=\"elementor-widget-container\">\n\t\t\t\t\t\t\t\t\t<p>Bulgar y\u00fcksek \u00f6\u011fretim kurumlar\u0131nda (\u00fcniversiteler, kolejler ve liseler) Derecelendirme \u00d6l\u00e7e\u011fi, \u00f6\u011frencilerin alabilece\u011fi en y\u00fcksek not olan 6 oldu\u011fu i\u00e7in a\u015fa\u011f\u0131daki be\u015f say\u0131l\u0131k notlara dayanmaktad\u0131r.<\/p>\n\t\t\t\t\t\t\t\t<\/div>\n\t\t\t\t<\/div>\n\t\t\t\t<div class=\"elementor-element elementor-element-6e0afb9 elementor-widget elementor-widget-shortcode\" data-id=\"6e0afb9\" data-element_type=\"widget\" data-e-type=\"widget\" data-widget_type=\"shortcode.default\">\n\t\t\t\t<div class=\"elementor-widget-container\">\n\t\t\t\t\t\t\t<div class=\"elementor-shortcode\"><div id=\"footable_parent_2789\"\n         class=\" footable_parent ninja_table_wrapper loading_ninja_table wp_table_data_press_parent semantic_ui \">\n                <table data-ninja_table_instance=\"ninja_table_instance_0\" data-footable_id=\"2789\" data-filter-delay=\"1000\" aria-label=\"Grading Scale - English\"            id=\"footable_2789\"\n           data-unique_identifier=\"ninja_table_unique_id_3826842226_2789\"\n           class=\" foo-table ninja_footable foo_table_2789 ninja_table_unique_id_3826842226_2789 ui table  nt_type_ajax_table selectable hide_horizonal_borders striped vertical_centered  footable-paging-right ninja_table_search_disabled\">\n                <colgroup>\n                            <col class=\"ninja_column_0 \">\n                            <col class=\"ninja_column_1 \">\n                            <col class=\"ninja_column_2 \">\n                            <col class=\"ninja_column_3 \">\n                            <col class=\"ninja_column_4 \">\n                            <col class=\"ninja_column_5 \">\n                    <\/colgroup>\n            <\/table>\n    \n    \n    \n<\/div>\n<\/div>\n\t\t\t\t\t\t<\/div>\n\t\t\t\t<\/div>\n\t\t\t\t<div class=\"elementor-element elementor-element-4548930 elementor-widget elementor-widget-text-editor\" data-id=\"4548930\" data-element_type=\"widget\" data-e-type=\"widget\" data-widget_type=\"text-editor.default\">\n\t\t\t\t<div class=\"elementor-widget-container\">\n\t\t\t\t\t\t\t\t\t<p>*: derecelendirme \u00f6l\u00e7e\u011fi<br \/>**: S\u0131navlar ve testler i\u00e7in kullan\u0131lan derecelendirme \u00f6l\u00e7e\u011fi<\/p>\n<p>Minimum tutar 2.00&#8217;dir; 3.00&#8217;\u0131n alt\u0131ndaki notlar ba\u015far\u0131s\u0131z notlardan biri olup, en fazla 6.00&#8217;d\u0131r.<\/p>\n<p>&#8220;\u00c7ok \u0130yi&#8221; (5-) ve &#8220;Ortalama&#8221; (3+) gibi notlar da m\u00fcmk\u00fcnd\u00fcr &#8211; bunlar Not Ortalamas\u0131 (GPA) hesaplamalar\u0131nda g\u00f6z ard\u0131 edilir.<br \/>Kabaca, Bulgar not sistemi Amerikan not sistemine \u015fu \u015fekilde e\u015fitlenebilir: 6=A, 5=B, 4=C, 3=D ve 2=F. Ayr\u0131ca, Avustralya sistemine g\u00f6re, 6 = HD, 5 = D, 4 = Cr, 3 = P ve 2 = F<\/p>\n\t\t\t\t\t\t\t\t<\/div>\n\t\t\t\t<\/div>\n\t\t\t\t\t<\/div>\n\t\t<\/div>\n\t\t\t\t\t<\/div>\n\t\t<\/section>\n\t\t\t\t<\/div>\n\t\t","protected":false},"excerpt":{"rendered":"<p>\u015eunun i\u00e7inde: Bulgaristan Derecelendirme \u00d6l\u00e7e\u011fi Derecelendirme Bulgaristan&#8217;da Derecelendirme \u00d6l\u00e7e\u011fi Bulgar y\u00fcksek \u00f6\u011fretim kurumlar\u0131nda (\u00fcniversiteler, kolejler ve liseler) Derecelendirme \u00d6l\u00e7e\u011fi, \u00f6\u011frencilerin alabilece\u011fi en y\u00fcksek not olan 6 oldu\u011fu i\u00e7in a\u015fa\u011f\u0131daki be\u015f say\u0131l\u0131k notlara dayanmaktad\u0131r. *: derecelendirme \u00f6l\u00e7e\u011fi**: S\u0131navlar ve testler i\u00e7in kullan\u0131lan derecelendirme \u00f6l\u00e7e\u011fi Minimum tutar 2.00&#8217;dir; 3.00&#8217;\u0131n alt\u0131ndaki notlar ba\u015far\u0131s\u0131z notlardan biri olup, en fazla [&hellip;]<\/p>\n","protected":false},"author":8,"featured_media":0,"parent":0,"menu_order":0,"comment_status":"closed","ping_status":"closed","template":"","meta":{"footnotes":""},"class_list":["post-3061","page","type-page","status-publish","hentry"],"yoast_head":"<!-- This site is optimized with the Yoast SEO Premium plugin v27.5 (Yoast SEO v27.5) - https:\/\/yoast.com\/product\/yoast-seo-premium-wordpress\/ -->\n<title>Bulgaristan&#039;da Derecelendirme \u00d6l\u00e7e\u011fi | Bulgaristan&#039;da E\u011fitim<\/title>\n<meta name=\"description\" content=\"Bulgaristan y\u00fcksek\u00f6\u011fretim kurumlar\u0131nda (\u00fcniversiteler, kolejler ve liseler) Derecelendirme \u00d6l\u00e7e\u011fi, be\u015fer say\u0131dan olu\u015fan 6 puana dayanmaktad\u0131r\" \/>\n<meta name=\"robots\" content=\"index, follow, max-snippet:-1, max-image-preview:large, max-video-preview:-1\" \/>\n<link rel=\"canonical\" href=\"https:\/\/blackseauniversity.com\/tr\/bulgaristanda-derecelendirme-olcegi\/\" \/>\n<meta property=\"og:locale\" content=\"tr_TR\" \/>\n<meta property=\"og:type\" content=\"article\" \/>\n<meta property=\"og:title\" content=\"Bulgaristan&#039;da Derecelendirme \u00d6l\u00e7e\u011fi | Bulgaristan&#039;da E\u011fitim\" \/>\n<meta property=\"og:description\" content=\"Bulgaristan y\u00fcksek\u00f6\u011fretim kurumlar\u0131nda (\u00fcniversiteler, kolejler ve liseler) Derecelendirme \u00d6l\u00e7e\u011fi, be\u015fer say\u0131dan olu\u015fan 6 puana dayanmaktad\u0131r\" \/>\n<meta property=\"og:url\" content=\"https:\/\/blackseauniversity.com\/tr\/bulgaristanda-derecelendirme-olcegi\/\" \/>\n<meta property=\"og:site_name\" content=\"Bulgaristan&#039;da E\u011fitim\" \/>\n<meta property=\"article:publisher\" content=\"https:\/\/www.facebook.com\/VarnaDenizcilikUniversitesi\" \/>\n<meta property=\"article:modified_time\" content=\"2024-09-13T23:23:18+00:00\" \/>\n<meta property=\"og:image\" content=\"https:\/\/blackseauniversity.com\/wp-content\/uploads\/2024\/03\/Varna-Free-University-4.jpeg\" \/>\n\t<meta property=\"og:image:width\" content=\"1600\" \/>\n\t<meta property=\"og:image:height\" content=\"1066\" \/>\n\t<meta property=\"og:image:type\" content=\"image\/jpeg\" \/>\n<meta name=\"twitter:card\" content=\"summary_large_image\" \/>\n<meta name=\"twitter:label1\" content=\"Tahmini okuma s\u00fcresi\" \/>\n\t<meta name=\"twitter:data1\" content=\"1 dakika\" \/>\n<script type=\"application\/ld+json\" class=\"yoast-schema-graph\">{\"@context\":\"https:\\\/\\\/schema.org\",\"@graph\":[{\"@type\":\"WebPage\",\"@id\":\"https:\\\/\\\/blackseauniversity.com\\\/tr\\\/bulgaristanda-derecelendirme-olcegi\\\/\",\"url\":\"https:\\\/\\\/blackseauniversity.com\\\/tr\\\/bulgaristanda-derecelendirme-olcegi\\\/\",\"name\":\"Bulgaristan'da Derecelendirme \u00d6l\u00e7e\u011fi | Bulgaristan&#039;da E\u011fitim\",\"isPartOf\":{\"@id\":\"https:\\\/\\\/blackseauniversity.com\\\/tr\\\/#website\"},\"datePublished\":\"2023-11-22T19:25:02+00:00\",\"dateModified\":\"2024-09-13T23:23:18+00:00\",\"description\":\"Bulgaristan y\u00fcksek\u00f6\u011fretim kurumlar\u0131nda (\u00fcniversiteler, kolejler ve liseler) Derecelendirme \u00d6l\u00e7e\u011fi, be\u015fer say\u0131dan olu\u015fan 6 puana dayanmaktad\u0131r\",\"inLanguage\":\"tr\",\"potentialAction\":[{\"@type\":\"ReadAction\",\"target\":[\"https:\\\/\\\/blackseauniversity.com\\\/tr\\\/bulgaristanda-derecelendirme-olcegi\\\/\"]}]},{\"@type\":\"WebSite\",\"@id\":\"https:\\\/\\\/blackseauniversity.com\\\/tr\\\/#website\",\"url\":\"https:\\\/\\\/blackseauniversity.com\\\/tr\\\/\",\"name\":\"Study in Bulgaria | Black Sea University | Bulgaria\",\"description\":\"Black Sea University | Bulgaria\",\"publisher\":{\"@id\":\"https:\\\/\\\/blackseauniversity.com\\\/tr\\\/#organization\"},\"alternateName\":\"Study In Europe | Black Sea University | Bulgaria\",\"potentialAction\":[{\"@type\":\"SearchAction\",\"target\":{\"@type\":\"EntryPoint\",\"urlTemplate\":\"https:\\\/\\\/blackseauniversity.com\\\/tr\\\/?s={search_term_string}\"},\"query-input\":{\"@type\":\"PropertyValueSpecification\",\"valueRequired\":true,\"valueName\":\"search_term_string\"}}],\"inLanguage\":\"tr\"},{\"@type\":\"Organization\",\"@id\":\"https:\\\/\\\/blackseauniversity.com\\\/tr\\\/#organization\",\"name\":\"Study in Bulgaria | Black Sea University | Bulgaria\",\"alternateName\":\"Study In Europe\",\"url\":\"https:\\\/\\\/blackseauniversity.com\\\/tr\\\/\",\"logo\":{\"@type\":\"ImageObject\",\"inLanguage\":\"tr\",\"@id\":\"https:\\\/\\\/blackseauniversity.com\\\/tr\\\/#\\\/schema\\\/logo\\\/image\\\/\",\"url\":\"https:\\\/\\\/blackseauniversity.com\\\/wp-content\\\/uploads\\\/2024\\\/01\\\/logo-1.png\",\"contentUrl\":\"https:\\\/\\\/blackseauniversity.com\\\/wp-content\\\/uploads\\\/2024\\\/01\\\/logo-1.png\",\"width\":160,\"height\":60,\"caption\":\"Study in Bulgaria | Black Sea University | Bulgaria\"},\"image\":{\"@id\":\"https:\\\/\\\/blackseauniversity.com\\\/tr\\\/#\\\/schema\\\/logo\\\/image\\\/\"},\"sameAs\":[\"https:\\\/\\\/www.facebook.com\\\/VarnaDenizcilikUniversitesi\",\"https:\\\/\\\/www.instagram.com\\\/black_sea_university\\\/\",\"https:\\\/\\\/t.me\\\/StudyBulgaria\"],\"description\":\"Karadeniz \u00dcniversitesi\",\"publishingPrinciples\":\"https:\\\/\\\/blackseauniversity.com\\\/\",\"ownershipFundingInfo\":\"https:\\\/\\\/blackseauniversity.com\\\/study-in-bulgaria\\\/\",\"actionableFeedbackPolicy\":\"https:\\\/\\\/blackseauniversity.com\\\/\",\"correctionsPolicy\":\"https:\\\/\\\/blackseauniversity.com\\\/\"}]}<\/script>\n<!-- \/ Yoast SEO Premium plugin. -->","yoast_head_json":{"title":"Bulgaristan'da Derecelendirme \u00d6l\u00e7e\u011fi | Bulgaristan&#039;da E\u011fitim","description":"Bulgaristan y\u00fcksek\u00f6\u011fretim kurumlar\u0131nda (\u00fcniversiteler, kolejler ve liseler) Derecelendirme \u00d6l\u00e7e\u011fi, be\u015fer say\u0131dan olu\u015fan 6 puana dayanmaktad\u0131r","robots":{"index":"index","follow":"follow","max-snippet":"max-snippet:-1","max-image-preview":"max-image-preview:large","max-video-preview":"max-video-preview:-1"},"canonical":"https:\/\/blackseauniversity.com\/tr\/bulgaristanda-derecelendirme-olcegi\/","og_locale":"tr_TR","og_type":"article","og_title":"Bulgaristan'da Derecelendirme \u00d6l\u00e7e\u011fi | Bulgaristan&#039;da E\u011fitim","og_description":"Bulgaristan y\u00fcksek\u00f6\u011fretim kurumlar\u0131nda (\u00fcniversiteler, kolejler ve liseler) Derecelendirme \u00d6l\u00e7e\u011fi, be\u015fer say\u0131dan olu\u015fan 6 puana dayanmaktad\u0131r","og_url":"https:\/\/blackseauniversity.com\/tr\/bulgaristanda-derecelendirme-olcegi\/","og_site_name":"Bulgaristan&#039;da E\u011fitim","article_publisher":"https:\/\/www.facebook.com\/VarnaDenizcilikUniversitesi","article_modified_time":"2024-09-13T23:23:18+00:00","og_image":[{"width":1600,"height":1066,"url":"https:\/\/blackseauniversity.com\/wp-content\/uploads\/2024\/03\/Varna-Free-University-4.jpeg","type":"image\/jpeg"}],"twitter_card":"summary_large_image","twitter_misc":{"Tahmini okuma s\u00fcresi":"1 dakika"},"schema":{"@context":"https:\/\/schema.org","@graph":[{"@type":"WebPage","@id":"https:\/\/blackseauniversity.com\/tr\/bulgaristanda-derecelendirme-olcegi\/","url":"https:\/\/blackseauniversity.com\/tr\/bulgaristanda-derecelendirme-olcegi\/","name":"Bulgaristan'da Derecelendirme \u00d6l\u00e7e\u011fi | Bulgaristan&#039;da E\u011fitim","isPartOf":{"@id":"https:\/\/blackseauniversity.com\/tr\/#website"},"datePublished":"2023-11-22T19:25:02+00:00","dateModified":"2024-09-13T23:23:18+00:00","description":"Bulgaristan y\u00fcksek\u00f6\u011fretim kurumlar\u0131nda (\u00fcniversiteler, kolejler ve liseler) Derecelendirme \u00d6l\u00e7e\u011fi, be\u015fer say\u0131dan olu\u015fan 6 puana dayanmaktad\u0131r","inLanguage":"tr","potentialAction":[{"@type":"ReadAction","target":["https:\/\/blackseauniversity.com\/tr\/bulgaristanda-derecelendirme-olcegi\/"]}]},{"@type":"WebSite","@id":"https:\/\/blackseauniversity.com\/tr\/#website","url":"https:\/\/blackseauniversity.com\/tr\/","name":"Study in Bulgaria | Black Sea University | Bulgaria","description":"Black Sea University | Bulgaria","publisher":{"@id":"https:\/\/blackseauniversity.com\/tr\/#organization"},"alternateName":"Study In Europe | Black Sea University | Bulgaria","potentialAction":[{"@type":"SearchAction","target":{"@type":"EntryPoint","urlTemplate":"https:\/\/blackseauniversity.com\/tr\/?s={search_term_string}"},"query-input":{"@type":"PropertyValueSpecification","valueRequired":true,"valueName":"search_term_string"}}],"inLanguage":"tr"},{"@type":"Organization","@id":"https:\/\/blackseauniversity.com\/tr\/#organization","name":"Study in Bulgaria | Black Sea University | Bulgaria","alternateName":"Study In Europe","url":"https:\/\/blackseauniversity.com\/tr\/","logo":{"@type":"ImageObject","inLanguage":"tr","@id":"https:\/\/blackseauniversity.com\/tr\/#\/schema\/logo\/image\/","url":"https:\/\/blackseauniversity.com\/wp-content\/uploads\/2024\/01\/logo-1.png","contentUrl":"https:\/\/blackseauniversity.com\/wp-content\/uploads\/2024\/01\/logo-1.png","width":160,"height":60,"caption":"Study in Bulgaria | Black Sea University | Bulgaria"},"image":{"@id":"https:\/\/blackseauniversity.com\/tr\/#\/schema\/logo\/image\/"},"sameAs":["https:\/\/www.facebook.com\/VarnaDenizcilikUniversitesi","https:\/\/www.instagram.com\/black_sea_university\/","https:\/\/t.me\/StudyBulgaria"],"description":"Karadeniz \u00dcniversitesi","publishingPrinciples":"https:\/\/blackseauniversity.com\/","ownershipFundingInfo":"https:\/\/blackseauniversity.com\/study-in-bulgaria\/","actionableFeedbackPolicy":"https:\/\/blackseauniversity.com\/","correctionsPolicy":"https:\/\/blackseauniversity.com\/"}]}},"_links":{"self":[{"href":"https:\/\/blackseauniversity.com\/tr\/wp-json\/wp\/v2\/pages\/3061","targetHints":{"allow":["GET"]}}],"collection":[{"href":"https:\/\/blackseauniversity.com\/tr\/wp-json\/wp\/v2\/pages"}],"about":[{"href":"https:\/\/blackseauniversity.com\/tr\/wp-json\/wp\/v2\/types\/page"}],"author":[{"embeddable":true,"href":"https:\/\/blackseauniversity.com\/tr\/wp-json\/wp\/v2\/users\/8"}],"replies":[{"embeddable":true,"href":"https:\/\/blackseauniversity.com\/tr\/wp-json\/wp\/v2\/comments?post=3061"}],"version-history":[{"count":9,"href":"https:\/\/blackseauniversity.com\/tr\/wp-json\/wp\/v2\/pages\/3061\/revisions"}],"predecessor-version":[{"id":5467,"href":"https:\/\/blackseauniversity.com\/tr\/wp-json\/wp\/v2\/pages\/3061\/revisions\/5467"}],"wp:attachment":[{"href":"https:\/\/blackseauniversity.com\/tr\/wp-json\/wp\/v2\/media?parent=3061"}],"curies":[{"name":"wp","href":"https:\/\/api.w.org\/{rel}","templated":true}]}}