{"id":3102,"date":"2023-11-22T20:25:08","date_gmt":"2023-11-22T20:25:08","guid":{"rendered":"https:\/\/blackseauniversity.com\/ogrenci-yurdu\/"},"modified":"2025-09-06T13:33:47","modified_gmt":"2025-09-06T13:33:47","slug":"ogrenci-yurdu","status":"publish","type":"page","link":"https:\/\/blackseauniversity.com\/tr\/ogrenci-yurdu\/","title":{"rendered":"\u00d6\u011frenci Yurdu"},"content":{"rendered":"\t\t<div data-elementor-type=\"wp-page\" data-elementor-id=\"3102\" class=\"elementor elementor-3102 elementor-301\">\n\t\t\t\t\t\t<section class=\"elementor-section elementor-top-section elementor-element elementor-element-55146dac elementor-section-content-middle elementor-section-boxed elementor-section-height-default elementor-section-height-default\" data-id=\"55146dac\" data-element_type=\"section\" data-e-type=\"section\" data-settings=\"{&quot;background_background&quot;:&quot;classic&quot;}\">\n\t\t\t\t\t\t\t<div class=\"elementor-background-overlay\"><\/div>\n\t\t\t\t\t\t\t<div class=\"elementor-container elementor-column-gap-default\">\n\t\t\t\t\t<div class=\"elementor-column elementor-col-50 elementor-top-column elementor-element elementor-element-12d905a2\" data-id=\"12d905a2\" data-element_type=\"column\" data-e-type=\"column\" data-settings=\"{&quot;background_background&quot;:&quot;classic&quot;}\">\n\t\t\t<div class=\"elementor-widget-wrap elementor-element-populated\">\n\t\t\t\t\t\t<div class=\"elementor-element elementor-element-283a5a56 elementor-widget elementor-widget-heading\" data-id=\"283a5a56\" data-element_type=\"widget\" data-e-type=\"widget\" data-widget_type=\"heading.default\">\n\t\t\t\t<div class=\"elementor-widget-container\">\n\t\t\t\t\t<h2 class=\"elementor-heading-title elementor-size-default\">\u00d6\u011frenci Yurdu<\/h2>\t\t\t\t<\/div>\n\t\t\t\t<\/div>\n\t\t\t\t<div class=\"elementor-element elementor-element-2a3225e elementor-widget elementor-widget-heading\" data-id=\"2a3225e\" data-element_type=\"widget\" data-e-type=\"widget\" data-widget_type=\"heading.default\">\n\t\t\t\t<div class=\"elementor-widget-container\">\n\t\t\t\t\t<h2 class=\"elementor-heading-title elementor-size-default\">Ya\u015fam maliyeti<\/h2>\t\t\t\t<\/div>\n\t\t\t\t<\/div>\n\t\t\t\t\t<\/div>\n\t\t<\/div>\n\t\t\t\t<div class=\"elementor-column elementor-col-50 elementor-top-column elementor-element elementor-element-2d8f7fdb elementor-hidden-tablet elementor-hidden-phone\" data-id=\"2d8f7fdb\" data-element_type=\"column\" data-e-type=\"column\">\n\t\t\t<div class=\"elementor-widget-wrap\">\n\t\t\t\t\t\t\t<\/div>\n\t\t<\/div>\n\t\t\t\t\t<\/div>\n\t\t<\/section>\n\t\t\t\t<section class=\"elementor-section elementor-top-section elementor-element elementor-element-495a6cb7 elementor-section-content-middle elementor-section-boxed elementor-section-height-default elementor-section-height-default\" data-id=\"495a6cb7\" data-element_type=\"section\" data-e-type=\"section\" data-settings=\"{&quot;background_background&quot;:&quot;classic&quot;}\">\n\t\t\t\t\t\t<div class=\"elementor-container elementor-column-gap-default\">\n\t\t\t\t\t<div class=\"elementor-column elementor-col-50 elementor-top-column elementor-element elementor-element-27490f8d\" data-id=\"27490f8d\" data-element_type=\"column\" data-e-type=\"column\">\n\t\t\t<div class=\"elementor-widget-wrap elementor-element-populated\">\n\t\t\t\t\t\t<div class=\"elementor-element elementor-element-5c9abf7b elementor-widget elementor-widget-heading\" data-id=\"5c9abf7b\" data-element_type=\"widget\" data-e-type=\"widget\" data-widget_type=\"heading.default\">\n\t\t\t\t<div class=\"elementor-widget-container\">\n\t\t\t\t\t<h2 class=\"elementor-heading-title elementor-size-default\">Ya\u015fam maliyeti<\/h2>\t\t\t\t<\/div>\n\t\t\t\t<\/div>\n\t\t\t\t<div class=\"elementor-element elementor-element-5bd809da elementor-widget elementor-widget-heading\" data-id=\"5bd809da\" data-element_type=\"widget\" data-e-type=\"widget\" data-widget_type=\"heading.default\">\n\t\t\t\t<div class=\"elementor-widget-container\">\n\t\t\t\t\t<h2 class=\"elementor-heading-title elementor-size-default\">\u00d6\u011frenci Yurdu<\/h2>\t\t\t\t<\/div>\n\t\t\t\t<\/div>\n\t\t\t\t<div class=\"elementor-element elementor-element-244ce510 elementor-widget elementor-widget-text-editor\" data-id=\"244ce510\" data-element_type=\"widget\" data-e-type=\"widget\" data-widget_type=\"text-editor.default\">\n\t\t\t\t<div class=\"elementor-widget-container\">\n\t\t\t\t\t\t\t\t\t<p>Bulgaristan&#8217;da ya\u015famak, deneme \u015fans\u0131 bulanlar i\u00e7in unutulmaz ve heyecan verici bir deneyimdir. \u00dcniversiteden bir kabul mektubu ald\u0131ktan sonra ayarlaman\u0131z gereken en \u00f6nemli \u015feylerden biri bir konaklama yeri bulmakt\u0131r. Karadeniz \u00dcniversitesi ekibi sizin i\u00e7in en uygun yeri bulman\u0131za yard\u0131mc\u0131 olmaya haz\u0131r! Konaklama a\u00e7\u0131s\u0131ndan ihtiya\u00e7 ve beklentilerinizin neler oldu\u011funu bize bildirmeniz yeterli.<\/p>\n\t\t\t\t\t\t\t\t<\/div>\n\t\t\t\t<\/div>\n\t\t\t\t<div class=\"elementor-element elementor-element-bdd1dc4 elementor-widget elementor-widget-button\" data-id=\"bdd1dc4\" data-element_type=\"widget\" data-e-type=\"widget\" data-widget_type=\"button.default\">\n\t\t\t\t<div class=\"elementor-widget-container\">\n\t\t\t\t\t\t\t\t\t<div class=\"elementor-button-wrapper\">\n\t\t\t\t\t<a class=\"elementor-button elementor-button-link elementor-size-sm\" href=\"https:\/\/blackseauniversity.com\/tr\/temas\/\">\n\t\t\t\t\t\t<span class=\"elementor-button-content-wrapper\">\n\t\t\t\t\t\t\t\t\t<span class=\"elementor-button-text\">Bize Ula\u015f\u0131n<\/span>\n\t\t\t\t\t<\/span>\n\t\t\t\t\t<\/a>\n\t\t\t\t<\/div>\n\t\t\t\t\t\t\t\t<\/div>\n\t\t\t\t<\/div>\n\t\t\t\t\t<\/div>\n\t\t<\/div>\n\t\t\t\t<div class=\"elementor-column elementor-col-50 elementor-top-column elementor-element elementor-element-61902d19\" data-id=\"61902d19\" data-element_type=\"column\" data-e-type=\"column\">\n\t\t\t<div class=\"elementor-widget-wrap elementor-element-populated\">\n\t\t\t\t\t\t<div class=\"elementor-element elementor-element-0b28650 elementor-widget elementor-widget-image\" data-id=\"0b28650\" data-element_type=\"widget\" data-e-type=\"widget\" data-widget_type=\"image.default\">\n\t\t\t\t<div class=\"elementor-widget-container\">\n\t\t\t\t\t\t\t\t\t\t\t\t\t\t\t<img fetchpriority=\"high\" decoding=\"async\" width=\"800\" height=\"533\" src=\"https:\/\/blackseauniversity.com\/wp-content\/uploads\/2024\/03\/Varna-Free-University-4-1024x682.jpeg\" class=\"attachment-large size-large wp-image-4827\" alt=\"study in bulgaria\" srcset=\"https:\/\/blackseauniversity.com\/wp-content\/uploads\/2024\/03\/Varna-Free-University-4-1024x682.jpeg 1024w, https:\/\/blackseauniversity.com\/wp-content\/uploads\/2024\/03\/Varna-Free-University-4-300x200.jpeg 300w, https:\/\/blackseauniversity.com\/wp-content\/uploads\/2024\/03\/Varna-Free-University-4-768x512.jpeg 768w, https:\/\/blackseauniversity.com\/wp-content\/uploads\/2024\/03\/Varna-Free-University-4-1536x1023.jpeg 1536w, https:\/\/blackseauniversity.com\/wp-content\/uploads\/2024\/03\/Varna-Free-University-4.jpeg 1600w\" sizes=\"(max-width: 800px) 100vw, 800px\" \/>\t\t\t\t\t\t\t\t\t\t\t\t\t\t\t<\/div>\n\t\t\t\t<\/div>\n\t\t\t\t\t<\/div>\n\t\t<\/div>\n\t\t\t\t\t<\/div>\n\t\t<\/section>\n\t\t\t\t<section class=\"elementor-section elementor-top-section elementor-element elementor-element-ad81ea3 elementor-section-boxed elementor-section-height-default elementor-section-height-default\" data-id=\"ad81ea3\" data-element_type=\"section\" data-e-type=\"section\">\n\t\t\t\t\t\t<div class=\"elementor-container elementor-column-gap-default\">\n\t\t\t\t\t<div class=\"elementor-column elementor-col-100 elementor-top-column elementor-element elementor-element-d350906\" data-id=\"d350906\" data-element_type=\"column\" data-e-type=\"column\">\n\t\t\t<div class=\"elementor-widget-wrap elementor-element-populated\">\n\t\t\t\t\t\t<section class=\"elementor-section elementor-inner-section elementor-element elementor-element-22f4b1c elementor-section-boxed elementor-section-height-default elementor-section-height-default\" data-id=\"22f4b1c\" data-element_type=\"section\" data-e-type=\"section\">\n\t\t\t\t\t\t<div class=\"elementor-container elementor-column-gap-default\">\n\t\t\t\t\t<div class=\"elementor-column elementor-col-100 elementor-inner-column elementor-element elementor-element-285cc65\" data-id=\"285cc65\" data-element_type=\"column\" data-e-type=\"column\">\n\t\t\t<div class=\"elementor-widget-wrap elementor-element-populated\">\n\t\t\t\t\t\t<div class=\"elementor-element elementor-element-0854bf5 elementor-widget elementor-widget-heading\" data-id=\"0854bf5\" data-element_type=\"widget\" data-e-type=\"widget\" data-widget_type=\"heading.default\">\n\t\t\t\t<div class=\"elementor-widget-container\">\n\t\t\t\t\t<h2 class=\"elementor-heading-title elementor-size-default\">Ne t\u00fcr bir konaklama tercih edersiniz?<\/h2>\t\t\t\t<\/div>\n\t\t\t\t<\/div>\n\t\t\t\t<div class=\"elementor-element elementor-element-b3c9a8e elementor-widget elementor-widget-text-editor\" data-id=\"b3c9a8e\" data-element_type=\"widget\" data-e-type=\"widget\" data-widget_type=\"text-editor.default\">\n\t\t\t\t<div class=\"elementor-widget-container\">\n\t\t\t\t\t\t\t\t\t<p>En uygun olan\u0131 se\u00e7ebilece\u011finiz birka\u00e7 olas\u0131l\u0131k vard\u0131r.<\/p>\n\t\t\t\t\t\t\t\t<\/div>\n\t\t\t\t<\/div>\n\t\t\t\t<div class=\"elementor-element elementor-element-d403d1b jkit-equal-height-disable elementor-widget elementor-widget-jkit_icon_box\" data-id=\"d403d1b\" data-element_type=\"widget\" data-e-type=\"widget\" data-widget_type=\"jkit_icon_box.default\">\n\t\t\t\t<div class=\"elementor-widget-container\">\n\t\t\t\t\t<div  class=\"jeg-elementor-kit jkit-icon-box icon-position-left elementor-animation- jeg_module___69f27bedec667\" ><div class=\"jkit-icon-box-wrapper hover-from-left\"><div class=\"icon-box icon-box-header elementor-animation-\"><div class=\"icon style-color\"><i aria-hidden=\"true\" class=\"jki jki-building\"><\/i><\/div><\/div><div class=\"icon-box icon-box-body\">\n                <h2 class=\"title\">Kamp\u00fcs \u0130\u00e7i Yurt Konaklamas\u0131<\/h2><p class=\"icon-box-description\">Varna'daki \u00e7o\u011fu \u00fcniversite, di\u011fer konaklama t\u00fcrlerinden olduk\u00e7a daha ucuz olan kamp\u00fcs i\u00e7i pansiyon konaklama olana\u011f\u0131 sunmaktad\u0131r. Ayl\u0131k kira faturalar dahil 70 Euro'yu ge\u00e7mez. Arkada\u015f\u0131n\u0131z olabilecek ba\u015fka bir \u00f6\u011frenciyle veya \u00f6rne\u011fin ba\u015fka bir uluslararas\u0131 \u00f6\u011frenciyle oday\u0131 payla\u015fmal\u0131s\u0131n\u0131z. Genellikle bir pansiyon odas\u0131, iki ayr\u0131 yatakl\u0131 bir ortak yatak odas\u0131 ve bir banyodan olu\u015fur. Tek dezavantaj\u0131 mutfak olmamas\u0131 ama d\u0131\u015far\u0131da yemek yeme imkan\u0131n\u0131n \u00e7ok olmas\u0131. Genel olarak bak\u0131ld\u0131\u011f\u0131nda, bu konaklama se\u00e7ene\u011finin temel avantaj\u0131, uluslararas\u0131 arkada\u015flar edinmenize ve d\u00fcnyan\u0131n farkl\u0131 yerlerinden gelen \u00e7ok say\u0131da \u00f6\u011frenciyle kap\u0131 kap\u0131 dola\u015fman\u0131za olanak sa\u011flamas\u0131d\u0131r. \u00dcstelik bitmek bilmeyen \u00f6\u011frenci partilerini de d\u00fc\u015f\u00fcnmeyi unutmay\u0131n!<\/p>\n            <\/div>\n            \n            <\/div><\/div>\t\t\t\t<\/div>\n\t\t\t\t<\/div>\n\t\t\t\t<div class=\"elementor-element elementor-element-94bdced jkit-equal-height-disable elementor-widget elementor-widget-jkit_icon_box\" data-id=\"94bdced\" data-element_type=\"widget\" data-e-type=\"widget\" data-widget_type=\"jkit_icon_box.default\">\n\t\t\t\t<div class=\"elementor-widget-container\">\n\t\t\t\t\t<div  class=\"jeg-elementor-kit jkit-icon-box icon-position-left elementor-animation- jeg_module__1_69f27beded0ee\" ><div class=\"jkit-icon-box-wrapper hover-from-left\"><div class=\"icon-box icon-box-header elementor-animation-\"><div class=\"icon style-color\"><i aria-hidden=\"true\" class=\"jki jki-apartment1-light\"><\/i><\/div><\/div><div class=\"icon-box icon-box-body\">\n                <h2 class=\"title\">\u00d6zel Daire<\/h2><p class=\"icon-box-description\">Sizin i\u00e7in bir di\u011fer se\u00e7enek ise \u00f6zel bir daire kiralamakt\u0131r. \u00dcniversiteye olan mesafeyi, mahalleyi, oda say\u0131s\u0131n\u0131 vb. se\u00e7ebilirsiniz. M\u00fclk sahibiyle yapaca\u011f\u0131n\u0131z her t\u00fcrl\u00fc g\u00f6r\u00fc\u015fmede hizmetinizdeyiz. Ayl\u0131k kira yakla\u015f\u0131k 200-300 Euro civar\u0131ndad\u0131r. Se\u00e7ti\u011finiz daire i\u00e7in en az bir ayl\u0131k depozito yat\u0131rman\u0131z gerekti\u011fini ve emlak\u00e7\u0131ya bir ayl\u0131k kira \u00fccretinin %50-100'\u00fc kadar komisyon \u00f6demeniz gerekti\u011fini l\u00fctfen unutmay\u0131n.<\/p>\n            <\/div>\n            \n            <\/div><\/div>\t\t\t\t<\/div>\n\t\t\t\t<\/div>\n\t\t\t\t<div class=\"elementor-element elementor-element-c39c83e jkit-equal-height-disable elementor-widget elementor-widget-jkit_icon_box\" data-id=\"c39c83e\" data-element_type=\"widget\" data-e-type=\"widget\" data-widget_type=\"jkit_icon_box.default\">\n\t\t\t\t<div class=\"elementor-widget-container\">\n\t\t\t\t\t<div  class=\"jeg-elementor-kit jkit-icon-box icon-position-left elementor-animation- jeg_module__2_69f27beded823\" ><div class=\"jkit-icon-box-wrapper hover-from-left\"><div class=\"icon-box icon-box-header elementor-animation-\"><div class=\"icon style-color\"><i aria-hidden=\"true\" class=\"jki jki-house-1-light\"><\/i><\/div><\/div><div class=\"icon-box icon-box-body\">\n                <h2 class=\"title\">Ev sahibi aile<\/h2><p class=\"icon-box-description\">\u00c7ok yayg\u0131n olmayan ama yine de avantajlar\u0131 olan bir di\u011fer konaklama se\u00e7ene\u011fi ise ev sahibi ailenin \u00e7at\u0131s\u0131 alt\u0131nda ya\u015famakt\u0131r. Ev sahibi aile, Bulgar dilini \u00f6\u011frenmek ve yerel k\u00fclt\u00fcre ve lezzetli ev yap\u0131m\u0131 yemeklere dalmak i\u00e7in harika bir f\u0131rsat sunabilir.<\/p>\n            <\/div>\n            \n            <\/div><\/div>\t\t\t\t<\/div>\n\t\t\t\t<\/div>\n\t\t\t\t\t<\/div>\n\t\t<\/div>\n\t\t\t\t\t<\/div>\n\t\t<\/section>\n\t\t\t\t<div class=\"elementor-element elementor-element-4cb64f2 elementor-widget elementor-widget-text-editor\" data-id=\"4cb64f2\" data-element_type=\"widget\" data-e-type=\"widget\" data-widget_type=\"text-editor.default\">\n\t\t\t\t<div class=\"elementor-widget-container\">\n\t\t\t\t\t\t\t\t\t<p><strong>T\u00fcm uluslararas\u0131 \u00f6\u011frencilerin ev sahibiyle bir s\u00f6zle\u015fme imzalamak zorunda olduklar\u0131na dikkat edin, \u00e7\u00fcnk\u00fc yerel G\u00f6\u00e7menlik b\u00fcrosunda \u0130kamet \u0130zninin verilmesi i\u00e7in bir ikamet belgesi olarak gereklidir.<\/strong><\/p>\n\t\t\t\t\t\t\t\t<\/div>\n\t\t\t\t<\/div>\n\t\t\t\t\t<\/div>\n\t\t<\/div>\n\t\t\t\t\t<\/div>\n\t\t<\/section>\n\t\t\t\t<\/div>\n\t\t","protected":false},"excerpt":{"rendered":"<p>\u00d6\u011frenci Yurdu Ya\u015fam maliyeti Ya\u015fam maliyeti \u00d6\u011frenci Yurdu Bulgaristan&#8217;da ya\u015famak, deneme \u015fans\u0131 bulanlar i\u00e7in unutulmaz ve heyecan verici bir deneyimdir. \u00dcniversiteden bir kabul mektubu ald\u0131ktan sonra ayarlaman\u0131z gereken en \u00f6nemli \u015feylerden biri bir konaklama yeri bulmakt\u0131r. Karadeniz \u00dcniversitesi ekibi sizin i\u00e7in en uygun yeri bulman\u0131za yard\u0131mc\u0131 olmaya haz\u0131r! Konaklama a\u00e7\u0131s\u0131ndan ihtiya\u00e7 ve beklentilerinizin neler oldu\u011funu [&hellip;]<\/p>\n","protected":false},"author":8,"featured_media":0,"parent":0,"menu_order":0,"comment_status":"closed","ping_status":"closed","template":"elementor_theme","meta":{"footnotes":""},"class_list":["post-3102","page","type-page","status-publish","hentry"],"yoast_head":"<!-- This site is optimized with the Yoast SEO Premium plugin v27.5 (Yoast SEO v27.5) - https:\/\/yoast.com\/product\/yoast-seo-premium-wordpress\/ -->\n<title>\u00d6\u011frenci Yurdu | Bulgaristan&#039;da E\u011fitim<\/title>\n<meta name=\"description\" content=\"Bulgaristan&#039;da ya\u015famak, deneme \u015fans\u0131 bulanlar i\u00e7in unutulmaz ve heyecan verici bir deneyimdir. D\u00fczenlenmesi gereken en \u00f6nemli \u015feylerden biri\" \/>\n<meta name=\"robots\" content=\"index, follow, max-snippet:-1, max-image-preview:large, max-video-preview:-1\" \/>\n<link rel=\"canonical\" href=\"https:\/\/blackseauniversity.com\/tr\/ogrenci-yurdu\/\" \/>\n<meta property=\"og:locale\" content=\"tr_TR\" \/>\n<meta property=\"og:type\" content=\"article\" \/>\n<meta property=\"og:title\" content=\"\u00d6\u011frenci Yurdu | Bulgaristan&#039;da E\u011fitim\" \/>\n<meta property=\"og:description\" content=\"Bulgaristan&#039;da ya\u015famak, deneme \u015fans\u0131 bulanlar i\u00e7in unutulmaz ve heyecan verici bir deneyimdir. D\u00fczenlenmesi gereken en \u00f6nemli \u015feylerden biri\" \/>\n<meta property=\"og:url\" content=\"https:\/\/blackseauniversity.com\/tr\/ogrenci-yurdu\/\" \/>\n<meta property=\"og:site_name\" content=\"Bulgaristan&#039;da E\u011fitim\" \/>\n<meta property=\"article:publisher\" content=\"https:\/\/www.facebook.com\/VarnaDenizcilikUniversitesi\" \/>\n<meta property=\"article:modified_time\" content=\"2025-09-06T13:33:47+00:00\" \/>\n<meta property=\"og:image\" content=\"https:\/\/blackseauniversity.com\/wp-content\/uploads\/2024\/03\/Varna-Free-University-4-1024x682.jpeg\" \/>\n<meta name=\"twitter:card\" content=\"summary_large_image\" \/>\n<meta name=\"twitter:label1\" content=\"Tahmini okuma s\u00fcresi\" \/>\n\t<meta name=\"twitter:data1\" content=\"2 dakika\" \/>\n<script type=\"application\/ld+json\" class=\"yoast-schema-graph\">{\"@context\":\"https:\\\/\\\/schema.org\",\"@graph\":[{\"@type\":\"WebPage\",\"@id\":\"https:\\\/\\\/blackseauniversity.com\\\/tr\\\/ogrenci-yurdu\\\/\",\"url\":\"https:\\\/\\\/blackseauniversity.com\\\/tr\\\/ogrenci-yurdu\\\/\",\"name\":\"\u00d6\u011frenci Yurdu | Bulgaristan&#039;da E\u011fitim\",\"isPartOf\":{\"@id\":\"https:\\\/\\\/blackseauniversity.com\\\/tr\\\/#website\"},\"primaryImageOfPage\":{\"@id\":\"https:\\\/\\\/blackseauniversity.com\\\/tr\\\/ogrenci-yurdu\\\/#primaryimage\"},\"image\":{\"@id\":\"https:\\\/\\\/blackseauniversity.com\\\/tr\\\/ogrenci-yurdu\\\/#primaryimage\"},\"thumbnailUrl\":\"https:\\\/\\\/blackseauniversity.com\\\/wp-content\\\/uploads\\\/2024\\\/03\\\/Varna-Free-University-4-1024x682.jpeg\",\"datePublished\":\"2023-11-22T20:25:08+00:00\",\"dateModified\":\"2025-09-06T13:33:47+00:00\",\"description\":\"Bulgaristan'da ya\u015famak, deneme \u015fans\u0131 bulanlar i\u00e7in unutulmaz ve heyecan verici bir deneyimdir. D\u00fczenlenmesi gereken en \u00f6nemli \u015feylerden biri\",\"inLanguage\":\"tr\",\"potentialAction\":[{\"@type\":\"ReadAction\",\"target\":[\"https:\\\/\\\/blackseauniversity.com\\\/tr\\\/ogrenci-yurdu\\\/\"]}]},{\"@type\":\"ImageObject\",\"inLanguage\":\"tr\",\"@id\":\"https:\\\/\\\/blackseauniversity.com\\\/tr\\\/ogrenci-yurdu\\\/#primaryimage\",\"url\":\"https:\\\/\\\/blackseauniversity.com\\\/wp-content\\\/uploads\\\/2024\\\/03\\\/Varna-Free-University-4-1024x682.jpeg\",\"contentUrl\":\"https:\\\/\\\/blackseauniversity.com\\\/wp-content\\\/uploads\\\/2024\\\/03\\\/Varna-Free-University-4-1024x682.jpeg\"},{\"@type\":\"WebSite\",\"@id\":\"https:\\\/\\\/blackseauniversity.com\\\/tr\\\/#website\",\"url\":\"https:\\\/\\\/blackseauniversity.com\\\/tr\\\/\",\"name\":\"Study in Bulgaria | Black Sea University | Bulgaria\",\"description\":\"Black Sea University | Bulgaria\",\"publisher\":{\"@id\":\"https:\\\/\\\/blackseauniversity.com\\\/tr\\\/#organization\"},\"alternateName\":\"Study In Europe | Black Sea University | Bulgaria\",\"potentialAction\":[{\"@type\":\"SearchAction\",\"target\":{\"@type\":\"EntryPoint\",\"urlTemplate\":\"https:\\\/\\\/blackseauniversity.com\\\/tr\\\/?s={search_term_string}\"},\"query-input\":{\"@type\":\"PropertyValueSpecification\",\"valueRequired\":true,\"valueName\":\"search_term_string\"}}],\"inLanguage\":\"tr\"},{\"@type\":\"Organization\",\"@id\":\"https:\\\/\\\/blackseauniversity.com\\\/tr\\\/#organization\",\"name\":\"Study in Bulgaria | Black Sea University | Bulgaria\",\"alternateName\":\"Study In Europe\",\"url\":\"https:\\\/\\\/blackseauniversity.com\\\/tr\\\/\",\"logo\":{\"@type\":\"ImageObject\",\"inLanguage\":\"tr\",\"@id\":\"https:\\\/\\\/blackseauniversity.com\\\/tr\\\/#\\\/schema\\\/logo\\\/image\\\/\",\"url\":\"https:\\\/\\\/blackseauniversity.com\\\/wp-content\\\/uploads\\\/2024\\\/01\\\/logo-1.png\",\"contentUrl\":\"https:\\\/\\\/blackseauniversity.com\\\/wp-content\\\/uploads\\\/2024\\\/01\\\/logo-1.png\",\"width\":160,\"height\":60,\"caption\":\"Study in Bulgaria | Black Sea University | Bulgaria\"},\"image\":{\"@id\":\"https:\\\/\\\/blackseauniversity.com\\\/tr\\\/#\\\/schema\\\/logo\\\/image\\\/\"},\"sameAs\":[\"https:\\\/\\\/www.facebook.com\\\/VarnaDenizcilikUniversitesi\",\"https:\\\/\\\/www.instagram.com\\\/black_sea_university\\\/\",\"https:\\\/\\\/t.me\\\/StudyBulgaria\"],\"description\":\"Karadeniz \u00dcniversitesi\",\"publishingPrinciples\":\"https:\\\/\\\/blackseauniversity.com\\\/\",\"ownershipFundingInfo\":\"https:\\\/\\\/blackseauniversity.com\\\/study-in-bulgaria\\\/\",\"actionableFeedbackPolicy\":\"https:\\\/\\\/blackseauniversity.com\\\/\",\"correctionsPolicy\":\"https:\\\/\\\/blackseauniversity.com\\\/\"}]}<\/script>\n<!-- \/ Yoast SEO Premium plugin. -->","yoast_head_json":{"title":"\u00d6\u011frenci Yurdu | Bulgaristan&#039;da E\u011fitim","description":"Bulgaristan'da ya\u015famak, deneme \u015fans\u0131 bulanlar i\u00e7in unutulmaz ve heyecan verici bir deneyimdir. D\u00fczenlenmesi gereken en \u00f6nemli \u015feylerden biri","robots":{"index":"index","follow":"follow","max-snippet":"max-snippet:-1","max-image-preview":"max-image-preview:large","max-video-preview":"max-video-preview:-1"},"canonical":"https:\/\/blackseauniversity.com\/tr\/ogrenci-yurdu\/","og_locale":"tr_TR","og_type":"article","og_title":"\u00d6\u011frenci Yurdu | Bulgaristan&#039;da E\u011fitim","og_description":"Bulgaristan'da ya\u015famak, deneme \u015fans\u0131 bulanlar i\u00e7in unutulmaz ve heyecan verici bir deneyimdir. D\u00fczenlenmesi gereken en \u00f6nemli \u015feylerden biri","og_url":"https:\/\/blackseauniversity.com\/tr\/ogrenci-yurdu\/","og_site_name":"Bulgaristan&#039;da E\u011fitim","article_publisher":"https:\/\/www.facebook.com\/VarnaDenizcilikUniversitesi","article_modified_time":"2025-09-06T13:33:47+00:00","og_image":[{"url":"https:\/\/blackseauniversity.com\/wp-content\/uploads\/2024\/03\/Varna-Free-University-4-1024x682.jpeg","type":"","width":"","height":""}],"twitter_card":"summary_large_image","twitter_misc":{"Tahmini okuma s\u00fcresi":"2 dakika"},"schema":{"@context":"https:\/\/schema.org","@graph":[{"@type":"WebPage","@id":"https:\/\/blackseauniversity.com\/tr\/ogrenci-yurdu\/","url":"https:\/\/blackseauniversity.com\/tr\/ogrenci-yurdu\/","name":"\u00d6\u011frenci Yurdu | Bulgaristan&#039;da E\u011fitim","isPartOf":{"@id":"https:\/\/blackseauniversity.com\/tr\/#website"},"primaryImageOfPage":{"@id":"https:\/\/blackseauniversity.com\/tr\/ogrenci-yurdu\/#primaryimage"},"image":{"@id":"https:\/\/blackseauniversity.com\/tr\/ogrenci-yurdu\/#primaryimage"},"thumbnailUrl":"https:\/\/blackseauniversity.com\/wp-content\/uploads\/2024\/03\/Varna-Free-University-4-1024x682.jpeg","datePublished":"2023-11-22T20:25:08+00:00","dateModified":"2025-09-06T13:33:47+00:00","description":"Bulgaristan'da ya\u015famak, deneme \u015fans\u0131 bulanlar i\u00e7in unutulmaz ve heyecan verici bir deneyimdir. D\u00fczenlenmesi gereken en \u00f6nemli \u015feylerden biri","inLanguage":"tr","potentialAction":[{"@type":"ReadAction","target":["https:\/\/blackseauniversity.com\/tr\/ogrenci-yurdu\/"]}]},{"@type":"ImageObject","inLanguage":"tr","@id":"https:\/\/blackseauniversity.com\/tr\/ogrenci-yurdu\/#primaryimage","url":"https:\/\/blackseauniversity.com\/wp-content\/uploads\/2024\/03\/Varna-Free-University-4-1024x682.jpeg","contentUrl":"https:\/\/blackseauniversity.com\/wp-content\/uploads\/2024\/03\/Varna-Free-University-4-1024x682.jpeg"},{"@type":"WebSite","@id":"https:\/\/blackseauniversity.com\/tr\/#website","url":"https:\/\/blackseauniversity.com\/tr\/","name":"Study in Bulgaria | Black Sea University | Bulgaria","description":"Black Sea University | Bulgaria","publisher":{"@id":"https:\/\/blackseauniversity.com\/tr\/#organization"},"alternateName":"Study In Europe | Black Sea University | Bulgaria","potentialAction":[{"@type":"SearchAction","target":{"@type":"EntryPoint","urlTemplate":"https:\/\/blackseauniversity.com\/tr\/?s={search_term_string}"},"query-input":{"@type":"PropertyValueSpecification","valueRequired":true,"valueName":"search_term_string"}}],"inLanguage":"tr"},{"@type":"Organization","@id":"https:\/\/blackseauniversity.com\/tr\/#organization","name":"Study in Bulgaria | Black Sea University | Bulgaria","alternateName":"Study In Europe","url":"https:\/\/blackseauniversity.com\/tr\/","logo":{"@type":"ImageObject","inLanguage":"tr","@id":"https:\/\/blackseauniversity.com\/tr\/#\/schema\/logo\/image\/","url":"https:\/\/blackseauniversity.com\/wp-content\/uploads\/2024\/01\/logo-1.png","contentUrl":"https:\/\/blackseauniversity.com\/wp-content\/uploads\/2024\/01\/logo-1.png","width":160,"height":60,"caption":"Study in Bulgaria | Black Sea University | Bulgaria"},"image":{"@id":"https:\/\/blackseauniversity.com\/tr\/#\/schema\/logo\/image\/"},"sameAs":["https:\/\/www.facebook.com\/VarnaDenizcilikUniversitesi","https:\/\/www.instagram.com\/black_sea_university\/","https:\/\/t.me\/StudyBulgaria"],"description":"Karadeniz \u00dcniversitesi","publishingPrinciples":"https:\/\/blackseauniversity.com\/","ownershipFundingInfo":"https:\/\/blackseauniversity.com\/study-in-bulgaria\/","actionableFeedbackPolicy":"https:\/\/blackseauniversity.com\/","correctionsPolicy":"https:\/\/blackseauniversity.com\/"}]}},"_links":{"self":[{"href":"https:\/\/blackseauniversity.com\/tr\/wp-json\/wp\/v2\/pages\/3102","targetHints":{"allow":["GET"]}}],"collection":[{"href":"https:\/\/blackseauniversity.com\/tr\/wp-json\/wp\/v2\/pages"}],"about":[{"href":"https:\/\/blackseauniversity.com\/tr\/wp-json\/wp\/v2\/types\/page"}],"author":[{"embeddable":true,"href":"https:\/\/blackseauniversity.com\/tr\/wp-json\/wp\/v2\/users\/8"}],"replies":[{"embeddable":true,"href":"https:\/\/blackseauniversity.com\/tr\/wp-json\/wp\/v2\/comments?post=3102"}],"version-history":[{"count":9,"href":"https:\/\/blackseauniversity.com\/tr\/wp-json\/wp\/v2\/pages\/3102\/revisions"}],"predecessor-version":[{"id":5099,"href":"https:\/\/blackseauniversity.com\/tr\/wp-json\/wp\/v2\/pages\/3102\/revisions\/5099"}],"wp:attachment":[{"href":"https:\/\/blackseauniversity.com\/tr\/wp-json\/wp\/v2\/media?parent=3102"}],"curies":[{"name":"wp","href":"https:\/\/api.w.org\/{rel}","templated":true}]}}