{"id":3237,"date":"2023-11-22T18:52:44","date_gmt":"2023-11-22T18:52:44","guid":{"rendered":"https:\/\/blackseauniversity.com\/bulgaristanda-egitim\/"},"modified":"2025-08-22T18:36:18","modified_gmt":"2025-08-22T18:36:18","slug":"bulgaristanda-egitim","status":"publish","type":"page","link":"https:\/\/blackseauniversity.com\/tr\/bulgaristanda-egitim\/","title":{"rendered":"Bulgaristan&#8217;da E\u011fitim"},"content":{"rendered":"\t\t<div data-elementor-type=\"wp-page\" data-elementor-id=\"3237\" class=\"elementor elementor-3237 elementor-272\">\n\t\t\t\t\t\t<section class=\"elementor-section elementor-top-section elementor-element elementor-element-55146dac elementor-section-content-middle elementor-section-boxed elementor-section-height-default elementor-section-height-default\" data-id=\"55146dac\" data-element_type=\"section\" data-e-type=\"section\" data-settings=\"{&quot;background_background&quot;:&quot;classic&quot;}\">\n\t\t\t\t\t\t\t<div class=\"elementor-background-overlay\"><\/div>\n\t\t\t\t\t\t\t<div class=\"elementor-container elementor-column-gap-default\">\n\t\t\t\t\t<div class=\"elementor-column elementor-col-50 elementor-top-column elementor-element elementor-element-12d905a2\" data-id=\"12d905a2\" data-element_type=\"column\" data-e-type=\"column\" data-settings=\"{&quot;background_background&quot;:&quot;classic&quot;}\">\n\t\t\t<div class=\"elementor-widget-wrap elementor-element-populated\">\n\t\t\t\t\t\t<div class=\"elementor-element elementor-element-283a5a56 elementor-widget elementor-widget-heading\" data-id=\"283a5a56\" data-element_type=\"widget\" data-e-type=\"widget\" data-widget_type=\"heading.default\">\n\t\t\t\t<div class=\"elementor-widget-container\">\n\t\t\t\t\t<h2 class=\"elementor-heading-title elementor-size-default\">\u00c7al\u0131\u015fmak<\/h2>\t\t\t\t<\/div>\n\t\t\t\t<\/div>\n\t\t\t\t<div class=\"elementor-element elementor-element-2a3225e elementor-widget elementor-widget-heading\" data-id=\"2a3225e\" data-element_type=\"widget\" data-e-type=\"widget\" data-widget_type=\"heading.default\">\n\t\t\t\t<div class=\"elementor-widget-container\">\n\t\t\t\t\t<h2 class=\"elementor-heading-title elementor-size-default\">Bulgaristan<\/h2>\t\t\t\t<\/div>\n\t\t\t\t<\/div>\n\t\t\t\t\t<\/div>\n\t\t<\/div>\n\t\t\t\t<div class=\"elementor-column elementor-col-50 elementor-top-column elementor-element elementor-element-2d8f7fdb elementor-hidden-tablet elementor-hidden-phone\" data-id=\"2d8f7fdb\" data-element_type=\"column\" data-e-type=\"column\">\n\t\t\t<div class=\"elementor-widget-wrap\">\n\t\t\t\t\t\t\t<\/div>\n\t\t<\/div>\n\t\t\t\t\t<\/div>\n\t\t<\/section>\n\t\t\t\t<section class=\"elementor-section elementor-top-section elementor-element elementor-element-495a6cb7 elementor-section-content-middle elementor-section-boxed elementor-section-height-default elementor-section-height-default\" data-id=\"495a6cb7\" data-element_type=\"section\" data-e-type=\"section\" data-settings=\"{&quot;background_background&quot;:&quot;classic&quot;}\">\n\t\t\t\t\t\t<div class=\"elementor-container elementor-column-gap-default\">\n\t\t\t\t\t<div class=\"elementor-column elementor-col-33 elementor-top-column elementor-element elementor-element-27490f8d\" data-id=\"27490f8d\" data-element_type=\"column\" data-e-type=\"column\">\n\t\t\t<div class=\"elementor-widget-wrap elementor-element-populated\">\n\t\t\t\t\t\t<div class=\"elementor-element elementor-element-5c9abf7b elementor-widget elementor-widget-heading\" data-id=\"5c9abf7b\" data-element_type=\"widget\" data-e-type=\"widget\" data-widget_type=\"heading.default\">\n\t\t\t\t<div class=\"elementor-widget-container\">\n\t\t\t\t\t<h2 class=\"elementor-heading-title elementor-size-default\">\u00c7al\u0131\u015fmak<\/h2>\t\t\t\t<\/div>\n\t\t\t\t<\/div>\n\t\t\t\t<div class=\"elementor-element elementor-element-5bd809da elementor-widget elementor-widget-heading\" data-id=\"5bd809da\" data-element_type=\"widget\" data-e-type=\"widget\" data-widget_type=\"heading.default\">\n\t\t\t\t<div class=\"elementor-widget-container\">\n\t\t\t\t\t<h2 class=\"elementor-heading-title elementor-size-default\">Bulgaristan<\/h2>\t\t\t\t<\/div>\n\t\t\t\t<\/div>\n\t\t\t\t<div class=\"elementor-element elementor-element-244ce510 elementor-widget elementor-widget-text-editor\" data-id=\"244ce510\" data-element_type=\"widget\" data-e-type=\"widget\" data-widget_type=\"text-editor.default\">\n\t\t\t\t<div class=\"elementor-widget-container\">\n\t\t\t\t\t\t\t\t\t<p>Son birka\u00e7 y\u0131lda Bulgaristan, d\u00fcnyan\u0131n her yerinden gelen \u00f6\u011frencilere m\u00fckemmel e\u011fitim ve ya\u015fam kalitesi sunan pop\u00fcler bir e\u011fitim merkezi haline geldi. Bulgaristan, hareketlili\u011fi s\u00fcrekli olarak art\u0131rmakta ve Bulgar y\u00fcksek \u00f6\u011fretim kurumlar\u0131 ile Avrupa&#8217;daki \u00fcniversiteler aras\u0131nda g\u00fc\u00e7l\u00fc ili\u015fkiler kurmakta, \u00f6\u011frencileri istihdam edilebilir k\u0131lmak ve gelecekteki kariyerlerini s\u00fcrd\u00fcrmelerine yard\u0131mc\u0131 olmak i\u00e7in t\u00fcm k\u00fcresel standartlar\u0131 kar\u015f\u0131layan ve i\u015f odakl\u0131 bir e\u011fitim sunmaktad\u0131r. 2007 y\u0131l\u0131ndan bu yana, Bulgaristan Avrupa Birli\u011fi \u00fcyesidir ve Bulgar y\u00fcksek \u00f6\u011frenim dereceleri t\u00fcm AB \u00fcye \u00fclkelerinde tam olarak tan\u0131nmaktad\u0131r. Ayr\u0131ca, Bulgar \u00fcniversitelerinde verilen derslerin kredileri Avrupa i\u00e7inde transfer edilebilir, bu da bir \u00f6\u011frencinin Bulgaristan&#8217;dan sonra herhangi bir AB \u00fclkesinde e\u011fitimine devam edebilece\u011fi anlam\u0131na gelir.<\/p><p>Bulgaristan iyi geli\u015fmi\u015f bir y\u00fcksek \u00f6\u011fretim sistemine sahiptir ve Bulgar \u00fcniversiteleri t\u0131p, ekonomi, bilgisayar bilimleri, m\u00fchendislik, psikoloji vb. bir\u00e7ok bilimsel alanda tan\u0131nmaktad\u0131r. \u00dclkedeki hemen hemen t\u00fcm \u00fcniversiteler Bulgar akreditasyonuna sahiptir ve baz\u0131lar\u0131 yabanc\u0131 kurumlardan \u00e7ift akreditasyona sahiptir.<\/p>\t\t\t\t\t\t\t\t<\/div>\n\t\t\t\t<\/div>\n\t\t\t\t\t<\/div>\n\t\t<\/div>\n\t\t\t\t<div class=\"elementor-column elementor-col-33 elementor-top-column elementor-element elementor-element-61902d19\" data-id=\"61902d19\" data-element_type=\"column\" data-e-type=\"column\">\n\t\t\t<div class=\"elementor-widget-wrap elementor-element-populated\">\n\t\t\t\t\t\t<div class=\"elementor-element elementor-element-0b28650 elementor-widget elementor-widget-image\" data-id=\"0b28650\" data-element_type=\"widget\" data-e-type=\"widget\" data-widget_type=\"image.default\">\n\t\t\t\t<div class=\"elementor-widget-container\">\n\t\t\t\t\t\t\t\t\t\t\t\t\t\t\t<img fetchpriority=\"high\" decoding=\"async\" width=\"800\" height=\"534\" src=\"https:\/\/blackseauniversity.com\/wp-content\/uploads\/2024\/03\/University-of-Economics-4-1-1024x683.jpeg\" class=\"attachment-large size-large wp-image-4850\" alt=\"\u0423\u0447\u0435\u0431\u0430 \u0432 \u0411\u043e\u043b\u0433\u0430\u0440\u0438\u0438\" srcset=\"https:\/\/blackseauniversity.com\/wp-content\/uploads\/2024\/03\/University-of-Economics-4-1-1024x683.jpeg 1024w, https:\/\/blackseauniversity.com\/wp-content\/uploads\/2024\/03\/University-of-Economics-4-1-300x200.jpeg 300w, https:\/\/blackseauniversity.com\/wp-content\/uploads\/2024\/03\/University-of-Economics-4-1-768x512.jpeg 768w, https:\/\/blackseauniversity.com\/wp-content\/uploads\/2024\/03\/University-of-Economics-4-1.jpeg 1152w\" sizes=\"(max-width: 800px) 100vw, 800px\" \/>\t\t\t\t\t\t\t\t\t\t\t\t\t\t\t<\/div>\n\t\t\t\t<\/div>\n\t\t\t\t<div class=\"elementor-element elementor-element-9146ded elementor-widget elementor-widget-text-editor\" data-id=\"9146ded\" data-element_type=\"widget\" data-e-type=\"widget\" data-widget_type=\"text-editor.default\">\n\t\t\t\t<div class=\"elementor-widget-container\">\n\t\t\t\t\t\t\t\t\t<p>Bulgar \u00fcniversiteleri, \u0130ngilizce, Frans\u0131zca veya Almanca gibi uluslararas\u0131 dillerin \u00f6\u011fretiminde 20 y\u0131ldan fazla deneyime sahiptir. Baz\u0131 Bulgar \u00fcniversiteleri \u0130ngilizce, Frans\u0131zca veya Almanca dillerinde verilen kurslar sunmakta ve yurtd\u0131\u015f\u0131ndaki \u00fcniversitelerle ortakl\u0131klar yoluyla \u00e7ift diploma vermektedir. Baz\u0131 \u00fcniversiteler tamamen \u0130ngilizce e\u011fitim veren programlar sunmaktad\u0131r.<br>Dersler kariyer odakl\u0131 ve dersler ilgi alanlar\u0131na y\u00f6neliktir. S\u0131n\u0131flar kompakt \u00e7al\u0131\u015fma gruplar\u0131nda ger\u00e7ekle\u015fir. Ders d\u0131\u015f\u0131 etkinlikler, \u00f6\u011frencilerin bo\u015f zamanlar\u0131n\u0131n tad\u0131n\u0131 \u00e7\u0131kar\u0131rken yararl\u0131 ya\u015fam deneyimleri kazanmalar\u0131na olanak tan\u0131r. \u00d6zel ders vermek Bulgaristan&#8217;da ki\u015fisel ve profesyonel geli\u015fimi destekleyen yayg\u0131n bir uygulamad\u0131r.<br>Bulgaristan&#8217;daki y\u00fcksek\u00f6\u011fretim kurumlar\u0131nda not sistemi 2&#8217;den 6&#8217;ya kadar olan notlara dayanmaktad\u0131r. 3&#8217;\u00fcn alt\u0131ndaki notlar ba\u015far\u0131s\u0131z notlard\u0131r. Bu notlar, Genel Not Ortalamas\u0131 (GNO) hesaplan\u0131rken kullan\u0131l\u0131r.<\/p>\t\t\t\t\t\t\t\t<\/div>\n\t\t\t\t<\/div>\n\t\t\t\t\t<\/div>\n\t\t<\/div>\n\t\t\t\t<div class=\"elementor-column elementor-col-33 elementor-top-column elementor-element elementor-element-5dce781\" data-id=\"5dce781\" data-element_type=\"column\" data-e-type=\"column\">\n\t\t\t<div class=\"elementor-widget-wrap elementor-element-populated\">\n\t\t\t\t\t\t<div class=\"elementor-element elementor-element-928f29b elementor-widget elementor-widget-text-editor\" data-id=\"928f29b\" data-element_type=\"widget\" data-e-type=\"widget\" data-widget_type=\"text-editor.default\">\n\t\t\t\t<div class=\"elementor-widget-container\">\n\t\t\t\t\t\t\t\t\t<p>Bulgar \u00fcniversitelerinde \u00f6\u011frenim \u00fccretleri, kursa ve e\u011fitim diline ba\u011fl\u0131 olarak de\u011fi\u015fmekle birlikte, di\u011fer Avrupa \u00fcniversitelerine k\u0131yasla kesinlikle \u00e7ok ucuzdur. Bulgaristan&#8217;daki \u0130ngiltere ve AB \u00f6\u011frencileri, Bulgaristan \u00f6\u011frenim \u00fccreti kredisi almaya hak kazan\u0131rlar. \u00d6\u011frenciler ayr\u0131ca ya\u015fam masraflar\u0131n\u0131 kar\u015f\u0131lamak i\u00e7in hibe alma hakk\u0131na da sahip olabilirler. \u00d6\u011frenciler, ev \u00f6\u011frencileriyle ayn\u0131 temelde devlet ve \u00fcniversite burslar\u0131na ba\u015fvurabilirler.<\/p><p>Uygun fiyatl\u0131, g\u00fcvenli ve ortak \u00fclkelerdeki akademik topluluklar aras\u0131nda iyi bilinen Bulgaristan, T\u00fcrkiye, Yunanistan, Almanya, \u0130talya, \u0130ngiltere, Nijerya vb. \u00fclkelerden gelen \u00f6\u011frenciler i\u00e7in giderek tercih edilen bir destinasyon haline geliyor. Bulgaristan&#8217;da e\u011fitim, gelecekteki kariyeriniz i\u00e7in DEL\u0130KTEK\u0130 ASINIZDIR.<\/p>\t\t\t\t\t\t\t\t<\/div>\n\t\t\t\t<\/div>\n\t\t\t\t<div class=\"elementor-element elementor-element-8d9c8c6 elementor-widget elementor-widget-button\" data-id=\"8d9c8c6\" data-element_type=\"widget\" data-e-type=\"widget\" data-widget_type=\"button.default\">\n\t\t\t\t<div class=\"elementor-widget-container\">\n\t\t\t\t\t\t\t\t\t<div class=\"elementor-button-wrapper\">\n\t\t\t\t\t<a class=\"elementor-button elementor-button-link elementor-size-sm\" href=\"https:\/\/blackseauniversity.com\/tr\/kabul\/\">\n\t\t\t\t\t\t<span class=\"elementor-button-content-wrapper\">\n\t\t\t\t\t\t\t\t\t<span class=\"elementor-button-text\">Kabulleri Ke\u015ffedin<\/span>\n\t\t\t\t\t<\/span>\n\t\t\t\t\t<\/a>\n\t\t\t\t<\/div>\n\t\t\t\t\t\t\t\t<\/div>\n\t\t\t\t<\/div>\n\t\t\t\t\t<\/div>\n\t\t<\/div>\n\t\t\t\t\t<\/div>\n\t\t<\/section>\n\t\t<div class=\"elementor-element elementor-element-9914291 e-flex e-con-boxed e-con e-parent\" data-id=\"9914291\" data-element_type=\"container\" data-e-type=\"container\">\n\t\t\t\t\t<div class=\"e-con-inner\">\n\t\t\t\t\t<\/div>\n\t\t\t\t<\/div>\n\t\t\t\t<\/div>\n\t\t","protected":false},"excerpt":{"rendered":"<p>\u00c7al\u0131\u015fmak Bulgaristan \u00c7al\u0131\u015fmak Bulgaristan Son birka\u00e7 y\u0131lda Bulgaristan, d\u00fcnyan\u0131n her yerinden gelen \u00f6\u011frencilere m\u00fckemmel e\u011fitim ve ya\u015fam kalitesi sunan pop\u00fcler bir e\u011fitim merkezi haline geldi. Bulgaristan, hareketlili\u011fi s\u00fcrekli olarak art\u0131rmakta ve Bulgar y\u00fcksek \u00f6\u011fretim kurumlar\u0131 ile Avrupa&#8217;daki \u00fcniversiteler aras\u0131nda g\u00fc\u00e7l\u00fc ili\u015fkiler kurmakta, \u00f6\u011frencileri istihdam edilebilir k\u0131lmak ve gelecekteki kariyerlerini s\u00fcrd\u00fcrmelerine yard\u0131mc\u0131 olmak i\u00e7in t\u00fcm k\u00fcresel [&hellip;]<\/p>\n","protected":false},"author":8,"featured_media":4712,"parent":0,"menu_order":0,"comment_status":"closed","ping_status":"closed","template":"elementor_theme","meta":{"footnotes":""},"class_list":["post-3237","page","type-page","status-publish","has-post-thumbnail","hentry"],"yoast_head":"<!-- This site is optimized with the Yoast SEO Premium plugin v27.5 (Yoast SEO v27.5) - https:\/\/yoast.com\/product\/yoast-seo-premium-wordpress\/ -->\n<title>Bulgaristan&#039;da E\u011fitim | Bulgaristan&#039;da E\u011fitim<\/title>\n<meta name=\"description\" content=\"Bulgaristan&#039;da e\u011fitim olanaklar\u0131 hakk\u0131nda bilgi edinin ve uluslararas\u0131 bir perspektif kazan\u0131n.\" \/>\n<meta name=\"robots\" content=\"index, follow, max-snippet:-1, max-image-preview:large, max-video-preview:-1\" \/>\n<link rel=\"canonical\" href=\"https:\/\/blackseauniversity.com\/tr\/bulgaristanda-egitim\/\" \/>\n<meta property=\"og:locale\" content=\"tr_TR\" \/>\n<meta property=\"og:type\" content=\"article\" \/>\n<meta property=\"og:title\" content=\"Bulgaristan&#039;da E\u011fitim | Bulgaristan&#039;da E\u011fitim\" \/>\n<meta property=\"og:description\" content=\"Bulgaristan&#039;da e\u011fitim olanaklar\u0131 hakk\u0131nda bilgi edinin ve uluslararas\u0131 bir perspektif kazan\u0131n.\" \/>\n<meta property=\"og:url\" content=\"https:\/\/blackseauniversity.com\/tr\/bulgaristanda-egitim\/\" \/>\n<meta property=\"og:site_name\" content=\"Bulgaristan&#039;da E\u011fitim\" \/>\n<meta property=\"article:publisher\" content=\"https:\/\/www.facebook.com\/VarnaDenizcilikUniversitesi\" \/>\n<meta property=\"article:modified_time\" content=\"2025-08-22T18:36:18+00:00\" \/>\n<meta property=\"og:image\" content=\"https:\/\/blackseauniversity.com\/wp-content\/uploads\/2024\/03\/University-of-Economics-4.jpeg\" \/>\n\t<meta property=\"og:image:width\" content=\"1152\" \/>\n\t<meta property=\"og:image:height\" content=\"768\" \/>\n\t<meta property=\"og:image:type\" content=\"image\/jpeg\" \/>\n<meta name=\"twitter:card\" content=\"summary_large_image\" \/>\n<meta name=\"twitter:label1\" content=\"Tahmini okuma s\u00fcresi\" \/>\n\t<meta name=\"twitter:data1\" content=\"3 dakika\" \/>\n<script type=\"application\/ld+json\" class=\"yoast-schema-graph\">{\"@context\":\"https:\\\/\\\/schema.org\",\"@graph\":[{\"@type\":\"WebPage\",\"@id\":\"https:\\\/\\\/blackseauniversity.com\\\/tr\\\/bulgaristanda-egitim\\\/\",\"url\":\"https:\\\/\\\/blackseauniversity.com\\\/tr\\\/bulgaristanda-egitim\\\/\",\"name\":\"Bulgaristan'da E\u011fitim | Bulgaristan&#039;da E\u011fitim\",\"isPartOf\":{\"@id\":\"https:\\\/\\\/blackseauniversity.com\\\/tr\\\/#website\"},\"primaryImageOfPage\":{\"@id\":\"https:\\\/\\\/blackseauniversity.com\\\/tr\\\/bulgaristanda-egitim\\\/#primaryimage\"},\"image\":{\"@id\":\"https:\\\/\\\/blackseauniversity.com\\\/tr\\\/bulgaristanda-egitim\\\/#primaryimage\"},\"thumbnailUrl\":\"https:\\\/\\\/blackseauniversity.com\\\/wp-content\\\/uploads\\\/2024\\\/03\\\/University-of-Economics-4.jpeg\",\"datePublished\":\"2023-11-22T18:52:44+00:00\",\"dateModified\":\"2025-08-22T18:36:18+00:00\",\"description\":\"Bulgaristan'da e\u011fitim olanaklar\u0131 hakk\u0131nda bilgi edinin ve uluslararas\u0131 bir perspektif kazan\u0131n.\",\"inLanguage\":\"tr\",\"potentialAction\":[{\"@type\":\"ReadAction\",\"target\":[\"https:\\\/\\\/blackseauniversity.com\\\/tr\\\/bulgaristanda-egitim\\\/\"]}]},{\"@type\":\"ImageObject\",\"inLanguage\":\"tr\",\"@id\":\"https:\\\/\\\/blackseauniversity.com\\\/tr\\\/bulgaristanda-egitim\\\/#primaryimage\",\"url\":\"https:\\\/\\\/blackseauniversity.com\\\/wp-content\\\/uploads\\\/2024\\\/03\\\/University-of-Economics-4.jpeg\",\"contentUrl\":\"https:\\\/\\\/blackseauniversity.com\\\/wp-content\\\/uploads\\\/2024\\\/03\\\/University-of-Economics-4.jpeg\",\"width\":1152,\"height\":768,\"caption\":\"\u0627\u0644\u062c\u0627\u0645\u0639\u0627\u062a \u0641\u064a \u0628\u0644\u063a\u0627\u0631\u064a\u0627\"},{\"@type\":\"WebSite\",\"@id\":\"https:\\\/\\\/blackseauniversity.com\\\/tr\\\/#website\",\"url\":\"https:\\\/\\\/blackseauniversity.com\\\/tr\\\/\",\"name\":\"Study in Bulgaria | Black Sea University | Bulgaria\",\"description\":\"Black Sea University | Bulgaria\",\"publisher\":{\"@id\":\"https:\\\/\\\/blackseauniversity.com\\\/tr\\\/#organization\"},\"alternateName\":\"Study In Europe | Black Sea University | Bulgaria\",\"potentialAction\":[{\"@type\":\"SearchAction\",\"target\":{\"@type\":\"EntryPoint\",\"urlTemplate\":\"https:\\\/\\\/blackseauniversity.com\\\/tr\\\/?s={search_term_string}\"},\"query-input\":{\"@type\":\"PropertyValueSpecification\",\"valueRequired\":true,\"valueName\":\"search_term_string\"}}],\"inLanguage\":\"tr\"},{\"@type\":\"Organization\",\"@id\":\"https:\\\/\\\/blackseauniversity.com\\\/tr\\\/#organization\",\"name\":\"Study in Bulgaria | Black Sea University | Bulgaria\",\"alternateName\":\"Study In Europe\",\"url\":\"https:\\\/\\\/blackseauniversity.com\\\/tr\\\/\",\"logo\":{\"@type\":\"ImageObject\",\"inLanguage\":\"tr\",\"@id\":\"https:\\\/\\\/blackseauniversity.com\\\/tr\\\/#\\\/schema\\\/logo\\\/image\\\/\",\"url\":\"https:\\\/\\\/blackseauniversity.com\\\/wp-content\\\/uploads\\\/2024\\\/01\\\/logo-1.png\",\"contentUrl\":\"https:\\\/\\\/blackseauniversity.com\\\/wp-content\\\/uploads\\\/2024\\\/01\\\/logo-1.png\",\"width\":160,\"height\":60,\"caption\":\"Study in Bulgaria | Black Sea University | Bulgaria\"},\"image\":{\"@id\":\"https:\\\/\\\/blackseauniversity.com\\\/tr\\\/#\\\/schema\\\/logo\\\/image\\\/\"},\"sameAs\":[\"https:\\\/\\\/www.facebook.com\\\/VarnaDenizcilikUniversitesi\",\"https:\\\/\\\/www.instagram.com\\\/black_sea_university\\\/\",\"https:\\\/\\\/t.me\\\/StudyBulgaria\"],\"description\":\"Karadeniz \u00dcniversitesi\",\"publishingPrinciples\":\"https:\\\/\\\/blackseauniversity.com\\\/\",\"ownershipFundingInfo\":\"https:\\\/\\\/blackseauniversity.com\\\/study-in-bulgaria\\\/\",\"actionableFeedbackPolicy\":\"https:\\\/\\\/blackseauniversity.com\\\/\",\"correctionsPolicy\":\"https:\\\/\\\/blackseauniversity.com\\\/\"}]}<\/script>\n<!-- \/ Yoast SEO Premium plugin. -->","yoast_head_json":{"title":"Bulgaristan'da E\u011fitim | Bulgaristan&#039;da E\u011fitim","description":"Bulgaristan'da e\u011fitim olanaklar\u0131 hakk\u0131nda bilgi edinin ve uluslararas\u0131 bir perspektif kazan\u0131n.","robots":{"index":"index","follow":"follow","max-snippet":"max-snippet:-1","max-image-preview":"max-image-preview:large","max-video-preview":"max-video-preview:-1"},"canonical":"https:\/\/blackseauniversity.com\/tr\/bulgaristanda-egitim\/","og_locale":"tr_TR","og_type":"article","og_title":"Bulgaristan'da E\u011fitim | Bulgaristan&#039;da E\u011fitim","og_description":"Bulgaristan'da e\u011fitim olanaklar\u0131 hakk\u0131nda bilgi edinin ve uluslararas\u0131 bir perspektif kazan\u0131n.","og_url":"https:\/\/blackseauniversity.com\/tr\/bulgaristanda-egitim\/","og_site_name":"Bulgaristan&#039;da E\u011fitim","article_publisher":"https:\/\/www.facebook.com\/VarnaDenizcilikUniversitesi","article_modified_time":"2025-08-22T18:36:18+00:00","og_image":[{"width":1152,"height":768,"url":"https:\/\/blackseauniversity.com\/wp-content\/uploads\/2024\/03\/University-of-Economics-4.jpeg","type":"image\/jpeg"}],"twitter_card":"summary_large_image","twitter_misc":{"Tahmini okuma s\u00fcresi":"3 dakika"},"schema":{"@context":"https:\/\/schema.org","@graph":[{"@type":"WebPage","@id":"https:\/\/blackseauniversity.com\/tr\/bulgaristanda-egitim\/","url":"https:\/\/blackseauniversity.com\/tr\/bulgaristanda-egitim\/","name":"Bulgaristan'da E\u011fitim | Bulgaristan&#039;da E\u011fitim","isPartOf":{"@id":"https:\/\/blackseauniversity.com\/tr\/#website"},"primaryImageOfPage":{"@id":"https:\/\/blackseauniversity.com\/tr\/bulgaristanda-egitim\/#primaryimage"},"image":{"@id":"https:\/\/blackseauniversity.com\/tr\/bulgaristanda-egitim\/#primaryimage"},"thumbnailUrl":"https:\/\/blackseauniversity.com\/wp-content\/uploads\/2024\/03\/University-of-Economics-4.jpeg","datePublished":"2023-11-22T18:52:44+00:00","dateModified":"2025-08-22T18:36:18+00:00","description":"Bulgaristan'da e\u011fitim olanaklar\u0131 hakk\u0131nda bilgi edinin ve uluslararas\u0131 bir perspektif kazan\u0131n.","inLanguage":"tr","potentialAction":[{"@type":"ReadAction","target":["https:\/\/blackseauniversity.com\/tr\/bulgaristanda-egitim\/"]}]},{"@type":"ImageObject","inLanguage":"tr","@id":"https:\/\/blackseauniversity.com\/tr\/bulgaristanda-egitim\/#primaryimage","url":"https:\/\/blackseauniversity.com\/wp-content\/uploads\/2024\/03\/University-of-Economics-4.jpeg","contentUrl":"https:\/\/blackseauniversity.com\/wp-content\/uploads\/2024\/03\/University-of-Economics-4.jpeg","width":1152,"height":768,"caption":"\u0627\u0644\u062c\u0627\u0645\u0639\u0627\u062a \u0641\u064a \u0628\u0644\u063a\u0627\u0631\u064a\u0627"},{"@type":"WebSite","@id":"https:\/\/blackseauniversity.com\/tr\/#website","url":"https:\/\/blackseauniversity.com\/tr\/","name":"Study in Bulgaria | Black Sea University | Bulgaria","description":"Black Sea University | Bulgaria","publisher":{"@id":"https:\/\/blackseauniversity.com\/tr\/#organization"},"alternateName":"Study In Europe | Black Sea University | Bulgaria","potentialAction":[{"@type":"SearchAction","target":{"@type":"EntryPoint","urlTemplate":"https:\/\/blackseauniversity.com\/tr\/?s={search_term_string}"},"query-input":{"@type":"PropertyValueSpecification","valueRequired":true,"valueName":"search_term_string"}}],"inLanguage":"tr"},{"@type":"Organization","@id":"https:\/\/blackseauniversity.com\/tr\/#organization","name":"Study in Bulgaria | Black Sea University | Bulgaria","alternateName":"Study In Europe","url":"https:\/\/blackseauniversity.com\/tr\/","logo":{"@type":"ImageObject","inLanguage":"tr","@id":"https:\/\/blackseauniversity.com\/tr\/#\/schema\/logo\/image\/","url":"https:\/\/blackseauniversity.com\/wp-content\/uploads\/2024\/01\/logo-1.png","contentUrl":"https:\/\/blackseauniversity.com\/wp-content\/uploads\/2024\/01\/logo-1.png","width":160,"height":60,"caption":"Study in Bulgaria | Black Sea University | Bulgaria"},"image":{"@id":"https:\/\/blackseauniversity.com\/tr\/#\/schema\/logo\/image\/"},"sameAs":["https:\/\/www.facebook.com\/VarnaDenizcilikUniversitesi","https:\/\/www.instagram.com\/black_sea_university\/","https:\/\/t.me\/StudyBulgaria"],"description":"Karadeniz \u00dcniversitesi","publishingPrinciples":"https:\/\/blackseauniversity.com\/","ownershipFundingInfo":"https:\/\/blackseauniversity.com\/study-in-bulgaria\/","actionableFeedbackPolicy":"https:\/\/blackseauniversity.com\/","correctionsPolicy":"https:\/\/blackseauniversity.com\/"}]}},"_links":{"self":[{"href":"https:\/\/blackseauniversity.com\/tr\/wp-json\/wp\/v2\/pages\/3237","targetHints":{"allow":["GET"]}}],"collection":[{"href":"https:\/\/blackseauniversity.com\/tr\/wp-json\/wp\/v2\/pages"}],"about":[{"href":"https:\/\/blackseauniversity.com\/tr\/wp-json\/wp\/v2\/types\/page"}],"author":[{"embeddable":true,"href":"https:\/\/blackseauniversity.com\/tr\/wp-json\/wp\/v2\/users\/8"}],"replies":[{"embeddable":true,"href":"https:\/\/blackseauniversity.com\/tr\/wp-json\/wp\/v2\/comments?post=3237"}],"version-history":[{"count":16,"href":"https:\/\/blackseauniversity.com\/tr\/wp-json\/wp\/v2\/pages\/3237\/revisions"}],"predecessor-version":[{"id":8041,"href":"https:\/\/blackseauniversity.com\/tr\/wp-json\/wp\/v2\/pages\/3237\/revisions\/8041"}],"wp:featuredmedia":[{"embeddable":true,"href":"https:\/\/blackseauniversity.com\/tr\/wp-json\/wp\/v2\/media\/4712"}],"wp:attachment":[{"href":"https:\/\/blackseauniversity.com\/tr\/wp-json\/wp\/v2\/media?parent=3237"}],"curies":[{"name":"wp","href":"https:\/\/api.w.org\/{rel}","templated":true}]}}