{"id":3261,"date":"2023-11-22T20:05:38","date_gmt":"2023-11-22T20:05:38","guid":{"rendered":"https:\/\/blackseauniversity.com\/varnada-okumak-icin\/"},"modified":"2026-04-17T12:53:18","modified_gmt":"2026-04-17T12:53:18","slug":"varnada-okumak-icin","status":"publish","type":"page","link":"https:\/\/blackseauniversity.com\/tr\/varnada-okumak-icin\/","title":{"rendered":"Varna&#8217;da E\u011fitim"},"content":{"rendered":"\t\t<div data-elementor-type=\"wp-page\" data-elementor-id=\"3261\" class=\"elementor elementor-3261 elementor-294\">\n\t\t\t\t\t\t<section class=\"elementor-section elementor-top-section elementor-element elementor-element-55146dac elementor-section-content-middle elementor-section-boxed elementor-section-height-default elementor-section-height-default\" data-id=\"55146dac\" data-element_type=\"section\" data-e-type=\"section\" data-settings=\"{&quot;background_background&quot;:&quot;classic&quot;}\">\n\t\t\t\t\t\t\t<div class=\"elementor-background-overlay\"><\/div>\n\t\t\t\t\t\t\t<div class=\"elementor-container elementor-column-gap-default\">\n\t\t\t\t\t<div class=\"elementor-column elementor-col-50 elementor-top-column elementor-element elementor-element-12d905a2\" data-id=\"12d905a2\" data-element_type=\"column\" data-e-type=\"column\" data-settings=\"{&quot;background_background&quot;:&quot;classic&quot;}\">\n\t\t\t<div class=\"elementor-widget-wrap elementor-element-populated\">\n\t\t\t\t\t\t<div class=\"elementor-element elementor-element-283a5a56 elementor-widget elementor-widget-heading\" data-id=\"283a5a56\" data-element_type=\"widget\" data-e-type=\"widget\" data-widget_type=\"heading.default\">\n\t\t\t\t<div class=\"elementor-widget-container\">\n\t\t\t\t\t<h2 class=\"elementor-heading-title elementor-size-default\">\u00c7al\u0131\u015fmak<\/h2>\t\t\t\t<\/div>\n\t\t\t\t<\/div>\n\t\t\t\t<div class=\"elementor-element elementor-element-2a3225e elementor-widget elementor-widget-heading\" data-id=\"2a3225e\" data-element_type=\"widget\" data-e-type=\"widget\" data-widget_type=\"heading.default\">\n\t\t\t\t<div class=\"elementor-widget-container\">\n\t\t\t\t\t<h2 class=\"elementor-heading-title elementor-size-default\">Varna<\/h2>\t\t\t\t<\/div>\n\t\t\t\t<\/div>\n\t\t\t\t\t<\/div>\n\t\t<\/div>\n\t\t\t\t<div class=\"elementor-column elementor-col-50 elementor-top-column elementor-element elementor-element-2d8f7fdb elementor-hidden-tablet elementor-hidden-phone\" data-id=\"2d8f7fdb\" data-element_type=\"column\" data-e-type=\"column\">\n\t\t\t<div class=\"elementor-widget-wrap\">\n\t\t\t\t\t\t\t<\/div>\n\t\t<\/div>\n\t\t\t\t\t<\/div>\n\t\t<\/section>\n\t\t\t\t<section class=\"elementor-section elementor-top-section elementor-element elementor-element-32f5c8c elementor-section-boxed elementor-section-height-default elementor-section-height-default\" data-id=\"32f5c8c\" data-element_type=\"section\" data-e-type=\"section\">\n\t\t\t\t\t\t<div class=\"elementor-container elementor-column-gap-default\">\n\t\t\t\t\t<div class=\"elementor-column elementor-col-100 elementor-top-column elementor-element elementor-element-0cd53ba\" data-id=\"0cd53ba\" data-element_type=\"column\" data-e-type=\"column\">\n\t\t\t<div class=\"elementor-widget-wrap elementor-element-populated\">\n\t\t\t\t\t\t<div class=\"elementor-element elementor-element-3ad19dd elementor-widget elementor-widget-heading\" data-id=\"3ad19dd\" data-element_type=\"widget\" data-e-type=\"widget\" data-widget_type=\"heading.default\">\n\t\t\t\t<div class=\"elementor-widget-container\">\n\t\t\t\t\t<h2 class=\"elementor-heading-title elementor-size-default\">Varna'da E\u011fitim<\/h2>\t\t\t\t<\/div>\n\t\t\t\t<\/div>\n\t\t\t\t<div class=\"elementor-element elementor-element-6a31050 elementor-widget elementor-widget-text-editor\" data-id=\"6a31050\" data-element_type=\"widget\" data-e-type=\"widget\" data-widget_type=\"text-editor.default\">\n\t\t\t\t<div class=\"elementor-widget-container\">\n\t\t\t\t\t\t\t\t\t<p>Varna, tahmini 334.870 n\u00fcfusu ile Bulgaristan&#8217;\u0131n kuzeydo\u011fu kesimindeki \u00fc\u00e7\u00fcnc\u00fc b\u00fcy\u00fck \u015fehirdir. \u00dclkenin ba\u015fkenti Sofya&#8217;ya 370 km uzakl\u0131kta, Varna G\u00f6l\u00fc ve onu Karadeniz K\u00f6rfezi&#8217;ne ba\u011flayan iki insan yap\u0131m\u0131 su yolu ile biti\u015fikteki huzurlu \u00e7ay\u0131rlarda yer almaktad\u0131r. Bu nedenle Varna, Bulgaristan k\u0131y\u0131s\u0131ndaki en b\u00fcy\u00fck \u015fehir oldu\u011fu i\u00e7in &#8220;Bulgaristan&#8217;\u0131n denizcilik ba\u015fkenti&#8221; olarak bilinir ve pop\u00fcler bir turizm merkezi ve ticari faaliyetlerin merkezi konumundad\u0131r. Ayn\u0131 ad\u0131 ta\u015f\u0131yan vilayetin ve Varna Belediyesi&#8217;nin idari merkezi ve \u0130stanbul, Atina, B\u00fckre\u015f, Belgrad, Sofya, Selanik, Zagreb, \u00dcsk\u00fcp, Tiran ve Filibe&#8217;den sonra Balkanlar&#8217;\u0131n on birinci b\u00fcy\u00fck \u015fehridir. Ayr\u0131ca, &#8220;Bulgar Las Vegas&#8221; veya &#8220;Alt\u0131n Kumlar&#8221; olarak adland\u0131r\u0131lan yerlerin yan\u0131 s\u0131ra bir i\u015f ve \u00fcniversite merkezine, limana ve Bulgar Donanmas\u0131&#8217;n\u0131n karargah\u0131na ev sahipli\u011fi yapmaktad\u0131r.<\/p>\t\t\t\t\t\t\t\t<\/div>\n\t\t\t\t<\/div>\n\t\t\t\t<div class=\"elementor-element elementor-element-2a8711b elementor-widget elementor-widget-text-editor\" data-id=\"2a8711b\" data-element_type=\"widget\" data-e-type=\"widget\" data-widget_type=\"text-editor.default\">\n\t\t\t\t<div class=\"elementor-widget-container\">\n\t\t\t\t\t\t\t\t\t<p>Antik, orta\u00e7a\u011f, r\u00f6nesans ve modern k\u00fclt\u00fcrler \u015fehrin her yerinde birbirine kar\u0131\u015f\u0131r ve bir arada bulunur. Varna, \u00f6zellikle yaz aylar\u0131nda sadece t\u00fcm \u00fclkenin de\u011fil, Avrupa&#8217;daki k\u00fclt\u00fcrel \u00e7evrelerin de ilgisini \u00e7eken aktif k\u00fclt\u00fcrel ya\u015fam\u0131n merkezidir. \u0130lk kez 1967 y\u0131l\u0131nda d\u00fczenlenen uluslararas\u0131 Varna Yaz m\u00fczik festivali, o zamandan beri Bol\u015foy Tiyatrosu, Bologna, B\u00fckre\u015f, Kiev, Odessa opera topluluklar\u0131; Moskova, Leningrad ve Var\u015fova orkestralar\u0131 gibi \u00fcnl\u00fc m\u00fczik topluluklar\u0131n\u0131 \u00e7ekmektedir.<br>Varna&#8217;da e\u011fitim g\u00f6ren uluslararas\u0131 \u00f6\u011frencilerin \u00e7o\u011fu \u0130ngiltere, Almanya, Yunanistan, \u0130talya, \u0130srail, T\u00fcrkiye, Hindistan, \u00c7in, Nijerya ve daha bir\u00e7ok \u00fclkeden gelmektedir. \u00dcst d\u00fczey kaliteli e\u011fitim, t\u00fcm d\u00fcnyada tan\u0131nan derece, \u00e7ok \u00e7e\u015fitli e\u011fitim f\u0131rsatlar\u0131 (\u0130ngilizce, Frans\u0131zca, Almanya ve Bulgarca programlar\u0131, bir\u00e7ok \u00e7al\u0131\u015fma alan\u0131, kredi transferi vb.), \u00e7ok makul \u00f6\u011frenim \u00fccretleri ve ya\u015fam maliyetleri, g\u00fcvenli ve samimi ya\u015fam ortam\u0131.<\/p>\t\t\t\t\t\t\t\t<\/div>\n\t\t\t\t<\/div>\n\t\t\t\t<section class=\"elementor-section elementor-inner-section elementor-element elementor-element-cfb2888 elementor-section-boxed elementor-section-height-default elementor-section-height-default\" data-id=\"cfb2888\" data-element_type=\"section\" data-e-type=\"section\">\n\t\t\t\t\t\t<div class=\"elementor-container elementor-column-gap-default\">\n\t\t\t\t\t<div class=\"elementor-column elementor-col-50 elementor-inner-column elementor-element elementor-element-3038d32 elementor-invisible\" data-id=\"3038d32\" data-element_type=\"column\" data-e-type=\"column\" data-settings=\"{&quot;background_background&quot;:&quot;classic&quot;,&quot;animation&quot;:&quot;bounceInLeft&quot;}\">\n\t\t\t<div class=\"elementor-widget-wrap elementor-element-populated\">\n\t\t\t\t\t\t<div class=\"elementor-element elementor-element-67b67b3 elementor-widget elementor-widget-spacer\" data-id=\"67b67b3\" data-element_type=\"widget\" data-e-type=\"widget\" data-widget_type=\"spacer.default\">\n\t\t\t\t<div class=\"elementor-widget-container\">\n\t\t\t\t\t\t\t<div class=\"elementor-spacer\">\n\t\t\t<div class=\"elementor-spacer-inner\"><\/div>\n\t\t<\/div>\n\t\t\t\t\t\t<\/div>\n\t\t\t\t<\/div>\n\t\t\t\t\t<\/div>\n\t\t<\/div>\n\t\t\t\t<div class=\"elementor-column elementor-col-50 elementor-inner-column elementor-element elementor-element-348b2ec\" data-id=\"348b2ec\" data-element_type=\"column\" data-e-type=\"column\">\n\t\t\t<div class=\"elementor-widget-wrap elementor-element-populated\">\n\t\t\t\t\t\t<div class=\"elementor-element elementor-element-dcc9b5f elementor-widget elementor-widget-text-editor\" data-id=\"dcc9b5f\" data-element_type=\"widget\" data-e-type=\"widget\" data-widget_type=\"text-editor.default\">\n\t\t\t\t<div class=\"elementor-widget-container\">\n\t\t\t\t\t\t\t\t\t<p>\u00d6\u011frenciler i\u00e7in b\u00fcy\u00fck bir avantaj, Varna&#8217;da denizin ve gece hayat\u0131n\u0131n tad\u0131n\u0131 \u00e7\u0131karma \u015fans\u0131na sahip olmalar\u0131d\u0131r. Yaz aylar\u0131nda Varna&#8217;da olmak harika bir deneyim olabilir, \u00e7\u00fcnk\u00fc bu, \u015fehirdeki t\u00fcm kul\u00fcplerin sahil boyunca &#8220;hareket etti\u011fi&#8221; zamand\u0131r ve hepsini s\u0131rayla bulabilirsiniz, bu da sizi hepsini g\u00f6rmek i\u00e7in bir gezi yapmaya te\u015fvik eder. Sahilde bir a\u00e7\u0131k hava diskosunda dans etti\u011finizi, dans ederken serinletici bir deniz meltemi ile yak\u0131nlarda yuvarlanan dalgalar\u0131 hayal edin&#8230;<\/p><p>Gelin ve neden bu kadar \u00e7ok insan\u0131n Varna&#8217;ya a\u015f\u0131k oldu\u011funu g\u00f6r\u00fcn! Bunun kariyeriniz ve temel ya\u015fam deneyimi elde etmek i\u00e7in do\u011fru ad\u0131m oldu\u011funa dair sizi temin ederiz!<\/p>\t\t\t\t\t\t\t\t<\/div>\n\t\t\t\t<\/div>\n\t\t\t\t\t<\/div>\n\t\t<\/div>\n\t\t\t\t\t<\/div>\n\t\t<\/section>\n\t\t\t\t\t<\/div>\n\t\t<\/div>\n\t\t\t\t\t<\/div>\n\t\t<\/section>\n\t\t\t\t<\/div>\n\t\t","protected":false},"excerpt":{"rendered":"<p>\u00c7al\u0131\u015fmak Varna Varna&#8217;da E\u011fitim Varna, tahmini 334.870 n\u00fcfusu ile Bulgaristan&#8217;\u0131n kuzeydo\u011fu kesimindeki \u00fc\u00e7\u00fcnc\u00fc b\u00fcy\u00fck \u015fehirdir. \u00dclkenin ba\u015fkenti Sofya&#8217;ya 370 km uzakl\u0131kta, Varna G\u00f6l\u00fc ve onu Karadeniz K\u00f6rfezi&#8217;ne ba\u011flayan iki insan yap\u0131m\u0131 su yolu ile biti\u015fikteki huzurlu \u00e7ay\u0131rlarda yer almaktad\u0131r. Bu nedenle Varna, Bulgaristan k\u0131y\u0131s\u0131ndaki en b\u00fcy\u00fck \u015fehir oldu\u011fu i\u00e7in &#8220;Bulgaristan&#8217;\u0131n denizcilik ba\u015fkenti&#8221; olarak bilinir ve [&hellip;]<\/p>\n","protected":false},"author":8,"featured_media":0,"parent":0,"menu_order":0,"comment_status":"closed","ping_status":"closed","template":"elementor_theme","meta":{"footnotes":""},"class_list":["post-3261","page","type-page","status-publish","hentry"],"yoast_head":"<!-- This site is optimized with the Yoast SEO Premium plugin v27.5 (Yoast SEO v27.5) - https:\/\/yoast.com\/product\/yoast-seo-premium-wordpress\/ -->\n<title>Varna&#039;da E\u011fitim | Bulgaristan&#039;da E\u011fitim<\/title>\n<meta name=\"robots\" content=\"index, follow, max-snippet:-1, max-image-preview:large, max-video-preview:-1\" \/>\n<link rel=\"canonical\" href=\"https:\/\/blackseauniversity.com\/tr\/varnada-okumak-icin\/\" \/>\n<meta property=\"og:locale\" content=\"tr_TR\" \/>\n<meta property=\"og:type\" content=\"article\" \/>\n<meta property=\"og:title\" content=\"Varna&#039;da E\u011fitim | Bulgaristan&#039;da E\u011fitim\" \/>\n<meta property=\"og:description\" content=\"\u00c7al\u0131\u015fmak Varna Varna&#8217;da E\u011fitim Varna, tahmini 334.870 n\u00fcfusu ile Bulgaristan&#8217;\u0131n kuzeydo\u011fu kesimindeki \u00fc\u00e7\u00fcnc\u00fc b\u00fcy\u00fck \u015fehirdir. \u00dclkenin ba\u015fkenti Sofya&#8217;ya 370 km uzakl\u0131kta, Varna G\u00f6l\u00fc ve onu Karadeniz K\u00f6rfezi&#8217;ne ba\u011flayan iki insan yap\u0131m\u0131 su yolu ile biti\u015fikteki huzurlu \u00e7ay\u0131rlarda yer almaktad\u0131r. Bu nedenle Varna, Bulgaristan k\u0131y\u0131s\u0131ndaki en b\u00fcy\u00fck \u015fehir oldu\u011fu i\u00e7in &#8220;Bulgaristan&#8217;\u0131n denizcilik ba\u015fkenti&#8221; olarak bilinir ve [&hellip;]\" \/>\n<meta property=\"og:url\" content=\"https:\/\/blackseauniversity.com\/tr\/varnada-okumak-icin\/\" \/>\n<meta property=\"og:site_name\" content=\"Bulgaristan&#039;da E\u011fitim\" \/>\n<meta property=\"article:publisher\" content=\"https:\/\/www.facebook.com\/VarnaDenizcilikUniversitesi\" \/>\n<meta property=\"article:modified_time\" content=\"2026-04-17T12:53:18+00:00\" \/>\n<meta property=\"og:image\" content=\"https:\/\/blackseauniversity.com\/wp-content\/uploads\/2024\/03\/Varna-Free-University-4.jpeg\" \/>\n\t<meta property=\"og:image:width\" content=\"1600\" \/>\n\t<meta property=\"og:image:height\" content=\"1066\" \/>\n\t<meta property=\"og:image:type\" content=\"image\/jpeg\" \/>\n<meta name=\"twitter:card\" content=\"summary_large_image\" \/>\n<meta name=\"twitter:label1\" content=\"Tahmini okuma s\u00fcresi\" \/>\n\t<meta name=\"twitter:data1\" content=\"2 dakika\" \/>\n<script type=\"application\/ld+json\" class=\"yoast-schema-graph\">{\"@context\":\"https:\\\/\\\/schema.org\",\"@graph\":[{\"@type\":\"WebPage\",\"@id\":\"https:\\\/\\\/blackseauniversity.com\\\/tr\\\/varnada-okumak-icin\\\/\",\"url\":\"https:\\\/\\\/blackseauniversity.com\\\/tr\\\/varnada-okumak-icin\\\/\",\"name\":\"Varna'da E\u011fitim | Bulgaristan&#039;da E\u011fitim\",\"isPartOf\":{\"@id\":\"https:\\\/\\\/blackseauniversity.com\\\/tr\\\/#website\"},\"datePublished\":\"2023-11-22T20:05:38+00:00\",\"dateModified\":\"2026-04-17T12:53:18+00:00\",\"inLanguage\":\"tr\",\"potentialAction\":[{\"@type\":\"ReadAction\",\"target\":[\"https:\\\/\\\/blackseauniversity.com\\\/tr\\\/varnada-okumak-icin\\\/\"]}]},{\"@type\":\"WebSite\",\"@id\":\"https:\\\/\\\/blackseauniversity.com\\\/tr\\\/#website\",\"url\":\"https:\\\/\\\/blackseauniversity.com\\\/tr\\\/\",\"name\":\"Study in Bulgaria | Black Sea University | Bulgaria\",\"description\":\"Black Sea University | Bulgaria\",\"publisher\":{\"@id\":\"https:\\\/\\\/blackseauniversity.com\\\/tr\\\/#organization\"},\"alternateName\":\"Study In Europe | Black Sea University | Bulgaria\",\"potentialAction\":[{\"@type\":\"SearchAction\",\"target\":{\"@type\":\"EntryPoint\",\"urlTemplate\":\"https:\\\/\\\/blackseauniversity.com\\\/tr\\\/?s={search_term_string}\"},\"query-input\":{\"@type\":\"PropertyValueSpecification\",\"valueRequired\":true,\"valueName\":\"search_term_string\"}}],\"inLanguage\":\"tr\"},{\"@type\":\"Organization\",\"@id\":\"https:\\\/\\\/blackseauniversity.com\\\/tr\\\/#organization\",\"name\":\"Study in Bulgaria | Black Sea University | Bulgaria\",\"alternateName\":\"Study In Europe\",\"url\":\"https:\\\/\\\/blackseauniversity.com\\\/tr\\\/\",\"logo\":{\"@type\":\"ImageObject\",\"inLanguage\":\"tr\",\"@id\":\"https:\\\/\\\/blackseauniversity.com\\\/tr\\\/#\\\/schema\\\/logo\\\/image\\\/\",\"url\":\"https:\\\/\\\/blackseauniversity.com\\\/wp-content\\\/uploads\\\/2024\\\/01\\\/logo-1.png\",\"contentUrl\":\"https:\\\/\\\/blackseauniversity.com\\\/wp-content\\\/uploads\\\/2024\\\/01\\\/logo-1.png\",\"width\":160,\"height\":60,\"caption\":\"Study in Bulgaria | Black Sea University | Bulgaria\"},\"image\":{\"@id\":\"https:\\\/\\\/blackseauniversity.com\\\/tr\\\/#\\\/schema\\\/logo\\\/image\\\/\"},\"sameAs\":[\"https:\\\/\\\/www.facebook.com\\\/VarnaDenizcilikUniversitesi\",\"https:\\\/\\\/www.instagram.com\\\/black_sea_university\\\/\",\"https:\\\/\\\/t.me\\\/StudyBulgaria\"],\"description\":\"Karadeniz \u00dcniversitesi\",\"publishingPrinciples\":\"https:\\\/\\\/blackseauniversity.com\\\/\",\"ownershipFundingInfo\":\"https:\\\/\\\/blackseauniversity.com\\\/study-in-bulgaria\\\/\",\"actionableFeedbackPolicy\":\"https:\\\/\\\/blackseauniversity.com\\\/\",\"correctionsPolicy\":\"https:\\\/\\\/blackseauniversity.com\\\/\"}]}<\/script>\n<!-- \/ Yoast SEO Premium plugin. -->","yoast_head_json":{"title":"Varna'da E\u011fitim | Bulgaristan&#039;da E\u011fitim","robots":{"index":"index","follow":"follow","max-snippet":"max-snippet:-1","max-image-preview":"max-image-preview:large","max-video-preview":"max-video-preview:-1"},"canonical":"https:\/\/blackseauniversity.com\/tr\/varnada-okumak-icin\/","og_locale":"tr_TR","og_type":"article","og_title":"Varna'da E\u011fitim | Bulgaristan&#039;da E\u011fitim","og_description":"\u00c7al\u0131\u015fmak Varna Varna&#8217;da E\u011fitim Varna, tahmini 334.870 n\u00fcfusu ile Bulgaristan&#8217;\u0131n kuzeydo\u011fu kesimindeki \u00fc\u00e7\u00fcnc\u00fc b\u00fcy\u00fck \u015fehirdir. \u00dclkenin ba\u015fkenti Sofya&#8217;ya 370 km uzakl\u0131kta, Varna G\u00f6l\u00fc ve onu Karadeniz K\u00f6rfezi&#8217;ne ba\u011flayan iki insan yap\u0131m\u0131 su yolu ile biti\u015fikteki huzurlu \u00e7ay\u0131rlarda yer almaktad\u0131r. Bu nedenle Varna, Bulgaristan k\u0131y\u0131s\u0131ndaki en b\u00fcy\u00fck \u015fehir oldu\u011fu i\u00e7in &#8220;Bulgaristan&#8217;\u0131n denizcilik ba\u015fkenti&#8221; olarak bilinir ve [&hellip;]","og_url":"https:\/\/blackseauniversity.com\/tr\/varnada-okumak-icin\/","og_site_name":"Bulgaristan&#039;da E\u011fitim","article_publisher":"https:\/\/www.facebook.com\/VarnaDenizcilikUniversitesi","article_modified_time":"2026-04-17T12:53:18+00:00","og_image":[{"width":1600,"height":1066,"url":"https:\/\/blackseauniversity.com\/wp-content\/uploads\/2024\/03\/Varna-Free-University-4.jpeg","type":"image\/jpeg"}],"twitter_card":"summary_large_image","twitter_misc":{"Tahmini okuma s\u00fcresi":"2 dakika"},"schema":{"@context":"https:\/\/schema.org","@graph":[{"@type":"WebPage","@id":"https:\/\/blackseauniversity.com\/tr\/varnada-okumak-icin\/","url":"https:\/\/blackseauniversity.com\/tr\/varnada-okumak-icin\/","name":"Varna'da E\u011fitim | Bulgaristan&#039;da E\u011fitim","isPartOf":{"@id":"https:\/\/blackseauniversity.com\/tr\/#website"},"datePublished":"2023-11-22T20:05:38+00:00","dateModified":"2026-04-17T12:53:18+00:00","inLanguage":"tr","potentialAction":[{"@type":"ReadAction","target":["https:\/\/blackseauniversity.com\/tr\/varnada-okumak-icin\/"]}]},{"@type":"WebSite","@id":"https:\/\/blackseauniversity.com\/tr\/#website","url":"https:\/\/blackseauniversity.com\/tr\/","name":"Study in Bulgaria | Black Sea University | Bulgaria","description":"Black Sea University | Bulgaria","publisher":{"@id":"https:\/\/blackseauniversity.com\/tr\/#organization"},"alternateName":"Study In Europe | Black Sea University | Bulgaria","potentialAction":[{"@type":"SearchAction","target":{"@type":"EntryPoint","urlTemplate":"https:\/\/blackseauniversity.com\/tr\/?s={search_term_string}"},"query-input":{"@type":"PropertyValueSpecification","valueRequired":true,"valueName":"search_term_string"}}],"inLanguage":"tr"},{"@type":"Organization","@id":"https:\/\/blackseauniversity.com\/tr\/#organization","name":"Study in Bulgaria | Black Sea University | Bulgaria","alternateName":"Study In Europe","url":"https:\/\/blackseauniversity.com\/tr\/","logo":{"@type":"ImageObject","inLanguage":"tr","@id":"https:\/\/blackseauniversity.com\/tr\/#\/schema\/logo\/image\/","url":"https:\/\/blackseauniversity.com\/wp-content\/uploads\/2024\/01\/logo-1.png","contentUrl":"https:\/\/blackseauniversity.com\/wp-content\/uploads\/2024\/01\/logo-1.png","width":160,"height":60,"caption":"Study in Bulgaria | Black Sea University | Bulgaria"},"image":{"@id":"https:\/\/blackseauniversity.com\/tr\/#\/schema\/logo\/image\/"},"sameAs":["https:\/\/www.facebook.com\/VarnaDenizcilikUniversitesi","https:\/\/www.instagram.com\/black_sea_university\/","https:\/\/t.me\/StudyBulgaria"],"description":"Karadeniz \u00dcniversitesi","publishingPrinciples":"https:\/\/blackseauniversity.com\/","ownershipFundingInfo":"https:\/\/blackseauniversity.com\/study-in-bulgaria\/","actionableFeedbackPolicy":"https:\/\/blackseauniversity.com\/","correctionsPolicy":"https:\/\/blackseauniversity.com\/"}]}},"_links":{"self":[{"href":"https:\/\/blackseauniversity.com\/tr\/wp-json\/wp\/v2\/pages\/3261","targetHints":{"allow":["GET"]}}],"collection":[{"href":"https:\/\/blackseauniversity.com\/tr\/wp-json\/wp\/v2\/pages"}],"about":[{"href":"https:\/\/blackseauniversity.com\/tr\/wp-json\/wp\/v2\/types\/page"}],"author":[{"embeddable":true,"href":"https:\/\/blackseauniversity.com\/tr\/wp-json\/wp\/v2\/users\/8"}],"replies":[{"embeddable":true,"href":"https:\/\/blackseauniversity.com\/tr\/wp-json\/wp\/v2\/comments?post=3261"}],"version-history":[{"count":14,"href":"https:\/\/blackseauniversity.com\/tr\/wp-json\/wp\/v2\/pages\/3261\/revisions"}],"predecessor-version":[{"id":9552,"href":"https:\/\/blackseauniversity.com\/tr\/wp-json\/wp\/v2\/pages\/3261\/revisions\/9552"}],"wp:attachment":[{"href":"https:\/\/blackseauniversity.com\/tr\/wp-json\/wp\/v2\/media?parent=3261"}],"curies":[{"name":"wp","href":"https:\/\/api.w.org\/{rel}","templated":true}]}}