{"id":6185,"date":"2024-07-06T20:40:10","date_gmt":"2024-07-06T20:40:10","guid":{"rendered":"https:\/\/blackseauniversity.com\/tip-fakultesi-burgaz\/"},"modified":"2026-05-09T13:19:23","modified_gmt":"2026-05-09T13:19:23","slug":"tip-fakultesi-burgaz","status":"publish","type":"page","link":"https:\/\/blackseauniversity.com\/tr\/tip-fakultesi-burgaz\/","title":{"rendered":"Yapay zekay\u0131 incelemek"},"content":{"rendered":"\t\t<div data-elementor-type=\"wp-page\" data-elementor-id=\"6185\" class=\"elementor elementor-6185 elementor-6153\">\n\t\t\t\t\t\t<section class=\"elementor-section elementor-top-section elementor-element elementor-element-55146dac elementor-section-content-middle elementor-section-boxed elementor-section-height-default elementor-section-height-default\" data-id=\"55146dac\" data-element_type=\"section\" data-e-type=\"section\" data-settings=\"{&quot;background_background&quot;:&quot;classic&quot;}\">\n\t\t\t\t\t\t\t<div class=\"elementor-background-overlay\"><\/div>\n\t\t\t\t\t\t\t<div class=\"elementor-container elementor-column-gap-default\">\n\t\t\t\t\t<div class=\"elementor-column elementor-col-50 elementor-top-column elementor-element elementor-element-12d905a2\" data-id=\"12d905a2\" data-element_type=\"column\" data-e-type=\"column\" data-settings=\"{&quot;background_background&quot;:&quot;classic&quot;}\">\n\t\t\t<div class=\"elementor-widget-wrap elementor-element-populated\">\n\t\t\t\t\t\t<div class=\"elementor-element elementor-element-283a5a56 elementor-widget elementor-widget-heading\" data-id=\"283a5a56\" data-element_type=\"widget\" data-e-type=\"widget\" data-widget_type=\"heading.default\">\n\t\t\t\t<div class=\"elementor-widget-container\">\n\t\t\t\t\t<h2 class=\"elementor-heading-title elementor-size-default\">Program<\/h2>\t\t\t\t<\/div>\n\t\t\t\t<\/div>\n\t\t\t\t<div class=\"elementor-element elementor-element-2a3225e elementor-widget elementor-widget-heading\" data-id=\"2a3225e\" data-element_type=\"widget\" data-e-type=\"widget\" data-widget_type=\"heading.default\">\n\t\t\t\t<div class=\"elementor-widget-container\">\n\t\t\t\t\t<h2 class=\"elementor-heading-title elementor-size-default\">yapay zeka \u00e7al\u0131\u015fmas\u0131<\/h2>\t\t\t\t<\/div>\n\t\t\t\t<\/div>\n\t\t\t\t\t<\/div>\n\t\t<\/div>\n\t\t\t\t<div class=\"elementor-column elementor-col-50 elementor-top-column elementor-element elementor-element-2d8f7fdb elementor-hidden-tablet elementor-hidden-phone\" data-id=\"2d8f7fdb\" data-element_type=\"column\" data-e-type=\"column\">\n\t\t\t<div class=\"elementor-widget-wrap\">\n\t\t\t\t\t\t\t<\/div>\n\t\t<\/div>\n\t\t\t\t\t<\/div>\n\t\t<\/section>\n\t\t<div class=\"elementor-element elementor-element-4cefbf0 e-flex e-con-boxed e-con e-parent\" data-id=\"4cefbf0\" data-element_type=\"container\" data-e-type=\"container\">\n\t\t\t\t\t<div class=\"e-con-inner\">\n\t\t\t\t<div class=\"elementor-element elementor-element-255bed9 elementor-widget elementor-widget-heading\" data-id=\"255bed9\" data-element_type=\"widget\" data-e-type=\"widget\" data-widget_type=\"heading.default\">\n\t\t\t\t<div class=\"elementor-widget-container\">\n\t\t\t\t\t<h2 class=\"elementor-heading-title elementor-size-default\">Yapay zeka - Varna Teknik \u00dcniversitesi<\/h2>\t\t\t\t<\/div>\n\t\t\t\t<\/div>\n\t\t\t\t\t<\/div>\n\t\t\t\t<\/div>\n\t\t\t\t<section class=\"elementor-section elementor-top-section elementor-element elementor-element-fdc2564 elementor-section-content-middle elementor-section-boxed elementor-section-height-default elementor-section-height-default\" data-id=\"fdc2564\" data-element_type=\"section\" data-e-type=\"section\" data-settings=\"{&quot;background_background&quot;:&quot;classic&quot;}\">\n\t\t\t\t\t\t<div class=\"elementor-container elementor-column-gap-default\">\n\t\t\t\t\t<div class=\"elementor-column elementor-col-100 elementor-top-column elementor-element elementor-element-9397371\" data-id=\"9397371\" data-element_type=\"column\" data-e-type=\"column\">\n\t\t\t<div class=\"elementor-widget-wrap elementor-element-populated\">\n\t\t\t\t\t\t<div class=\"elementor-element elementor-element-472dce8 elementor-widget elementor-widget-text-editor\" data-id=\"472dce8\" data-element_type=\"widget\" data-e-type=\"widget\" data-widget_type=\"text-editor.default\">\n\t\t\t\t<div class=\"elementor-widget-container\">\n\t\t\t\t\t\t\t\t\t<p><strong><b>Kabul gereksinimleri nelerdir?<\/b><\/strong><\/p><p>&#8220;Ak\u0131ll\u0131 Sistemler ve Yapay Zeka ( <strong><b>\u0130ngilizce <\/b><\/strong>)&#8221; uzmanl\u0131\u011f\u0131 i\u00e7in ba\u015fvuranlar\u0131n rekabet\u00e7i puan\u0131, matematik ortaokul diplomas\u0131na a\u015fa\u011f\u0131daki notlardan biri ve fizik, bili\u015fim veya bilgi teknolojisi alanlar\u0131nda en y\u00fcksek notun eklenmesiyle olu\u015fturulur:<\/p><ul><li>\u015funlardaki olgunluk s\u0131nav\u0131n\u0131n en y\u00fckse\u011fi:<\/li><\/ul><p>&#8211; 3 ile \u00e7arp\u0131lan matematik;<br>&#8211; veya 3 ile \u00e7arp\u0131lan fizik;<br>&#8211; veya 3 ile \u00e7arp\u0131lan bir matematik profil s\u0131nav\u0131;<br>&#8211; veya 3 ile \u00e7arp\u0131lan bir fizik yeterlilik s\u0131nav\u0131;<br>&#8211; veya 3 ile \u00e7arp\u0131lan bir bilgisayar bilimi yeterlilik s\u0131nav\u0131;<br>&#8211; veya 3 ile \u00e7arp\u0131lan bir bilgi teknolojisi yeterlilik s\u0131nav\u0131;<\/p><ul><li>veya 3 ile \u00e7arp\u0131lan bir matematik testi (\u00f6n veya d\u00fczenli).<\/li><\/ul><p>\u201cAk\u0131ll\u0131 Sistemler ve Yapay Zeka (\u0130ngilizce)\u201d uzmanl\u0131\u011f\u0131 i\u00e7in adaylar\u0131n rekabet\u00e7i puan\u0131, <strong><b>bir s\u0131nav\u0131n (\u00f6n veya d\u00fczenli) ba\u015far\u0131yla tamamlanmas\u0131ndan <\/b><\/strong>VEYA <strong><b>\u0130ngilizce olgunluk s\u0131nav\u0131ndan <\/b><\/strong>VEYA <strong><b>tan\u0131nm\u0131\u015f bir \u0130ngilizce yeterlilik sertifikas\u0131ndan<\/b><\/strong> sonra yukar\u0131da belirtilen metodolojiye g\u00f6re olu\u015fturulur.<\/p><p>A\u015fa\u011f\u0131daki gibi uluslararas\u0131 \u0130ngilizce yeterlilik s\u0131navlar\u0131ndan tan\u0131nm\u0131\u015f sertifikalar:<\/p><ul><li>FCE (\u0130ngilizce \u0130lk Sertifika)<\/li><li>CAE (Cambridge \u0130leri \u0130ngilizce Sertifikas\u0131)<\/li><li>CPE (\u0130ngilizce Yeterlilik Sertifikas\u0131)<\/li><li>IELTS (6, 7, 8, 9 bantlar\u0131)<\/li><li>PITMAN &#8211; y\u00fcksek orta seviye &#8211; ileri<\/li><li>TOEFL Paper, CBT, IBT (s\u0131ras\u0131yla minimum 550, 213 veya 79 puan ile)<\/li><li>PTE Academic (minimum 59 puan)<\/li><li>PTE General (minimum seviye 3),<\/li><li><p><strong><b>Kabul gereksinimleri nelerdir?<\/b><\/strong><\/p><p>\u201cAk\u0131ll\u0131 Sistemler ve Yapay Zeka (Bulgarca)\u201d uzmanl\u0131\u011f\u0131 i\u00e7in ba\u015fvuranlar\u0131n rekabet\u00e7i puan\u0131, orta\u00f6\u011fretim diplomas\u0131ndaki matematik notlar\u0131na ve fizik, bili\u015fim veya bilgi teknolojisindeki en y\u00fcksek nota a\u015fa\u011f\u0131dakilerden birinin eklenmesiyle olu\u015fturulur:<\/p><ul><li>\u015funlardaki olgunluk s\u0131nav\u0131n\u0131n en y\u00fckse\u011fi:<\/li><\/ul><p>&#8211; 3 ile \u00e7arp\u0131lan matematik;<br>&#8211; veya 3 ile \u00e7arp\u0131lan fizik;<br>&#8211; veya 3 ile \u00e7arp\u0131lan bir matematik profil s\u0131nav\u0131;<br>&#8211; veya 3 ile \u00e7arp\u0131lan bir fizik yeterlilik s\u0131nav\u0131;<br>&#8211; veya 3 ile \u00e7arp\u0131lan bir bilgisayar bilimi yeterlilik s\u0131nav\u0131;<br>&#8211; veya 3 ile \u00e7arp\u0131lan bir bilgi teknolojisi yeterlilik s\u0131nav\u0131;<\/p><ul><li>veya 3 ile \u00e7arp\u0131lan bir matematik testi (\u00f6n veya d\u00fczenli).<\/li><\/ul><p>\u201cAk\u0131ll\u0131 Sistemler ve Yapay Zeka (\u0130ngilizce)\u201d uzmanl\u0131\u011f\u0131 i\u00e7in adaylar\u0131n rekabet\u00e7i puan\u0131, <strong><b>bir s\u0131nav\u0131n (\u00f6n veya d\u00fczenli) ba\u015far\u0131yla tamamlanmas\u0131ndan <\/b><\/strong>VEYA <strong><b>\u0130ngilizce olgunluk s\u0131nav\u0131ndan <\/b><\/strong>VEYA <strong><b>tan\u0131nm\u0131\u015f bir \u0130ngilizce yeterlilik sertifikas\u0131ndan<\/b><\/strong> sonra yukar\u0131da belirtilen metodolojiye g\u00f6re olu\u015fturulur.<\/p><p>A\u015fa\u011f\u0131daki gibi uluslararas\u0131 \u0130ngilizce yeterlilik s\u0131navlar\u0131ndan tan\u0131nm\u0131\u015f sertifikalar:<\/p><ul><li>FCE (\u0130ngilizce \u0130lk Sertifika)<\/li><li>CAE (Cambridge \u0130leri \u0130ngilizce Sertifikas\u0131)<\/li><li>CPE (\u0130ngilizce Yeterlilik Sertifikas\u0131)<\/li><li>IELTS (6, 7, 8, 9 bantlar\u0131)<\/li><li>PITMAN &#8211; y\u00fcksek orta seviye &#8211; ileri<\/li><li>TOEFL Paper, CBT, IBT (s\u0131ras\u0131yla minimum 550, 213 veya 79 puan ile)<\/li><li>PTE Academic (minimum 59 puan)<\/li><li>PTE General (minimum seviye 3),<\/li><\/ul><\/li><\/ul>\t\t\t\t\t\t\t\t<\/div>\n\t\t\t\t<\/div>\n\t\t\t\t<div class=\"elementor-element elementor-element-e836e5e elementor-widget elementor-widget-jkit_button\" data-id=\"e836e5e\" data-element_type=\"widget\" data-e-type=\"widget\" data-widget_type=\"jkit_button.default\">\n\t\t\t\t<div class=\"elementor-widget-container\">\n\t\t\t\t\t<div  class=\"jeg-elementor-kit jkit-button  icon-position-before jeg_module___69ff348e96995\" ><a href=\"https:\/\/blackseauniversity.com\/tr\/temas\/\" class=\"jkit-button-wrapper\">\u015eimdi Kaydol<\/a><\/div>\t\t\t\t<\/div>\n\t\t\t\t<\/div>\n\t\t\t\t\t<\/div>\n\t\t<\/div>\n\t\t\t\t\t<\/div>\n\t\t<\/section>\n\t\t\t\t<\/div>\n\t\t","protected":false},"excerpt":{"rendered":"<p>Program yapay zeka \u00e7al\u0131\u015fmas\u0131 Yapay zeka &#8211; Varna Teknik \u00dcniversitesi Kabul gereksinimleri nelerdir? &#8220;Ak\u0131ll\u0131 Sistemler ve Yapay Zeka ( \u0130ngilizce )&#8221; uzmanl\u0131\u011f\u0131 i\u00e7in ba\u015fvuranlar\u0131n rekabet\u00e7i puan\u0131, matematik ortaokul diplomas\u0131na a\u015fa\u011f\u0131daki notlardan biri ve fizik, bili\u015fim veya bilgi teknolojisi alanlar\u0131nda en y\u00fcksek notun eklenmesiyle olu\u015fturulur: \u015funlardaki olgunluk s\u0131nav\u0131n\u0131n en y\u00fckse\u011fi: &#8211; 3 ile \u00e7arp\u0131lan matematik;&#8211; veya [&hellip;]<\/p>\n","protected":false},"author":8,"featured_media":0,"parent":0,"menu_order":0,"comment_status":"closed","ping_status":"closed","template":"","meta":{"footnotes":""},"class_list":["post-6185","page","type-page","status-publish","hentry"],"yoast_head":"<!-- This site is optimized with the Yoast SEO Premium plugin v27.5 (Yoast SEO v27.5) - https:\/\/yoast.com\/product\/yoast-seo-premium-wordpress\/ -->\n<title>Yapay zekay\u0131 incelemek | Bulgaristan&#039;da E\u011fitim<\/title>\n<meta name=\"description\" content=\"10.05.2019 tarihinde 44. Ulusal Meclis, &quot;Prof&quot; \u00dcniversitesi b\u00fcnyesinde bir T\u0131p Fak\u00fcltesi a\u00e7\u0131lmas\u0131na dair bir karar ald\u0131\" \/>\n<meta name=\"robots\" content=\"index, follow, max-snippet:-1, max-image-preview:large, max-video-preview:-1\" \/>\n<link rel=\"canonical\" href=\"https:\/\/blackseauniversity.com\/tr\/tip-fakultesi-burgaz\/\" \/>\n<meta property=\"og:locale\" content=\"tr_TR\" \/>\n<meta property=\"og:type\" content=\"article\" \/>\n<meta property=\"og:title\" content=\"Yapay zekay\u0131 incelemek | Bulgaristan&#039;da E\u011fitim\" \/>\n<meta property=\"og:description\" content=\"10.05.2019 tarihinde 44. Ulusal Meclis, &quot;Prof&quot; \u00dcniversitesi b\u00fcnyesinde bir T\u0131p Fak\u00fcltesi a\u00e7\u0131lmas\u0131na dair bir karar ald\u0131\" \/>\n<meta property=\"og:url\" content=\"https:\/\/blackseauniversity.com\/tr\/tip-fakultesi-burgaz\/\" \/>\n<meta property=\"og:site_name\" content=\"Bulgaristan&#039;da E\u011fitim\" \/>\n<meta property=\"article:publisher\" content=\"https:\/\/www.facebook.com\/VarnaDenizcilikUniversitesi\" \/>\n<meta property=\"article:modified_time\" content=\"2026-05-09T13:19:23+00:00\" \/>\n<meta property=\"og:image\" content=\"https:\/\/blackseauniversity.com\/wp-content\/uploads\/2024\/03\/Varna-Free-University-4.jpeg\" \/>\n\t<meta property=\"og:image:width\" content=\"1600\" \/>\n\t<meta property=\"og:image:height\" content=\"1066\" \/>\n\t<meta property=\"og:image:type\" content=\"image\/jpeg\" \/>\n<meta name=\"twitter:card\" content=\"summary_large_image\" \/>\n<meta name=\"twitter:label1\" content=\"Tahmini okuma s\u00fcresi\" \/>\n\t<meta name=\"twitter:data1\" content=\"2 dakika\" \/>\n<script type=\"application\/ld+json\" class=\"yoast-schema-graph\">{\"@context\":\"https:\\\/\\\/schema.org\",\"@graph\":[{\"@type\":\"WebPage\",\"@id\":\"https:\\\/\\\/blackseauniversity.com\\\/tr\\\/tip-fakultesi-burgaz\\\/\",\"url\":\"https:\\\/\\\/blackseauniversity.com\\\/tr\\\/tip-fakultesi-burgaz\\\/\",\"name\":\"Yapay zekay\u0131 incelemek | Bulgaristan&#039;da E\u011fitim\",\"isPartOf\":{\"@id\":\"https:\\\/\\\/blackseauniversity.com\\\/tr\\\/#website\"},\"datePublished\":\"2024-07-06T20:40:10+00:00\",\"dateModified\":\"2026-05-09T13:19:23+00:00\",\"description\":\"10.05.2019 tarihinde 44. Ulusal Meclis, \\\"Prof\\\" \u00dcniversitesi b\u00fcnyesinde bir T\u0131p Fak\u00fcltesi a\u00e7\u0131lmas\u0131na dair bir karar ald\u0131\",\"inLanguage\":\"tr\",\"potentialAction\":[{\"@type\":\"ReadAction\",\"target\":[\"https:\\\/\\\/blackseauniversity.com\\\/tr\\\/tip-fakultesi-burgaz\\\/\"]}]},{\"@type\":\"WebSite\",\"@id\":\"https:\\\/\\\/blackseauniversity.com\\\/tr\\\/#website\",\"url\":\"https:\\\/\\\/blackseauniversity.com\\\/tr\\\/\",\"name\":\"Study In Europe | Black Sea University | Bulgaria\",\"description\":\"Black Sea University | Bulgaria\",\"publisher\":{\"@id\":\"https:\\\/\\\/blackseauniversity.com\\\/tr\\\/#organization\"},\"alternateName\":\"Study In Europe | Black Sea University | Bulgaria\",\"potentialAction\":[{\"@type\":\"SearchAction\",\"target\":{\"@type\":\"EntryPoint\",\"urlTemplate\":\"https:\\\/\\\/blackseauniversity.com\\\/tr\\\/?s={search_term_string}\"},\"query-input\":{\"@type\":\"PropertyValueSpecification\",\"valueRequired\":true,\"valueName\":\"search_term_string\"}}],\"inLanguage\":\"tr\"},{\"@type\":\"Organization\",\"@id\":\"https:\\\/\\\/blackseauniversity.com\\\/tr\\\/#organization\",\"name\":\"Study In Europe | Black Sea University | Bulgaria\",\"alternateName\":\"Study In Europe\",\"url\":\"https:\\\/\\\/blackseauniversity.com\\\/tr\\\/\",\"logo\":{\"@type\":\"ImageObject\",\"inLanguage\":\"tr\",\"@id\":\"https:\\\/\\\/blackseauniversity.com\\\/tr\\\/#\\\/schema\\\/logo\\\/image\\\/\",\"url\":\"https:\\\/\\\/blackseauniversity.com\\\/wp-content\\\/uploads\\\/2024\\\/01\\\/logo-1.png\",\"contentUrl\":\"https:\\\/\\\/blackseauniversity.com\\\/wp-content\\\/uploads\\\/2024\\\/01\\\/logo-1.png\",\"width\":160,\"height\":60,\"caption\":\"Study In Europe | Black Sea University | Bulgaria\"},\"image\":{\"@id\":\"https:\\\/\\\/blackseauniversity.com\\\/tr\\\/#\\\/schema\\\/logo\\\/image\\\/\"},\"sameAs\":[\"https:\\\/\\\/www.facebook.com\\\/VarnaDenizcilikUniversitesi\",\"https:\\\/\\\/www.instagram.com\\\/black_sea_university\\\/\",\"https:\\\/\\\/t.me\\\/StudyBulgaria\"],\"description\":\"Karadeniz \u00dcniversitesi\",\"publishingPrinciples\":\"https:\\\/\\\/blackseauniversity.com\\\/\",\"actionableFeedbackPolicy\":\"https:\\\/\\\/blackseauniversity.com\\\/\",\"correctionsPolicy\":\"https:\\\/\\\/blackseauniversity.com\\\/\"}]}<\/script>\n<!-- \/ Yoast SEO Premium plugin. -->","yoast_head_json":{"title":"Yapay zekay\u0131 incelemek | Bulgaristan&#039;da E\u011fitim","description":"10.05.2019 tarihinde 44. Ulusal Meclis, \"Prof\" \u00dcniversitesi b\u00fcnyesinde bir T\u0131p Fak\u00fcltesi a\u00e7\u0131lmas\u0131na dair bir karar ald\u0131","robots":{"index":"index","follow":"follow","max-snippet":"max-snippet:-1","max-image-preview":"max-image-preview:large","max-video-preview":"max-video-preview:-1"},"canonical":"https:\/\/blackseauniversity.com\/tr\/tip-fakultesi-burgaz\/","og_locale":"tr_TR","og_type":"article","og_title":"Yapay zekay\u0131 incelemek | Bulgaristan&#039;da E\u011fitim","og_description":"10.05.2019 tarihinde 44. Ulusal Meclis, \"Prof\" \u00dcniversitesi b\u00fcnyesinde bir T\u0131p Fak\u00fcltesi a\u00e7\u0131lmas\u0131na dair bir karar ald\u0131","og_url":"https:\/\/blackseauniversity.com\/tr\/tip-fakultesi-burgaz\/","og_site_name":"Bulgaristan&#039;da E\u011fitim","article_publisher":"https:\/\/www.facebook.com\/VarnaDenizcilikUniversitesi","article_modified_time":"2026-05-09T13:19:23+00:00","og_image":[{"width":1600,"height":1066,"url":"https:\/\/blackseauniversity.com\/wp-content\/uploads\/2024\/03\/Varna-Free-University-4.jpeg","type":"image\/jpeg"}],"twitter_card":"summary_large_image","twitter_misc":{"Tahmini okuma s\u00fcresi":"2 dakika"},"schema":{"@context":"https:\/\/schema.org","@graph":[{"@type":"WebPage","@id":"https:\/\/blackseauniversity.com\/tr\/tip-fakultesi-burgaz\/","url":"https:\/\/blackseauniversity.com\/tr\/tip-fakultesi-burgaz\/","name":"Yapay zekay\u0131 incelemek | Bulgaristan&#039;da E\u011fitim","isPartOf":{"@id":"https:\/\/blackseauniversity.com\/tr\/#website"},"datePublished":"2024-07-06T20:40:10+00:00","dateModified":"2026-05-09T13:19:23+00:00","description":"10.05.2019 tarihinde 44. Ulusal Meclis, \"Prof\" \u00dcniversitesi b\u00fcnyesinde bir T\u0131p Fak\u00fcltesi a\u00e7\u0131lmas\u0131na dair bir karar ald\u0131","inLanguage":"tr","potentialAction":[{"@type":"ReadAction","target":["https:\/\/blackseauniversity.com\/tr\/tip-fakultesi-burgaz\/"]}]},{"@type":"WebSite","@id":"https:\/\/blackseauniversity.com\/tr\/#website","url":"https:\/\/blackseauniversity.com\/tr\/","name":"Study In Europe | Black Sea University | Bulgaria","description":"Black Sea University | Bulgaria","publisher":{"@id":"https:\/\/blackseauniversity.com\/tr\/#organization"},"alternateName":"Study In Europe | Black Sea University | Bulgaria","potentialAction":[{"@type":"SearchAction","target":{"@type":"EntryPoint","urlTemplate":"https:\/\/blackseauniversity.com\/tr\/?s={search_term_string}"},"query-input":{"@type":"PropertyValueSpecification","valueRequired":true,"valueName":"search_term_string"}}],"inLanguage":"tr"},{"@type":"Organization","@id":"https:\/\/blackseauniversity.com\/tr\/#organization","name":"Study In Europe | Black Sea University | Bulgaria","alternateName":"Study In Europe","url":"https:\/\/blackseauniversity.com\/tr\/","logo":{"@type":"ImageObject","inLanguage":"tr","@id":"https:\/\/blackseauniversity.com\/tr\/#\/schema\/logo\/image\/","url":"https:\/\/blackseauniversity.com\/wp-content\/uploads\/2024\/01\/logo-1.png","contentUrl":"https:\/\/blackseauniversity.com\/wp-content\/uploads\/2024\/01\/logo-1.png","width":160,"height":60,"caption":"Study In Europe | Black Sea University | Bulgaria"},"image":{"@id":"https:\/\/blackseauniversity.com\/tr\/#\/schema\/logo\/image\/"},"sameAs":["https:\/\/www.facebook.com\/VarnaDenizcilikUniversitesi","https:\/\/www.instagram.com\/black_sea_university\/","https:\/\/t.me\/StudyBulgaria"],"description":"Karadeniz \u00dcniversitesi","publishingPrinciples":"https:\/\/blackseauniversity.com\/","actionableFeedbackPolicy":"https:\/\/blackseauniversity.com\/","correctionsPolicy":"https:\/\/blackseauniversity.com\/"}]}},"_links":{"self":[{"href":"https:\/\/blackseauniversity.com\/tr\/wp-json\/wp\/v2\/pages\/6185","targetHints":{"allow":["GET"]}}],"collection":[{"href":"https:\/\/blackseauniversity.com\/tr\/wp-json\/wp\/v2\/pages"}],"about":[{"href":"https:\/\/blackseauniversity.com\/tr\/wp-json\/wp\/v2\/types\/page"}],"author":[{"embeddable":true,"href":"https:\/\/blackseauniversity.com\/tr\/wp-json\/wp\/v2\/users\/8"}],"replies":[{"embeddable":true,"href":"https:\/\/blackseauniversity.com\/tr\/wp-json\/wp\/v2\/comments?post=6185"}],"version-history":[{"count":11,"href":"https:\/\/blackseauniversity.com\/tr\/wp-json\/wp\/v2\/pages\/6185\/revisions"}],"predecessor-version":[{"id":10149,"href":"https:\/\/blackseauniversity.com\/tr\/wp-json\/wp\/v2\/pages\/6185\/revisions\/10149"}],"wp:attachment":[{"href":"https:\/\/blackseauniversity.com\/tr\/wp-json\/wp\/v2\/media?parent=6185"}],"curies":[{"name":"wp","href":"https:\/\/api.w.org\/{rel}","templated":true}]}}